{"id":21473,"date":"2021-06-21T10:27:13","date_gmt":"2021-06-21T10:27:13","guid":{"rendered":"\/home\/"},"modified":"2026-03-26T08:34:07","modified_gmt":"2026-03-26T08:34:07","slug":"home","status":"publish","type":"page","link":"https:\/\/www.pei.it\/cs\/","title":{"rendered":"Home"},"content":{"rendered":"<div class=\"wpb-content-wrapper\">[vc_row element_id=&#8220;660103&#8243; el_class=&#8220;blue-cards&#8220;][vc_column animation_delay=&#8220;0&#8243; width=&#8220;1\/3&#8243; element_id=&#8220;75557&#8243; css=&#8220;.vc_custom_1626277691837{background-color: #b8e1fe !important;}&#8220; crp=&#8220;480:i:i,480-768:i:i,768-1024:i:i,1024-1280:i:i,1280-1366:i:i,1366-1600:i:i,1600-1920:i:i&#8220;][vc_column_text animation_delay=&#8220;0&#8243; css=&#8220;&#8220;]\n<h3 style=\"text-align: center;\"><span style=\"color: #2990d8;\">Inovace<\/span><\/h3>\n<p style=\"text-align: center;\"><span style=\"color: #2990d8;\">Hlavn\u00ed z\u00e1sadou PEI je inovace produkt\u016f v oboru bezpe\u010dnosti. Ochrann\u00e9 kryty od PEI nab\u00edzej\u00ed technick\u00e1 \u0159e\u0161en\u00ed na m\u00edru, kter\u00e1 jsou p\u0159izp\u016fsobena pot\u0159eb\u00e1m z\u00e1kazn\u00edk\u016f.<\/span><\/p>\n[\/vc_column_text][\/vc_column][vc_column animation_delay=&#8220;0&#8243; width=&#8220;1\/3&#8243; element_id=&#8220;608196&#8243; css=&#8220;.vc_custom_1626277436061{background-color: #2990d8 !important;}&#8220; crp=&#8220;480:i:i,480-768:i:i,768-1024:i:i,1024-1280:i:i,1280-1366:i:i,1366-1600:i:i,1600-1920:i:i&#8220;][vc_column_text animation_delay=&#8220;0&#8243; css=&#8220;&#8220;]\n<h3 style=\"text-align: center;\"><span style=\"color: #ffffff;\"> Kvalita <\/span><\/h3>\n<p style=\"text-align: center;\"><span style=\"color: #ffffff;\">Na trhu nab\u00edz\u00edme nej\u0161ir\u0161\u00ed sortiment dynamick\u00fdch ochrann\u00fdch kryt\u016f. PEI \u0159\u00edd\u00ed<br \/>\ncel\u00fd proces po\u010d\u00ednaje spole\u010dn\u00fdm n\u00e1vrhem se z\u00e1kazn\u00edkem,<br \/>\na zaru\u010duje z\u00e1kazn\u00edkovi svobodu p\u0159i v\u00fdb\u011bru optim\u00e1ln\u00ed ochrany stroje a lid\u00ed.<\/span><\/p>\n[\/vc_column_text][\/vc_column][vc_column animation_delay=&#8220;0&#8243; width=&#8220;1\/3&#8243; element_id=&#8220;98034&#8243; css=&#8220;.vc_custom_1626277703991{background-color: #b8e1fe !important;}&#8220; crp=&#8220;480:i:i,480-768:i:i,768-1024:i:i,1024-1280:i:i,1280-1366:i:i,1366-1600:i:i,1600-1920:i:i&#8220;][vc_column_text animation_delay=&#8220;0&#8243; css=&#8220;&#8220;]\n<h3 style=\"text-align: center;\"><span style=\"color: #2990d8;\">Kompletn\u00ed sortiment<\/span><\/h3>\n<p style=\"text-align: center;\"><span style=\"color: #2990d8;\">PEI nab\u00edz\u00ed jako jedin\u00fd kompletn\u00ed sortiment ochrann\u00fdch kryt\u016f<br \/>\nna trhu.<br \/>\nJsme schopni navrhnout, vyrobit<br \/>\na distribuovat n\u00e1hradn\u00ed d\u00edly pro jak\u00fdkoli typ obr\u00e1b\u011bc\u00edho stroje.<br \/>\n<\/span><\/p>\n[\/vc_column_text][\/vc_column][\/vc_row][vc_row full_width=&#8220;stretch_row_content&#8220; element_id=&#8220;961815&#8243;][vc_column animation_delay=&#8220;0&#8243; element_id=&#8220;42626&#8243; crp=&#8220;480:i:i,480-768:i:i,768-1024:i:i,1024-1280:i:i,1280-1366:i:i,1366-1600:i:i,1600-1920:i:i&#8220;][vc_column_text animation_delay=&#8220;0&#8243; css=&#8220;.vc_custom_1696512131615{border-bottom-width: 50px !important;padding-bottom: 50px !important;}&#8220;]\n<h4 style=\"text-align: center;\"><span class=\"et-font-size\" data-fontsize=\"32px\" data-lineheight=\"10px\">V\u00edtejte ve sv\u011bt\u011b PEI:<\/span><\/h4>\n<p style=\"text-align: center;\"><span class=\"et-font-size\" data-fontsize=\"20px\" data-lineheight=\"10px\">p\u0159edn\u00ed sv\u011btov\u00fd v\u00fdrobce dynamick\u00fdch ochrann\u00fdch kryt\u016f pro stroje<\/span>\n[\/vc_column_text][\/vc_column][\/vc_row][vc_row full_width=&#8220;stretch_row_content&#8220; element_id=&#8220;671499&#8243; css=&#8220;.vc_custom_1626438755899{padding-top: 10px !important;}&#8220; el_class=&#8220;full-width product-cards&#8220;][vc_column animation_delay=&#8220;0&#8243; element_id=&#8220;736157&#8243; el_class=&#8220;prodotti&#8220; crp=&#8220;480:i:i,480-768:i:i,768-1024:i:i,1024-1280:i:i,1280-1366:i:i,1366-1600:i:i,1600-1920:i:i&#8220;]<div id=\"et-carousel-1\" class=\"et-carousel owl-carousel et-item-set effect-none navigation-only-dottes\" data-autoplay=\"false\" data-columns=\"3\" data-gap=\"24\"><div class=\"et-carousel-item et-item et-clearfix\">[vc_single_image image=&#8220;64837&#8243; img_size=&#8220;500&#215;500&#8243; alignment=&#8220;center&#8220; css=&#8220;&#8220;][vc_column_text animation_delay=&#8220;0&#8243;]\n<h4>TELESKOPICK\u00c9 KRYTY<\/h4>\n[\/vc_column_text][vc_btn title=&#8220;dal\u0161\u00ed informace&#8220; style=&#8220;custom&#8220; custom_background=&#8220;#e34529&#8243; custom_text=&#8220;#ffffff&#8220; shape=&#8220;round&#8220; size=&#8220;sm&#8220; link=&#8220;url:%2Fcs%2Fteleskopicke-kryty%2F|title:TELESKOPICK%C3%89%20KRYTY&#8220; el_class=&#8220;round_button&#8220;]<\/div><div class=\"et-carousel-item et-item et-clearfix\">[vc_single_image image=&#8220;24699&#8243; img_size=&#8220;500&#215;500&#8243;][vc_column_text animation_delay=&#8220;0&#8243;]\n<h4>ROLETOV\u00c9 KRYTY<\/h4>\n[\/vc_column_text][vc_btn title=&#8220;dal\u0161\u00ed informace&#8220; style=&#8220;custom&#8220; custom_background=&#8220;#e34529&#8243; custom_text=&#8220;#ffffff&#8220; shape=&#8220;round&#8220; link=&#8220;url:%2Fcs%2Froletove-ochrany%2F|title:roletove%20ochrany&#8220; el_class=&#8220;round_button&#8220;]<\/div><div class=\"et-carousel-item et-item et-clearfix\">[vc_single_image image=&#8220;24779&#8243; img_size=&#8220;500&#215;500&#8243;][vc_column_text animation_delay=&#8220;0&#8243;]\n<h4>MOTORIZOVAN\u00c9 ROLETOV\u00c9 KRYTY<\/h4>\n[\/vc_column_text][vc_btn title=&#8220;dal\u0161\u00ed informace&#8220; style=&#8220;custom&#8220; custom_background=&#8220;#e34529&#8243; custom_text=&#8220;#ffffff&#8220; shape=&#8220;round&#8220; link=&#8220;url:%2Fcs%2Fprodukty%2Fvertikalni-rolety-s-pohonem%2F|title:vertikalni%20rolety%20s%20pohonem&#8220; el_class=&#8220;round_button&#8220;]<\/div><div class=\"et-carousel-item et-item et-clearfix\">[vc_single_image image=&#8220;24739&#8243; img_size=&#8220;500&#215;500&#8243;][vc_column_text animation_delay=&#8220;0&#8243;]\n<h4>M\u011aCHY<\/h4>\n[\/vc_column_text][vc_btn title=&#8220;dal\u0161\u00ed informace&#8220; style=&#8220;custom&#8220; custom_background=&#8220;#e34529&#8243; custom_text=&#8220;#ffffff&#8220; shape=&#8220;round&#8220; link=&#8220;url:%2Fcs%2Fmechy%2F|title:OCHRANN%C3%89%20M%C4%9ACHY&#8220; el_class=&#8220;round_button&#8220;]<\/div><div class=\"et-carousel-item et-item et-clearfix\">[vc_single_image image=&#8220;24723&#8243; img_size=&#8220;500&#215;500&#8243;][vc_column_text animation_delay=&#8220;0&#8243;]\n<h4>M\u011aCHY KRUHOV\u00c9<\/h4>\n[\/vc_column_text][vc_btn title=&#8220;dal\u0161\u00ed informace&#8220; style=&#8220;custom&#8220; custom_background=&#8220;#e34529&#8243; custom_text=&#8220;#ffffff&#8220; shape=&#8220;round&#8220; link=&#8220;url:%2Fcs%2Fprodukty%2Fsite-kruhove-mechy%2F|title:OCHRANN%C3%89%20%C5%A0IT%C3%89%20M%C4%9ACHY%20KRUHOV%C3%89&#8243; el_class=&#8220;round_button&#8220;]<\/div><div class=\"et-carousel-item et-item et-clearfix\">[vc_single_image image=&#8220;24715&#8243; img_size=&#8220;500&#215;500&#8243;][vc_column_text animation_delay=&#8220;0&#8243;]\n<h4>KRYTOVAC\u00cd SYST\u00c9MY X &#8211; Y<\/h4>\n[\/vc_column_text][vc_btn title=&#8220;dal\u0161\u00ed informace&#8220; style=&#8220;custom&#8220; custom_background=&#8220;#e34529&#8243; custom_text=&#8220;#ffffff&#8220; shape=&#8220;round&#8220; link=&#8220;url:%2Fcs%2Fmodularni-zasteny-x-y%2F|title:modularni%20zasteny%20x-y&#8220; el_class=&#8220;round_button&#8220;]<\/div><div class=\"et-carousel-item et-item et-clearfix\">[vc_single_image image=&#8220;24771&#8243; img_size=&#8220;500&#215;500&#8243;][vc_column_text animation_delay=&#8220;0&#8243;]\n<h4>WAVE SKY<\/h4>\n[\/vc_column_text][vc_btn title=&#8220;dal\u0161\u00ed informace&#8220; style=&#8220;custom&#8220; custom_background=&#8220;#e34529&#8243; custom_text=&#8220;#ffffff&#8220; shape=&#8220;round&#8220; link=&#8220;url:%2Fcs%2Fmechy-pro-stropy%2F|title:mechy%20pro%20stropy&#8220; el_class=&#8220;round_button&#8220;]<\/div><div class=\"et-carousel-item et-item et-clearfix\">[vc_single_image image=&#8220;24707&#8243; img_size=&#8220;500&#215;500&#8243;][vc_column_text animation_delay=&#8220;0&#8243;]\n<h4>ST\u011aRA\u010cE VOD\u00cdC\u00cd DR\u00c1HY A KART\u00c1\u010cE<\/h4>\n[\/vc_column_text][vc_btn title=&#8220;dal\u0161\u00ed informace&#8220; style=&#8220;custom&#8220; custom_background=&#8220;#e34529&#8243; custom_text=&#8220;#ffffff&#8220; shape=&#8220;round&#8220; link=&#8220;url:%2Fcs%2Fsterac-a-kartace%2F|title:sterac%20a%20kartace&#8220; el_class=&#8220;round_button&#8220;]<\/div><\/div>[\/vc_column][\/vc_row][vc_row full_width=&#8220;stretch_row_content&#8220; element_id=&#8220;548137&#8243;][vc_column animation_delay=&#8220;0&#8243; element_id=&#8220;42626&#8243; crp=&#8220;480:i:i,480-768:i:i,768-1024:i:i,1024-1280:i:i,1280-1366:i:i,1366-1600:i:i,1600-1920:i:i&#8220;][vc_separator css=&#8220;.vc_custom_1626445456959{padding-top: 25px !important;}&#8220;][vc_column_text animation_delay=&#8220;0&#8243; css=&#8220;.vc_custom_1626277964202{border-bottom-width: 50px !important;padding-bottom: 50px !important;}&#8220;]\n<h4>Highlight<\/h4>\n[\/vc_column_text][\/vc_column][\/vc_row][vc_row full_width=&#8220;stretch_row_content&#8220; content_placement=&#8220;middle&#8220; css_animation=&#8220;fadeInLeftBig&#8220; element_id=&#8220;131962&#8243; css=&#8220;.vc_custom_1633420743753{border-top-width: 50px !important;border-bottom-width: 50px !important;padding-top: 50px !important;padding-bottom: 50px !important;background-color: #ededed !important;}&#8220; el_class=&#8220;full-width video-row&#8220;][vc_column animation_delay=&#8220;0&#8243; width=&#8220;1\/2&#8243; element_id=&#8220;27004&#8243; crp=&#8220;480:i:i,480-768:i:i,768-1024:i:i,1024-1280:i:i,1280-1366:i:i,1366-1600:i:i,1600-1920:i:i&#8220;][vc_video link=&#8220;https:\/\/youtu.be\/_MV4b_AgLTM?rel=0&#8243; css=&#8220;&#8220;][\/vc_column][vc_column width=&#8220;1\/2&#8243;][vc_column_text animation_delay=&#8220;0&#8243; css=&#8220;&#8220;]\n<h2>UNIQUE STEEL COVER EVO<\/h2>\n<h3>Nov\u00fd superlehk\u00fd syst\u00e9m ochrann\u00fdch m\u011bch\u016f<\/h3>\n[\/vc_column_text][vc_btn title=&#8220;dal\u0161\u00ed informace&#8220; style=&#8220;custom&#8220; custom_background=&#8220;#e34529&#8243; custom_text=&#8220;#ffffff&#8220; shape=&#8220;round&#8220; css=&#8220;.vc_custom_1693926285809{padding-top: 25px !important;}&#8220; link=&#8220;url:%2Fcs%2Fprodukty%2Fx-y-lamelove-unique%2F|title:X-Y%20lamelov%C3%A9&#8243; el_class=&#8220;round_button&#8220;][\/vc_column][\/vc_row][vc_row full_width=&#8220;stretch_row_content&#8220; element_id=&#8220;961815&#8243;][vc_column animation_delay=&#8220;0&#8243; element_id=&#8220;42626&#8243; crp=&#8220;480:i:i,480-768:i:i,768-1024:i:i,1024-1280:i:i,1280-1366:i:i,1366-1600:i:i,1600-1920:i:i&#8220;][vc_separator css=&#8220;.vc_custom_1623077758788{padding-top: 50px !important;}&#8220;][vc_column_text animation_delay=&#8220;0&#8243; css=&#8220;.vc_custom_1761832712557{border-bottom-width: 50px !important;padding-bottom: 50px !important;}&#8220;]\n<h4 style=\"text-align: center;\">Nadch\u00e1zej\u00edc\u00ed akce a veletrhy<\/h4>\n<p style=\"text-align: center;\">PEI se st\u00e1le vyv\u00edj\u00ed: p\u0159e\u010dt\u011bte si <a href=\"https:\/\/www.pei.it\/cs\/category\/novinky\/tisk\/tiskova-sdeleni\/\" target=\"_blank\" rel=\"noopener\">novinky<\/a> o neust\u00e1l\u00e9 inovaci dynamick\u00fdch kryt\u016f<\/p>\n[\/vc_column_text]<div class=\"fiere\"><a href=\"https:\/\/www.pei.it\/cs\/novinky\/veletrhy\/intertool-2026\/\" class=\"card\"><img loading=\"lazy\" decoding=\"async\" src=\"https:\/\/www.pei.it\/wp-content\/uploads\/2026\/02\/fiera-Intertool-2026_home.png\"\/><div class=\"excerpt\"><p><bold>INTERTOOL 2026<\/bold><br>21 - 24 \/ 04 \/ 2026<br>Wels -  AUSTRIA<\/p><\/div><\/a><\/div>[\/vc_column][\/vc_row][vc_row][vc_column][vc_separator css=&#8220;.vc_custom_1623077758788{padding-top: 50px !important;}&#8220;][vc_column_text animation_delay=&#8220;0&#8243; css=&#8220;.vc_custom_1768378998850{border-bottom-width: 50px !important;padding-bottom: 50px !important;}&#8220;]\n<h2 style=\"text-align: center;\">P\u0159ihlaste se k odb\u011bru na\u0161eho newsletteru<\/h2>\n<p style=\"text-align: center;\">a dost\u00e1vejte nejd\u016fle\u017eit\u011bj\u0161\u00ed novinky ze sv\u011bta PEI p\u0159\u00edmo do va\u0161\u00ed emailov\u00e9 po\u0161ty.<\/p>\n<p><iframe src=\"https:\/\/marketing.pei.it\/subscribe-frame\/compact?lang=cz\"><\/iframe>[\/vc_column_text][\/vc_column][\/vc_row]\n<\/div>","protected":false},"excerpt":{"rendered":"<p>[vc_row element_id=&#8220;660103&#8243; el_class=&#8220;blue-cards&#8220;][vc_column animation_delay=&#8220;0&#8243; width=&#8220;1\/3&#8243; element_id=&#8220;75557&#8243; css=&#8220;.vc_custom_1626277691837{background-color: #b8e1fe !important;}&#8220; crp=&#8220;480:i:i,480-768:i:i,768-1024:i:i,1024-1280:i:i,1280-1366:i:i,1366-1600:i:i,1600-1920:i:i&#8220;][vc_column_text animation_delay=&#8220;0&#8243; css=&#8220;&#8220;] Inovace Hlavn\u00ed z\u00e1sadou PEI je inovace produkt\u016f v oboru bezpe\u010dnosti. Ochrann\u00e9 kryty od PEI nab\u00edzej\u00ed technick\u00e1 \u0159e\u0161en\u00ed na m\u00edru, kter\u00e1 jsou p\u0159izp\u016fsobena pot\u0159eb\u00e1m z\u00e1kazn\u00edk\u016f. [\/vc_column_text][\/vc_column][vc_column animation_delay=&#8220;0&#8243; width=&#8220;1\/3&#8243; element_id=&#8220;608196&#8243; css=&#8220;.vc_custom_1626277436061{background-color: #2990d8 !important;}&#8220; crp=&#8220;480:i:i,480-768:i:i,768-1024:i:i,1024-1280:i:i,1280-1366:i:i,1366-1600:i:i,1600-1920:i:i&#8220;][vc_column_text animation_delay=&#8220;0&#8243; css=&#8220;&#8220;] Kvalita Na trhu nab\u00edz\u00edme nej\u0161ir\u0161\u00ed sortiment dynamick\u00fdch ochrann\u00fdch kryt\u016f. [&hellip;]<\/p>\n","protected":false},"author":1,"featured_media":0,"parent":0,"menu_order":0,"comment_status":"closed","ping_status":"closed","template":"page_home.php","meta":{"_acf_changed":false,"footnotes":""},"class_list":["post-21473","page","type-page","status-publish","hentry"],"acf":[],"yoast_head":"<!-- This site is optimized with the Yoast SEO plugin v26.9 - https:\/\/yoast.com\/product\/yoast-seo-wordpress\/ -->\n<title>Ochrana pro obr\u00e1b\u011bc\u00ed stroje, teleskopick\u00e9 kryty, roletov\u00e9 kryty - PEI<\/title>\n<meta name=\"description\" content=\"PEI - Ochrana pro obr\u00e1b\u011bc\u00ed stroje, TELESKOPICK\u00c9 KRYTY, ROLETOV\u00c9 KRYTY, Z\u00c1ST\u011aNY, OCHRANN\u00c9 M\u011aCHY\" \/>\n<meta name=\"robots\" content=\"index, follow, max-snippet:-1, max-image-preview:large, max-video-preview:-1\" \/>\n<link rel=\"canonical\" href=\"https:\/\/www.pei.it\/cs\/\" \/>\n<meta property=\"og:locale\" content=\"cs_CZ\" \/>\n<meta property=\"og:type\" content=\"article\" \/>\n<meta property=\"og:title\" content=\"Ochrana pro obr\u00e1b\u011bc\u00ed stroje, teleskopick\u00e9 kryty, roletov\u00e9 kryty - PEI\" \/>\n<meta property=\"og:description\" content=\"PEI - Ochrana pro obr\u00e1b\u011bc\u00ed stroje, TELESKOPICK\u00c9 KRYTY, ROLETOV\u00c9 KRYTY, Z\u00c1ST\u011aNY, OCHRANN\u00c9 M\u011aCHY\" \/>\n<meta property=\"og:url\" content=\"https:\/\/www.pei.it\/cs\/\" \/>\n<meta property=\"og:site_name\" content=\"PEI\" \/>\n<meta property=\"article:modified_time\" content=\"2026-03-26T08:34:07+00:00\" \/>\n<meta name=\"twitter:card\" content=\"summary_large_image\" \/>\n<meta name=\"twitter:label1\" content=\"Odhadovan\u00e1 doba \u010dten\u00ed\" \/>\n\t<meta name=\"twitter:data1\" content=\"3 minuty\" \/>\n<script type=\"application\/ld+json\" class=\"yoast-schema-graph\">{\"@context\":\"https:\/\/schema.org\",\"@graph\":[{\"@type\":\"WebPage\",\"@id\":\"https:\/\/www.pei.it\/cs\/\",\"url\":\"https:\/\/www.pei.it\/cs\/\",\"name\":\"Ochrana pro obr\u00e1b\u011bc\u00ed stroje, teleskopick\u00e9 kryty, roletov\u00e9 kryty - PEI\",\"isPartOf\":{\"@id\":\"https:\/\/www.pei.it\/cs\/#website\"},\"datePublished\":\"2021-06-21T10:27:13+00:00\",\"dateModified\":\"2026-03-26T08:34:07+00:00\",\"description\":\"PEI - Ochrana pro obr\u00e1b\u011bc\u00ed stroje, TELESKOPICK\u00c9 KRYTY, ROLETOV\u00c9 KRYTY, Z\u00c1ST\u011aNY, OCHRANN\u00c9 M\u011aCHY\",\"breadcrumb\":{\"@id\":\"https:\/\/www.pei.it\/cs\/#breadcrumb\"},\"inLanguage\":\"cs\",\"potentialAction\":[{\"@type\":\"ReadAction\",\"target\":[\"https:\/\/www.pei.it\/cs\/\"]}]},{\"@type\":\"BreadcrumbList\",\"@id\":\"https:\/\/www.pei.it\/cs\/#breadcrumb\",\"itemListElement\":[{\"@type\":\"ListItem\",\"position\":1,\"name\":\"Home\",\"item\":\"https:\/\/www.pei.it\/cs\/\"},{\"@type\":\"ListItem\",\"position\":2,\"name\":\"Home\"}]},{\"@type\":\"WebSite\",\"@id\":\"https:\/\/www.pei.it\/cs\/#website\",\"url\":\"https:\/\/www.pei.it\/cs\/\",\"name\":\"PEI\",\"description\":\"Protezioni per macchine utensili, avvolgibili, telescopiche\",\"potentialAction\":[{\"@type\":\"SearchAction\",\"target\":{\"@type\":\"EntryPoint\",\"urlTemplate\":\"https:\/\/www.pei.it\/cs\/?s={search_term_string}\"},\"query-input\":{\"@type\":\"PropertyValueSpecification\",\"valueRequired\":true,\"valueName\":\"search_term_string\"}}],\"inLanguage\":\"cs\"}]}<\/script>\n<!-- \/ Yoast SEO plugin. -->","yoast_head_json":{"title":"Ochrana pro obr\u00e1b\u011bc\u00ed stroje, teleskopick\u00e9 kryty, roletov\u00e9 kryty - PEI","description":"PEI - Ochrana pro obr\u00e1b\u011bc\u00ed stroje, TELESKOPICK\u00c9 KRYTY, ROLETOV\u00c9 KRYTY, Z\u00c1ST\u011aNY, OCHRANN\u00c9 M\u011aCHY","robots":{"index":"index","follow":"follow","max-snippet":"max-snippet:-1","max-image-preview":"max-image-preview:large","max-video-preview":"max-video-preview:-1"},"canonical":"https:\/\/www.pei.it\/cs\/","og_locale":"cs_CZ","og_type":"article","og_title":"Ochrana pro obr\u00e1b\u011bc\u00ed stroje, teleskopick\u00e9 kryty, roletov\u00e9 kryty - PEI","og_description":"PEI - Ochrana pro obr\u00e1b\u011bc\u00ed stroje, TELESKOPICK\u00c9 KRYTY, ROLETOV\u00c9 KRYTY, Z\u00c1ST\u011aNY, OCHRANN\u00c9 M\u011aCHY","og_url":"https:\/\/www.pei.it\/cs\/","og_site_name":"PEI","article_modified_time":"2026-03-26T08:34:07+00:00","twitter_card":"summary_large_image","twitter_misc":{"Odhadovan\u00e1 doba \u010dten\u00ed":"3 minuty"},"schema":{"@context":"https:\/\/schema.org","@graph":[{"@type":"WebPage","@id":"https:\/\/www.pei.it\/cs\/","url":"https:\/\/www.pei.it\/cs\/","name":"Ochrana pro obr\u00e1b\u011bc\u00ed stroje, teleskopick\u00e9 kryty, roletov\u00e9 kryty - PEI","isPartOf":{"@id":"https:\/\/www.pei.it\/cs\/#website"},"datePublished":"2021-06-21T10:27:13+00:00","dateModified":"2026-03-26T08:34:07+00:00","description":"PEI - Ochrana pro obr\u00e1b\u011bc\u00ed stroje, TELESKOPICK\u00c9 KRYTY, ROLETOV\u00c9 KRYTY, Z\u00c1ST\u011aNY, OCHRANN\u00c9 M\u011aCHY","breadcrumb":{"@id":"https:\/\/www.pei.it\/cs\/#breadcrumb"},"inLanguage":"cs","potentialAction":[{"@type":"ReadAction","target":["https:\/\/www.pei.it\/cs\/"]}]},{"@type":"BreadcrumbList","@id":"https:\/\/www.pei.it\/cs\/#breadcrumb","itemListElement":[{"@type":"ListItem","position":1,"name":"Home","item":"https:\/\/www.pei.it\/cs\/"},{"@type":"ListItem","position":2,"name":"Home"}]},{"@type":"WebSite","@id":"https:\/\/www.pei.it\/cs\/#website","url":"https:\/\/www.pei.it\/cs\/","name":"PEI","description":"Protezioni per macchine utensili, avvolgibili, telescopiche","potentialAction":[{"@type":"SearchAction","target":{"@type":"EntryPoint","urlTemplate":"https:\/\/www.pei.it\/cs\/?s={search_term_string}"},"query-input":{"@type":"PropertyValueSpecification","valueRequired":true,"valueName":"search_term_string"}}],"inLanguage":"cs"}]}},"_links":{"self":[{"href":"https:\/\/www.pei.it\/cs\/wp-json\/wp\/v2\/pages\/21473","targetHints":{"allow":["GET"]}}],"collection":[{"href":"https:\/\/www.pei.it\/cs\/wp-json\/wp\/v2\/pages"}],"about":[{"href":"https:\/\/www.pei.it\/cs\/wp-json\/wp\/v2\/types\/page"}],"author":[{"embeddable":true,"href":"https:\/\/www.pei.it\/cs\/wp-json\/wp\/v2\/users\/1"}],"replies":[{"embeddable":true,"href":"https:\/\/www.pei.it\/cs\/wp-json\/wp\/v2\/comments?post=21473"}],"version-history":[{"count":1,"href":"https:\/\/www.pei.it\/cs\/wp-json\/wp\/v2\/pages\/21473\/revisions"}],"predecessor-version":[{"id":64847,"href":"https:\/\/www.pei.it\/cs\/wp-json\/wp\/v2\/pages\/21473\/revisions\/64847"}],"wp:attachment":[{"href":"https:\/\/www.pei.it\/cs\/wp-json\/wp\/v2\/media?parent=21473"}],"curies":[{"name":"wp","href":"https:\/\/api.w.org\/{rel}","templated":true}]}}