{"id":21542,"date":"2021-06-21T15:59:23","date_gmt":"2021-06-21T15:59:23","guid":{"rendered":"\/kontakt\/"},"modified":"2026-02-03T10:12:53","modified_gmt":"2026-02-03T10:12:53","slug":"kontakt","status":"publish","type":"page","link":"https:\/\/www.pei.it\/cs\/kontakt\/","title":{"rendered":"KONTAKT"},"content":{"rendered":"<div class=\"wpb-content-wrapper\">[vc_row][vc_column][vc_column_text animation_delay=&#8220;0&#8243; css=&#8220;&#8220;]<img loading=\"lazy\" loading=\"lazy\" decoding=\"async\" class=\"alignnone wp-image-31645 size-full\" src=\"\/wp-content\/uploads\/2021\/09\/Headquarter2021.png\" alt=\"PEI Headquarter\" width=\"1200\" height=\"343\" \/><\/p>\n<p><strong>P. E. I. s.r.l. &#8211; societ\u00e0 unipersonale<\/strong><br \/>\nVia Torretta 32 &#8211; 32\/2 &#8211; 34 &#8211; 36<br \/>\nCalderara di Reno &#8211; 40012 &#8211; Bologna Italy<\/p>\n<p>E-mail: <a href=\"mailto:info@pei.it\">info@pei.it<\/a><br \/>PEC: <a href=\"mailto:peisrl@pec.pei.it\">peisrl@pec.pei.it<\/a><br \/>\nTelefono: +39 051 6464811<\/p>\n<p>&nbsp;<\/p>\n<iframe class=\"form-contatti\" src=\"https:\/\/marketing.pei.it\/request-contact?lang=cz\"><\/iframe>\n<h2>Kde n\u00e1s najdete<\/h2>\n<div style=\"width: 100%;\"><iframe loading=\"lazy\" src=\"https:\/\/maps.google.com\/maps?width=100%25&amp;height=600&amp;hl=it&amp;q=Via%20Torretta%2032%2040012%20-%20Calderara%20di%20Reno%20-%20BOLOGNA+(PEI)&amp;t=&amp;z=11&amp;ie=UTF8&amp;iwloc=B&amp;output=embed\" width=\"100%\" height=\"600\" frameborder=\"0\" marginwidth=\"0\" marginheight=\"0\" scrolling=\"no\"><a href=\"https:\/\/www.gps.ie\/truck-gps\/\">truck gps<\/a><\/iframe><\/div>\n[\/vc_column_text][vc_empty_space][\/vc_column][\/vc_row]\n<\/div>","protected":false},"excerpt":{"rendered":"<p>[vc_row][vc_column][vc_column_text animation_delay=&#8220;0&#8243; css=&#8220;&#8220;] P. E. I. s.r.l. &#8211; societ\u00e0 unipersonale Via Torretta 32 &#8211; 32\/2 &#8211; 34 &#8211; 36 Calderara di Reno &#8211; 40012 &#8211; Bologna Italy E-mail: info@pei.itPEC: peisrl@pec.pei.it Telefono: +39 051 6464811 &nbsp; Kde n\u00e1s najdete truck gps [\/vc_column_text][vc_empty_space][\/vc_column][\/vc_row]<\/p>\n","protected":false},"author":1,"featured_media":0,"parent":0,"menu_order":0,"comment_status":"closed","ping_status":"closed","template":"","meta":{"_acf_changed":false,"footnotes":""},"class_list":["post-21542","page","type-page","status-publish","hentry"],"acf":[],"yoast_head":"<!-- This site is optimized with the Yoast SEO plugin v26.9 - https:\/\/yoast.com\/product\/yoast-seo-wordpress\/ -->\n<title>KONTAKT - PEI<\/title>\n<meta name=\"robots\" content=\"index, follow, max-snippet:-1, max-image-preview:large, max-video-preview:-1\" \/>\n<link rel=\"canonical\" href=\"https:\/\/www.pei.it\/cs\/kontakt\/\" \/>\n<meta property=\"og:locale\" content=\"cs_CZ\" \/>\n<meta property=\"og:type\" content=\"article\" \/>\n<meta property=\"og:title\" content=\"KONTAKT - PEI\" \/>\n<meta property=\"og:description\" content=\"[vc_row][vc_column][vc_column_text animation_delay=&#8220;0&#8243; css=&#8220;&#8220;] P. E. I. s.r.l. &#8211; societ\u00e0 unipersonale Via Torretta 32 &#8211; 32\/2 &#8211; 34 &#8211; 36 Calderara di Reno &#8211; 40012 &#8211; Bologna Italy E-mail: info@pei.itPEC: peisrl@pec.pei.it Telefono: +39 051 6464811 &nbsp; Kde n\u00e1s najdete truck gps [\/vc_column_text][vc_empty_space][\/vc_column][\/vc_row]\" \/>\n<meta property=\"og:url\" content=\"https:\/\/www.pei.it\/cs\/kontakt\/\" \/>\n<meta property=\"og:site_name\" content=\"PEI\" \/>\n<meta property=\"article:modified_time\" content=\"2026-02-03T10:12:53+00:00\" \/>\n<meta name=\"twitter:card\" content=\"summary_large_image\" \/>\n<meta name=\"twitter:label1\" content=\"Odhadovan\u00e1 doba \u010dten\u00ed\" \/>\n\t<meta name=\"twitter:data1\" content=\"1 minuta\" \/>\n<script type=\"application\/ld+json\" class=\"yoast-schema-graph\">{\"@context\":\"https:\/\/schema.org\",\"@graph\":[{\"@type\":\"WebPage\",\"@id\":\"https:\/\/www.pei.it\/cs\/kontakt\/\",\"url\":\"https:\/\/www.pei.it\/cs\/kontakt\/\",\"name\":\"KONTAKT - PEI\",\"isPartOf\":{\"@id\":\"https:\/\/www.pei.it\/cs\/#website\"},\"datePublished\":\"2021-06-21T15:59:23+00:00\",\"dateModified\":\"2026-02-03T10:12:53+00:00\",\"breadcrumb\":{\"@id\":\"https:\/\/www.pei.it\/cs\/kontakt\/#breadcrumb\"},\"inLanguage\":\"cs\",\"potentialAction\":[{\"@type\":\"ReadAction\",\"target\":[\"https:\/\/www.pei.it\/cs\/kontakt\/\"]}]},{\"@type\":\"BreadcrumbList\",\"@id\":\"https:\/\/www.pei.it\/cs\/kontakt\/#breadcrumb\",\"itemListElement\":[{\"@type\":\"ListItem\",\"position\":1,\"name\":\"Home\",\"item\":\"https:\/\/www.pei.it\/cs\/\"},{\"@type\":\"ListItem\",\"position\":2,\"name\":\"KONTAKT\"}]},{\"@type\":\"WebSite\",\"@id\":\"https:\/\/www.pei.it\/cs\/#website\",\"url\":\"https:\/\/www.pei.it\/cs\/\",\"name\":\"PEI\",\"description\":\"Protezioni per macchine utensili, avvolgibili, telescopiche\",\"potentialAction\":[{\"@type\":\"SearchAction\",\"target\":{\"@type\":\"EntryPoint\",\"urlTemplate\":\"https:\/\/www.pei.it\/cs\/?s={search_term_string}\"},\"query-input\":{\"@type\":\"PropertyValueSpecification\",\"valueRequired\":true,\"valueName\":\"search_term_string\"}}],\"inLanguage\":\"cs\"}]}<\/script>\n<!-- \/ Yoast SEO plugin. -->","yoast_head_json":{"title":"KONTAKT - PEI","robots":{"index":"index","follow":"follow","max-snippet":"max-snippet:-1","max-image-preview":"max-image-preview:large","max-video-preview":"max-video-preview:-1"},"canonical":"https:\/\/www.pei.it\/cs\/kontakt\/","og_locale":"cs_CZ","og_type":"article","og_title":"KONTAKT - PEI","og_description":"[vc_row][vc_column][vc_column_text animation_delay=&#8220;0&#8243; css=&#8220;&#8220;] P. E. I. s.r.l. &#8211; societ\u00e0 unipersonale Via Torretta 32 &#8211; 32\/2 &#8211; 34 &#8211; 36 Calderara di Reno &#8211; 40012 &#8211; Bologna Italy E-mail: info@pei.itPEC: peisrl@pec.pei.it Telefono: +39 051 6464811 &nbsp; Kde n\u00e1s najdete truck gps [\/vc_column_text][vc_empty_space][\/vc_column][\/vc_row]","og_url":"https:\/\/www.pei.it\/cs\/kontakt\/","og_site_name":"PEI","article_modified_time":"2026-02-03T10:12:53+00:00","twitter_card":"summary_large_image","twitter_misc":{"Odhadovan\u00e1 doba \u010dten\u00ed":"1 minuta"},"schema":{"@context":"https:\/\/schema.org","@graph":[{"@type":"WebPage","@id":"https:\/\/www.pei.it\/cs\/kontakt\/","url":"https:\/\/www.pei.it\/cs\/kontakt\/","name":"KONTAKT - PEI","isPartOf":{"@id":"https:\/\/www.pei.it\/cs\/#website"},"datePublished":"2021-06-21T15:59:23+00:00","dateModified":"2026-02-03T10:12:53+00:00","breadcrumb":{"@id":"https:\/\/www.pei.it\/cs\/kontakt\/#breadcrumb"},"inLanguage":"cs","potentialAction":[{"@type":"ReadAction","target":["https:\/\/www.pei.it\/cs\/kontakt\/"]}]},{"@type":"BreadcrumbList","@id":"https:\/\/www.pei.it\/cs\/kontakt\/#breadcrumb","itemListElement":[{"@type":"ListItem","position":1,"name":"Home","item":"https:\/\/www.pei.it\/cs\/"},{"@type":"ListItem","position":2,"name":"KONTAKT"}]},{"@type":"WebSite","@id":"https:\/\/www.pei.it\/cs\/#website","url":"https:\/\/www.pei.it\/cs\/","name":"PEI","description":"Protezioni per macchine utensili, avvolgibili, telescopiche","potentialAction":[{"@type":"SearchAction","target":{"@type":"EntryPoint","urlTemplate":"https:\/\/www.pei.it\/cs\/?s={search_term_string}"},"query-input":{"@type":"PropertyValueSpecification","valueRequired":true,"valueName":"search_term_string"}}],"inLanguage":"cs"}]}},"_links":{"self":[{"href":"https:\/\/www.pei.it\/cs\/wp-json\/wp\/v2\/pages\/21542","targetHints":{"allow":["GET"]}}],"collection":[{"href":"https:\/\/www.pei.it\/cs\/wp-json\/wp\/v2\/pages"}],"about":[{"href":"https:\/\/www.pei.it\/cs\/wp-json\/wp\/v2\/types\/page"}],"author":[{"embeddable":true,"href":"https:\/\/www.pei.it\/cs\/wp-json\/wp\/v2\/users\/1"}],"replies":[{"embeddable":true,"href":"https:\/\/www.pei.it\/cs\/wp-json\/wp\/v2\/comments?post=21542"}],"version-history":[{"count":1,"href":"https:\/\/www.pei.it\/cs\/wp-json\/wp\/v2\/pages\/21542\/revisions"}],"predecessor-version":[{"id":64141,"href":"https:\/\/www.pei.it\/cs\/wp-json\/wp\/v2\/pages\/21542\/revisions\/64141"}],"wp:attachment":[{"href":"https:\/\/www.pei.it\/cs\/wp-json\/wp\/v2\/media?parent=21542"}],"curies":[{"name":"wp","href":"https:\/\/api.w.org\/{rel}","templated":true}]}}