{"id":23772,"date":"2021-06-29T08:36:49","date_gmt":"2021-06-29T08:36:49","guid":{"rendered":"https:\/\/www.pei.it\/internetovem-obchode\/"},"modified":"2021-07-19T12:12:14","modified_gmt":"2021-07-19T12:12:14","slug":"internetovem-obchode","status":"publish","type":"page","link":"https:\/\/www.pei.it\/cs\/internetovem-obchode\/","title":{"rendered":"Shop"},"content":{"rendered":"<p><img loading=\"lazy\" loading=\"lazy\" decoding=\"async\" class=\" alignleft size-full wp-image-8379\" style=\"margin-right: 20px; float: left;\" src=\"\/wp-content\/uploads\/2016\/06\/LogoShop.png\" alt=\"LogoShop\" width=\"216\" height=\"104\" \/><\/p>\n<p>&nbsp;<\/p>\n<p>&nbsp;<\/p>\n<p>&nbsp;<\/p>\n<p>V\u00edtejte v elektronick\u00e9m obchod\u011b firmy P.E.I.<\/p>\n<span class=\"et-font-size\" data-fontsize=\"24px\" data-lineheight=\"24px\"><span style=\"color: #ff0000;\"><strong>Online obchod se aktualizuje<\/strong><\/span><\/span>\n<p>&nbsp;<\/p>\n<hr \/>\n<p>&nbsp;<\/p>\n<p>N\u00e1sleduj\u00edc\u00ed platebn\u00ed mo\u017enosti jsou akceptov\u00e1ny:<br \/>\n<img loading=\"lazy\" loading=\"lazy\" decoding=\"async\" class=\" size-full wp-image-8387\" src=\"\/wp-content\/uploads\/2016\/06\/visa-mastercard-int.png\" alt=\"visa-mastercard-int\" width=\"87\" height=\"110\" \/>\u00a0 <img loading=\"lazy\" loading=\"lazy\" decoding=\"async\" class=\" size-full wp-image-8395\" src=\"\/wp-content\/uploads\/2016\/06\/logo_paypal_pagamento.png\" alt=\"logo paypal pagamento\" width=\"319\" height=\"110\" \/><\/p>\n<p>&nbsp;<\/p>\n","protected":false},"excerpt":{"rendered":"<p>&nbsp; &nbsp; &nbsp; V\u00edtejte v elektronick\u00e9m obchod\u011b firmy P.E.I. &nbsp; &nbsp; N\u00e1sleduj\u00edc\u00ed platebn\u00ed mo\u017enosti jsou akceptov\u00e1ny: \u00a0 &nbsp;<\/p>\n","protected":false},"author":1,"featured_media":8379,"parent":0,"menu_order":0,"comment_status":"closed","ping_status":"closed","template":"","meta":{"_acf_changed":false,"footnotes":""},"class_list":["post-23772","page","type-page","status-publish","has-post-thumbnail","hentry"],"acf":[],"yoast_head":"<!-- This site is optimized with the Yoast SEO plugin v26.9 - https:\/\/yoast.com\/product\/yoast-seo-wordpress\/ -->\n<title>Shop - PEI<\/title>\n<meta name=\"robots\" content=\"index, follow, max-snippet:-1, max-image-preview:large, max-video-preview:-1\" \/>\n<link rel=\"canonical\" href=\"https:\/\/www.pei.it\/cs\/internetovem-obchode\/\" \/>\n<meta property=\"og:locale\" content=\"cs_CZ\" \/>\n<meta property=\"og:type\" content=\"article\" \/>\n<meta property=\"og:title\" content=\"Shop - PEI\" \/>\n<meta property=\"og:description\" content=\"&nbsp; &nbsp; &nbsp; V\u00edtejte v elektronick\u00e9m obchod\u011b firmy P.E.I. &nbsp; &nbsp; N\u00e1sleduj\u00edc\u00ed platebn\u00ed mo\u017enosti jsou akceptov\u00e1ny: \u00a0 &nbsp;\" \/>\n<meta property=\"og:url\" content=\"https:\/\/www.pei.it\/cs\/internetovem-obchode\/\" \/>\n<meta property=\"og:site_name\" content=\"PEI\" \/>\n<meta property=\"article:modified_time\" content=\"2021-07-19T12:12:14+00:00\" \/>\n<meta property=\"og:image\" content=\"https:\/\/www.pei.it\/wp-content\/uploads\/2016\/06\/LogoShop.png\" \/>\n\t<meta property=\"og:image:width\" content=\"216\" \/>\n\t<meta property=\"og:image:height\" content=\"104\" \/>\n\t<meta property=\"og:image:type\" content=\"image\/png\" \/>\n<meta name=\"twitter:card\" content=\"summary_large_image\" \/>\n<script type=\"application\/ld+json\" class=\"yoast-schema-graph\">{\"@context\":\"https:\/\/schema.org\",\"@graph\":[{\"@type\":\"WebPage\",\"@id\":\"https:\/\/www.pei.it\/cs\/internetovem-obchode\/\",\"url\":\"https:\/\/www.pei.it\/cs\/internetovem-obchode\/\",\"name\":\"Shop - PEI\",\"isPartOf\":{\"@id\":\"https:\/\/www.pei.it\/cs\/#website\"},\"primaryImageOfPage\":{\"@id\":\"https:\/\/www.pei.it\/cs\/internetovem-obchode\/#primaryimage\"},\"image\":{\"@id\":\"https:\/\/www.pei.it\/cs\/internetovem-obchode\/#primaryimage\"},\"thumbnailUrl\":\"https:\/\/www.pei.it\/wp-content\/uploads\/2016\/06\/LogoShop.png\",\"datePublished\":\"2021-06-29T08:36:49+00:00\",\"dateModified\":\"2021-07-19T12:12:14+00:00\",\"breadcrumb\":{\"@id\":\"https:\/\/www.pei.it\/cs\/internetovem-obchode\/#breadcrumb\"},\"inLanguage\":\"cs\",\"potentialAction\":[{\"@type\":\"ReadAction\",\"target\":[\"https:\/\/www.pei.it\/cs\/internetovem-obchode\/\"]}]},{\"@type\":\"ImageObject\",\"inLanguage\":\"cs\",\"@id\":\"https:\/\/www.pei.it\/cs\/internetovem-obchode\/#primaryimage\",\"url\":\"https:\/\/www.pei.it\/wp-content\/uploads\/2016\/06\/LogoShop.png\",\"contentUrl\":\"https:\/\/www.pei.it\/wp-content\/uploads\/2016\/06\/LogoShop.png\",\"width\":216,\"height\":104,\"caption\":\"LogoShop\"},{\"@type\":\"BreadcrumbList\",\"@id\":\"https:\/\/www.pei.it\/cs\/internetovem-obchode\/#breadcrumb\",\"itemListElement\":[{\"@type\":\"ListItem\",\"position\":1,\"name\":\"Home\",\"item\":\"https:\/\/www.pei.it\/cs\/\"},{\"@type\":\"ListItem\",\"position\":2,\"name\":\"Shop\"}]},{\"@type\":\"WebSite\",\"@id\":\"https:\/\/www.pei.it\/cs\/#website\",\"url\":\"https:\/\/www.pei.it\/cs\/\",\"name\":\"PEI\",\"description\":\"Protezioni per macchine utensili, avvolgibili, telescopiche\",\"potentialAction\":[{\"@type\":\"SearchAction\",\"target\":{\"@type\":\"EntryPoint\",\"urlTemplate\":\"https:\/\/www.pei.it\/cs\/?s={search_term_string}\"},\"query-input\":{\"@type\":\"PropertyValueSpecification\",\"valueRequired\":true,\"valueName\":\"search_term_string\"}}],\"inLanguage\":\"cs\"}]}<\/script>\n<!-- \/ Yoast SEO plugin. -->","yoast_head_json":{"title":"Shop - PEI","robots":{"index":"index","follow":"follow","max-snippet":"max-snippet:-1","max-image-preview":"max-image-preview:large","max-video-preview":"max-video-preview:-1"},"canonical":"https:\/\/www.pei.it\/cs\/internetovem-obchode\/","og_locale":"cs_CZ","og_type":"article","og_title":"Shop - PEI","og_description":"&nbsp; &nbsp; &nbsp; V\u00edtejte v elektronick\u00e9m obchod\u011b firmy P.E.I. &nbsp; &nbsp; N\u00e1sleduj\u00edc\u00ed platebn\u00ed mo\u017enosti jsou akceptov\u00e1ny: \u00a0 &nbsp;","og_url":"https:\/\/www.pei.it\/cs\/internetovem-obchode\/","og_site_name":"PEI","article_modified_time":"2021-07-19T12:12:14+00:00","og_image":[{"width":216,"height":104,"url":"https:\/\/www.pei.it\/wp-content\/uploads\/2016\/06\/LogoShop.png","type":"image\/png"}],"twitter_card":"summary_large_image","schema":{"@context":"https:\/\/schema.org","@graph":[{"@type":"WebPage","@id":"https:\/\/www.pei.it\/cs\/internetovem-obchode\/","url":"https:\/\/www.pei.it\/cs\/internetovem-obchode\/","name":"Shop - PEI","isPartOf":{"@id":"https:\/\/www.pei.it\/cs\/#website"},"primaryImageOfPage":{"@id":"https:\/\/www.pei.it\/cs\/internetovem-obchode\/#primaryimage"},"image":{"@id":"https:\/\/www.pei.it\/cs\/internetovem-obchode\/#primaryimage"},"thumbnailUrl":"https:\/\/www.pei.it\/wp-content\/uploads\/2016\/06\/LogoShop.png","datePublished":"2021-06-29T08:36:49+00:00","dateModified":"2021-07-19T12:12:14+00:00","breadcrumb":{"@id":"https:\/\/www.pei.it\/cs\/internetovem-obchode\/#breadcrumb"},"inLanguage":"cs","potentialAction":[{"@type":"ReadAction","target":["https:\/\/www.pei.it\/cs\/internetovem-obchode\/"]}]},{"@type":"ImageObject","inLanguage":"cs","@id":"https:\/\/www.pei.it\/cs\/internetovem-obchode\/#primaryimage","url":"https:\/\/www.pei.it\/wp-content\/uploads\/2016\/06\/LogoShop.png","contentUrl":"https:\/\/www.pei.it\/wp-content\/uploads\/2016\/06\/LogoShop.png","width":216,"height":104,"caption":"LogoShop"},{"@type":"BreadcrumbList","@id":"https:\/\/www.pei.it\/cs\/internetovem-obchode\/#breadcrumb","itemListElement":[{"@type":"ListItem","position":1,"name":"Home","item":"https:\/\/www.pei.it\/cs\/"},{"@type":"ListItem","position":2,"name":"Shop"}]},{"@type":"WebSite","@id":"https:\/\/www.pei.it\/cs\/#website","url":"https:\/\/www.pei.it\/cs\/","name":"PEI","description":"Protezioni per macchine utensili, avvolgibili, telescopiche","potentialAction":[{"@type":"SearchAction","target":{"@type":"EntryPoint","urlTemplate":"https:\/\/www.pei.it\/cs\/?s={search_term_string}"},"query-input":{"@type":"PropertyValueSpecification","valueRequired":true,"valueName":"search_term_string"}}],"inLanguage":"cs"}]}},"_links":{"self":[{"href":"https:\/\/www.pei.it\/cs\/wp-json\/wp\/v2\/pages\/23772","targetHints":{"allow":["GET"]}}],"collection":[{"href":"https:\/\/www.pei.it\/cs\/wp-json\/wp\/v2\/pages"}],"about":[{"href":"https:\/\/www.pei.it\/cs\/wp-json\/wp\/v2\/types\/page"}],"author":[{"embeddable":true,"href":"https:\/\/www.pei.it\/cs\/wp-json\/wp\/v2\/users\/1"}],"replies":[{"embeddable":true,"href":"https:\/\/www.pei.it\/cs\/wp-json\/wp\/v2\/comments?post=23772"}],"version-history":[{"count":0,"href":"https:\/\/www.pei.it\/cs\/wp-json\/wp\/v2\/pages\/23772\/revisions"}],"wp:featuredmedia":[{"embeddable":true,"href":"https:\/\/www.pei.it\/cs\/wp-json\/wp\/v2\/media\/8379"}],"wp:attachment":[{"href":"https:\/\/www.pei.it\/cs\/wp-json\/wp\/v2\/media?parent=23772"}],"curies":[{"name":"wp","href":"https:\/\/api.w.org\/{rel}","templated":true}]}}