{"id":28110,"date":"2021-09-07T14:13:16","date_gmt":"2021-09-07T14:13:16","guid":{"rendered":"https:\/\/www.pei.it\/firma\/automotive\/"},"modified":"2021-09-09T14:00:39","modified_gmt":"2021-09-09T14:00:39","slug":"automotive","status":"publish","type":"page","link":"https:\/\/www.pei.it\/cs\/firma\/automotive\/","title":{"rendered":"Automotive"},"content":{"rendered":"<div class=\"wpb-content-wrapper\">[vc_row][vc_column width=&#8220;1\/2&#8243;][vc_column_text animation_delay=&#8220;0&#8243;]PEI system for transport is the division of PEI dedicated to the<strong> design, production and sale of solutions dedicated to articulated vehicles<\/strong>.<\/p>\n<p>Its vast experience in the <strong>articulated bus sector<\/strong>, combined with the ability to customize the product, also make PEI solutions suitable for special projects such as trams, monorails and passenger connections in air and sea transport.[\/vc_column_text][\/vc_column][vc_column width=&#8220;1\/2&#8243;][vc_images_carousel images=&#8220;25958,25982,25966,25974,25990&#8243; img_size=&#8220;full&#8220; onclick=&#8220;link_no&#8220; hide_prev_next_buttons=&#8220;yes&#8220;][\/vc_column][\/vc_row][vc_row element_id=&#8220;377014&#8243;][vc_column]<h2 class=\"et-heading text-align-left tablet-text-align-inherit mobile-text-align-inherit animate-false no-animation-type\" id=\"et-heading-363311\" data-delay=\"0\" data-mobile-font=\"inherit\" data-mobile-line-height=\"inherit\" data-tablet-landscape-font=\"inherit\" data-tablet-portrait-font=\"inherit\" data-tablet-landscape-line-height=\"inherit\" data-tablet-portrait-line-height=\"inherit\" data-parallax=\"false\" data-move=\"false\" data-coordinatex=\"0\" data-coordinatey=\"0\" data-speed=\"10\"><span class=\"text-wrapper\"><span class=\"text\">CERTIFICATIONS<\/span><\/span><\/h2>[vc_gallery type=&#8220;image_grid&#8220; images=&#8220;26083,26091,26099,26107,26115,26123,26131&#8243; img_size=&#8220;full&#8220; onclick=&#8220;custom_link&#8220; custom_links=&#8220;#E-8_JUEyJTdCJTVFJTlFJURGJUVFJUE2WiUxQXYlQ0YlRjYlRDNtJTdGJUQzJUNGJUY1JTA4RFMlMjAlMDQlQzUlRDclQkUlQkQlRDAyJTEzJTAzbTUlRjdOdSVEMiU5N18lRkYlMEElNUMlQTIlN0IlNUUlOUUlREYlRUUlQTZaJTFBdiVDRiVGNiVEM18lN0YlRDNvJUY2JTNDQiUwRCVBME0lRjUlRDclQ0Q2JUQzJTVFJUI0JUUzJUEwJUI1JUE1JUQ3JUZGJUMyJTk3JTI4JTlFJUQ3JUE3JUI3JUZCJUE5JTk2JTg2JTlEJUIzJUZEJUI0JUQ3JURGJUY0JURCJUZEJUMyeiVCQmJ+JTI3JTFBJUI2JThENyVEM19BJTNBJTk3XyVGRiUwQSU1QyVBMiU3QiU1RSU5RSVERiVFRSVBNlolMUF2JUNGJUY2JUQzXyU3RiVEM28lRjglMDhEUyUyMSUyMyVCRCVEM011JUVGJUFGdCUxOSUxMyU5NCUzQyU4NCVDMCVEQk0lN0QlRDMlOUR0JUE1JUQ3JUZGJUMyJTk3JTI4JTlFJUQ3JUE3JUI3JUZCJUE5JTk2JTg2JTlEJUIzJUZEJUI0JUQ3JURGJUY0JURCJUZFQiUxMSUxNCVDOEglRUZ0JUQzJTVEJTdCJUVCJUREJTAzJTIxMDYlRDNfdCVFNyU1RCUyOXUlRkYlRjAlQTUlQ0ElMjclQjUlRTklRUQlRkUlRUFlJUExJUE3bCVGRm01JUY3JUZENiVGRiVBMCU4NEUyJTEyJTNCJURENCVENyU1RSVGQSVGNyU0MCU4OEwlMEQlQjQlRDclREQ5JUQ3SiU1RCU3RiVGQyUyOXIlODklRUR6JTdCJTdGJUJBJTk5aGklREIlM0YlREJNJTdEJUZGTSVCRiVFQyUyMSUxMUwlODQlOEUlRjdNNSVENyVCRSVCRCVEMCUxMiUxMyUwM201JUY3TnUlRDIlOTdf&#8220;][\/vc_column][\/vc_row][vc_row element_id=&#8220;737255&#8243; css=&#8220;.vc_custom_1628083671643{border-top-width: 1px !important;border-right-width: 1px !important;border-bottom-width: 1px !important;border-left-width: 1px !important;padding-top: 50px !important;padding-right: 10px !important;padding-bottom: 50px !important;padding-left: 10px !important;border-left-color: #bfbfbf !important;border-left-style: solid !important;border-right-color: #bfbfbf !important;border-right-style: solid !important;border-top-color: #bfbfbf !important;border-top-style: solid !important;border-bottom-color: #bfbfbf !important;border-bottom-style: solid !important;}&#8220; el_class=&#8220;azienda-card&#8220;][vc_column width=&#8220;1\/3&#8243;][vc_single_image image=&#8220;25998&#8243; img_size=&#8220;full&#8220;][\/vc_column][vc_column width=&#8220;1\/3&#8243;][vc_column_text animation_delay=&#8220;0&#8243;]\n<h4>Contact details<\/h4>\n<p>Via Torretta 32 &#8211; 32\/2 &#8211; 34 &#8211; 36<br \/>\n40012 Calderara di Reno<br \/>\nBologna &#8211; Italia<br \/>\nTel.: 051 6464811<br \/>\nFax: 051 6464840[\/vc_column_text][\/vc_column][vc_column width=&#8220;1\/3&#8243;][vc_column_text animation_delay=&#8220;0&#8243;]\n<h4>Services<\/h4>\n<p>Bellows<br \/>\nCover plate<br \/>\nHose guiding system<br \/>\nCentral hoop and other accessories for the articulated buses industry[\/vc_column_text][\/vc_column][\/vc_row][vc_row][vc_column][vc_single_image image=&#8220;26018&#8243; img_size=&#8220;full&#8220; alignment=&#8220;center&#8220;][\/vc_column][\/vc_row][vc_row element_id=&#8220;441826&#8243; css=&#8220;.vc_custom_1628083676364{border-top-width: 1px !important;border-right-width: 1px !important;border-bottom-width: 1px !important;border-left-width: 1px !important;padding-top: 50px !important;padding-right: 10px !important;padding-bottom: 50px !important;padding-left: 10px !important;border-left-color: #bfbfbf !important;border-left-style: solid !important;border-right-color: #bfbfbf !important;border-right-style: solid !important;border-top-color: #bfbfbf !important;border-top-style: solid !important;border-bottom-color: #bfbfbf !important;border-bottom-style: solid !important;}&#8220; el_class=&#8220;azienda-card&#8220;][vc_column width=&#8220;1\/3&#8243;][vc_single_image image=&#8220;26064&#8243; img_size=&#8220;full&#8220;][\/vc_column][vc_column width=&#8220;1\/3&#8243;][vc_column_text animation_delay=&#8220;0&#8243;]\n<h4>Contact details<\/h4>\n<p>Ind\u00fastria de<br \/>\nSanfonas Ltda<br \/>\nRua Carlos Dreher Neto, 1980<br \/>\nRio Grande do Sul Pav 06<br \/>\n40012 BRASIL[\/vc_column_text][\/vc_column][vc_column width=&#8220;1\/3&#8243;][vc_column_text animation_delay=&#8220;0&#8243;]\n<h4>Services<\/h4>\n<p>Bellows<br \/>\nCover plate<br \/>\nHose guiding system<br \/>\nCentral hoop and other accessories for the articulated buses industry[\/vc_column_text][\/vc_column][\/vc_row][vc_row element_id=&#8220;383590&#8243; el_class=&#8220;product-cards&#8220; el_id=&#8220;sinergie-carousel&#8220;][vc_column]<h2 class=\"et-heading text-align-center tablet-text-align-inherit mobile-text-align-inherit animate-false no-animation-type\" id=\"et-heading-755838\" data-delay=\"0\" data-mobile-font=\"inherit\" data-mobile-line-height=\"inherit\" data-tablet-landscape-font=\"inherit\" data-tablet-portrait-font=\"inherit\" data-tablet-landscape-line-height=\"inherit\" data-tablet-portrait-line-height=\"inherit\" data-parallax=\"false\" data-move=\"false\" data-coordinatex=\"0\" data-coordinatey=\"0\" data-speed=\"10\"><span class=\"text-wrapper\"><span class=\"text\">SYNERGIES OF THE PEI \u2013 GROUP<\/span><\/span><\/h2><h5 class=\"et-heading text-align-center tablet-text-align-inherit mobile-text-align-inherit animate-false no-animation-type\" id=\"et-heading-962605\" data-delay=\"0\" data-mobile-font=\"inherit\" data-mobile-line-height=\"inherit\" data-tablet-landscape-font=\"inherit\" data-tablet-portrait-font=\"inherit\" data-tablet-landscape-line-height=\"inherit\" data-tablet-portrait-line-height=\"inherit\" data-parallax=\"false\" data-move=\"false\" data-coordinatex=\"0\" data-coordinatey=\"0\" data-speed=\"10\"><span class=\"text-wrapper\"><span class=\"text\">Innovation, quality, and constant commitment to keeping prices down are the seminal traits of the P.E.I. Group, among the leading providers of machine tool guard systems in Italy and Europe.<\/span><\/span><\/h5><div id=\"et-carousel-1\" class=\"et-carousel owl-carousel et-item-set effect-none navigation-only-dottes\" data-autoplay=\"false\" data-columns=\"3\" data-gap=\"24\"><div class=\"et-carousel-item et-item et-clearfix\">[vc_single_image image=&#8220;25039&#8243; img_size=&#8220;500&#215;500&#8243;][vc_column_text animation_delay=&#8220;0&#8243;]\n<h4>Dynamic protective covers<\/h4>\n<p>Machine tools[\/vc_column_text][vc_btn title=&#8220;Dal\u0161\u00ed informace&#8220; style=&#8220;custom&#8220; custom_background=&#8220;#e34529&#8243; custom_text=&#8220;#ffffff&#8220; shape=&#8220;round&#8220; size=&#8220;sm&#8220; link=&#8220;url:%2Fcs%2Ffirma%2F|title:Firma%20P.E.I.&#8220;]<\/div><div class=\"et-carousel-item et-item et-clearfix\">[vc_single_image image=&#8220;25015&#8243; img_size=&#8220;500&#215;500&#8243; alignment=&#8220;center&#8220;][vc_column_text animation_delay=&#8220;0&#8243;]\n<h4>Bus bellows<\/h4>\n<p>Automotive[\/vc_column_text][vc_btn title=&#8220;Dal\u0161\u00ed informace&#8220; style=&#8220;custom&#8220; custom_background=&#8220;#e34529&#8243; custom_text=&#8220;#ffffff&#8220; shape=&#8220;round&#8220; size=&#8220;sm&#8220; link=&#8220;url:%2Fcs%2Ffirma%2Fautomotive%2F|title:Automotive&#8220;]<\/div><div class=\"et-carousel-item et-item et-clearfix\">[vc_single_image image=&#8220;25023&#8243; img_size=&#8220;500&#215;500&#8243;][vc_column_text animation_delay=&#8220;0&#8243;]\n<h4>Vibration resonance testing<\/h4>\n<p>Engineering[\/vc_column_text][vc_btn title=&#8220;Dal\u0161\u00ed informace&#8220; style=&#8220;custom&#8220; custom_background=&#8220;#e34529&#8243; custom_text=&#8220;#ffffff&#8220; shape=&#8220;round&#8220; size=&#8220;sm&#8220; link=&#8220;url:%2Fcs%2Ffirma%2Fengineering%2F|title:Engineering&#8220;]<\/div><div class=\"et-carousel-item et-item et-clearfix\">[vc_single_image image=&#8220;25031&#8243; img_size=&#8220;500&#215;500&#8243;][vc_column_text animation_delay=&#8220;0&#8243;]\n<h4>Thin sheet metal working<\/h4>\n<p>Automation Technology[\/vc_column_text][vc_btn title=&#8220;Dal\u0161\u00ed informace&#8220; style=&#8220;custom&#8220; custom_background=&#8220;#e34529&#8243; custom_text=&#8220;#ffffff&#8220; shape=&#8220;round&#8220; size=&#8220;sm&#8220; link=&#8220;url:%2Fcs%2Ffirma%2Fthin-sheet-metal-working%2F|title:Metalworks&#8220;]<\/div><div class=\"et-carousel-item et-item et-clearfix\">[vc_single_image image=&#8220;25047&#8243; img_size=&#8220;500&#215;500&#8243;][vc_column_text animation_delay=&#8220;0&#8243;]\n<h4>Equipment<\/h4>\n<p>Medical and Food Technology[\/vc_column_text][vc_btn title=&#8220;Dal\u0161\u00ed informace&#8220; style=&#8220;custom&#8220; custom_background=&#8220;#e34529&#8243; custom_text=&#8220;#ffffff&#8220; shape=&#8220;round&#8220; size=&#8220;sm&#8220; link=&#8220;url:%2Fcs%2Ffirma%2Fequipment%2F|title:Equipment&#8220;]<\/div><\/div>[\/vc_column][\/vc_row][vc_row element_id=&#8220;99814&#8243; el_class=&#8220;full-width&#8220; css=&#8220;.vc_custom_1627910593718{background-image: url(\/wp-content\/uploads\/2021\/07\/Immagine1.png?id=24463) !important;background-position: center !important;background-repeat: no-repeat !important;background-size: cover !important;}&#8220;][vc_column animation_delay=&#8220;0&#8243; element_id=&#8220;483745&#8243; crp=&#8220;480:i:i,480-768:i:i,768-1024:i:i,1024-1280:i:i,1280-1366:i:i,1366-1600:i:i,1600-1920:i:i&#8220; css=&#8220;.vc_custom_1627909291476{padding-top: 600px !important;}&#8220;][\/vc_column][\/vc_row]\n<\/div>","protected":false},"excerpt":{"rendered":"<p>[vc_row][vc_column width=&#8220;1\/2&#8243;][vc_column_text animation_delay=&#8220;0&#8243;]PEI system for transport is the division of PEI dedicated to the design, production and sale of solutions dedicated to articulated vehicles. Its vast experience in the articulated bus sector, combined with the ability to customize the product, also make PEI solutions suitable for special projects such as trams, monorails and passenger connections [&hellip;]<\/p>\n","protected":false},"author":1,"featured_media":0,"parent":24495,"menu_order":0,"comment_status":"closed","ping_status":"closed","template":"page_limpresa.php","meta":{"_acf_changed":false,"footnotes":""},"class_list":["post-28110","page","type-page","status-publish","hentry"],"acf":[],"yoast_head":"<!-- This site is optimized with the Yoast SEO plugin v26.9 - https:\/\/yoast.com\/product\/yoast-seo-wordpress\/ -->\n<title>Automotive - PEI<\/title>\n<meta name=\"robots\" content=\"index, follow, max-snippet:-1, max-image-preview:large, max-video-preview:-1\" \/>\n<link rel=\"canonical\" href=\"https:\/\/www.pei.it\/cs\/firma\/automotive\/\" \/>\n<meta property=\"og:locale\" content=\"cs_CZ\" \/>\n<meta property=\"og:type\" content=\"article\" \/>\n<meta property=\"og:title\" content=\"Automotive - PEI\" \/>\n<meta property=\"og:description\" content=\"[vc_row][vc_column width=&#8220;1\/2&#8243;][vc_column_text animation_delay=&#8220;0&#8243;]PEI system for transport is the division of PEI dedicated to the design, production and sale of solutions dedicated to articulated vehicles. Its vast experience in the articulated bus sector, combined with the ability to customize the product, also make PEI solutions suitable for special projects such as trams, monorails and passenger connections [&hellip;]\" \/>\n<meta property=\"og:url\" content=\"https:\/\/www.pei.it\/cs\/firma\/automotive\/\" \/>\n<meta property=\"og:site_name\" content=\"PEI\" \/>\n<meta property=\"article:modified_time\" content=\"2021-09-09T14:00:39+00:00\" \/>\n<meta name=\"twitter:card\" content=\"summary_large_image\" \/>\n<meta name=\"twitter:label1\" content=\"Odhadovan\u00e1 doba \u010dten\u00ed\" \/>\n\t<meta name=\"twitter:data1\" content=\"2 minuty\" \/>\n<script type=\"application\/ld+json\" class=\"yoast-schema-graph\">{\"@context\":\"https:\/\/schema.org\",\"@graph\":[{\"@type\":\"WebPage\",\"@id\":\"https:\/\/www.pei.it\/cs\/firma\/automotive\/\",\"url\":\"https:\/\/www.pei.it\/cs\/firma\/automotive\/\",\"name\":\"Automotive - PEI\",\"isPartOf\":{\"@id\":\"https:\/\/www.pei.it\/cs\/#website\"},\"datePublished\":\"2021-09-07T14:13:16+00:00\",\"dateModified\":\"2021-09-09T14:00:39+00:00\",\"breadcrumb\":{\"@id\":\"https:\/\/www.pei.it\/cs\/firma\/automotive\/#breadcrumb\"},\"inLanguage\":\"cs\",\"potentialAction\":[{\"@type\":\"ReadAction\",\"target\":[\"https:\/\/www.pei.it\/cs\/firma\/automotive\/\"]}]},{\"@type\":\"BreadcrumbList\",\"@id\":\"https:\/\/www.pei.it\/cs\/firma\/automotive\/#breadcrumb\",\"itemListElement\":[{\"@type\":\"ListItem\",\"position\":1,\"name\":\"\u0413\u043b\u0430\u0432\u043d\u0430\u044f \u0441\u0442\u0440\u0430\u043d\u0438\u0446\u0430\",\"item\":\"https:\/\/www.pei.it\/cs\/\"},{\"@type\":\"ListItem\",\"position\":2,\"name\":\"Firma PEI\",\"item\":\"https:\/\/www.pei.it\/cs\/limpresa\/\"},{\"@type\":\"ListItem\",\"position\":3,\"name\":\"Automotive\"}]},{\"@type\":\"WebSite\",\"@id\":\"https:\/\/www.pei.it\/cs\/#website\",\"url\":\"https:\/\/www.pei.it\/cs\/\",\"name\":\"PEI\",\"description\":\"Protezioni per macchine utensili, avvolgibili, telescopiche\",\"potentialAction\":[{\"@type\":\"SearchAction\",\"target\":{\"@type\":\"EntryPoint\",\"urlTemplate\":\"https:\/\/www.pei.it\/cs\/?s={search_term_string}\"},\"query-input\":{\"@type\":\"PropertyValueSpecification\",\"valueRequired\":true,\"valueName\":\"search_term_string\"}}],\"inLanguage\":\"cs\"}]}<\/script>\n<!-- \/ Yoast SEO plugin. -->","yoast_head_json":{"title":"Automotive - PEI","robots":{"index":"index","follow":"follow","max-snippet":"max-snippet:-1","max-image-preview":"max-image-preview:large","max-video-preview":"max-video-preview:-1"},"canonical":"https:\/\/www.pei.it\/cs\/firma\/automotive\/","og_locale":"cs_CZ","og_type":"article","og_title":"Automotive - PEI","og_description":"[vc_row][vc_column width=&#8220;1\/2&#8243;][vc_column_text animation_delay=&#8220;0&#8243;]PEI system for transport is the division of PEI dedicated to the design, production and sale of solutions dedicated to articulated vehicles. Its vast experience in the articulated bus sector, combined with the ability to customize the product, also make PEI solutions suitable for special projects such as trams, monorails and passenger connections [&hellip;]","og_url":"https:\/\/www.pei.it\/cs\/firma\/automotive\/","og_site_name":"PEI","article_modified_time":"2021-09-09T14:00:39+00:00","twitter_card":"summary_large_image","twitter_misc":{"Odhadovan\u00e1 doba \u010dten\u00ed":"2 minuty"},"schema":{"@context":"https:\/\/schema.org","@graph":[{"@type":"WebPage","@id":"https:\/\/www.pei.it\/cs\/firma\/automotive\/","url":"https:\/\/www.pei.it\/cs\/firma\/automotive\/","name":"Automotive - PEI","isPartOf":{"@id":"https:\/\/www.pei.it\/cs\/#website"},"datePublished":"2021-09-07T14:13:16+00:00","dateModified":"2021-09-09T14:00:39+00:00","breadcrumb":{"@id":"https:\/\/www.pei.it\/cs\/firma\/automotive\/#breadcrumb"},"inLanguage":"cs","potentialAction":[{"@type":"ReadAction","target":["https:\/\/www.pei.it\/cs\/firma\/automotive\/"]}]},{"@type":"BreadcrumbList","@id":"https:\/\/www.pei.it\/cs\/firma\/automotive\/#breadcrumb","itemListElement":[{"@type":"ListItem","position":1,"name":"\u0413\u043b\u0430\u0432\u043d\u0430\u044f \u0441\u0442\u0440\u0430\u043d\u0438\u0446\u0430","item":"https:\/\/www.pei.it\/cs\/"},{"@type":"ListItem","position":2,"name":"Firma PEI","item":"https:\/\/www.pei.it\/cs\/limpresa\/"},{"@type":"ListItem","position":3,"name":"Automotive"}]},{"@type":"WebSite","@id":"https:\/\/www.pei.it\/cs\/#website","url":"https:\/\/www.pei.it\/cs\/","name":"PEI","description":"Protezioni per macchine utensili, avvolgibili, telescopiche","potentialAction":[{"@type":"SearchAction","target":{"@type":"EntryPoint","urlTemplate":"https:\/\/www.pei.it\/cs\/?s={search_term_string}"},"query-input":{"@type":"PropertyValueSpecification","valueRequired":true,"valueName":"search_term_string"}}],"inLanguage":"cs"}]}},"_links":{"self":[{"href":"https:\/\/www.pei.it\/cs\/wp-json\/wp\/v2\/pages\/28110","targetHints":{"allow":["GET"]}}],"collection":[{"href":"https:\/\/www.pei.it\/cs\/wp-json\/wp\/v2\/pages"}],"about":[{"href":"https:\/\/www.pei.it\/cs\/wp-json\/wp\/v2\/types\/page"}],"author":[{"embeddable":true,"href":"https:\/\/www.pei.it\/cs\/wp-json\/wp\/v2\/users\/1"}],"replies":[{"embeddable":true,"href":"https:\/\/www.pei.it\/cs\/wp-json\/wp\/v2\/comments?post=28110"}],"version-history":[{"count":0,"href":"https:\/\/www.pei.it\/cs\/wp-json\/wp\/v2\/pages\/28110\/revisions"}],"up":[{"embeddable":true,"href":"https:\/\/www.pei.it\/cs\/wp-json\/wp\/v2\/pages\/24495"}],"wp:attachment":[{"href":"https:\/\/www.pei.it\/cs\/wp-json\/wp\/v2\/media?parent=28110"}],"curies":[{"name":"wp","href":"https:\/\/api.w.org\/{rel}","templated":true}]}}