{"id":28130,"date":"2021-09-07T14:19:28","date_gmt":"2021-09-07T14:19:28","guid":{"rendered":"https:\/\/www.pei.it\/firma\/equipment\/"},"modified":"2021-09-08T13:15:40","modified_gmt":"2021-09-08T13:15:40","slug":"equipment","status":"publish","type":"page","link":"https:\/\/www.pei.it\/cs\/firma\/equipment\/","title":{"rendered":"Equipment"},"content":{"rendered":"<div class=\"wpb-content-wrapper\">[vc_row element_id=&#8220;320683&#8243;][vc_column width=&#8220;1\/2&#8243;][vc_column_text animation_delay=&#8220;0&#8243;]Nuova Metal offers light metalwork design and manufacturing services for small and medium batches, focusing on and with experience in the Food and Medical sectors.<\/p>\n<p>It offers on demand and co-design services suited to the needs of any customer, accompanying the realization from the design to the assembly and internal painting of the products made.[\/vc_column_text][\/vc_column][vc_column width=&#8220;1\/2&#8243;][vc_images_carousel images=&#8220;25726,25694,25686,25702,25710,25718&#8243; img_size=&#8220;full&#8220; onclick=&#8220;link_no&#8220; hide_prev_next_buttons=&#8220;yes&#8220;][\/vc_column][\/vc_row][vc_row element_id=&#8220;368496&#8243;][vc_column]<h2 class=\"et-heading text-align-left tablet-text-align-inherit mobile-text-align-inherit animate-false no-animation-type\" id=\"et-heading-982535\" data-delay=\"0\" data-mobile-font=\"inherit\" data-mobile-line-height=\"inherit\" data-tablet-landscape-font=\"inherit\" data-tablet-portrait-font=\"inherit\" data-tablet-landscape-line-height=\"inherit\" data-tablet-portrait-line-height=\"inherit\" data-parallax=\"false\" data-move=\"false\" data-coordinatex=\"0\" data-coordinatey=\"0\" data-speed=\"10\"><span class=\"text-wrapper\"><span class=\"text\">CERTIFICATIONS<\/span><\/span><\/h2>[vc_single_image image=&#8220;25741&#8243; onclick=&#8220;img_link_large&#8220;][\/vc_column][\/vc_row][vc_row element_id=&#8220;226179&#8243; css=&#8220;.vc_custom_1628084007368{border-top-width: 1px !important;border-right-width: 1px !important;border-bottom-width: 1px !important;border-left-width: 1px !important;padding-top: 50px !important;padding-right: 10px !important;padding-bottom: 50px !important;padding-left: 10px !important;border-left-color: #bfbfbf !important;border-left-style: solid !important;border-right-color: #bfbfbf !important;border-right-style: solid !important;border-top-color: #bfbfbf !important;border-top-style: solid !important;border-bottom-color: #bfbfbf !important;border-bottom-style: solid !important;}&#8220; el_class=&#8220;azienda-card&#8220;][vc_column width=&#8220;1\/3&#8243;][vc_single_image image=&#8220;26226&#8243; img_size=&#8220;full&#8220;][\/vc_column][vc_column width=&#8220;1\/3&#8243;][vc_column_text animation_delay=&#8220;0&#8243;]\n<h4>Contact details<\/h4>\n<p>Via dei Platani 1065<br \/>\n26034 Piadena Drizzona<br \/>\n(Cremona) Italy<\/p>\n<p>Tel.: 0375 38 01 93<br \/>\nFax: 0375 38 01 95<br \/>\nMail: <a href=\"mailto:info@nuovametal.com\">info@nuovametal.com<\/a>[\/vc_column_text][\/vc_column][vc_column width=&#8220;1\/3&#8243;][vc_column_text animation_delay=&#8220;0&#8243;]\n<h4>Services<\/h4>\n<p>Co-design and production of metal furniture.[\/vc_column_text][\/vc_column][\/vc_row][vc_row element_id=&#8220;383590&#8243; el_class=&#8220;product-cards&#8220; el_id=&#8220;sinergie-carousel&#8220;][vc_column]<h2 class=\"et-heading text-align-center tablet-text-align-inherit mobile-text-align-inherit animate-false no-animation-type\" id=\"et-heading-702816\" data-delay=\"0\" data-mobile-font=\"inherit\" data-mobile-line-height=\"inherit\" data-tablet-landscape-font=\"inherit\" data-tablet-portrait-font=\"inherit\" data-tablet-landscape-line-height=\"inherit\" data-tablet-portrait-line-height=\"inherit\" data-parallax=\"false\" data-move=\"false\" data-coordinatex=\"0\" data-coordinatey=\"0\" data-speed=\"10\"><span class=\"text-wrapper\"><span class=\"text\">SYNERGIES OF THE PEI \u2013 GROUP<\/span><\/span><\/h2><h5 class=\"et-heading text-align-center tablet-text-align-inherit mobile-text-align-inherit animate-false no-animation-type\" id=\"et-heading-516771\" data-delay=\"0\" data-mobile-font=\"inherit\" data-mobile-line-height=\"inherit\" data-tablet-landscape-font=\"inherit\" data-tablet-portrait-font=\"inherit\" data-tablet-landscape-line-height=\"inherit\" data-tablet-portrait-line-height=\"inherit\" data-parallax=\"false\" data-move=\"false\" data-coordinatex=\"0\" data-coordinatey=\"0\" data-speed=\"10\"><span class=\"text-wrapper\"><span class=\"text\">Innovation, quality, and constant commitment to keeping prices down are the seminal traits of the P.E.I. Group, among the leading providers of machine tool guard systems in Italy and Europe.<\/span><\/span><\/h5><div id=\"et-carousel-1\" class=\"et-carousel owl-carousel et-item-set effect-none navigation-only-dottes\" data-autoplay=\"false\" data-columns=\"3\" data-gap=\"24\"><div class=\"et-carousel-item et-item et-clearfix\">[vc_single_image image=&#8220;25039&#8243; img_size=&#8220;500&#215;500&#8243;][vc_column_text animation_delay=&#8220;0&#8243;]\n<h4>Dynamic protective covers<\/h4>\n<p>Machine tools[\/vc_column_text][vc_btn title=&#8220;Learn more&#8220; style=&#8220;custom&#8220; custom_background=&#8220;#e34529&#8243; custom_text=&#8220;#ffffff&#8220; shape=&#8220;round&#8220; size=&#8220;sm&#8220; link=&#8220;url:https%3A%2F%2Fwww.pei.it%2Fcs%2Ffirma%2F|&#8220;]<\/div><div class=\"et-carousel-item et-item et-clearfix\">[vc_single_image image=&#8220;25015&#8243; img_size=&#8220;500&#215;500&#8243; alignment=&#8220;center&#8220;][vc_column_text animation_delay=&#8220;0&#8243;]\n<h4>Bus bellows<\/h4>\n<p>Automotive[\/vc_column_text][vc_btn title=&#8220;Learn more&#8220; style=&#8220;custom&#8220; custom_background=&#8220;#e34529&#8243; custom_text=&#8220;#ffffff&#8220; shape=&#8220;round&#8220; size=&#8220;sm&#8220; link=&#8220;url:%2Fcs%2Ffirma%2Fautomotive%2F|title:Automotive&#8220;]<\/div><div class=\"et-carousel-item et-item et-clearfix\">[vc_single_image image=&#8220;25023&#8243; img_size=&#8220;500&#215;500&#8243;][vc_column_text animation_delay=&#8220;0&#8243;]\n<h4>Vibration resonance testing<\/h4>\n<p>Engineering[\/vc_column_text][vc_btn title=&#8220;Learn more&#8220; style=&#8220;custom&#8220; custom_background=&#8220;#e34529&#8243; custom_text=&#8220;#ffffff&#8220; shape=&#8220;round&#8220; size=&#8220;sm&#8220; link=&#8220;url:%2Fcs%2Ffirma%2Fengineering%2F|title:Engineering&#8220;]<\/div><div class=\"et-carousel-item et-item et-clearfix\">[vc_single_image image=&#8220;25031&#8243; img_size=&#8220;500&#215;500&#8243;][vc_column_text animation_delay=&#8220;0&#8243;]\n<h4>Thin sheet metal working<\/h4>\n<p>Automation Technology[\/vc_column_text][vc_btn title=&#8220;Learn more&#8220; style=&#8220;custom&#8220; custom_background=&#8220;#e34529&#8243; custom_text=&#8220;#ffffff&#8220; shape=&#8220;round&#8220; size=&#8220;sm&#8220; link=&#8220;url:%2Fcs%2Ffirma%2Fthin-sheet-metal-working%2F|title:Metalworks&#8220;]<\/div><div class=\"et-carousel-item et-item et-clearfix\">[vc_single_image image=&#8220;25047&#8243; img_size=&#8220;500&#215;500&#8243;][vc_column_text animation_delay=&#8220;0&#8243;]\n<h4>Equipment<\/h4>\n<p>Medical and Food Technology[\/vc_column_text]<\/div><\/div>[\/vc_column][\/vc_row][vc_row element_id=&#8220;94454&#8243; el_class=&#8220;full-width&#8220; css=&#8220;.vc_custom_1627910611498{background-image: url(\/wp-content\/uploads\/2021\/07\/Immagine1.png?id=24463) !important;background-position: center !important;background-repeat: no-repeat !important;background-size: cover !important;}&#8220;][vc_column animation_delay=&#8220;0&#8243; element_id=&#8220;483745&#8243; crp=&#8220;480:i:i,480-768:i:i,768-1024:i:i,1024-1280:i:i,1280-1366:i:i,1366-1600:i:i,1600-1920:i:i&#8220; css=&#8220;.vc_custom_1627909291476{padding-top: 600px !important;}&#8220;][\/vc_column][\/vc_row]\n<\/div>","protected":false},"excerpt":{"rendered":"<p>[vc_row element_id=&#8220;320683&#8243;][vc_column width=&#8220;1\/2&#8243;][vc_column_text animation_delay=&#8220;0&#8243;]Nuova Metal offers light metalwork design and manufacturing services for small and medium batches, focusing on and with experience in the Food and Medical sectors. It offers on demand and co-design services suited to the needs of any customer, accompanying the realization from the design to the assembly and internal painting of [&hellip;]<\/p>\n","protected":false},"author":1,"featured_media":0,"parent":24495,"menu_order":0,"comment_status":"closed","ping_status":"closed","template":"page_limpresa.php","meta":{"_acf_changed":false,"footnotes":""},"class_list":["post-28130","page","type-page","status-publish","hentry"],"acf":[],"yoast_head":"<!-- This site is optimized with the Yoast SEO plugin v26.9 - https:\/\/yoast.com\/product\/yoast-seo-wordpress\/ -->\n<title>Equipment - PEI<\/title>\n<meta name=\"robots\" content=\"index, follow, max-snippet:-1, max-image-preview:large, max-video-preview:-1\" \/>\n<link rel=\"canonical\" href=\"https:\/\/www.pei.it\/cs\/firma\/equipment\/\" \/>\n<meta property=\"og:locale\" content=\"cs_CZ\" \/>\n<meta property=\"og:type\" content=\"article\" \/>\n<meta property=\"og:title\" content=\"Equipment - PEI\" \/>\n<meta property=\"og:description\" content=\"[vc_row element_id=&#8220;320683&#8243;][vc_column width=&#8220;1\/2&#8243;][vc_column_text animation_delay=&#8220;0&#8243;]Nuova Metal offers light metalwork design and manufacturing services for small and medium batches, focusing on and with experience in the Food and Medical sectors. It offers on demand and co-design services suited to the needs of any customer, accompanying the realization from the design to the assembly and internal painting of [&hellip;]\" \/>\n<meta property=\"og:url\" content=\"https:\/\/www.pei.it\/cs\/firma\/equipment\/\" \/>\n<meta property=\"og:site_name\" content=\"PEI\" \/>\n<meta property=\"article:modified_time\" content=\"2021-09-08T13:15:40+00:00\" \/>\n<meta name=\"twitter:card\" content=\"summary_large_image\" \/>\n<meta name=\"twitter:label1\" content=\"Odhadovan\u00e1 doba \u010dten\u00ed\" \/>\n\t<meta name=\"twitter:data1\" content=\"2 minuty\" \/>\n<script type=\"application\/ld+json\" class=\"yoast-schema-graph\">{\"@context\":\"https:\/\/schema.org\",\"@graph\":[{\"@type\":\"WebPage\",\"@id\":\"https:\/\/www.pei.it\/cs\/firma\/equipment\/\",\"url\":\"https:\/\/www.pei.it\/cs\/firma\/equipment\/\",\"name\":\"Equipment - PEI\",\"isPartOf\":{\"@id\":\"https:\/\/www.pei.it\/cs\/#website\"},\"datePublished\":\"2021-09-07T14:19:28+00:00\",\"dateModified\":\"2021-09-08T13:15:40+00:00\",\"breadcrumb\":{\"@id\":\"https:\/\/www.pei.it\/cs\/firma\/equipment\/#breadcrumb\"},\"inLanguage\":\"cs\",\"potentialAction\":[{\"@type\":\"ReadAction\",\"target\":[\"https:\/\/www.pei.it\/cs\/firma\/equipment\/\"]}]},{\"@type\":\"BreadcrumbList\",\"@id\":\"https:\/\/www.pei.it\/cs\/firma\/equipment\/#breadcrumb\",\"itemListElement\":[{\"@type\":\"ListItem\",\"position\":1,\"name\":\"\u0413\u043b\u0430\u0432\u043d\u0430\u044f \u0441\u0442\u0440\u0430\u043d\u0438\u0446\u0430\",\"item\":\"https:\/\/www.pei.it\/cs\/\"},{\"@type\":\"ListItem\",\"position\":2,\"name\":\"Firma PEI\",\"item\":\"https:\/\/www.pei.it\/cs\/limpresa\/\"},{\"@type\":\"ListItem\",\"position\":3,\"name\":\"Equipment\"}]},{\"@type\":\"WebSite\",\"@id\":\"https:\/\/www.pei.it\/cs\/#website\",\"url\":\"https:\/\/www.pei.it\/cs\/\",\"name\":\"PEI\",\"description\":\"Protezioni per macchine utensili, avvolgibili, telescopiche\",\"potentialAction\":[{\"@type\":\"SearchAction\",\"target\":{\"@type\":\"EntryPoint\",\"urlTemplate\":\"https:\/\/www.pei.it\/cs\/?s={search_term_string}\"},\"query-input\":{\"@type\":\"PropertyValueSpecification\",\"valueRequired\":true,\"valueName\":\"search_term_string\"}}],\"inLanguage\":\"cs\"}]}<\/script>\n<!-- \/ Yoast SEO plugin. -->","yoast_head_json":{"title":"Equipment - PEI","robots":{"index":"index","follow":"follow","max-snippet":"max-snippet:-1","max-image-preview":"max-image-preview:large","max-video-preview":"max-video-preview:-1"},"canonical":"https:\/\/www.pei.it\/cs\/firma\/equipment\/","og_locale":"cs_CZ","og_type":"article","og_title":"Equipment - PEI","og_description":"[vc_row element_id=&#8220;320683&#8243;][vc_column width=&#8220;1\/2&#8243;][vc_column_text animation_delay=&#8220;0&#8243;]Nuova Metal offers light metalwork design and manufacturing services for small and medium batches, focusing on and with experience in the Food and Medical sectors. It offers on demand and co-design services suited to the needs of any customer, accompanying the realization from the design to the assembly and internal painting of [&hellip;]","og_url":"https:\/\/www.pei.it\/cs\/firma\/equipment\/","og_site_name":"PEI","article_modified_time":"2021-09-08T13:15:40+00:00","twitter_card":"summary_large_image","twitter_misc":{"Odhadovan\u00e1 doba \u010dten\u00ed":"2 minuty"},"schema":{"@context":"https:\/\/schema.org","@graph":[{"@type":"WebPage","@id":"https:\/\/www.pei.it\/cs\/firma\/equipment\/","url":"https:\/\/www.pei.it\/cs\/firma\/equipment\/","name":"Equipment - PEI","isPartOf":{"@id":"https:\/\/www.pei.it\/cs\/#website"},"datePublished":"2021-09-07T14:19:28+00:00","dateModified":"2021-09-08T13:15:40+00:00","breadcrumb":{"@id":"https:\/\/www.pei.it\/cs\/firma\/equipment\/#breadcrumb"},"inLanguage":"cs","potentialAction":[{"@type":"ReadAction","target":["https:\/\/www.pei.it\/cs\/firma\/equipment\/"]}]},{"@type":"BreadcrumbList","@id":"https:\/\/www.pei.it\/cs\/firma\/equipment\/#breadcrumb","itemListElement":[{"@type":"ListItem","position":1,"name":"\u0413\u043b\u0430\u0432\u043d\u0430\u044f \u0441\u0442\u0440\u0430\u043d\u0438\u0446\u0430","item":"https:\/\/www.pei.it\/cs\/"},{"@type":"ListItem","position":2,"name":"Firma PEI","item":"https:\/\/www.pei.it\/cs\/limpresa\/"},{"@type":"ListItem","position":3,"name":"Equipment"}]},{"@type":"WebSite","@id":"https:\/\/www.pei.it\/cs\/#website","url":"https:\/\/www.pei.it\/cs\/","name":"PEI","description":"Protezioni per macchine utensili, avvolgibili, telescopiche","potentialAction":[{"@type":"SearchAction","target":{"@type":"EntryPoint","urlTemplate":"https:\/\/www.pei.it\/cs\/?s={search_term_string}"},"query-input":{"@type":"PropertyValueSpecification","valueRequired":true,"valueName":"search_term_string"}}],"inLanguage":"cs"}]}},"_links":{"self":[{"href":"https:\/\/www.pei.it\/cs\/wp-json\/wp\/v2\/pages\/28130","targetHints":{"allow":["GET"]}}],"collection":[{"href":"https:\/\/www.pei.it\/cs\/wp-json\/wp\/v2\/pages"}],"about":[{"href":"https:\/\/www.pei.it\/cs\/wp-json\/wp\/v2\/types\/page"}],"author":[{"embeddable":true,"href":"https:\/\/www.pei.it\/cs\/wp-json\/wp\/v2\/users\/1"}],"replies":[{"embeddable":true,"href":"https:\/\/www.pei.it\/cs\/wp-json\/wp\/v2\/comments?post=28130"}],"version-history":[{"count":0,"href":"https:\/\/www.pei.it\/cs\/wp-json\/wp\/v2\/pages\/28130\/revisions"}],"up":[{"embeddable":true,"href":"https:\/\/www.pei.it\/cs\/wp-json\/wp\/v2\/pages\/24495"}],"wp:attachment":[{"href":"https:\/\/www.pei.it\/cs\/wp-json\/wp\/v2\/media?parent=28130"}],"curies":[{"name":"wp","href":"https:\/\/api.w.org\/{rel}","templated":true}]}}