{"id":42266,"date":"2022-02-07T15:01:28","date_gmt":"2022-02-07T15:01:28","guid":{"rendered":"https:\/\/www.pei.it\/soffietti-per-cieli\/"},"modified":"2026-01-23T16:19:06","modified_gmt":"2026-01-23T16:19:06","slug":"mechy-pro-stropy","status":"publish","type":"page","link":"https:\/\/www.pei.it\/cs\/mechy-pro-stropy\/","title":{"rendered":"KRYTOV\u00c1N\u00cd ST\u0158ECH OBR\u00c1B\u011aC\u00cdCH STROJ\u016e"},"content":{"rendered":"<div class=\"wpb-content-wrapper\">[vc_row element_id=&#8220;790331&#8243; el_class=&#8220;product-cards&#8220; el_id=&#8220;sinergie-carousel&#8220;][vc_column]<h2 class=\"et-heading text-align-center tablet-text-align-inherit mobile-text-align-inherit animate-false no-animation-type\" id=\"et-heading-53011\" data-delay=\"0\" data-mobile-font=\"inherit\" data-mobile-line-height=\"inherit\" data-tablet-landscape-font=\"inherit\" data-tablet-portrait-font=\"inherit\" data-tablet-landscape-line-height=\"inherit\" data-tablet-portrait-line-height=\"inherit\" data-parallax=\"false\" data-move=\"false\" data-coordinatex=\"0\" data-coordinatey=\"0\" data-speed=\"10\"><span class=\"text-wrapper\"><span class=\"text\">PRODUKTY<\/span><\/span><\/h2><div class=\"et-separator et-clearfix animate-false solid center horizontal et-separator-875676\" data-delay=\"\"><div class=\"line\"><\/div><\/div>[vc_row_inner element_id=&#8220;90508&#8243; el_class=&#8220;riga_smistamento&#8220;][vc_column_inner width=&#8220;1\/3&#8243;][vc_single_image image=&#8220;35241&#8243; img_size=&#8220;250&#215;250&#8243; alignment=&#8220;center&#8220; style=&#8220;vc_box_outline_circle&#8220;][vc_column_text animation_delay=&#8220;0&#8243;]\n<h4>Wave-Sky<\/h4>\n[\/vc_column_text][vc_btn title=&#8220;Dal\u0161\u00ed informace&#8220; style=&#8220;custom&#8220; custom_background=&#8220;#e34529&#8243; custom_text=&#8220;#ffffff&#8220; shape=&#8220;round&#8220; size=&#8220;sm&#8220; link=&#8220;url:%2Fcs%2Fprodukty%2Fochranne-mechy-pro-stropy-wave-sky%2F|title:Wave-Sky%20LIGHT&#8220;][\/vc_column_inner][vc_column_inner width=&#8220;1\/3&#8243;][vc_single_image image=&#8220;35233&#8243; img_size=&#8220;250&#215;250&#8243; alignment=&#8220;center&#8220; style=&#8220;vc_box_outline_circle&#8220;][vc_column_text animation_delay=&#8220;0&#8243;]\n<h4>Wave-Sky Light<\/h4>\n[\/vc_column_text][vc_btn title=&#8220;Dal\u0161\u00ed informace&#8220; style=&#8220;custom&#8220; custom_background=&#8220;#e34529&#8243; custom_text=&#8220;#ffffff&#8220; shape=&#8220;round&#8220; size=&#8220;sm&#8220; link=&#8220;url:%2Fcs%2Fprodukty%2Fochrana-stropu-obrabecich-stroju-s-mechem-wave-sky-light%2F|title:M%C4%9Bchy%20pro%20stropy%20Wave-Sky%20LIGHT&#8220;][\/vc_column_inner][vc_column_inner width=&#8220;1\/3&#8243;][vc_single_image image=&#8220;36205&#8243; img_size=&#8220;250&#215;250&#8243; alignment=&#8220;center&#8220; style=&#8220;vc_box_outline_circle&#8220;][vc_column_text animation_delay=&#8220;0&#8243;]\n<h4>Wave-Sky Heavy<\/h4>\n[\/vc_column_text][vc_btn title=&#8220;Dal\u0161\u00ed informace&#8220; style=&#8220;custom&#8220; custom_background=&#8220;#e34529&#8243; custom_text=&#8220;#ffffff&#8220; shape=&#8220;round&#8220; size=&#8220;sm&#8220; link=&#8220;url:%2Fcs%2Fprodukty%2Fochranne-mechy-s-pohonem-pro-stropy-wave-sky-heavy%2F|title:Wave-Sky%20HEAVY&#8220;][\/vc_column_inner][\/vc_row_inner][vc_row_inner element_id=&#8220;90508&#8243; el_class=&#8220;riga_smistamento&#8220;][vc_column_inner width=&#8220;1\/2&#8243;][vc_single_image image=&#8220;35217&#8243; img_size=&#8220;250&#215;250&#8243; alignment=&#8220;center&#8220; style=&#8220;vc_box_outline_circle&#8220;][vc_column_text animation_delay=&#8220;0&#8243;]\n<h4>Wave-Cover<\/h4>\n[\/vc_column_text][vc_btn title=&#8220;Dal\u0161\u00ed informace&#8220; style=&#8220;custom&#8220; custom_background=&#8220;#e34529&#8243; custom_text=&#8220;#ffffff&#8220; shape=&#8220;round&#8220; size=&#8220;sm&#8220; link=&#8220;url:%2Fcs%2Fprodukty%2Fochranne-mechy-pro-stropy-wave-cover%2F|title:M%C4%9Bchy%20pro%20stropy%20Wave-Cover&#8220;][\/vc_column_inner][vc_column_inner width=&#8220;1\/2&#8243;][vc_single_image image=&#8220;50841&#8243; img_size=&#8220;250&#215;250&#8243; alignment=&#8220;center&#8220; style=&#8220;vc_box_outline_circle&#8220;][vc_column_text animation_delay=&#8220;0&#8243;]\n<h4>Wave Sky Chemical<\/h4>\n[\/vc_column_text][vc_btn title=&#8220;Dal\u0161\u00ed informace&#8220; style=&#8220;custom&#8220; custom_background=&#8220;#e34529&#8243; custom_text=&#8220;#ffffff&#8220; shape=&#8220;round&#8220; size=&#8220;sm&#8220; link=&#8220;url:%2Fcs%2Fprodukty%2Fwave-sky-chemical-bellows-for-ceilings%2F|title:Wave%20Sky%20Chemical&#8220;][\/vc_column_inner][\/vc_row_inner]<div class=\"et-separator et-clearfix animate-false solid center horizontal et-separator-875676\" data-delay=\"\"><div class=\"line\"><\/div><\/div>[vc_column_text animation_delay=&#8220;0&#8243; el_class=&#8220;page_text&#8220;]P\u0159i pou\u017eit\u00ed m\u011bchu Wave Sky je omezen \u00fanik v\u00fdpar\u016f, prachu a t\u0159\u00edsek z oblasti obr\u00e1b\u011bn\u00ed.<br \/>\nSn\u00ed\u017e\u00ed se tak\u00e9 v\u00fdkon pro ods\u00e1v\u00e1n\u00ed v\u00fdpar\u016f p\u0159i obr\u00e1b\u011bn\u00ed uhl\u00edkov\u00fdch vl\u00e1ken.[\/vc_column_text]<div class=\"et-separator et-clearfix animate-false solid center horizontal et-separator-875676\" data-delay=\"\"><div class=\"line\"><\/div><\/div>[vc_row_inner element_id=&#8220;527631&#8243; el_class=&#8220;Cop_Tel_Row&#8220;][vc_column_inner el_class=&#8220;Cop_Tel_First_Col&#8220;]<h2 class=\"et-heading text-align-center tablet-text-align-inherit mobile-text-align-inherit animate-false no-animation-type\" id=\"et-heading-704769\" data-delay=\"0\" data-mobile-font=\"inherit\" data-mobile-line-height=\"inherit\" data-tablet-landscape-font=\"inherit\" data-tablet-portrait-font=\"inherit\" data-tablet-landscape-line-height=\"inherit\" data-tablet-portrait-line-height=\"inherit\" data-parallax=\"false\" data-move=\"false\" data-coordinatex=\"0\" data-coordinatey=\"0\" data-speed=\"10\"><span class=\"text-wrapper\"><span class=\"text\">Objevte ve\u0161kerou technickou dokumentaci k produkt\u016fm PEI.<\/span><\/span><\/h2>[vc_single_image image=&#8220;53676&#8243; img_size=&#8220;250&#215;250&#8243; alignment=&#8220;center&#8220; css=&#8220;.vc_custom_1769077239514{padding-bottom: 20px !important;}&#8220; el_class=&#8220;catalogo_smistamento&#8220;][vc_btn title=&#8220;Technick\u00e1 dokumentace&#8220; style=&#8220;custom&#8220; custom_background=&#8220;#e34529&#8243; custom_text=&#8220;#ffffff&#8220; shape=&#8220;round&#8220; size=&#8220;sm&#8220; align=&#8220;center&#8220; css=&#8220;.vc_custom_1769184912766{padding-bottom: 10px !important;}&#8220; link=&#8220;url:%2Fcs%2Fstazeni%2F|title:DOWNLOAD|target:_blank&#8220;]<div class=\"et-separator et-clearfix animate-false solid center horizontal et-separator-875676\" data-delay=\"\"><div class=\"line\"><\/div><\/div>[\/vc_column_inner][\/vc_row_inner][\/vc_column][\/vc_row]\n<\/div>","protected":false},"excerpt":{"rendered":"<p>[vc_row element_id=&#8220;790331&#8243; el_class=&#8220;product-cards&#8220; el_id=&#8220;sinergie-carousel&#8220;][vc_column][vc_row_inner element_id=&#8220;90508&#8243; el_class=&#8220;riga_smistamento&#8220;][vc_column_inner width=&#8220;1\/3&#8243;][vc_single_image image=&#8220;35241&#8243; img_size=&#8220;250&#215;250&#8243; alignment=&#8220;center&#8220; style=&#8220;vc_box_outline_circle&#8220;][vc_column_text animation_delay=&#8220;0&#8243;] Wave-Sky [\/vc_column_text][vc_btn title=&#8220;Dal\u0161\u00ed informace&#8220; style=&#8220;custom&#8220; custom_background=&#8220;#e34529&#8243; custom_text=&#8220;#ffffff&#8220; shape=&#8220;round&#8220; size=&#8220;sm&#8220; link=&#8220;url:%2Fcs%2Fprodukty%2Fochranne-mechy-pro-stropy-wave-sky%2F|title:Wave-Sky%20LIGHT&#8220;][\/vc_column_inner][vc_column_inner width=&#8220;1\/3&#8243;][vc_single_image image=&#8220;35233&#8243; img_size=&#8220;250&#215;250&#8243; alignment=&#8220;center&#8220; style=&#8220;vc_box_outline_circle&#8220;][vc_column_text animation_delay=&#8220;0&#8243;] Wave-Sky Light [\/vc_column_text][vc_btn title=&#8220;Dal\u0161\u00ed informace&#8220; style=&#8220;custom&#8220; custom_background=&#8220;#e34529&#8243; custom_text=&#8220;#ffffff&#8220; shape=&#8220;round&#8220; size=&#8220;sm&#8220; link=&#8220;url:%2Fcs%2Fprodukty%2Fochrana-stropu-obrabecich-stroju-s-mechem-wave-sky-light%2F|title:M%C4%9Bchy%20pro%20stropy%20Wave-Sky%20LIGHT&#8220;][\/vc_column_inner][vc_column_inner width=&#8220;1\/3&#8243;][vc_single_image image=&#8220;36205&#8243; img_size=&#8220;250&#215;250&#8243; alignment=&#8220;center&#8220; style=&#8220;vc_box_outline_circle&#8220;][vc_column_text animation_delay=&#8220;0&#8243;] Wave-Sky Heavy [\/vc_column_text][vc_btn title=&#8220;Dal\u0161\u00ed informace&#8220; style=&#8220;custom&#8220; custom_background=&#8220;#e34529&#8243; custom_text=&#8220;#ffffff&#8220; shape=&#8220;round&#8220; size=&#8220;sm&#8220; [&hellip;]<\/p>\n","protected":false},"author":1,"featured_media":0,"parent":0,"menu_order":0,"comment_status":"closed","ping_status":"closed","template":"page_limpresa.php","meta":{"_acf_changed":false,"footnotes":""},"class_list":["post-42266","page","type-page","status-publish","hentry"],"acf":[],"yoast_head":"<!-- This site is optimized with the Yoast SEO plugin v26.9 - https:\/\/yoast.com\/product\/yoast-seo-wordpress\/ -->\n<title>KRYTOV\u00c1N\u00cd ST\u0158ECH OBR\u00c1B\u011aC\u00cdCH STROJ\u016e - PEI<\/title>\n<meta name=\"robots\" content=\"index, follow, max-snippet:-1, max-image-preview:large, max-video-preview:-1\" \/>\n<link rel=\"canonical\" href=\"https:\/\/www.pei.it\/cs\/mechy-pro-stropy\/\" \/>\n<meta property=\"og:locale\" content=\"cs_CZ\" \/>\n<meta property=\"og:type\" content=\"article\" \/>\n<meta property=\"og:title\" content=\"KRYTOV\u00c1N\u00cd ST\u0158ECH OBR\u00c1B\u011aC\u00cdCH STROJ\u016e - PEI\" \/>\n<meta property=\"og:description\" content=\"[vc_row element_id=&#8220;790331&#8243; el_class=&#8220;product-cards&#8220; el_id=&#8220;sinergie-carousel&#8220;][vc_column][vc_row_inner element_id=&#8220;90508&#8243; el_class=&#8220;riga_smistamento&#8220;][vc_column_inner width=&#8220;1\/3&#8243;][vc_single_image image=&#8220;35241&#8243; img_size=&#8220;250&#215;250&#8243; alignment=&#8220;center&#8220; style=&#8220;vc_box_outline_circle&#8220;][vc_column_text animation_delay=&#8220;0&#8243;] Wave-Sky [\/vc_column_text][vc_btn title=&#8220;Dal\u0161\u00ed informace&#8220; style=&#8220;custom&#8220; custom_background=&#8220;#e34529&#8243; custom_text=&#8220;#ffffff&#8220; shape=&#8220;round&#8220; size=&#8220;sm&#8220; link=&#8220;url:%2Fcs%2Fprodukty%2Fochranne-mechy-pro-stropy-wave-sky%2F|title:Wave-Sky%20LIGHT&#8220;][\/vc_column_inner][vc_column_inner width=&#8220;1\/3&#8243;][vc_single_image image=&#8220;35233&#8243; img_size=&#8220;250&#215;250&#8243; alignment=&#8220;center&#8220; style=&#8220;vc_box_outline_circle&#8220;][vc_column_text animation_delay=&#8220;0&#8243;] Wave-Sky Light [\/vc_column_text][vc_btn title=&#8220;Dal\u0161\u00ed informace&#8220; style=&#8220;custom&#8220; custom_background=&#8220;#e34529&#8243; custom_text=&#8220;#ffffff&#8220; shape=&#8220;round&#8220; size=&#8220;sm&#8220; link=&#8220;url:%2Fcs%2Fprodukty%2Fochrana-stropu-obrabecich-stroju-s-mechem-wave-sky-light%2F|title:M%C4%9Bchy%20pro%20stropy%20Wave-Sky%20LIGHT&#8220;][\/vc_column_inner][vc_column_inner width=&#8220;1\/3&#8243;][vc_single_image image=&#8220;36205&#8243; img_size=&#8220;250&#215;250&#8243; alignment=&#8220;center&#8220; style=&#8220;vc_box_outline_circle&#8220;][vc_column_text animation_delay=&#8220;0&#8243;] Wave-Sky Heavy [\/vc_column_text][vc_btn title=&#8220;Dal\u0161\u00ed informace&#8220; style=&#8220;custom&#8220; custom_background=&#8220;#e34529&#8243; custom_text=&#8220;#ffffff&#8220; shape=&#8220;round&#8220; size=&#8220;sm&#8220; [&hellip;]\" \/>\n<meta property=\"og:url\" content=\"https:\/\/www.pei.it\/cs\/mechy-pro-stropy\/\" \/>\n<meta property=\"og:site_name\" content=\"PEI\" \/>\n<meta property=\"article:modified_time\" content=\"2026-01-23T16:19:06+00:00\" \/>\n<meta name=\"twitter:card\" content=\"summary_large_image\" \/>\n<meta name=\"twitter:label1\" content=\"Odhadovan\u00e1 doba \u010dten\u00ed\" \/>\n\t<meta name=\"twitter:data1\" content=\"1 minuta\" \/>\n<script type=\"application\/ld+json\" class=\"yoast-schema-graph\">{\"@context\":\"https:\/\/schema.org\",\"@graph\":[{\"@type\":\"WebPage\",\"@id\":\"https:\/\/www.pei.it\/cs\/mechy-pro-stropy\/\",\"url\":\"https:\/\/www.pei.it\/cs\/mechy-pro-stropy\/\",\"name\":\"KRYTOV\u00c1N\u00cd ST\u0158ECH OBR\u00c1B\u011aC\u00cdCH STROJ\u016e - PEI\",\"isPartOf\":{\"@id\":\"https:\/\/www.pei.it\/cs\/#website\"},\"datePublished\":\"2022-02-07T15:01:28+00:00\",\"dateModified\":\"2026-01-23T16:19:06+00:00\",\"breadcrumb\":{\"@id\":\"https:\/\/www.pei.it\/cs\/mechy-pro-stropy\/#breadcrumb\"},\"inLanguage\":\"cs\",\"potentialAction\":[{\"@type\":\"ReadAction\",\"target\":[\"https:\/\/www.pei.it\/cs\/mechy-pro-stropy\/\"]}]},{\"@type\":\"BreadcrumbList\",\"@id\":\"https:\/\/www.pei.it\/cs\/mechy-pro-stropy\/#breadcrumb\",\"itemListElement\":[{\"@type\":\"ListItem\",\"position\":1,\"name\":\"Home\",\"item\":\"https:\/\/www.pei.it\/cs\/\"},{\"@type\":\"ListItem\",\"position\":2,\"name\":\"KRYTOV\u00c1N\u00cd ST\u0158ECH OBR\u00c1B\u011aC\u00cdCH STROJ\u016e\"}]},{\"@type\":\"WebSite\",\"@id\":\"https:\/\/www.pei.it\/cs\/#website\",\"url\":\"https:\/\/www.pei.it\/cs\/\",\"name\":\"PEI\",\"description\":\"Protezioni per macchine utensili, avvolgibili, telescopiche\",\"potentialAction\":[{\"@type\":\"SearchAction\",\"target\":{\"@type\":\"EntryPoint\",\"urlTemplate\":\"https:\/\/www.pei.it\/cs\/?s={search_term_string}\"},\"query-input\":{\"@type\":\"PropertyValueSpecification\",\"valueRequired\":true,\"valueName\":\"search_term_string\"}}],\"inLanguage\":\"cs\"}]}<\/script>\n<!-- \/ Yoast SEO plugin. -->","yoast_head_json":{"title":"KRYTOV\u00c1N\u00cd ST\u0158ECH OBR\u00c1B\u011aC\u00cdCH STROJ\u016e - PEI","robots":{"index":"index","follow":"follow","max-snippet":"max-snippet:-1","max-image-preview":"max-image-preview:large","max-video-preview":"max-video-preview:-1"},"canonical":"https:\/\/www.pei.it\/cs\/mechy-pro-stropy\/","og_locale":"cs_CZ","og_type":"article","og_title":"KRYTOV\u00c1N\u00cd ST\u0158ECH OBR\u00c1B\u011aC\u00cdCH STROJ\u016e - PEI","og_description":"[vc_row element_id=&#8220;790331&#8243; el_class=&#8220;product-cards&#8220; el_id=&#8220;sinergie-carousel&#8220;][vc_column][vc_row_inner element_id=&#8220;90508&#8243; el_class=&#8220;riga_smistamento&#8220;][vc_column_inner width=&#8220;1\/3&#8243;][vc_single_image image=&#8220;35241&#8243; img_size=&#8220;250&#215;250&#8243; alignment=&#8220;center&#8220; style=&#8220;vc_box_outline_circle&#8220;][vc_column_text animation_delay=&#8220;0&#8243;] Wave-Sky [\/vc_column_text][vc_btn title=&#8220;Dal\u0161\u00ed informace&#8220; style=&#8220;custom&#8220; custom_background=&#8220;#e34529&#8243; custom_text=&#8220;#ffffff&#8220; shape=&#8220;round&#8220; size=&#8220;sm&#8220; link=&#8220;url:%2Fcs%2Fprodukty%2Fochranne-mechy-pro-stropy-wave-sky%2F|title:Wave-Sky%20LIGHT&#8220;][\/vc_column_inner][vc_column_inner width=&#8220;1\/3&#8243;][vc_single_image image=&#8220;35233&#8243; img_size=&#8220;250&#215;250&#8243; alignment=&#8220;center&#8220; style=&#8220;vc_box_outline_circle&#8220;][vc_column_text animation_delay=&#8220;0&#8243;] Wave-Sky Light [\/vc_column_text][vc_btn title=&#8220;Dal\u0161\u00ed informace&#8220; style=&#8220;custom&#8220; custom_background=&#8220;#e34529&#8243; custom_text=&#8220;#ffffff&#8220; shape=&#8220;round&#8220; size=&#8220;sm&#8220; link=&#8220;url:%2Fcs%2Fprodukty%2Fochrana-stropu-obrabecich-stroju-s-mechem-wave-sky-light%2F|title:M%C4%9Bchy%20pro%20stropy%20Wave-Sky%20LIGHT&#8220;][\/vc_column_inner][vc_column_inner width=&#8220;1\/3&#8243;][vc_single_image image=&#8220;36205&#8243; img_size=&#8220;250&#215;250&#8243; alignment=&#8220;center&#8220; style=&#8220;vc_box_outline_circle&#8220;][vc_column_text animation_delay=&#8220;0&#8243;] Wave-Sky Heavy [\/vc_column_text][vc_btn title=&#8220;Dal\u0161\u00ed informace&#8220; style=&#8220;custom&#8220; custom_background=&#8220;#e34529&#8243; custom_text=&#8220;#ffffff&#8220; shape=&#8220;round&#8220; size=&#8220;sm&#8220; [&hellip;]","og_url":"https:\/\/www.pei.it\/cs\/mechy-pro-stropy\/","og_site_name":"PEI","article_modified_time":"2026-01-23T16:19:06+00:00","twitter_card":"summary_large_image","twitter_misc":{"Odhadovan\u00e1 doba \u010dten\u00ed":"1 minuta"},"schema":{"@context":"https:\/\/schema.org","@graph":[{"@type":"WebPage","@id":"https:\/\/www.pei.it\/cs\/mechy-pro-stropy\/","url":"https:\/\/www.pei.it\/cs\/mechy-pro-stropy\/","name":"KRYTOV\u00c1N\u00cd ST\u0158ECH OBR\u00c1B\u011aC\u00cdCH STROJ\u016e - PEI","isPartOf":{"@id":"https:\/\/www.pei.it\/cs\/#website"},"datePublished":"2022-02-07T15:01:28+00:00","dateModified":"2026-01-23T16:19:06+00:00","breadcrumb":{"@id":"https:\/\/www.pei.it\/cs\/mechy-pro-stropy\/#breadcrumb"},"inLanguage":"cs","potentialAction":[{"@type":"ReadAction","target":["https:\/\/www.pei.it\/cs\/mechy-pro-stropy\/"]}]},{"@type":"BreadcrumbList","@id":"https:\/\/www.pei.it\/cs\/mechy-pro-stropy\/#breadcrumb","itemListElement":[{"@type":"ListItem","position":1,"name":"Home","item":"https:\/\/www.pei.it\/cs\/"},{"@type":"ListItem","position":2,"name":"KRYTOV\u00c1N\u00cd ST\u0158ECH OBR\u00c1B\u011aC\u00cdCH STROJ\u016e"}]},{"@type":"WebSite","@id":"https:\/\/www.pei.it\/cs\/#website","url":"https:\/\/www.pei.it\/cs\/","name":"PEI","description":"Protezioni per macchine utensili, avvolgibili, telescopiche","potentialAction":[{"@type":"SearchAction","target":{"@type":"EntryPoint","urlTemplate":"https:\/\/www.pei.it\/cs\/?s={search_term_string}"},"query-input":{"@type":"PropertyValueSpecification","valueRequired":true,"valueName":"search_term_string"}}],"inLanguage":"cs"}]}},"_links":{"self":[{"href":"https:\/\/www.pei.it\/cs\/wp-json\/wp\/v2\/pages\/42266","targetHints":{"allow":["GET"]}}],"collection":[{"href":"https:\/\/www.pei.it\/cs\/wp-json\/wp\/v2\/pages"}],"about":[{"href":"https:\/\/www.pei.it\/cs\/wp-json\/wp\/v2\/types\/page"}],"author":[{"embeddable":true,"href":"https:\/\/www.pei.it\/cs\/wp-json\/wp\/v2\/users\/1"}],"replies":[{"embeddable":true,"href":"https:\/\/www.pei.it\/cs\/wp-json\/wp\/v2\/comments?post=42266"}],"version-history":[{"count":2,"href":"https:\/\/www.pei.it\/cs\/wp-json\/wp\/v2\/pages\/42266\/revisions"}],"predecessor-version":[{"id":64112,"href":"https:\/\/www.pei.it\/cs\/wp-json\/wp\/v2\/pages\/42266\/revisions\/64112"}],"wp:attachment":[{"href":"https:\/\/www.pei.it\/cs\/wp-json\/wp\/v2\/media?parent=42266"}],"curies":[{"name":"wp","href":"https:\/\/api.w.org\/{rel}","templated":true}]}}