{"id":47287,"date":"2022-03-17T10:24:44","date_gmt":"2022-03-17T10:24:44","guid":{"rendered":"https:\/\/www.pei.it\/legal-notices\/"},"modified":"2026-01-29T15:08:11","modified_gmt":"2026-01-29T15:08:11","slug":"legal-notices","status":"publish","type":"page","link":"https:\/\/www.pei.it\/cs\/legal-notices\/","title":{"rendered":"Legal notices"},"content":{"rendered":"<div class=\"wpb-content-wrapper\">[vc_row][vc_column][vc_column_text animation_delay=&#8220;0&#8243; css=&#8220;&#8220;]\n<h2>Read the documents:<\/h2>\n<p><a href=\"\/wp-content\/uploads\/media\/sales-terms-en.pdf\" target=\"_blank\" rel=\"noopener\">General Sales Terms<\/a><\/p>\n<p><a href=\"https:\/\/www.pei.it\/cs\/privacy\/\" target=\"_blank\" rel=\"noopener\">Information on the processing of personal data<\/a><\/p>\n<p><a href=\"https:\/\/www.pei.it\/cs\/pei-informativa_estesa_videosorveglianza_10012022_inglese\/\" target=\"_blank\" rel=\"noopener\">Information on the processing of personal data for videosurveillance activities<\/a><\/p>\n<h2><\/h2>\n[\/vc_column_text][\/vc_column][\/vc_row]\n<\/div>","protected":false},"excerpt":{"rendered":"<p>[vc_row][vc_column][vc_column_text animation_delay=&#8220;0&#8243; css=&#8220;&#8220;] Read the documents: General Sales Terms Information on the processing of personal data Information on the processing of personal data for videosurveillance activities [\/vc_column_text][\/vc_column][\/vc_row]<\/p>\n","protected":false},"author":1,"featured_media":0,"parent":0,"menu_order":2,"comment_status":"closed","ping_status":"closed","template":"","meta":{"_acf_changed":false,"footnotes":""},"class_list":["post-47287","page","type-page","status-publish","hentry"],"acf":[],"yoast_head":"<!-- This site is optimized with the Yoast SEO plugin v26.9 - https:\/\/yoast.com\/product\/yoast-seo-wordpress\/ -->\n<title>Legal notices - PEI<\/title>\n<meta name=\"robots\" content=\"index, follow, max-snippet:-1, max-image-preview:large, max-video-preview:-1\" \/>\n<link rel=\"canonical\" href=\"https:\/\/www.pei.it\/cs\/legal-notices\/\" \/>\n<meta property=\"og:locale\" content=\"cs_CZ\" \/>\n<meta property=\"og:type\" content=\"article\" \/>\n<meta property=\"og:title\" content=\"Legal notices - PEI\" \/>\n<meta property=\"og:description\" content=\"[vc_row][vc_column][vc_column_text animation_delay=&#8220;0&#8243; css=&#8220;&#8220;] Read the documents: General Sales Terms Information on the processing of personal data Information on the processing of personal data for videosurveillance activities [\/vc_column_text][\/vc_column][\/vc_row]\" \/>\n<meta property=\"og:url\" content=\"https:\/\/www.pei.it\/cs\/legal-notices\/\" \/>\n<meta property=\"og:site_name\" content=\"PEI\" \/>\n<meta property=\"article:modified_time\" content=\"2026-01-29T15:08:11+00:00\" \/>\n<meta name=\"twitter:card\" content=\"summary_large_image\" \/>\n<meta name=\"twitter:label1\" content=\"Odhadovan\u00e1 doba \u010dten\u00ed\" \/>\n\t<meta name=\"twitter:data1\" content=\"1 minuta\" \/>\n<script type=\"application\/ld+json\" class=\"yoast-schema-graph\">{\"@context\":\"https:\/\/schema.org\",\"@graph\":[{\"@type\":\"WebPage\",\"@id\":\"https:\/\/www.pei.it\/cs\/legal-notices\/\",\"url\":\"https:\/\/www.pei.it\/cs\/legal-notices\/\",\"name\":\"Legal notices - PEI\",\"isPartOf\":{\"@id\":\"https:\/\/www.pei.it\/cs\/#website\"},\"datePublished\":\"2022-03-17T10:24:44+00:00\",\"dateModified\":\"2026-01-29T15:08:11+00:00\",\"breadcrumb\":{\"@id\":\"https:\/\/www.pei.it\/cs\/legal-notices\/#breadcrumb\"},\"inLanguage\":\"cs\",\"potentialAction\":[{\"@type\":\"ReadAction\",\"target\":[\"https:\/\/www.pei.it\/cs\/legal-notices\/\"]}]},{\"@type\":\"BreadcrumbList\",\"@id\":\"https:\/\/www.pei.it\/cs\/legal-notices\/#breadcrumb\",\"itemListElement\":[{\"@type\":\"ListItem\",\"position\":1,\"name\":\"Home\",\"item\":\"https:\/\/www.pei.it\/cs\/\"},{\"@type\":\"ListItem\",\"position\":2,\"name\":\"Legal notices\"}]},{\"@type\":\"WebSite\",\"@id\":\"https:\/\/www.pei.it\/cs\/#website\",\"url\":\"https:\/\/www.pei.it\/cs\/\",\"name\":\"PEI\",\"description\":\"Protezioni per macchine utensili, avvolgibili, telescopiche\",\"potentialAction\":[{\"@type\":\"SearchAction\",\"target\":{\"@type\":\"EntryPoint\",\"urlTemplate\":\"https:\/\/www.pei.it\/cs\/?s={search_term_string}\"},\"query-input\":{\"@type\":\"PropertyValueSpecification\",\"valueRequired\":true,\"valueName\":\"search_term_string\"}}],\"inLanguage\":\"cs\"}]}<\/script>\n<!-- \/ Yoast SEO plugin. -->","yoast_head_json":{"title":"Legal notices - PEI","robots":{"index":"index","follow":"follow","max-snippet":"max-snippet:-1","max-image-preview":"max-image-preview:large","max-video-preview":"max-video-preview:-1"},"canonical":"https:\/\/www.pei.it\/cs\/legal-notices\/","og_locale":"cs_CZ","og_type":"article","og_title":"Legal notices - PEI","og_description":"[vc_row][vc_column][vc_column_text animation_delay=&#8220;0&#8243; css=&#8220;&#8220;] Read the documents: General Sales Terms Information on the processing of personal data Information on the processing of personal data for videosurveillance activities [\/vc_column_text][\/vc_column][\/vc_row]","og_url":"https:\/\/www.pei.it\/cs\/legal-notices\/","og_site_name":"PEI","article_modified_time":"2026-01-29T15:08:11+00:00","twitter_card":"summary_large_image","twitter_misc":{"Odhadovan\u00e1 doba \u010dten\u00ed":"1 minuta"},"schema":{"@context":"https:\/\/schema.org","@graph":[{"@type":"WebPage","@id":"https:\/\/www.pei.it\/cs\/legal-notices\/","url":"https:\/\/www.pei.it\/cs\/legal-notices\/","name":"Legal notices - PEI","isPartOf":{"@id":"https:\/\/www.pei.it\/cs\/#website"},"datePublished":"2022-03-17T10:24:44+00:00","dateModified":"2026-01-29T15:08:11+00:00","breadcrumb":{"@id":"https:\/\/www.pei.it\/cs\/legal-notices\/#breadcrumb"},"inLanguage":"cs","potentialAction":[{"@type":"ReadAction","target":["https:\/\/www.pei.it\/cs\/legal-notices\/"]}]},{"@type":"BreadcrumbList","@id":"https:\/\/www.pei.it\/cs\/legal-notices\/#breadcrumb","itemListElement":[{"@type":"ListItem","position":1,"name":"Home","item":"https:\/\/www.pei.it\/cs\/"},{"@type":"ListItem","position":2,"name":"Legal notices"}]},{"@type":"WebSite","@id":"https:\/\/www.pei.it\/cs\/#website","url":"https:\/\/www.pei.it\/cs\/","name":"PEI","description":"Protezioni per macchine utensili, avvolgibili, telescopiche","potentialAction":[{"@type":"SearchAction","target":{"@type":"EntryPoint","urlTemplate":"https:\/\/www.pei.it\/cs\/?s={search_term_string}"},"query-input":{"@type":"PropertyValueSpecification","valueRequired":true,"valueName":"search_term_string"}}],"inLanguage":"cs"}]}},"_links":{"self":[{"href":"https:\/\/www.pei.it\/cs\/wp-json\/wp\/v2\/pages\/47287","targetHints":{"allow":["GET"]}}],"collection":[{"href":"https:\/\/www.pei.it\/cs\/wp-json\/wp\/v2\/pages"}],"about":[{"href":"https:\/\/www.pei.it\/cs\/wp-json\/wp\/v2\/types\/page"}],"author":[{"embeddable":true,"href":"https:\/\/www.pei.it\/cs\/wp-json\/wp\/v2\/users\/1"}],"replies":[{"embeddable":true,"href":"https:\/\/www.pei.it\/cs\/wp-json\/wp\/v2\/comments?post=47287"}],"version-history":[{"count":1,"href":"https:\/\/www.pei.it\/cs\/wp-json\/wp\/v2\/pages\/47287\/revisions"}],"predecessor-version":[{"id":64136,"href":"https:\/\/www.pei.it\/cs\/wp-json\/wp\/v2\/pages\/47287\/revisions\/64136"}],"wp:attachment":[{"href":"https:\/\/www.pei.it\/cs\/wp-json\/wp\/v2\/media?parent=47287"}],"curies":[{"name":"wp","href":"https:\/\/api.w.org\/{rel}","templated":true}]}}