{"id":48596,"date":"2022-06-17T15:38:31","date_gmt":"2022-06-17T15:38:31","guid":{"rendered":"https:\/\/www.pei.it\/roletove-ochrany\/"},"modified":"2026-01-23T16:17:09","modified_gmt":"2026-01-23T16:17:09","slug":"roletove-ochrany","status":"publish","type":"page","link":"https:\/\/www.pei.it\/cs\/roletove-ochrany\/","title":{"rendered":"ROLETOV\u00c9 KRYTY"},"content":{"rendered":"<div class=\"wpb-content-wrapper\">[vc_row gap=&#8220;48&#8243; element_id=&#8220;634863&#8243; el_id=&#8220;sinergie-carousel&#8220; el_class=&#8220;product-cards&#8220;][vc_column]<h2 class=\"et-heading text-align-center tablet-text-align-inherit mobile-text-align-inherit animate-false no-animation-type\" id=\"et-heading-506927\" data-delay=\"0\" data-mobile-font=\"inherit\" data-mobile-line-height=\"inherit\" data-tablet-landscape-font=\"inherit\" data-tablet-portrait-font=\"inherit\" data-tablet-landscape-line-height=\"inherit\" data-tablet-portrait-line-height=\"inherit\" data-parallax=\"false\" data-move=\"false\" data-coordinatex=\"0\" data-coordinatey=\"0\" data-speed=\"10\"><span class=\"text-wrapper\"><span class=\"text\">PRODUKTY<\/span><\/span><\/h2>[vc_row_inner element_id=&#8220;226650&#8243; el_class=&#8220;riga_smistamento&#8220;][vc_column_inner width=&#8220;1\/3&#8243;][vc_single_image image=&#8220;57866&#8243; img_size=&#8220;250&#215;250&#8243; alignment=&#8220;center&#8220; style=&#8220;vc_box_outline_circle&#8220;][vc_column_text animation_delay=&#8220;0&#8243;]\n<h4>Bez krytu<\/h4>\n[\/vc_column_text][vc_btn title=&#8220;dal\u0161\u00ed informace&#8220; style=&#8220;custom&#8220; custom_background=&#8220;#e34529&#8243; custom_text=&#8220;#ffffff&#8220; shape=&#8220;round&#8220; size=&#8220;sm&#8220; link=&#8220;url:%2Fcs%2Fprodukty%2Froletove-ochrany-bez-skrine%2F|title:Roletov%C3%A9%20ochrany%20se%20sk%C5%99%C3%ADn%C3%AD|&#8220;][\/vc_column_inner][vc_column_inner width=&#8220;1\/3&#8243;][vc_single_image image=&#8220;57848&#8243; img_size=&#8220;250&#215;250&#8243; alignment=&#8220;center&#8220; style=&#8220;vc_box_outline_circle&#8220;][vc_column_text animation_delay=&#8220;0&#8243;]\n<h4>S krytem<\/h4>\n[\/vc_column_text][vc_btn title=&#8220;dal\u0161\u00ed informace&#8220; style=&#8220;custom&#8220; custom_background=&#8220;#e34529&#8243; custom_text=&#8220;#ffffff&#8220; shape=&#8220;round&#8220; size=&#8220;sm&#8220; link=&#8220;url:%2Fcs%2Fprodukty%2Fochranne-rolety-s-krytem%2F|title:Rolety%20s%20krytem|&#8220;][\/vc_column_inner][vc_column_inner width=&#8220;1\/3&#8243;][vc_single_image image=&#8220;51177&#8243; img_size=&#8220;250&#215;250&#8243; alignment=&#8220;center&#8220; style=&#8220;vc_box_outline_circle&#8220;][vc_column_text animation_delay=&#8220;0&#8243;]\n<h4>Opravy a servis<\/h4>\n[\/vc_column_text][vc_btn title=&#8220;dal\u0161\u00ed informace&#8220; style=&#8220;custom&#8220; custom_background=&#8220;#e34529&#8243; custom_text=&#8220;#ffffff&#8220; shape=&#8220;round&#8220; size=&#8220;sm&#8220; link=&#8220;url:https%3A%2F%2Fwww.pei.it%2Fcs%2Fprodukty%2Froletove-ochrany-generalni-opravy%2F|title:Rolovac%C3%AD%20z%C3%A1st%C4%9Bny%20SP2R|&#8220;][\/vc_column_inner][\/vc_row_inner][vc_row_inner element_id=&#8220;226650&#8243; el_class=&#8220;riga_smistamento&#8220;][vc_column_inner width=&#8220;1\/3&#8243;][vc_single_image image=&#8220;37907&#8243; img_size=&#8220;250&#215;250&#8243; alignment=&#8220;center&#8220; style=&#8220;vc_box_outline_circle&#8220;][vc_column_text animation_delay=&#8220;0&#8243;]\n<h4>Pro konven\u010dn\u00ed soustruhy<\/h4>\n[\/vc_column_text][vc_btn title=&#8220;dal\u0161\u00ed informace&#8220; style=&#8220;custom&#8220; custom_background=&#8220;#e34529&#8243; custom_text=&#8220;#ffffff&#8220; shape=&#8220;round&#8220; size=&#8220;sm&#8220; link=&#8220;url:https%3A%2F%2Fwww.pei.it%2Fcs%2Fprodukty%2Froletove-kryty-pro-paralelni-soustruhy%2F|title:Roletove-kryty-pro-paralelni-soustruhy&#8220;][\/vc_column_inner][vc_column_inner width=&#8220;1\/3&#8243;][vc_single_image image=&#8220;34079&#8243; img_size=&#8220;250&#215;250&#8243; alignment=&#8220;center&#8220; style=&#8220;vc_box_outline_circle&#8220;][vc_column_text animation_delay=&#8220;0&#8243;]\n<h4>Rolovac\u00ed z\u00e1st\u011bny 4R<\/h4>\n[\/vc_column_text][vc_btn title=&#8220;dal\u0161\u00ed informace&#8220; style=&#8220;custom&#8220; custom_background=&#8220;#e34529&#8243; custom_text=&#8220;#ffffff&#8220; shape=&#8220;round&#8220; size=&#8220;sm&#8220; link=&#8220;url:https%3A%2F%2Fwww.pei.it%2Fcs%2Fprodukty%2Frolovaci-ochrany-rolovaci-zasteny-4r%2F|title:Rolovac%C3%AD%20z%C3%A1st%C4%9Bny%204R|&#8220;][\/vc_column_inner][vc_column_inner width=&#8220;1\/3&#8243;][vc_single_image image=&#8220;35631&#8243; img_size=&#8220;250&#215;250&#8243; alignment=&#8220;center&#8220; style=&#8220;vc_box_outline_circle&#8220;][vc_column_text animation_delay=&#8220;0&#8243;]\n<h4>Rolovac\u00ed z\u00e1st\u011bny SP2R<\/h4>\n[\/vc_column_text][vc_btn title=&#8220;dal\u0161\u00ed informace&#8220; style=&#8220;custom&#8220; custom_background=&#8220;#e34529&#8243; custom_text=&#8220;#ffffff&#8220; shape=&#8220;round&#8220; size=&#8220;sm&#8220; link=&#8220;url:%2Fcs%2Fprodukty%2Frolovaci-ochrany-rolovaci-zasteny-4rst%2F|title:Rolovac%C3%AD%20z%C3%A1st%C4%9Bny%20SP2R|&#8220;][\/vc_column_inner][\/vc_row_inner]<div class=\"et-separator et-clearfix animate-false solid center horizontal et-separator-875676\" data-delay=\"\"><div class=\"line\"><\/div><\/div><h2 class=\"et-heading text-align-center tablet-text-align-inherit mobile-text-align-inherit animate-false no-animation-type\" id=\"et-heading-921580\" data-delay=\"0\" data-mobile-font=\"inherit\" data-mobile-line-height=\"inherit\" data-tablet-landscape-font=\"inherit\" data-tablet-portrait-font=\"inherit\" data-tablet-landscape-line-height=\"inherit\" data-tablet-portrait-line-height=\"inherit\" data-parallax=\"false\" data-move=\"false\" data-coordinatex=\"0\" data-coordinatey=\"0\" data-speed=\"10\"><span class=\"text-wrapper\"><span class=\"text\">Stahovac\u00ed rolety<\/span><\/span><\/h2>[vc_row_inner element_id=&#8220;226650&#8243; el_class=&#8220;riga_smistamento&#8220;][vc_column_inner width=&#8220;1\/3&#8243;][vc_single_image image=&#8220;57875&#8243; img_size=&#8220;250&#215;250&#8243; alignment=&#8220;center&#8220; style=&#8220;vc_box_outline_circle&#8220;][vc_column_text animation_delay=&#8220;0&#8243;]\n<h4>Vertik\u00e1ln\u00ed<\/h4>\n[\/vc_column_text][vc_btn title=&#8220;dal\u0161\u00ed informace&#8220; style=&#8220;custom&#8220; custom_background=&#8220;#e34529&#8243; custom_text=&#8220;#ffffff&#8220; shape=&#8220;round&#8220; size=&#8220;sm&#8220; link=&#8220;url:%2Fcs%2Fprodukty%2Fvertikalni-rolety-s-pohonem%2F|title:Vertik%C3%A1ln%C3%AD%20rolety%20s%20pohonem|&#8220;][\/vc_column_inner][vc_column_inner width=&#8220;1\/3&#8243;][vc_single_image image=&#8220;33798&#8243; img_size=&#8220;250&#215;250&#8243; alignment=&#8220;center&#8220; style=&#8220;vc_box_outline_circle&#8220;][vc_column_text animation_delay=&#8220;0&#8243;]\n<h4>Pochoz\u00ed rolety<\/h4>\n[\/vc_column_text][vc_btn title=&#8220;dal\u0161\u00ed informace&#8220; style=&#8220;custom&#8220; custom_background=&#8220;#e34529&#8243; custom_text=&#8220;#ffffff&#8220; shape=&#8220;round&#8220; size=&#8220;sm&#8220; link=&#8220;url:%2Fcs%2Fprodukty%2Fpochuzne-rolety%2F|title:Poch%C5%AFzn%C3%A9%20rolety|&#8220;][\/vc_column_inner][vc_column_inner width=&#8220;1\/3&#8243;][vc_single_image image=&#8220;33840&#8243; img_size=&#8220;250&#215;250&#8243; alignment=&#8220;center&#8220; style=&#8220;vc_box_outline_circle&#8220;][vc_column_text animation_delay=&#8220;0&#8243;]\n<h4>Pochoz\u00ed pro dlouh\u00e9 dr\u00e1hy<\/h4>\n[\/vc_column_text][vc_btn title=&#8220;dal\u0161\u00ed informace&#8220; style=&#8220;custom&#8220; custom_background=&#8220;#e34529&#8243; custom_text=&#8220;#ffffff&#8220; shape=&#8220;round&#8220; size=&#8220;sm&#8220; link=&#8220;url:%2Fcs%2Fprodukty%2Fpochuzne-roletove-kryty-pro-dlouhe-drahy%2F|title:Poch%C5%AFzn%C3%A9%20rolety%20pro%20dlouh%C3%A9%20dr%C3%A1hy|&#8220;][\/vc_column_inner][\/vc_row_inner][vc_row_inner element_id=&#8220;226650&#8243; el_class=&#8220;riga_smistamento&#8220;][vc_column_inner width=&#8220;1\/3&#8243;][vc_single_image image=&#8220;33851&#8243; img_size=&#8220;250&#215;250&#8243; alignment=&#8220;center&#8220; style=&#8220;vc_box_outline_circle&#8220;][vc_column_text animation_delay=&#8220;0&#8243;]\n<h4>P\u0159edn\u00ed rolety<\/h4>\n[\/vc_column_text][vc_btn title=&#8220;dal\u0161\u00ed informace&#8220; style=&#8220;custom&#8220; custom_background=&#8220;#e34529&#8243; custom_text=&#8220;#ffffff&#8220; shape=&#8220;round&#8220; size=&#8220;sm&#8220; link=&#8220;url:%2Fcs%2Fprodukty%2Fpredni-ochranne-rolety%2F|title:P%C5%99edn%C3%AD%20rolety|&#8220;][\/vc_column_inner][vc_column_inner width=&#8220;1\/3&#8243;][vc_single_image image=&#8220;33877&#8243; img_size=&#8220;250&#215;250&#8243; alignment=&#8220;center&#8220; style=&#8220;vc_box_outline_circle&#8220;][vc_column_text animation_delay=&#8220;0&#8243;]\n<h4>Rolety pro dv\u011b osy<\/h4>\n[\/vc_column_text][vc_btn title=&#8220;dal\u0161\u00ed informace&#8220; style=&#8220;custom&#8220; custom_background=&#8220;#e34529&#8243; custom_text=&#8220;#ffffff&#8220; shape=&#8220;round&#8220; size=&#8220;sm&#8220; link=&#8220;url:%2Fcs%2Fprodukty%2Fochranne-rolety-vertikalni-horizontalni-2-osy%2F|title:Rolety%20pro%20dv%C4%9B%20osy|&#8220;][\/vc_column_inner][vc_column_inner width=&#8220;1\/3&#8243;][vc_single_image image=&#8220;33897&#8243; img_size=&#8220;250&#215;250&#8243; alignment=&#8220;center&#8220; style=&#8220;vc_box_outline_circle&#8220;][vc_column_text animation_delay=&#8220;0&#8243;]\n<h4>S pr\u016fzory<\/h4>\n[\/vc_column_text][vc_btn title=&#8220;dal\u0161\u00ed informace&#8220; style=&#8220;custom&#8220; custom_background=&#8220;#e34529&#8243; custom_text=&#8220;#ffffff&#8220; shape=&#8220;round&#8220; size=&#8220;sm&#8220; link=&#8220;url:%2Fcs%2Fprodukty%2Fochranne-rolety-s-pruzorem%2F|title:Rolety%20s%20pr%C5%AFzory|&#8220;][\/vc_column_inner][\/vc_row_inner][vc_row_inner element_id=&#8220;226650&#8243; el_class=&#8220;riga_smistamento&#8220;][vc_column_inner width=&#8220;1\/2&#8243;][vc_single_image image=&#8220;50183&#8243; img_size=&#8220;250&#215;250&#8243; alignment=&#8220;center&#8220; style=&#8220;vc_box_outline_circle&#8220;][vc_column_text animation_delay=&#8220;0&#8243;]\n<h4>Extrudovan\u00e9<\/h4>\n[\/vc_column_text][vc_btn title=&#8220;dal\u0161\u00ed informace&#8220; style=&#8220;custom&#8220; custom_background=&#8220;#e34529&#8243; custom_text=&#8220;#ffffff&#8220; shape=&#8220;round&#8220; size=&#8220;sm&#8220; link=&#8220;url:%2Fcs%2Fprodukty%2Fextrudovane-rolety-3%2F|title:Extrudovan%C3%A9%20rolety|&#8220;][\/vc_column_inner][vc_column_inner width=&#8220;1\/2&#8243;][vc_single_image image=&#8220;47411&#8243; img_size=&#8220;250&#215;250&#8243; alignment=&#8220;center&#8220; style=&#8220;vc_box_outline_circle&#8220;][vc_column_text animation_delay=&#8220;0&#8243;]\n<h4>Bezpe\u010dnostn\u00ed roletov\u00e9 z\u00e1st\u011bny<\/h4>\n[\/vc_column_text][vc_btn title=&#8220;dal\u0161\u00ed informace&#8220; style=&#8220;custom&#8220; custom_background=&#8220;#e34529&#8243; custom_text=&#8220;#ffffff&#8220; shape=&#8220;round&#8220; size=&#8220;sm&#8220; link=&#8220;url:https%3A%2F%2Fwww.pei.it%2Fcs%2Fprodukty%2Fbezpecnostni-roletove-prepazky%2F|title:Divisori%20avvolgibili%20di%20sicurezza|&#8220;][\/vc_column_inner][\/vc_row_inner][vc_column_text animation_delay=&#8220;0&#8243; el_class=&#8220;page_text&#8220;]Patentovan\u00fd syst\u00e9m roletov\u00fdch kryt\u016f PEI m\u00e1 nespo\u010det v\u00fdhod:<br \/>\nz\u00e1ruka 1 000 000 cykl\u016f &#8211; spolehlivost &#8211; velmi vysok\u00e1 rychlost posuvu &#8211; odolnost v\u016f\u010di n\u00edzk\u00fdm a vysok\u00fdm teplot\u00e1m &#8211; kompaktn\u00ed rozm\u011bry &#8211; snadn\u00e1 mont\u00e1\u017e &#8211; konstantn\u00ed napnut\u00ed[\/vc_column_text]<div class=\"et-separator et-clearfix animate-false solid center horizontal et-separator-875676\" data-delay=\"\"><div class=\"line\"><\/div><\/div>[vc_row_inner element_id=&#8220;527631&#8243; el_class=&#8220;Cop_Tel_Row&#8220;][vc_column_inner el_class=&#8220;Cop_Tel_First_Col&#8220;]<h2 class=\"et-heading text-align-center tablet-text-align-inherit mobile-text-align-inherit animate-false no-animation-type\" id=\"et-heading-704769\" data-delay=\"0\" data-mobile-font=\"inherit\" data-mobile-line-height=\"inherit\" data-tablet-landscape-font=\"inherit\" data-tablet-portrait-font=\"inherit\" data-tablet-landscape-line-height=\"inherit\" data-tablet-portrait-line-height=\"inherit\" data-parallax=\"false\" data-move=\"false\" data-coordinatex=\"0\" data-coordinatey=\"0\" data-speed=\"10\"><span class=\"text-wrapper\"><span class=\"text\">Objevte ve\u0161kerou technickou dokumentaci k produkt\u016fm PEI.<\/span><\/span><\/h2>[vc_single_image image=&#8220;53676&#8243; img_size=&#8220;250&#215;250&#8243; alignment=&#8220;center&#8220; css=&#8220;.vc_custom_1769077239514{padding-bottom: 20px !important;}&#8220; el_class=&#8220;catalogo_smistamento&#8220;][vc_btn title=&#8220;Technick\u00e1 dokumentace&#8220; style=&#8220;custom&#8220; custom_background=&#8220;#e34529&#8243; custom_text=&#8220;#ffffff&#8220; shape=&#8220;round&#8220; size=&#8220;sm&#8220; align=&#8220;center&#8220; css=&#8220;.vc_custom_1769184912766{padding-bottom: 10px !important;}&#8220; link=&#8220;url:%2Fcs%2Fstazeni%2F|title:DOWNLOAD|target:_blank&#8220;]<div class=\"et-separator et-clearfix animate-false solid center horizontal et-separator-875676\" data-delay=\"\"><div class=\"line\"><\/div><\/div>[\/vc_column_inner][\/vc_row_inner][\/vc_column][\/vc_row]\n<\/div>","protected":false},"excerpt":{"rendered":"<p>[vc_row gap=&#8220;48&#8243; element_id=&#8220;634863&#8243; el_id=&#8220;sinergie-carousel&#8220; el_class=&#8220;product-cards&#8220;][vc_column][vc_row_inner element_id=&#8220;226650&#8243; el_class=&#8220;riga_smistamento&#8220;][vc_column_inner width=&#8220;1\/3&#8243;][vc_single_image image=&#8220;57866&#8243; img_size=&#8220;250&#215;250&#8243; alignment=&#8220;center&#8220; style=&#8220;vc_box_outline_circle&#8220;][vc_column_text animation_delay=&#8220;0&#8243;] Bez krytu [\/vc_column_text][vc_btn title=&#8220;dal\u0161\u00ed informace&#8220; style=&#8220;custom&#8220; custom_background=&#8220;#e34529&#8243; custom_text=&#8220;#ffffff&#8220; shape=&#8220;round&#8220; size=&#8220;sm&#8220; link=&#8220;url:%2Fcs%2Fprodukty%2Froletove-ochrany-bez-skrine%2F|title:Roletov%C3%A9%20ochrany%20se%20sk%C5%99%C3%ADn%C3%AD|&#8220;][\/vc_column_inner][vc_column_inner width=&#8220;1\/3&#8243;][vc_single_image image=&#8220;57848&#8243; img_size=&#8220;250&#215;250&#8243; alignment=&#8220;center&#8220; style=&#8220;vc_box_outline_circle&#8220;][vc_column_text animation_delay=&#8220;0&#8243;] S krytem [\/vc_column_text][vc_btn title=&#8220;dal\u0161\u00ed informace&#8220; style=&#8220;custom&#8220; custom_background=&#8220;#e34529&#8243; custom_text=&#8220;#ffffff&#8220; shape=&#8220;round&#8220; size=&#8220;sm&#8220; link=&#8220;url:%2Fcs%2Fprodukty%2Fochranne-rolety-s-krytem%2F|title:Rolety%20s%20krytem|&#8220;][\/vc_column_inner][vc_column_inner width=&#8220;1\/3&#8243;][vc_single_image image=&#8220;51177&#8243; img_size=&#8220;250&#215;250&#8243; alignment=&#8220;center&#8220; style=&#8220;vc_box_outline_circle&#8220;][vc_column_text animation_delay=&#8220;0&#8243;] Opravy a servis [\/vc_column_text][vc_btn title=&#8220;dal\u0161\u00ed informace&#8220; style=&#8220;custom&#8220; custom_background=&#8220;#e34529&#8243; [&hellip;]<\/p>\n","protected":false},"author":1,"featured_media":0,"parent":0,"menu_order":0,"comment_status":"closed","ping_status":"closed","template":"page_limpresa.php","meta":{"_acf_changed":false,"footnotes":""},"class_list":["post-48596","page","type-page","status-publish","hentry"],"acf":[],"yoast_head":"<!-- This site is optimized with the Yoast SEO plugin v26.9 - https:\/\/yoast.com\/product\/yoast-seo-wordpress\/ -->\n<title>ROLETOV\u00c9 KRYTY pro obr\u00e1b\u011bc\u00ed stroje - PEI<\/title>\n<meta name=\"description\" content=\"Protezioni per macchine utensili avvolgibili garantite, resistenti ed affidabili: la soluzione garantita da PEI semplice da montare e poco ingombrante.\" \/>\n<meta name=\"robots\" content=\"index, follow, max-snippet:-1, max-image-preview:large, max-video-preview:-1\" \/>\n<link rel=\"canonical\" href=\"https:\/\/www.pei.it\/cs\/roletove-ochrany\/\" \/>\n<meta property=\"og:locale\" content=\"cs_CZ\" \/>\n<meta property=\"og:type\" content=\"article\" \/>\n<meta property=\"og:title\" content=\"ROLETOV\u00c9 KRYTY pro obr\u00e1b\u011bc\u00ed stroje - PEI\" \/>\n<meta property=\"og:description\" content=\"Protezioni per macchine utensili avvolgibili garantite, resistenti ed affidabili: la soluzione garantita da PEI semplice da montare e poco ingombrante.\" \/>\n<meta property=\"og:url\" content=\"https:\/\/www.pei.it\/cs\/roletove-ochrany\/\" \/>\n<meta property=\"og:site_name\" content=\"PEI\" \/>\n<meta property=\"article:modified_time\" content=\"2026-01-23T16:17:09+00:00\" \/>\n<meta name=\"twitter:card\" content=\"summary_large_image\" \/>\n<meta name=\"twitter:label1\" content=\"Odhadovan\u00e1 doba \u010dten\u00ed\" \/>\n\t<meta name=\"twitter:data1\" content=\"2 minuty\" \/>\n<script type=\"application\/ld+json\" class=\"yoast-schema-graph\">{\"@context\":\"https:\/\/schema.org\",\"@graph\":[{\"@type\":\"WebPage\",\"@id\":\"https:\/\/www.pei.it\/cs\/roletove-ochrany\/\",\"url\":\"https:\/\/www.pei.it\/cs\/roletove-ochrany\/\",\"name\":\"ROLETOV\u00c9 KRYTY pro obr\u00e1b\u011bc\u00ed stroje - PEI\",\"isPartOf\":{\"@id\":\"https:\/\/www.pei.it\/cs\/#website\"},\"datePublished\":\"2022-06-17T15:38:31+00:00\",\"dateModified\":\"2026-01-23T16:17:09+00:00\",\"description\":\"Protezioni per macchine utensili avvolgibili garantite, resistenti ed affidabili: la soluzione garantita da PEI semplice da montare e poco ingombrante.\",\"breadcrumb\":{\"@id\":\"https:\/\/www.pei.it\/cs\/roletove-ochrany\/#breadcrumb\"},\"inLanguage\":\"cs\",\"potentialAction\":[{\"@type\":\"ReadAction\",\"target\":[\"https:\/\/www.pei.it\/cs\/roletove-ochrany\/\"]}]},{\"@type\":\"BreadcrumbList\",\"@id\":\"https:\/\/www.pei.it\/cs\/roletove-ochrany\/#breadcrumb\",\"itemListElement\":[{\"@type\":\"ListItem\",\"position\":1,\"name\":\"Home\",\"item\":\"https:\/\/www.pei.it\/cs\/\"},{\"@type\":\"ListItem\",\"position\":2,\"name\":\"ROLETOV\u00c9 KRYTY\"}]},{\"@type\":\"WebSite\",\"@id\":\"https:\/\/www.pei.it\/cs\/#website\",\"url\":\"https:\/\/www.pei.it\/cs\/\",\"name\":\"PEI\",\"description\":\"Protezioni per macchine utensili, avvolgibili, telescopiche\",\"potentialAction\":[{\"@type\":\"SearchAction\",\"target\":{\"@type\":\"EntryPoint\",\"urlTemplate\":\"https:\/\/www.pei.it\/cs\/?s={search_term_string}\"},\"query-input\":{\"@type\":\"PropertyValueSpecification\",\"valueRequired\":true,\"valueName\":\"search_term_string\"}}],\"inLanguage\":\"cs\"}]}<\/script>\n<!-- \/ Yoast SEO plugin. -->","yoast_head_json":{"title":"ROLETOV\u00c9 KRYTY pro obr\u00e1b\u011bc\u00ed stroje - PEI","description":"Protezioni per macchine utensili avvolgibili garantite, resistenti ed affidabili: la soluzione garantita da PEI semplice da montare e poco ingombrante.","robots":{"index":"index","follow":"follow","max-snippet":"max-snippet:-1","max-image-preview":"max-image-preview:large","max-video-preview":"max-video-preview:-1"},"canonical":"https:\/\/www.pei.it\/cs\/roletove-ochrany\/","og_locale":"cs_CZ","og_type":"article","og_title":"ROLETOV\u00c9 KRYTY pro obr\u00e1b\u011bc\u00ed stroje - PEI","og_description":"Protezioni per macchine utensili avvolgibili garantite, resistenti ed affidabili: la soluzione garantita da PEI semplice da montare e poco ingombrante.","og_url":"https:\/\/www.pei.it\/cs\/roletove-ochrany\/","og_site_name":"PEI","article_modified_time":"2026-01-23T16:17:09+00:00","twitter_card":"summary_large_image","twitter_misc":{"Odhadovan\u00e1 doba \u010dten\u00ed":"2 minuty"},"schema":{"@context":"https:\/\/schema.org","@graph":[{"@type":"WebPage","@id":"https:\/\/www.pei.it\/cs\/roletove-ochrany\/","url":"https:\/\/www.pei.it\/cs\/roletove-ochrany\/","name":"ROLETOV\u00c9 KRYTY pro obr\u00e1b\u011bc\u00ed stroje - PEI","isPartOf":{"@id":"https:\/\/www.pei.it\/cs\/#website"},"datePublished":"2022-06-17T15:38:31+00:00","dateModified":"2026-01-23T16:17:09+00:00","description":"Protezioni per macchine utensili avvolgibili garantite, resistenti ed affidabili: la soluzione garantita da PEI semplice da montare e poco ingombrante.","breadcrumb":{"@id":"https:\/\/www.pei.it\/cs\/roletove-ochrany\/#breadcrumb"},"inLanguage":"cs","potentialAction":[{"@type":"ReadAction","target":["https:\/\/www.pei.it\/cs\/roletove-ochrany\/"]}]},{"@type":"BreadcrumbList","@id":"https:\/\/www.pei.it\/cs\/roletove-ochrany\/#breadcrumb","itemListElement":[{"@type":"ListItem","position":1,"name":"Home","item":"https:\/\/www.pei.it\/cs\/"},{"@type":"ListItem","position":2,"name":"ROLETOV\u00c9 KRYTY"}]},{"@type":"WebSite","@id":"https:\/\/www.pei.it\/cs\/#website","url":"https:\/\/www.pei.it\/cs\/","name":"PEI","description":"Protezioni per macchine utensili, avvolgibili, telescopiche","potentialAction":[{"@type":"SearchAction","target":{"@type":"EntryPoint","urlTemplate":"https:\/\/www.pei.it\/cs\/?s={search_term_string}"},"query-input":{"@type":"PropertyValueSpecification","valueRequired":true,"valueName":"search_term_string"}}],"inLanguage":"cs"}]}},"_links":{"self":[{"href":"https:\/\/www.pei.it\/cs\/wp-json\/wp\/v2\/pages\/48596","targetHints":{"allow":["GET"]}}],"collection":[{"href":"https:\/\/www.pei.it\/cs\/wp-json\/wp\/v2\/pages"}],"about":[{"href":"https:\/\/www.pei.it\/cs\/wp-json\/wp\/v2\/types\/page"}],"author":[{"embeddable":true,"href":"https:\/\/www.pei.it\/cs\/wp-json\/wp\/v2\/users\/1"}],"replies":[{"embeddable":true,"href":"https:\/\/www.pei.it\/cs\/wp-json\/wp\/v2\/comments?post=48596"}],"version-history":[{"count":2,"href":"https:\/\/www.pei.it\/cs\/wp-json\/wp\/v2\/pages\/48596\/revisions"}],"predecessor-version":[{"id":64109,"href":"https:\/\/www.pei.it\/cs\/wp-json\/wp\/v2\/pages\/48596\/revisions\/64109"}],"wp:attachment":[{"href":"https:\/\/www.pei.it\/cs\/wp-json\/wp\/v2\/media?parent=48596"}],"curies":[{"name":"wp","href":"https:\/\/api.w.org\/{rel}","templated":true}]}}