{"id":48604,"date":"2022-06-20T08:13:59","date_gmt":"2022-06-20T08:13:59","guid":{"rendered":"https:\/\/www.pei.it\/sterac-a-kartace\/"},"modified":"2026-01-23T16:16:27","modified_gmt":"2026-01-23T16:16:27","slug":"sterac-a-kartace","status":"publish","type":"page","link":"https:\/\/www.pei.it\/cs\/sterac-a-kartace\/","title":{"rendered":"ST\u011aRA\u010cE A KART\u00c1\u010cE"},"content":{"rendered":"<div class=\"wpb-content-wrapper\">[vc_row element_id=&#8220;790331&#8243; el_class=&#8220;product-cards&#8220; el_id=&#8220;sinergie-carousel&#8220;][vc_column]<h2 class=\"et-heading text-align-center tablet-text-align-inherit mobile-text-align-inherit animate-false no-animation-type\" id=\"et-heading-207698\" data-delay=\"0\" data-mobile-font=\"inherit\" data-mobile-line-height=\"inherit\" data-tablet-landscape-font=\"inherit\" data-tablet-portrait-font=\"inherit\" data-tablet-landscape-line-height=\"inherit\" data-tablet-portrait-line-height=\"inherit\" data-parallax=\"false\" data-move=\"false\" data-coordinatex=\"0\" data-coordinatey=\"0\" data-speed=\"10\"><span class=\"text-wrapper\"><span class=\"text\">PRODUKTY<\/span><\/span><\/h2><div class=\"et-separator et-clearfix animate-false solid center horizontal et-separator-875676\" data-delay=\"\"><div class=\"line\"><\/div><\/div>[vc_row_inner element_id=&#8220;580025&#8243; el_class=&#8220;riga_smistamento&#8220;][vc_column_inner width=&#8220;1\/3&#8243;][vc_single_image image=&#8220;34714&#8243; img_size=&#8220;250&#215;250&#8243; alignment=&#8220;center&#8220; style=&#8220;vc_box_outline_circle&#8220;][vc_column_text animation_delay=&#8220;0&#8243;]\n<h4>Profilovan\u00e9 st\u011bra\u010de<\/h4>\n[\/vc_column_text][vc_btn title=&#8220;dal\u0161\u00ed informace&#8220; style=&#8220;custom&#8220; custom_background=&#8220;#e34529&#8243; custom_text=&#8220;#ffffff&#8220; shape=&#8220;round&#8220; size=&#8220;sm&#8220; link=&#8220;url:%2Fcs%2Fprodukty%2Fshaped-oil-scrapers%2F|title:Tvarovan%C3%A9%20st%C4%9Bra%C4%8De|&#8220;][\/vc_column_inner][vc_column_inner width=&#8220;1\/3&#8243;][vc_single_image image=&#8220;34706&#8243; img_size=&#8220;250&#215;250&#8243; alignment=&#8220;center&#8220; style=&#8220;vc_box_outline_circle&#8220;][vc_column_text animation_delay=&#8220;0&#8243;]\n<h4>St\u011bra\u010de pro line\u00e1rn\u00ed veden\u00ed<\/h4>\n[\/vc_column_text][vc_btn title=&#8220;dal\u0161\u00ed informace&#8220; style=&#8220;custom&#8220; custom_background=&#8220;#e34529&#8243; custom_text=&#8220;#ffffff&#8220; shape=&#8220;round&#8220; size=&#8220;sm&#8220; link=&#8220;url:https%3A%2F%2Fwww.pei.it%2Fcs%2Fprodukty%2Flinearni-sterace-a-kartace%2F|title:Line%C3%A1rn%C3%AD%20st%C4%9Bra%C4%8De|&#8220;][\/vc_column_inner][vc_column_inner width=&#8220;1\/3&#8243;][vc_single_image image=&#8220;34722&#8243; img_size=&#8220;250&#215;250&#8243; alignment=&#8220;center&#8220; style=&#8220;vc_box_outline_circle&#8220;][vc_column_text animation_delay=&#8220;0&#8243;]\n<h4>Kart\u00e1\u010de s upev\u0148ovac\u00edm r\u00e1mem<\/h4>\n[\/vc_column_text][vc_btn title=&#8220;dal\u0161\u00ed informace&#8220; style=&#8220;custom&#8220; custom_background=&#8220;#e34529&#8243; custom_text=&#8220;#ffffff&#8220; shape=&#8220;round&#8220; size=&#8220;sm&#8220; link=&#8220;url:%2Fcs%2Fprodukty%2Fsterac-a-kartace-kartace-s-podpurnym-voditkem%2F|title:Kart%C3%A1%C4%8De%20s%20podp%C5%AFrn%C3%BDm%20vod%C3%ADtkem|&#8220;][\/vc_column_inner][\/vc_row_inner]<div class=\"et-separator et-clearfix animate-false solid center horizontal et-separator-875676\" data-delay=\"\"><div class=\"line\"><\/div><\/div>[vc_column_text animation_delay=&#8220;0&#8243; el_class=&#8220;page_text&#8220;]St\u011bra\u010de PEI maj\u00ed tyto vlastnosti:<br \/>\n* jsou vhodn\u00e9 pro pracovn\u00ed prost\u0159ed\u00ed se siln\u00fdm v\u00fdskytem ostr\u00fdch t\u0159\u00edsek<br \/>\n* jsou vyrobeny podle n\u00e1vrhu s jak\u00fdmkoli rozm\u011brem a geometri\u00ed<br \/>\n* mohou b\u00fdt vyrobeny od jednotliv\u00fdch kus\u016f a\u017e po velk\u00e9 s\u00e9rie, proto\u017ee nejsou \u017e\u00e1dn\u00e9 n\u00e1klady na n\u00e1stroje \/ formy<br \/>\n* polyuretanov\u00e1 li\u0161ta je odoln\u00e1 proti od\u011bru a snadno vym\u011bniteln\u00e1[\/vc_column_text]<div class=\"et-separator et-clearfix animate-false solid center horizontal et-separator-875676\" data-delay=\"\"><div class=\"line\"><\/div><\/div>[vc_row_inner element_id=&#8220;527631&#8243; el_class=&#8220;Cop_Tel_Row&#8220;][vc_column_inner el_class=&#8220;Cop_Tel_First_Col&#8220;]<h2 class=\"et-heading text-align-center tablet-text-align-inherit mobile-text-align-inherit animate-false no-animation-type\" id=\"et-heading-704769\" data-delay=\"0\" data-mobile-font=\"inherit\" data-mobile-line-height=\"inherit\" data-tablet-landscape-font=\"inherit\" data-tablet-portrait-font=\"inherit\" data-tablet-landscape-line-height=\"inherit\" data-tablet-portrait-line-height=\"inherit\" data-parallax=\"false\" data-move=\"false\" data-coordinatex=\"0\" data-coordinatey=\"0\" data-speed=\"10\"><span class=\"text-wrapper\"><span class=\"text\">Objevte ve\u0161kerou technickou dokumentaci k produkt\u016fm PEI.<\/span><\/span><\/h2>[vc_single_image image=&#8220;53676&#8243; img_size=&#8220;250&#215;250&#8243; alignment=&#8220;center&#8220; css=&#8220;.vc_custom_1769077239514{padding-bottom: 20px !important;}&#8220; el_class=&#8220;catalogo_smistamento&#8220;][vc_btn title=&#8220;Technick\u00e1 dokumentace&#8220; style=&#8220;custom&#8220; custom_background=&#8220;#e34529&#8243; custom_text=&#8220;#ffffff&#8220; shape=&#8220;round&#8220; size=&#8220;sm&#8220; align=&#8220;center&#8220; css=&#8220;.vc_custom_1769184912766{padding-bottom: 10px !important;}&#8220; link=&#8220;url:%2Fcs%2Fstazeni%2F|title:DOWNLOAD|target:_blank&#8220;]<div class=\"et-separator et-clearfix animate-false solid center horizontal et-separator-875676\" data-delay=\"\"><div class=\"line\"><\/div><\/div>[\/vc_column_inner][\/vc_row_inner][\/vc_column][\/vc_row]\n<\/div>","protected":false},"excerpt":{"rendered":"<p>[vc_row element_id=&#8220;790331&#8243; el_class=&#8220;product-cards&#8220; el_id=&#8220;sinergie-carousel&#8220;][vc_column][vc_row_inner element_id=&#8220;580025&#8243; el_class=&#8220;riga_smistamento&#8220;][vc_column_inner width=&#8220;1\/3&#8243;][vc_single_image image=&#8220;34714&#8243; img_size=&#8220;250&#215;250&#8243; alignment=&#8220;center&#8220; style=&#8220;vc_box_outline_circle&#8220;][vc_column_text animation_delay=&#8220;0&#8243;] Profilovan\u00e9 st\u011bra\u010de [\/vc_column_text][vc_btn title=&#8220;dal\u0161\u00ed informace&#8220; style=&#8220;custom&#8220; custom_background=&#8220;#e34529&#8243; custom_text=&#8220;#ffffff&#8220; shape=&#8220;round&#8220; size=&#8220;sm&#8220; link=&#8220;url:%2Fcs%2Fprodukty%2Fshaped-oil-scrapers%2F|title:Tvarovan%C3%A9%20st%C4%9Bra%C4%8De|&#8220;][\/vc_column_inner][vc_column_inner width=&#8220;1\/3&#8243;][vc_single_image image=&#8220;34706&#8243; img_size=&#8220;250&#215;250&#8243; alignment=&#8220;center&#8220; style=&#8220;vc_box_outline_circle&#8220;][vc_column_text animation_delay=&#8220;0&#8243;] St\u011bra\u010de pro line\u00e1rn\u00ed veden\u00ed [\/vc_column_text][vc_btn title=&#8220;dal\u0161\u00ed informace&#8220; style=&#8220;custom&#8220; custom_background=&#8220;#e34529&#8243; custom_text=&#8220;#ffffff&#8220; shape=&#8220;round&#8220; size=&#8220;sm&#8220; link=&#8220;url:https%3A%2F%2Fwww.pei.it%2Fcs%2Fprodukty%2Flinearni-sterace-a-kartace%2F|title:Line%C3%A1rn%C3%AD%20st%C4%9Bra%C4%8De|&#8220;][\/vc_column_inner][vc_column_inner width=&#8220;1\/3&#8243;][vc_single_image image=&#8220;34722&#8243; img_size=&#8220;250&#215;250&#8243; alignment=&#8220;center&#8220; style=&#8220;vc_box_outline_circle&#8220;][vc_column_text animation_delay=&#8220;0&#8243;] Kart\u00e1\u010de s upev\u0148ovac\u00edm r\u00e1mem [\/vc_column_text][vc_btn title=&#8220;dal\u0161\u00ed informace&#8220; [&hellip;]<\/p>\n","protected":false},"author":1,"featured_media":0,"parent":0,"menu_order":0,"comment_status":"closed","ping_status":"closed","template":"page_limpresa.php","meta":{"_acf_changed":false,"footnotes":""},"class_list":["post-48604","page","type-page","status-publish","hentry"],"acf":[],"yoast_head":"<!-- This site is optimized with the Yoast SEO plugin v26.9 - https:\/\/yoast.com\/product\/yoast-seo-wordpress\/ -->\n<title>ST\u011aRA\u010cE A KART\u00c1\u010cE pro obr\u00e1b\u011bc\u00ed stroje - PEI<\/title>\n<meta name=\"description\" content=\"Visita il sito di PEI e scopri quali sono le caratteristiche dei raschiaolio e le spazzole prodotti per garantire efficienza e resistenza alle abrasioni.\" \/>\n<meta name=\"robots\" content=\"index, follow, max-snippet:-1, max-image-preview:large, max-video-preview:-1\" \/>\n<link rel=\"canonical\" href=\"https:\/\/www.pei.it\/cs\/sterac-a-kartace\/\" \/>\n<meta property=\"og:locale\" content=\"cs_CZ\" \/>\n<meta property=\"og:type\" content=\"article\" \/>\n<meta property=\"og:title\" content=\"ST\u011aRA\u010cE A KART\u00c1\u010cE pro obr\u00e1b\u011bc\u00ed stroje - PEI\" \/>\n<meta property=\"og:description\" content=\"Visita il sito di PEI e scopri quali sono le caratteristiche dei raschiaolio e le spazzole prodotti per garantire efficienza e resistenza alle abrasioni.\" \/>\n<meta property=\"og:url\" content=\"https:\/\/www.pei.it\/cs\/sterac-a-kartace\/\" \/>\n<meta property=\"og:site_name\" content=\"PEI\" \/>\n<meta property=\"article:modified_time\" content=\"2026-01-23T16:16:27+00:00\" \/>\n<meta name=\"twitter:card\" content=\"summary_large_image\" \/>\n<meta name=\"twitter:label1\" content=\"Odhadovan\u00e1 doba \u010dten\u00ed\" \/>\n\t<meta name=\"twitter:data1\" content=\"1 minuta\" \/>\n<script type=\"application\/ld+json\" class=\"yoast-schema-graph\">{\"@context\":\"https:\/\/schema.org\",\"@graph\":[{\"@type\":\"WebPage\",\"@id\":\"https:\/\/www.pei.it\/cs\/sterac-a-kartace\/\",\"url\":\"https:\/\/www.pei.it\/cs\/sterac-a-kartace\/\",\"name\":\"ST\u011aRA\u010cE A KART\u00c1\u010cE pro obr\u00e1b\u011bc\u00ed stroje - PEI\",\"isPartOf\":{\"@id\":\"https:\/\/www.pei.it\/cs\/#website\"},\"datePublished\":\"2022-06-20T08:13:59+00:00\",\"dateModified\":\"2026-01-23T16:16:27+00:00\",\"description\":\"Visita il sito di PEI e scopri quali sono le caratteristiche dei raschiaolio e le spazzole prodotti per garantire efficienza e resistenza alle abrasioni.\",\"breadcrumb\":{\"@id\":\"https:\/\/www.pei.it\/cs\/sterac-a-kartace\/#breadcrumb\"},\"inLanguage\":\"cs\",\"potentialAction\":[{\"@type\":\"ReadAction\",\"target\":[\"https:\/\/www.pei.it\/cs\/sterac-a-kartace\/\"]}]},{\"@type\":\"BreadcrumbList\",\"@id\":\"https:\/\/www.pei.it\/cs\/sterac-a-kartace\/#breadcrumb\",\"itemListElement\":[{\"@type\":\"ListItem\",\"position\":1,\"name\":\"Home\",\"item\":\"https:\/\/www.pei.it\/cs\/\"},{\"@type\":\"ListItem\",\"position\":2,\"name\":\"ST\u011aRA\u010cE A KART\u00c1\u010cE\"}]},{\"@type\":\"WebSite\",\"@id\":\"https:\/\/www.pei.it\/cs\/#website\",\"url\":\"https:\/\/www.pei.it\/cs\/\",\"name\":\"PEI\",\"description\":\"Protezioni per macchine utensili, avvolgibili, telescopiche\",\"potentialAction\":[{\"@type\":\"SearchAction\",\"target\":{\"@type\":\"EntryPoint\",\"urlTemplate\":\"https:\/\/www.pei.it\/cs\/?s={search_term_string}\"},\"query-input\":{\"@type\":\"PropertyValueSpecification\",\"valueRequired\":true,\"valueName\":\"search_term_string\"}}],\"inLanguage\":\"cs\"}]}<\/script>\n<!-- \/ Yoast SEO plugin. -->","yoast_head_json":{"title":"ST\u011aRA\u010cE A KART\u00c1\u010cE pro obr\u00e1b\u011bc\u00ed stroje - PEI","description":"Visita il sito di PEI e scopri quali sono le caratteristiche dei raschiaolio e le spazzole prodotti per garantire efficienza e resistenza alle abrasioni.","robots":{"index":"index","follow":"follow","max-snippet":"max-snippet:-1","max-image-preview":"max-image-preview:large","max-video-preview":"max-video-preview:-1"},"canonical":"https:\/\/www.pei.it\/cs\/sterac-a-kartace\/","og_locale":"cs_CZ","og_type":"article","og_title":"ST\u011aRA\u010cE A KART\u00c1\u010cE pro obr\u00e1b\u011bc\u00ed stroje - PEI","og_description":"Visita il sito di PEI e scopri quali sono le caratteristiche dei raschiaolio e le spazzole prodotti per garantire efficienza e resistenza alle abrasioni.","og_url":"https:\/\/www.pei.it\/cs\/sterac-a-kartace\/","og_site_name":"PEI","article_modified_time":"2026-01-23T16:16:27+00:00","twitter_card":"summary_large_image","twitter_misc":{"Odhadovan\u00e1 doba \u010dten\u00ed":"1 minuta"},"schema":{"@context":"https:\/\/schema.org","@graph":[{"@type":"WebPage","@id":"https:\/\/www.pei.it\/cs\/sterac-a-kartace\/","url":"https:\/\/www.pei.it\/cs\/sterac-a-kartace\/","name":"ST\u011aRA\u010cE A KART\u00c1\u010cE pro obr\u00e1b\u011bc\u00ed stroje - PEI","isPartOf":{"@id":"https:\/\/www.pei.it\/cs\/#website"},"datePublished":"2022-06-20T08:13:59+00:00","dateModified":"2026-01-23T16:16:27+00:00","description":"Visita il sito di PEI e scopri quali sono le caratteristiche dei raschiaolio e le spazzole prodotti per garantire efficienza e resistenza alle abrasioni.","breadcrumb":{"@id":"https:\/\/www.pei.it\/cs\/sterac-a-kartace\/#breadcrumb"},"inLanguage":"cs","potentialAction":[{"@type":"ReadAction","target":["https:\/\/www.pei.it\/cs\/sterac-a-kartace\/"]}]},{"@type":"BreadcrumbList","@id":"https:\/\/www.pei.it\/cs\/sterac-a-kartace\/#breadcrumb","itemListElement":[{"@type":"ListItem","position":1,"name":"Home","item":"https:\/\/www.pei.it\/cs\/"},{"@type":"ListItem","position":2,"name":"ST\u011aRA\u010cE A KART\u00c1\u010cE"}]},{"@type":"WebSite","@id":"https:\/\/www.pei.it\/cs\/#website","url":"https:\/\/www.pei.it\/cs\/","name":"PEI","description":"Protezioni per macchine utensili, avvolgibili, telescopiche","potentialAction":[{"@type":"SearchAction","target":{"@type":"EntryPoint","urlTemplate":"https:\/\/www.pei.it\/cs\/?s={search_term_string}"},"query-input":{"@type":"PropertyValueSpecification","valueRequired":true,"valueName":"search_term_string"}}],"inLanguage":"cs"}]}},"_links":{"self":[{"href":"https:\/\/www.pei.it\/cs\/wp-json\/wp\/v2\/pages\/48604","targetHints":{"allow":["GET"]}}],"collection":[{"href":"https:\/\/www.pei.it\/cs\/wp-json\/wp\/v2\/pages"}],"about":[{"href":"https:\/\/www.pei.it\/cs\/wp-json\/wp\/v2\/types\/page"}],"author":[{"embeddable":true,"href":"https:\/\/www.pei.it\/cs\/wp-json\/wp\/v2\/users\/1"}],"replies":[{"embeddable":true,"href":"https:\/\/www.pei.it\/cs\/wp-json\/wp\/v2\/comments?post=48604"}],"version-history":[{"count":4,"href":"https:\/\/www.pei.it\/cs\/wp-json\/wp\/v2\/pages\/48604\/revisions"}],"predecessor-version":[{"id":64108,"href":"https:\/\/www.pei.it\/cs\/wp-json\/wp\/v2\/pages\/48604\/revisions\/64108"}],"wp:attachment":[{"href":"https:\/\/www.pei.it\/cs\/wp-json\/wp\/v2\/media?parent=48604"}],"curies":[{"name":"wp","href":"https:\/\/api.w.org\/{rel}","templated":true}]}}