{"id":48616,"date":"2022-06-20T09:00:09","date_gmt":"2022-06-20T09:00:09","guid":{"rendered":"https:\/\/www.pei.it\/mechy\/"},"modified":"2026-01-23T16:17:48","modified_gmt":"2026-01-23T16:17:48","slug":"mechy","status":"publish","type":"page","link":"https:\/\/www.pei.it\/cs\/mechy\/","title":{"rendered":"M\u011aCHY ZA TEPLA SVA\u0158OVAN\u00c9"},"content":{"rendered":"<div class=\"wpb-content-wrapper\">[vc_row element_id=&#8220;790331&#8243; el_class=&#8220;product-cards&#8220; el_id=&#8220;sinergie-carousel&#8220;][vc_column]<h2 class=\"et-heading text-align-center tablet-text-align-inherit mobile-text-align-inherit animate-false no-animation-type\" id=\"et-heading-308563\" data-delay=\"0\" data-mobile-font=\"inherit\" data-mobile-line-height=\"inherit\" data-tablet-landscape-font=\"inherit\" data-tablet-portrait-font=\"inherit\" data-tablet-landscape-line-height=\"inherit\" data-tablet-portrait-line-height=\"inherit\" data-parallax=\"false\" data-move=\"false\" data-coordinatex=\"0\" data-coordinatey=\"0\" data-speed=\"10\"><span class=\"text-wrapper\"><span class=\"text\">PRODUKTY<\/span><\/span><\/h2><div class=\"et-separator et-clearfix animate-false solid center horizontal et-separator-875676\" data-delay=\"\"><div class=\"line\"><\/div><\/div><h2 class=\"et-heading text-align-center tablet-text-align-inherit mobile-text-align-inherit animate-false no-animation-type\" id=\"et-heading-182046\" data-delay=\"0\" data-mobile-font=\"inherit\" data-mobile-line-height=\"inherit\" data-tablet-landscape-font=\"inherit\" data-tablet-portrait-font=\"inherit\" data-tablet-landscape-line-height=\"inherit\" data-tablet-portrait-line-height=\"inherit\" data-parallax=\"false\" data-move=\"false\" data-coordinatex=\"0\" data-coordinatey=\"0\" data-speed=\"10\"><span class=\"text-wrapper\"><span class=\"text\">M\u011bchy<\/span><\/span><\/h2>[vc_row_inner element_id=&#8220;195690&#8243; el_class=&#8220;riga_smistamento&#8220;][vc_column_inner width=&#8220;1\/3&#8243;][vc_single_image image=&#8220;36354&#8243; img_size=&#8220;250&#215;250&#8243; alignment=&#8220;center&#8220; style=&#8220;vc_box_outline_circle&#8220; css_animation=&#8220;none&#8220;][vc_column_text animation_delay=&#8220;0&#8243;]\n<h4>Bez lamel<\/h4>\n[\/vc_column_text][vc_btn title=&#8220;Dal\u0161\u00ed informace&#8220; style=&#8220;custom&#8220; custom_background=&#8220;#e34529&#8243; custom_text=&#8220;#ffffff&#8220; shape=&#8220;round&#8220; size=&#8220;sm&#8220; link=&#8220;url:https%3A%2F%2Fwww.pei.it%2Fcs%2Fprodukty%2Fstandardni-ploche-ochranne-mechy%2F|title:Standardn%C3%AD%20ploch%C3%A9%20ochrann%C3%A9%20m%C4%9Bchy|&#8220;][\/vc_column_inner][vc_column_inner width=&#8220;1\/3&#8243;][vc_single_image image=&#8220;36322&#8243; img_size=&#8220;250&#215;250&#8243; alignment=&#8220;center&#8220; style=&#8220;vc_box_outline_circle&#8220; css_animation=&#8220;none&#8220;][vc_column_text animation_delay=&#8220;0&#8243;]\n<h4>S pevn\u00fdmi lamelami<\/h4>\n[\/vc_column_text][vc_btn title=&#8220;Dal\u0161\u00ed informace&#8220; style=&#8220;custom&#8220; custom_background=&#8220;#e34529&#8243; custom_text=&#8220;#ffffff&#8220; shape=&#8220;round&#8220; size=&#8220;sm&#8220; link=&#8220;url:https%3A%2F%2Fwww.pei.it%2Fcs%2Fprodukty%2Fploche-ochranne-mechy-s-pevnymi-lamelami%2F|title:Ploch%C3%A9%20ochrann%C3%A9%20m%C4%9Bchy%20s%20pevn%C3%BDmi%20lamelami|&#8220;][\/vc_column_inner][vc_column_inner width=&#8220;1\/3&#8243;][vc_single_image image=&#8220;36338&#8243; img_size=&#8220;250&#215;250&#8243; alignment=&#8220;center&#8220; style=&#8220;vc_box_outline_circle&#8220; css_animation=&#8220;none&#8220;][vc_column_text animation_delay=&#8220;0&#8243;]\n<h4>S pohybliv\u00fdmi lamelami<\/h4>\n[\/vc_column_text][vc_btn title=&#8220;Dal\u0161\u00ed informace&#8220; style=&#8220;custom&#8220; custom_background=&#8220;#e34529&#8243; custom_text=&#8220;#ffffff&#8220; shape=&#8220;round&#8220; size=&#8220;sm&#8220; link=&#8220;url:https%3A%2F%2Fwww.pei.it%2Fcs%2Fprodukty%2Fploche-ochranne-mechy-s-pohyblivymi-lamelami%2F|title:Ploch%C3%A9%20ochrann%C3%A9%20m%C4%9Bchy%20s%20pohybliv%C3%BDmi%20lamelami|&#8220;][\/vc_column_inner][\/vc_row_inner][vc_row_inner element_id=&#8220;195690&#8243; el_class=&#8220;riga_smistamento&#8220;][vc_column_inner width=&#8220;1\/3&#8243;][vc_single_image image=&#8220;36306&#8243; img_size=&#8220;250&#215;250&#8243; alignment=&#8220;center&#8220; style=&#8220;vc_box_outline_circle&#8220; css_animation=&#8220;none&#8220;][vc_column_text animation_delay=&#8220;0&#8243;]\n<h4>Pro zvedac\u00ed plo\u0161iny<\/h4>\n[\/vc_column_text][vc_btn title=&#8220;Dal\u0161\u00ed informace&#8220; style=&#8220;custom&#8220; custom_background=&#8220;#e34529&#8243; custom_text=&#8220;#ffffff&#8220; shape=&#8220;round&#8220; size=&#8220;sm&#8220; link=&#8220;url:%2Fcs%2Fprodukty%2Fochranne-mechy-pro-zvedaci-plosiny%2F|title:https%3A%2F%2Fpei-wp.staging.janus.it%2Fit%2Fprodotti%2Fprotezioni-a-soffietto-per-piattaforme-elevatrici%2F&#8220;][\/vc_column_inner][vc_column_inner width=&#8220;1\/3&#8243;][vc_single_image image=&#8220;36330&#8243; img_size=&#8220;250&#215;250&#8243; alignment=&#8220;center&#8220; style=&#8220;vc_box_outline_circle&#8220; css_animation=&#8220;none&#8220;][vc_column_text animation_delay=&#8220;0&#8243;]\n<h4>Pro laserov\u00e9 stroje<\/h4>\n[\/vc_column_text][vc_btn title=&#8220;Dal\u0161\u00ed informace&#8220; style=&#8220;custom&#8220; custom_background=&#8220;#e34529&#8243; custom_text=&#8220;#ffffff&#8220; shape=&#8220;round&#8220; size=&#8220;sm&#8220; link=&#8220;url:%2Fcs%2Fprodukty%2Fochranne-mechy-pro-laserove-stroje%2F%20|title:Ochrann%C3%A9%20m%C4%9Bchy%20pro%20laserov%C3%A9%20stroje&#8220;][\/vc_column_inner][vc_column_inner width=&#8220;1\/3&#8243;][vc_single_image image=&#8220;36314&#8243; img_size=&#8220;250&#215;250&#8243; alignment=&#8220;center&#8220; style=&#8220;vc_box_outline_circle&#8220; css_animation=&#8220;none&#8220;][vc_column_text animation_delay=&#8220;0&#8243;]\n<h4>Pro line\u00e1rn\u00ed veden\u00ed<\/h4>\n[\/vc_column_text][vc_btn title=&#8220;Dal\u0161\u00ed informace&#8220; style=&#8220;custom&#8220; custom_background=&#8220;#e34529&#8243; custom_text=&#8220;#ffffff&#8220; shape=&#8220;round&#8220; size=&#8220;sm&#8220; link=&#8220;url:%2Fcs%2Fprodukty%2Fza-tepla-svarovane-mechy-pro-linearni-vedeni%2F|title:Za%20tepla%20sva%C5%99ovan%C3%A9%20m%C4%9Bchy%20pro%20line%C3%A1rn%C3%AD%20veden%C3%AD&#8220;][\/vc_column_inner][\/vc_row_inner][vc_row_inner element_id=&#8220;195690&#8243; el_class=&#8220;riga_smistamento&#8220;][vc_column_inner width=&#8220;1\/2&#8243;][vc_single_image image=&#8220;36346&#8243; img_size=&#8220;250&#215;250&#8243; alignment=&#8220;center&#8220; style=&#8220;vc_box_outline_circle&#8220; css_animation=&#8220;none&#8220;][vc_column_text animation_delay=&#8220;0&#8243;]\n<h4>Speci\u00e1ln\u00ed<\/h4>\n[\/vc_column_text][vc_btn title=&#8220;Dal\u0161\u00ed informace&#8220; style=&#8220;custom&#8220; custom_background=&#8220;#e34529&#8243; custom_text=&#8220;#ffffff&#8220; shape=&#8220;round&#8220; size=&#8220;sm&#8220; link=&#8220;url:%2Fcs%2Fprodukty%2Fspecialni-ploche-ochranne-mechy%2F|title:Speci%C3%A1ln%C3%AD%20ploch%C3%A9%20m%C4%9Bchy|&#8220;][\/vc_column_inner][vc_column_inner width=&#8220;1\/2&#8243;][vc_single_image image=&#8220;36298&#8243; img_size=&#8220;250&#215;250&#8243; alignment=&#8220;center&#8220; style=&#8220;vc_box_outline_circle&#8220; css_animation=&#8220;none&#8220;][vc_column_text animation_delay=&#8220;0&#8243;]\n<h4>\u0160it\u00e9<\/h4>\n[\/vc_column_text][vc_btn title=&#8220;Dal\u0161\u00ed informace&#8220; style=&#8220;custom&#8220; custom_background=&#8220;#e34529&#8243; custom_text=&#8220;#ffffff&#8220; shape=&#8220;round&#8220; size=&#8220;sm&#8220; link=&#8220;url:https%3A%2F%2Fwww.pei.it%2Fcs%2Fprodukty%2Fochranne-mechy-ploche-site%2F|title:Ploch%C3%A9%20%C5%A1it%C3%A9%20m%C4%9Bchy|&#8220;][\/vc_column_inner][\/vc_row_inner]<div class=\"et-separator et-clearfix animate-false solid center horizontal et-separator-875676\" data-delay=\"\"><div class=\"line\"><\/div><\/div><h2 class=\"et-heading text-align-center tablet-text-align-inherit mobile-text-align-inherit animate-false no-animation-type\" id=\"et-heading-437726\" data-delay=\"0\" data-mobile-font=\"inherit\" data-mobile-line-height=\"inherit\" data-tablet-landscape-font=\"inherit\" data-tablet-portrait-font=\"inherit\" data-tablet-landscape-line-height=\"inherit\" data-tablet-portrait-line-height=\"inherit\" data-parallax=\"false\" data-move=\"false\" data-coordinatex=\"0\" data-coordinatey=\"0\" data-speed=\"10\"><span class=\"text-wrapper\"><span class=\"text\">Kruhov\u00e9 m\u011bchy<\/span><\/span><\/h2>[vc_row_inner element_id=&#8220;195690&#8243; el_class=&#8220;riga_smistamento&#8220;][vc_column_inner width=&#8220;1\/3&#8243;][vc_single_image image=&#8220;36282&#8243; img_size=&#8220;250&#215;250&#8243; alignment=&#8220;center&#8220; style=&#8220;vc_box_outline_circle&#8220;][vc_column_text animation_delay=&#8220;0&#8243;]\n<h4>\u0160it\u00e9<\/h4>\n[\/vc_column_text][vc_btn title=&#8220;Dal\u0161\u00ed informace&#8220; style=&#8220;custom&#8220; custom_background=&#8220;#e34529&#8243; custom_text=&#8220;#ffffff&#8220; shape=&#8220;round&#8220; size=&#8220;sm&#8220; link=&#8220;url:https%3A%2F%2Fwww.pei.it%2Fit%2Fprodotti%2Fprotezioni-a-soffietto-circolari-cucite%2F|title:Soffietti%20Circolari%20Cuciti|&#8220;][\/vc_column_inner][vc_column_inner width=&#8220;1\/3&#8243;][vc_single_image image=&#8220;36362&#8243; img_size=&#8220;250&#215;250&#8243; alignment=&#8220;center&#8220; style=&#8220;vc_box_outline_circle&#8220;][vc_column_text animation_delay=&#8220;0&#8243;]\n<h4>Tepeln\u011b sva\u0159ovan\u00e9<\/h4>\n[\/vc_column_text][vc_btn title=&#8220;Dal\u0161\u00ed informace&#8220; style=&#8220;custom&#8220; custom_background=&#8220;#e34529&#8243; custom_text=&#8220;#ffffff&#8220; shape=&#8220;round&#8220; size=&#8220;sm&#8220; link=&#8220;url:https%3A%2F%2Fwww.pei.it%2Fcs%2Fprodukty%2Fkruhove-vodotesne-tepelne-svarovane-mechy%2F|title:Kruhov%C3%A9%20vodot%C4%9Bsn%C3%A9%20tepeln%C4%9B%20sva%C5%99ovan%C3%A9%20m%C4%9Bchy|&#8220;][\/vc_column_inner][vc_column_inner width=&#8220;1\/3&#8243;][vc_single_image image=&#8220;56170&#8243; img_size=&#8220;250&#215;250&#8243; alignment=&#8220;center&#8220; style=&#8220;vc_box_outline_circle&#8220;][vc_column_text animation_delay=&#8220;0&#8243;]\n<h4>Tvarovan\u00e9 a otev\u00edrateln\u00e9<\/h4>\n[\/vc_column_text][vc_btn title=&#8220;Dal\u0161\u00ed informace&#8220; style=&#8220;custom&#8220; custom_background=&#8220;#e34529&#8243; custom_text=&#8220;#ffffff&#8220; shape=&#8220;round&#8220; size=&#8220;sm&#8220; link=&#8220;url:%2Fcs%2Fprodukty%2Fkruhove-vodotesne-tepelne-svarovane-mechy%2F|title:Za%20tepla%20tvarovan%C3%A9%20a%20otev%C3%ADrateln%C3%A9%20kruhov%C3%A9%20ochrann%C3%A9%20m%C4%9Bchy|&#8220;][\/vc_column_inner][\/vc_row_inner]<div class=\"et-separator et-clearfix animate-false solid center horizontal et-separator-875676\" data-delay=\"\"><div class=\"line\"><\/div><\/div>[vc_column_text animation_delay=&#8220;0&#8243; el_class=&#8220;page_text&#8220;]M\u011bchy chr\u00e1n\u00ed cenn\u00e9 \u010d\u00e1sti stroje, veden\u00ed a \u0161rouby p\u0159ed zne\u010di\u0161t\u011bn\u00edm, jako je prach, olej, chladic\u00ed kapalina nebo rozst\u0159iky ze sva\u0159ov\u00e1n\u00ed.<br \/>\nM\u011bch se pohybuje spole\u010dn\u011b s osou a zabra\u0148uje tak pronik\u00e1n\u00ed ne\u010distot do vod\u00edtek. Vyr\u00e1b\u00edme na m\u00edru.[\/vc_column_text]<div class=\"et-separator et-clearfix animate-false solid center horizontal et-separator-875676\" data-delay=\"\"><div class=\"line\"><\/div><\/div>[vc_row_inner element_id=&#8220;527631&#8243; el_class=&#8220;Cop_Tel_Row&#8220;][vc_column_inner el_class=&#8220;Cop_Tel_First_Col&#8220;]<h2 class=\"et-heading text-align-center tablet-text-align-inherit mobile-text-align-inherit animate-false no-animation-type\" id=\"et-heading-704769\" data-delay=\"0\" data-mobile-font=\"inherit\" data-mobile-line-height=\"inherit\" data-tablet-landscape-font=\"inherit\" data-tablet-portrait-font=\"inherit\" data-tablet-landscape-line-height=\"inherit\" data-tablet-portrait-line-height=\"inherit\" data-parallax=\"false\" data-move=\"false\" data-coordinatex=\"0\" data-coordinatey=\"0\" data-speed=\"10\"><span class=\"text-wrapper\"><span class=\"text\">Objevte ve\u0161kerou technickou dokumentaci k produkt\u016fm PEI.<\/span><\/span><\/h2>[vc_single_image image=&#8220;53676&#8243; img_size=&#8220;250&#215;250&#8243; alignment=&#8220;center&#8220; css=&#8220;.vc_custom_1769077239514{padding-bottom: 20px !important;}&#8220; el_class=&#8220;catalogo_smistamento&#8220;][vc_btn title=&#8220;Technick\u00e1 dokumentace&#8220; style=&#8220;custom&#8220; custom_background=&#8220;#e34529&#8243; custom_text=&#8220;#ffffff&#8220; shape=&#8220;round&#8220; size=&#8220;sm&#8220; align=&#8220;center&#8220; css=&#8220;.vc_custom_1769184912766{padding-bottom: 10px !important;}&#8220; link=&#8220;url:%2Fcs%2Fstazeni%2F|title:DOWNLOAD|target:_blank&#8220;]<div class=\"et-separator et-clearfix animate-false solid center horizontal et-separator-875676\" data-delay=\"\"><div class=\"line\"><\/div><\/div>[\/vc_column_inner][\/vc_row_inner][\/vc_column][\/vc_row]\n<\/div>","protected":false},"excerpt":{"rendered":"<p>[vc_row element_id=&#8220;790331&#8243; el_class=&#8220;product-cards&#8220; el_id=&#8220;sinergie-carousel&#8220;][vc_column][vc_row_inner element_id=&#8220;195690&#8243; el_class=&#8220;riga_smistamento&#8220;][vc_column_inner width=&#8220;1\/3&#8243;][vc_single_image image=&#8220;36354&#8243; img_size=&#8220;250&#215;250&#8243; alignment=&#8220;center&#8220; style=&#8220;vc_box_outline_circle&#8220; css_animation=&#8220;none&#8220;][vc_column_text animation_delay=&#8220;0&#8243;] Bez lamel [\/vc_column_text][vc_btn title=&#8220;Dal\u0161\u00ed informace&#8220; style=&#8220;custom&#8220; custom_background=&#8220;#e34529&#8243; custom_text=&#8220;#ffffff&#8220; shape=&#8220;round&#8220; size=&#8220;sm&#8220; link=&#8220;url:https%3A%2F%2Fwww.pei.it%2Fcs%2Fprodukty%2Fstandardni-ploche-ochranne-mechy%2F|title:Standardn%C3%AD%20ploch%C3%A9%20ochrann%C3%A9%20m%C4%9Bchy|&#8220;][\/vc_column_inner][vc_column_inner width=&#8220;1\/3&#8243;][vc_single_image image=&#8220;36322&#8243; img_size=&#8220;250&#215;250&#8243; alignment=&#8220;center&#8220; style=&#8220;vc_box_outline_circle&#8220; css_animation=&#8220;none&#8220;][vc_column_text animation_delay=&#8220;0&#8243;] S pevn\u00fdmi lamelami [\/vc_column_text][vc_btn title=&#8220;Dal\u0161\u00ed informace&#8220; style=&#8220;custom&#8220; custom_background=&#8220;#e34529&#8243; custom_text=&#8220;#ffffff&#8220; shape=&#8220;round&#8220; size=&#8220;sm&#8220; link=&#8220;url:https%3A%2F%2Fwww.pei.it%2Fcs%2Fprodukty%2Fploche-ochranne-mechy-s-pevnymi-lamelami%2F|title:Ploch%C3%A9%20ochrann%C3%A9%20m%C4%9Bchy%20s%20pevn%C3%BDmi%20lamelami|&#8220;][\/vc_column_inner][vc_column_inner width=&#8220;1\/3&#8243;][vc_single_image image=&#8220;36338&#8243; img_size=&#8220;250&#215;250&#8243; alignment=&#8220;center&#8220; style=&#8220;vc_box_outline_circle&#8220; css_animation=&#8220;none&#8220;][vc_column_text animation_delay=&#8220;0&#8243;] S pohybliv\u00fdmi lamelami [\/vc_column_text][vc_btn title=&#8220;Dal\u0161\u00ed [&hellip;]<\/p>\n","protected":false},"author":1,"featured_media":0,"parent":0,"menu_order":0,"comment_status":"closed","ping_status":"closed","template":"page_limpresa.php","meta":{"_acf_changed":false,"footnotes":""},"class_list":["post-48616","page","type-page","status-publish","hentry"],"acf":[],"yoast_head":"<!-- This site is optimized with the Yoast SEO plugin v26.9 - https:\/\/yoast.com\/product\/yoast-seo-wordpress\/ -->\n<title>pro obr\u00e1b\u011bc\u00ed stroje - PEI<\/title>\n<meta name=\"description\" content=\"Protezioni a soffietto per macchine utensili: protezioni utili a proteggere le parti in movimento e le guide delle macchine dallo sporco\" \/>\n<meta name=\"robots\" content=\"index, follow, max-snippet:-1, max-image-preview:large, max-video-preview:-1\" \/>\n<link rel=\"canonical\" href=\"https:\/\/www.pei.it\/cs\/mechy\/\" \/>\n<meta property=\"og:locale\" content=\"cs_CZ\" \/>\n<meta property=\"og:type\" content=\"article\" \/>\n<meta property=\"og:title\" content=\"pro obr\u00e1b\u011bc\u00ed stroje - PEI\" \/>\n<meta property=\"og:description\" content=\"Protezioni a soffietto per macchine utensili: protezioni utili a proteggere le parti in movimento e le guide delle macchine dallo sporco\" \/>\n<meta property=\"og:url\" content=\"https:\/\/www.pei.it\/cs\/mechy\/\" \/>\n<meta property=\"og:site_name\" content=\"PEI\" \/>\n<meta property=\"article:modified_time\" content=\"2026-01-23T16:17:48+00:00\" \/>\n<meta name=\"twitter:card\" content=\"summary_large_image\" \/>\n<meta name=\"twitter:label1\" content=\"Odhadovan\u00e1 doba \u010dten\u00ed\" \/>\n\t<meta name=\"twitter:data1\" content=\"2 minuty\" \/>\n<script type=\"application\/ld+json\" class=\"yoast-schema-graph\">{\"@context\":\"https:\/\/schema.org\",\"@graph\":[{\"@type\":\"WebPage\",\"@id\":\"https:\/\/www.pei.it\/cs\/mechy\/\",\"url\":\"https:\/\/www.pei.it\/cs\/mechy\/\",\"name\":\"pro obr\u00e1b\u011bc\u00ed stroje - PEI\",\"isPartOf\":{\"@id\":\"https:\/\/www.pei.it\/cs\/#website\"},\"datePublished\":\"2022-06-20T09:00:09+00:00\",\"dateModified\":\"2026-01-23T16:17:48+00:00\",\"description\":\"Protezioni a soffietto per macchine utensili: protezioni utili a proteggere le parti in movimento e le guide delle macchine dallo sporco\",\"breadcrumb\":{\"@id\":\"https:\/\/www.pei.it\/cs\/mechy\/#breadcrumb\"},\"inLanguage\":\"cs\",\"potentialAction\":[{\"@type\":\"ReadAction\",\"target\":[\"https:\/\/www.pei.it\/cs\/mechy\/\"]}]},{\"@type\":\"BreadcrumbList\",\"@id\":\"https:\/\/www.pei.it\/cs\/mechy\/#breadcrumb\",\"itemListElement\":[{\"@type\":\"ListItem\",\"position\":1,\"name\":\"Home\",\"item\":\"https:\/\/www.pei.it\/cs\/\"},{\"@type\":\"ListItem\",\"position\":2,\"name\":\"M\u011aCHY ZA TEPLA SVA\u0158OVAN\u00c9\"}]},{\"@type\":\"WebSite\",\"@id\":\"https:\/\/www.pei.it\/cs\/#website\",\"url\":\"https:\/\/www.pei.it\/cs\/\",\"name\":\"PEI\",\"description\":\"Protezioni per macchine utensili, avvolgibili, telescopiche\",\"potentialAction\":[{\"@type\":\"SearchAction\",\"target\":{\"@type\":\"EntryPoint\",\"urlTemplate\":\"https:\/\/www.pei.it\/cs\/?s={search_term_string}\"},\"query-input\":{\"@type\":\"PropertyValueSpecification\",\"valueRequired\":true,\"valueName\":\"search_term_string\"}}],\"inLanguage\":\"cs\"}]}<\/script>\n<!-- \/ Yoast SEO plugin. -->","yoast_head_json":{"title":"pro obr\u00e1b\u011bc\u00ed stroje - PEI","description":"Protezioni a soffietto per macchine utensili: protezioni utili a proteggere le parti in movimento e le guide delle macchine dallo sporco","robots":{"index":"index","follow":"follow","max-snippet":"max-snippet:-1","max-image-preview":"max-image-preview:large","max-video-preview":"max-video-preview:-1"},"canonical":"https:\/\/www.pei.it\/cs\/mechy\/","og_locale":"cs_CZ","og_type":"article","og_title":"pro obr\u00e1b\u011bc\u00ed stroje - PEI","og_description":"Protezioni a soffietto per macchine utensili: protezioni utili a proteggere le parti in movimento e le guide delle macchine dallo sporco","og_url":"https:\/\/www.pei.it\/cs\/mechy\/","og_site_name":"PEI","article_modified_time":"2026-01-23T16:17:48+00:00","twitter_card":"summary_large_image","twitter_misc":{"Odhadovan\u00e1 doba \u010dten\u00ed":"2 minuty"},"schema":{"@context":"https:\/\/schema.org","@graph":[{"@type":"WebPage","@id":"https:\/\/www.pei.it\/cs\/mechy\/","url":"https:\/\/www.pei.it\/cs\/mechy\/","name":"pro obr\u00e1b\u011bc\u00ed stroje - PEI","isPartOf":{"@id":"https:\/\/www.pei.it\/cs\/#website"},"datePublished":"2022-06-20T09:00:09+00:00","dateModified":"2026-01-23T16:17:48+00:00","description":"Protezioni a soffietto per macchine utensili: protezioni utili a proteggere le parti in movimento e le guide delle macchine dallo sporco","breadcrumb":{"@id":"https:\/\/www.pei.it\/cs\/mechy\/#breadcrumb"},"inLanguage":"cs","potentialAction":[{"@type":"ReadAction","target":["https:\/\/www.pei.it\/cs\/mechy\/"]}]},{"@type":"BreadcrumbList","@id":"https:\/\/www.pei.it\/cs\/mechy\/#breadcrumb","itemListElement":[{"@type":"ListItem","position":1,"name":"Home","item":"https:\/\/www.pei.it\/cs\/"},{"@type":"ListItem","position":2,"name":"M\u011aCHY ZA TEPLA SVA\u0158OVAN\u00c9"}]},{"@type":"WebSite","@id":"https:\/\/www.pei.it\/cs\/#website","url":"https:\/\/www.pei.it\/cs\/","name":"PEI","description":"Protezioni per macchine utensili, avvolgibili, telescopiche","potentialAction":[{"@type":"SearchAction","target":{"@type":"EntryPoint","urlTemplate":"https:\/\/www.pei.it\/cs\/?s={search_term_string}"},"query-input":{"@type":"PropertyValueSpecification","valueRequired":true,"valueName":"search_term_string"}}],"inLanguage":"cs"}]}},"_links":{"self":[{"href":"https:\/\/www.pei.it\/cs\/wp-json\/wp\/v2\/pages\/48616","targetHints":{"allow":["GET"]}}],"collection":[{"href":"https:\/\/www.pei.it\/cs\/wp-json\/wp\/v2\/pages"}],"about":[{"href":"https:\/\/www.pei.it\/cs\/wp-json\/wp\/v2\/types\/page"}],"author":[{"embeddable":true,"href":"https:\/\/www.pei.it\/cs\/wp-json\/wp\/v2\/users\/1"}],"replies":[{"embeddable":true,"href":"https:\/\/www.pei.it\/cs\/wp-json\/wp\/v2\/comments?post=48616"}],"version-history":[{"count":2,"href":"https:\/\/www.pei.it\/cs\/wp-json\/wp\/v2\/pages\/48616\/revisions"}],"predecessor-version":[{"id":64110,"href":"https:\/\/www.pei.it\/cs\/wp-json\/wp\/v2\/pages\/48616\/revisions\/64110"}],"wp:attachment":[{"href":"https:\/\/www.pei.it\/cs\/wp-json\/wp\/v2\/media?parent=48616"}],"curies":[{"name":"wp","href":"https:\/\/api.w.org\/{rel}","templated":true}]}}