{"id":63829,"date":"2026-01-21T11:06:14","date_gmt":"2026-01-21T11:06:14","guid":{"rendered":"https:\/\/www.pei.it\/stazeni\/"},"modified":"2026-03-13T13:02:26","modified_gmt":"2026-03-13T13:02:26","slug":"stazeni","status":"publish","type":"page","link":"https:\/\/www.pei.it\/cs\/stazeni\/","title":{"rendered":"STA\u017dEN\u00cd"},"content":{"rendered":"<div class=\"wpb-content-wrapper\">[vc_row gap=&#8220;48&#8243; element_id=&#8220;851011&#8243;][vc_column animation_delay=&#8220;0&#8243; element_id=&#8220;784148&#8243; crp=&#8220;480:i:i,480-768:i:i,768-1024:i:i,1024-1280:i:i,1280-1366:i:i,1366-1600:i:i,1600-1920:i:i&#8220;]<h2 class=\"et-heading text-align-left tablet-text-align-inherit mobile-text-align-inherit animate-false no-animation-type\" id=\"et-heading-336169\" data-delay=\"0\" data-mobile-font=\"inherit\" data-mobile-line-height=\"inherit\" data-tablet-landscape-font=\"inherit\" data-tablet-portrait-font=\"inherit\" data-tablet-landscape-line-height=\"inherit\" data-tablet-portrait-line-height=\"inherit\" data-parallax=\"false\" data-move=\"false\" data-coordinatex=\"0\" data-coordinatey=\"0\" data-speed=\"10\"><span class=\"text-wrapper\"><span class=\"text\">TECHNICK\u00c1 A OBCHODN\u00cd DOKUMENTACE<\/span><\/span><\/h2>[vc_column_text animation_delay=&#8220;0&#8243; css_animation=&#8220;none&#8220; css=&#8220;&#8220; el_class=&#8220;text-2-columns&#8220;]<img loading=\"lazy\" loading=\"lazy\" decoding=\"async\" class=\"alignnone size-full wp-image-5670\" src=\"https:\/\/www.pei.it\/wp-content\/uploads\/2017\/08\/pdf_button.png\" alt=\"Ico pdf\" width=\"16\" height=\"16\" \/> <a href=\"https:\/\/www.pei.it\/wp-content\/uploads\/2021\/07\/Catalogo_PEI_CS_web.pdf\" target=\"_blank\" rel=\"noopener\">PEI Czech Catalogue<\/a><\/p>\n<p><img loading=\"lazy\" loading=\"lazy\" decoding=\"async\" class=\"alignnone size-full wp-image-5670\" src=\"https:\/\/www.pei.it\/wp-content\/uploads\/2017\/08\/pdf_button.png\" alt=\"Ico pdf\" width=\"16\" height=\"16\" \/> <a href=\"\/uploads\/2021\/11\/Flyer-PEI-4-ante_GAMMA-de-en-A4-x-web.pdf\" target=\"_blank\" rel=\"noopener\">Product Range Flyer<\/a><\/p>\n<p><img loading=\"lazy\" loading=\"lazy\" decoding=\"async\" class=\"alignnone size-full wp-image-5670\" src=\"https:\/\/www.pei.it\/wp-content\/uploads\/2017\/08\/pdf_button.png\" alt=\"Ico pdf\" width=\"16\" height=\"16\" \/> <a href=\"\/wp-content\/uploads\/2021\/07\/Flyer_Scudi_2025_ted-ing_web.pdf\" target=\"_blank\" rel=\"noopener\">X-Y Shields Flyer<\/a><\/p>\n<p><img loading=\"lazy\" loading=\"lazy\" decoding=\"async\" class=\"alignnone size-full wp-image-5670\" src=\"https:\/\/www.pei.it\/wp-content\/uploads\/2017\/08\/pdf_button.png\" alt=\"Ico pdf\" width=\"16\" height=\"16\" \/> <a href=\"\/wp-content\/uploads\/2021\/11\/Flyer_Overhaul-SpareParts_DE-EN_web.pdf\" target=\"_blank\" rel=\"noopener\">Overhaul and Spare Parts Flyer<\/a><\/p>\n<p><img loading=\"lazy\" loading=\"lazy\" decoding=\"async\" class=\"alignnone size-full wp-image-5670\" src=\"https:\/\/www.pei.it\/wp-content\/uploads\/2017\/08\/pdf_button.png\" alt=\"Ico pdf\" width=\"16\" height=\"16\" \/> <a href=\"https:\/\/www.pei.it\/wp-content\/uploads\/2021\/11\/flyer-WSC-it-en_WEB.pdf\" target=\"_blank\" rel=\"noopener\">Wave Sky Chemical<\/a><\/p>\n<p><img loading=\"lazy\" loading=\"lazy\" decoding=\"async\" class=\"alignnone size-full wp-image-5670\" src=\"https:\/\/www.pei.it\/wp-content\/uploads\/2017\/08\/pdf_button.png\" alt=\"Ico pdf\" width=\"16\" height=\"16\" \/> <a href=\"\/wp-content\/uploads\/2021\/11\/Vol_istruz_Cop_telesco_ING.pdf\" target=\"_blank\" rel=\"noopener\">Telescopic cover instructions<\/a><\/p>\n<p><img loading=\"lazy\" loading=\"lazy\" decoding=\"async\" class=\"alignnone size-full wp-image-5670\" src=\"https:\/\/www.pei.it\/wp-content\/uploads\/2017\/08\/pdf_button.png\" alt=\"Ico pdf\" width=\"16\" height=\"16\" \/> <a href=\"\/wp-content\/uploads\/2021\/11\/Vol_istruz_SHEET-POCKET_EN.pdf\" target=\"_blank\" rel=\"noopener\">Sheet-Pocket instructions<\/a>[\/vc_column_text]<span class=\"et-gap et-clearfix et-gap-438775\"><\/span>[vc_separator css=&#8220;&#8220;]<h2 class=\"et-heading text-align-left tablet-text-align-inherit mobile-text-align-inherit animate-false no-animation-type\" id=\"et-heading-336169\" data-delay=\"0\" data-mobile-font=\"inherit\" data-mobile-line-height=\"inherit\" data-tablet-landscape-font=\"inherit\" data-tablet-portrait-font=\"inherit\" data-tablet-landscape-line-height=\"inherit\" data-tablet-portrait-line-height=\"inherit\" data-parallax=\"false\" data-move=\"false\" data-coordinatex=\"0\" data-coordinatey=\"0\" data-speed=\"10\"><span class=\"text-wrapper\"><span class=\"text\">DOTAZN\u00cdKY K PRODUKT\u016eM<\/span><\/span><\/h2>[vc_column_text animation_delay=&#8220;0&#8243; css_animation=&#8220;none&#8220; css=&#8220;&#8220; el_class=&#8220;text-2-columns&#8220;]<img loading=\"lazy\" loading=\"lazy\" decoding=\"async\" class=\"alignnone size-full wp-image-5670\" src=\"https:\/\/www.pei.it\/wp-content\/uploads\/2017\/08\/pdf_button.png\" alt=\"Ico pdf\" width=\"16\" height=\"16\" \/> \u00a0<a href=\"\/wp-content\/uploads\/2021\/11\/Poptavkovy-formular_MECHY_2025.pdf\" target=\"_blank\" rel=\"noopener\">Popt\u00e1vkov\u00fd formul\u00e1\u0159_M\u011aCHY<\/a><\/p>\n<p><img loading=\"lazy\" loading=\"lazy\" decoding=\"async\" class=\"alignnone size-full wp-image-5670\" src=\"https:\/\/www.pei.it\/wp-content\/uploads\/2017\/08\/pdf_button.png\" alt=\"Ico pdf\" width=\"16\" height=\"16\" \/> \u00a0<a href=\"https:\/wp-content\/uploads\/2021\/11\/Poptavkovy-formular_MECHY_kruhove_2025.pdf\" target=\"_blank\" rel=\"noopener\">Popt\u00e1vkov\u00fd formul\u00e1\u0159_M\u011aCHY_kruhov\u00e9<\/a><\/p>\n<p><img loading=\"lazy\" loading=\"lazy\" decoding=\"async\" class=\"alignnone size-full wp-image-5670\" src=\"https:\/\/www.pei.it\/wp-content\/uploads\/2017\/08\/pdf_button.png\" alt=\"Ico pdf\" width=\"16\" height=\"16\" \/> <a href=\"\/wp-content\/uploads\/2021\/11\/Poptavkovy-formular_MECHY_pro-linearni-vedeni_2025.pdf\" target=\"_blank\" rel=\"noopener\">Popt\u00e1vkov\u00fd formul\u00e1\u0159_M\u011aCHY_pro line\u00e1rn\u00ed veden\u00ed<\/a><\/p>\n<p><img loading=\"lazy\" loading=\"lazy\" decoding=\"async\" class=\"alignnone size-full wp-image-5670\" src=\"https:\/\/www.pei.it\/wp-content\/uploads\/2017\/08\/pdf_button.png\" alt=\"Ico pdf\" width=\"16\" height=\"16\" \/> <a href=\"\/wp-content\/uploads\/2021\/11\/Poptavkovy-formular_MECHY_pro-zvedaci-plosiny_2025.pdf\" target=\"_blank\" rel=\"noopener\">Popt\u00e1vkov\u00fd formul\u00e1\u0159_M\u011aCHY_pro zvedac\u00ed plo\u0161iny<\/a><\/p>\n<p><img loading=\"lazy\" loading=\"lazy\" decoding=\"async\" class=\"alignnone size-full wp-image-5670\" src=\"https:\/\/www.pei.it\/wp-content\/uploads\/2017\/08\/pdf_button.png\" alt=\"Ico pdf\" width=\"16\" height=\"16\" \/> \u00a0<a href=\"\/wp-content\/uploads\/2021\/11\/Poptavkovy-formular_MECHY_site-hranate_2025.pdf\" target=\"_blank\" rel=\"noopener\">Popt\u00e1vkov\u00fd formul\u00e1\u0159_M\u011aCHY_\u0161it\u00e9 hranat\u00e9<\/a><\/p>\n<p><img loading=\"lazy\" loading=\"lazy\" decoding=\"async\" class=\"alignnone size-full wp-image-63818\" src=\"\/wp-content\/uploads\/2021\/11\/link.png\" alt=\"Link esterno\" width=\"19\" height=\"16\" \/> \u00a0<a href=\"https:\/\/questprotavv.pei.it\/en\/\" target=\"_blank\" rel=\"noopener\">Popt\u00e1vkov\u00fd formul\u00e1\u0159_ROLETOV\u00c9 KRYTY<\/a><\/p>\n<p><img loading=\"lazy\" loading=\"lazy\" decoding=\"async\" class=\"alignnone size-full wp-image-5670\" src=\"https:\/\/www.pei.it\/wp-content\/uploads\/2017\/08\/pdf_button.png\" alt=\"Ico pdf\" width=\"16\" height=\"16\" \/> <a href=\"\/wp-content\/uploads\/2021\/11\/Poptavkovy-formular_TELESKOPICKE-KRYTY_2025.pdf\" target=\"_blank\" rel=\"noopener\">Popt\u00e1vkov\u00fd formul\u00e1\u0159_TELESKOPICK\u00c9 KRYTY<\/a><\/p>\n<p><img loading=\"lazy\" loading=\"lazy\" decoding=\"async\" class=\"alignnone size-full wp-image-5670\" src=\"https:\/\/www.pei.it\/wp-content\/uploads\/2017\/08\/pdf_button.png\" alt=\"Ico pdf\" width=\"16\" height=\"16\" \/> <a href=\"https:\/\/www.pei.it\/wp-content\/uploads\/2021\/11\/Poptavkovy-formular_X-Y-KRYTOVANI_2025.pdf\" target=\"_blank\" rel=\"noopener\">Popt\u00e1vkov\u00fd formul\u00e1\u0159_X-Y KRYTOV\u00c1N\u00cd<\/a>[\/vc_column_text][vc_separator css=&#8220;&#8220;]<h2 class=\"et-heading text-align-left tablet-text-align-inherit mobile-text-align-inherit animate-false no-animation-type\" id=\"et-heading-336169\" data-delay=\"0\" data-mobile-font=\"inherit\" data-mobile-line-height=\"inherit\" data-tablet-landscape-font=\"inherit\" data-tablet-portrait-font=\"inherit\" data-tablet-landscape-line-height=\"inherit\" data-tablet-portrait-line-height=\"inherit\" data-parallax=\"false\" data-move=\"false\" data-coordinatex=\"0\" data-coordinatey=\"0\" data-speed=\"10\"><span class=\"text-wrapper\"><span class=\"text\">OBECN\u00c1 DOKUMENTACE<\/span><\/span><\/h2>[vc_column_text animation_delay=&#8220;0&#8243; css_animation=&#8220;none&#8220; css=&#8220;&#8220; el_class=&#8220;text-2-columns&#8220;]<img loading=\"lazy\" loading=\"lazy\" decoding=\"async\" class=\"alignnone size-full wp-image-5670\" src=\"https:\/\/www.pei.it\/wp-content\/uploads\/2017\/08\/pdf_button.png\" alt=\"Ico pdf\" width=\"16\" height=\"16\" \/> <a href=\"\/wp-content\/uploads\/2021\/11\/SEZNAM-MATERIALU.pdf\" target=\"_blank\" rel=\"noopener\">Seznam materi\u00e1lu<\/a><\/p>\n<p><img loading=\"lazy\" loading=\"lazy\" decoding=\"async\" class=\"alignnone size-full wp-image-5670\" src=\"https:\/\/www.pei.it\/wp-content\/uploads\/2017\/08\/pdf_button.png\" alt=\"Ico pdf\" width=\"16\" height=\"16\" \/> <a href=\"\/wp-content\/uploads\/media\/sales-terms-en.pdf\" target=\"_blank\" rel=\"noopener\">Prodejn\u00ed podm\u00ednky<\/a>[\/vc_column_text][vc_separator css=&#8220;&#8220;]<span class=\"et-gap et-clearfix et-gap-438775\"><\/span>[\/vc_column][\/vc_row]\n<\/div>","protected":false},"excerpt":{"rendered":"<p>[vc_row gap=&#8220;48&#8243; element_id=&#8220;851011&#8243;][vc_column animation_delay=&#8220;0&#8243; element_id=&#8220;784148&#8243; crp=&#8220;480:i:i,480-768:i:i,768-1024:i:i,1024-1280:i:i,1280-1366:i:i,1366-1600:i:i,1600-1920:i:i&#8220;][vc_column_text animation_delay=&#8220;0&#8243; css_animation=&#8220;none&#8220; css=&#8220;&#8220; el_class=&#8220;text-2-columns&#8220;] PEI Czech Catalogue Product Range Flyer X-Y Shields Flyer Overhaul and Spare Parts Flyer Wave Sky Chemical Telescopic cover instructions Sheet-Pocket instructions[\/vc_column_text][vc_separator css=&#8220;&#8220;][vc_column_text animation_delay=&#8220;0&#8243; css_animation=&#8220;none&#8220; css=&#8220;&#8220; el_class=&#8220;text-2-columns&#8220;] \u00a0Popt\u00e1vkov\u00fd formul\u00e1\u0159_M\u011aCHY \u00a0Popt\u00e1vkov\u00fd formul\u00e1\u0159_M\u011aCHY_kruhov\u00e9 Popt\u00e1vkov\u00fd formul\u00e1\u0159_M\u011aCHY_pro line\u00e1rn\u00ed veden\u00ed Popt\u00e1vkov\u00fd formul\u00e1\u0159_M\u011aCHY_pro zvedac\u00ed plo\u0161iny \u00a0Popt\u00e1vkov\u00fd formul\u00e1\u0159_M\u011aCHY_\u0161it\u00e9 hranat\u00e9 \u00a0Popt\u00e1vkov\u00fd formul\u00e1\u0159_ROLETOV\u00c9 KRYTY [&hellip;]<\/p>\n","protected":false},"author":1,"featured_media":0,"parent":0,"menu_order":0,"comment_status":"closed","ping_status":"closed","template":"page_download.php","meta":{"_acf_changed":false,"footnotes":""},"class_list":["post-63829","page","type-page","status-publish","hentry"],"acf":[],"yoast_head":"<!-- This site is optimized with the Yoast SEO plugin v26.9 - https:\/\/yoast.com\/product\/yoast-seo-wordpress\/ -->\n<title>STA\u017dEN\u00cd - PEI<\/title>\n<meta name=\"description\" content=\"Technick\u00e1 dokumentace k produkt\u016fm PEI, dotazn\u00edky pro konfiguraci teleskopick\u00fdch kryt\u016f, ve\u0161ker\u00e9 dokumenty PEI ke sta\u017een\u00ed ve form\u00e1tu PDF\" \/>\n<meta name=\"robots\" content=\"index, follow, max-snippet:-1, max-image-preview:large, max-video-preview:-1\" \/>\n<link rel=\"canonical\" href=\"https:\/\/www.pei.it\/cs\/stazeni\/\" \/>\n<meta property=\"og:locale\" content=\"cs_CZ\" \/>\n<meta property=\"og:type\" content=\"article\" \/>\n<meta property=\"og:title\" content=\"STA\u017dEN\u00cd - PEI\" \/>\n<meta property=\"og:description\" content=\"Technick\u00e1 dokumentace k produkt\u016fm PEI, dotazn\u00edky pro konfiguraci teleskopick\u00fdch kryt\u016f, ve\u0161ker\u00e9 dokumenty PEI ke sta\u017een\u00ed ve form\u00e1tu PDF\" \/>\n<meta property=\"og:url\" content=\"https:\/\/www.pei.it\/cs\/stazeni\/\" \/>\n<meta property=\"og:site_name\" content=\"PEI\" \/>\n<meta property=\"article:modified_time\" content=\"2026-03-13T13:02:26+00:00\" \/>\n<meta property=\"og:image\" content=\"https:\/\/www.pei.it\/wp-content\/uploads\/2017\/08\/pdf_button.png\" \/>\n\t<meta property=\"og:image:width\" content=\"16\" \/>\n\t<meta property=\"og:image:height\" content=\"16\" \/>\n\t<meta property=\"og:image:type\" content=\"image\/png\" \/>\n<meta name=\"twitter:card\" content=\"summary_large_image\" \/>\n<meta name=\"twitter:label1\" content=\"Odhadovan\u00e1 doba \u010dten\u00ed\" \/>\n\t<meta name=\"twitter:data1\" content=\"2 minuty\" \/>\n<script type=\"application\/ld+json\" class=\"yoast-schema-graph\">{\"@context\":\"https:\/\/schema.org\",\"@graph\":[{\"@type\":\"WebPage\",\"@id\":\"https:\/\/www.pei.it\/cs\/stazeni\/\",\"url\":\"https:\/\/www.pei.it\/cs\/stazeni\/\",\"name\":\"STA\u017dEN\u00cd - PEI\",\"isPartOf\":{\"@id\":\"https:\/\/www.pei.it\/cs\/#website\"},\"primaryImageOfPage\":{\"@id\":\"https:\/\/www.pei.it\/cs\/stazeni\/#primaryimage\"},\"image\":{\"@id\":\"https:\/\/www.pei.it\/cs\/stazeni\/#primaryimage\"},\"thumbnailUrl\":\"https:\/\/www.pei.it\/wp-content\/uploads\/2017\/08\/pdf_button.png\",\"datePublished\":\"2026-01-21T11:06:14+00:00\",\"dateModified\":\"2026-03-13T13:02:26+00:00\",\"description\":\"Technick\u00e1 dokumentace k produkt\u016fm PEI, dotazn\u00edky pro konfiguraci teleskopick\u00fdch kryt\u016f, ve\u0161ker\u00e9 dokumenty PEI ke sta\u017een\u00ed ve form\u00e1tu PDF\",\"breadcrumb\":{\"@id\":\"https:\/\/www.pei.it\/cs\/stazeni\/#breadcrumb\"},\"inLanguage\":\"cs\",\"potentialAction\":[{\"@type\":\"ReadAction\",\"target\":[\"https:\/\/www.pei.it\/cs\/stazeni\/\"]}]},{\"@type\":\"ImageObject\",\"inLanguage\":\"cs\",\"@id\":\"https:\/\/www.pei.it\/cs\/stazeni\/#primaryimage\",\"url\":\"https:\/\/www.pei.it\/wp-content\/uploads\/2017\/08\/pdf_button.png\",\"contentUrl\":\"https:\/\/www.pei.it\/wp-content\/uploads\/2017\/08\/pdf_button.png\"},{\"@type\":\"BreadcrumbList\",\"@id\":\"https:\/\/www.pei.it\/cs\/stazeni\/#breadcrumb\",\"itemListElement\":[{\"@type\":\"ListItem\",\"position\":1,\"name\":\"Home\",\"item\":\"https:\/\/www.pei.it\/cs\/\"},{\"@type\":\"ListItem\",\"position\":2,\"name\":\"STA\u017dEN\u00cd\"}]},{\"@type\":\"WebSite\",\"@id\":\"https:\/\/www.pei.it\/cs\/#website\",\"url\":\"https:\/\/www.pei.it\/cs\/\",\"name\":\"PEI\",\"description\":\"Protezioni per macchine utensili, avvolgibili, telescopiche\",\"potentialAction\":[{\"@type\":\"SearchAction\",\"target\":{\"@type\":\"EntryPoint\",\"urlTemplate\":\"https:\/\/www.pei.it\/cs\/?s={search_term_string}\"},\"query-input\":{\"@type\":\"PropertyValueSpecification\",\"valueRequired\":true,\"valueName\":\"search_term_string\"}}],\"inLanguage\":\"cs\"}]}<\/script>\n<!-- \/ Yoast SEO plugin. -->","yoast_head_json":{"title":"STA\u017dEN\u00cd - PEI","description":"Technick\u00e1 dokumentace k produkt\u016fm PEI, dotazn\u00edky pro konfiguraci teleskopick\u00fdch kryt\u016f, ve\u0161ker\u00e9 dokumenty PEI ke sta\u017een\u00ed ve form\u00e1tu PDF","robots":{"index":"index","follow":"follow","max-snippet":"max-snippet:-1","max-image-preview":"max-image-preview:large","max-video-preview":"max-video-preview:-1"},"canonical":"https:\/\/www.pei.it\/cs\/stazeni\/","og_locale":"cs_CZ","og_type":"article","og_title":"STA\u017dEN\u00cd - PEI","og_description":"Technick\u00e1 dokumentace k produkt\u016fm PEI, dotazn\u00edky pro konfiguraci teleskopick\u00fdch kryt\u016f, ve\u0161ker\u00e9 dokumenty PEI ke sta\u017een\u00ed ve form\u00e1tu PDF","og_url":"https:\/\/www.pei.it\/cs\/stazeni\/","og_site_name":"PEI","article_modified_time":"2026-03-13T13:02:26+00:00","og_image":[{"width":16,"height":16,"url":"https:\/\/www.pei.it\/wp-content\/uploads\/2017\/08\/pdf_button.png","type":"image\/png"}],"twitter_card":"summary_large_image","twitter_misc":{"Odhadovan\u00e1 doba \u010dten\u00ed":"2 minuty"},"schema":{"@context":"https:\/\/schema.org","@graph":[{"@type":"WebPage","@id":"https:\/\/www.pei.it\/cs\/stazeni\/","url":"https:\/\/www.pei.it\/cs\/stazeni\/","name":"STA\u017dEN\u00cd - PEI","isPartOf":{"@id":"https:\/\/www.pei.it\/cs\/#website"},"primaryImageOfPage":{"@id":"https:\/\/www.pei.it\/cs\/stazeni\/#primaryimage"},"image":{"@id":"https:\/\/www.pei.it\/cs\/stazeni\/#primaryimage"},"thumbnailUrl":"https:\/\/www.pei.it\/wp-content\/uploads\/2017\/08\/pdf_button.png","datePublished":"2026-01-21T11:06:14+00:00","dateModified":"2026-03-13T13:02:26+00:00","description":"Technick\u00e1 dokumentace k produkt\u016fm PEI, dotazn\u00edky pro konfiguraci teleskopick\u00fdch kryt\u016f, ve\u0161ker\u00e9 dokumenty PEI ke sta\u017een\u00ed ve form\u00e1tu PDF","breadcrumb":{"@id":"https:\/\/www.pei.it\/cs\/stazeni\/#breadcrumb"},"inLanguage":"cs","potentialAction":[{"@type":"ReadAction","target":["https:\/\/www.pei.it\/cs\/stazeni\/"]}]},{"@type":"ImageObject","inLanguage":"cs","@id":"https:\/\/www.pei.it\/cs\/stazeni\/#primaryimage","url":"https:\/\/www.pei.it\/wp-content\/uploads\/2017\/08\/pdf_button.png","contentUrl":"https:\/\/www.pei.it\/wp-content\/uploads\/2017\/08\/pdf_button.png"},{"@type":"BreadcrumbList","@id":"https:\/\/www.pei.it\/cs\/stazeni\/#breadcrumb","itemListElement":[{"@type":"ListItem","position":1,"name":"Home","item":"https:\/\/www.pei.it\/cs\/"},{"@type":"ListItem","position":2,"name":"STA\u017dEN\u00cd"}]},{"@type":"WebSite","@id":"https:\/\/www.pei.it\/cs\/#website","url":"https:\/\/www.pei.it\/cs\/","name":"PEI","description":"Protezioni per macchine utensili, avvolgibili, telescopiche","potentialAction":[{"@type":"SearchAction","target":{"@type":"EntryPoint","urlTemplate":"https:\/\/www.pei.it\/cs\/?s={search_term_string}"},"query-input":{"@type":"PropertyValueSpecification","valueRequired":true,"valueName":"search_term_string"}}],"inLanguage":"cs"}]}},"_links":{"self":[{"href":"https:\/\/www.pei.it\/cs\/wp-json\/wp\/v2\/pages\/63829","targetHints":{"allow":["GET"]}}],"collection":[{"href":"https:\/\/www.pei.it\/cs\/wp-json\/wp\/v2\/pages"}],"about":[{"href":"https:\/\/www.pei.it\/cs\/wp-json\/wp\/v2\/types\/page"}],"author":[{"embeddable":true,"href":"https:\/\/www.pei.it\/cs\/wp-json\/wp\/v2\/users\/1"}],"replies":[{"embeddable":true,"href":"https:\/\/www.pei.it\/cs\/wp-json\/wp\/v2\/comments?post=63829"}],"version-history":[{"count":33,"href":"https:\/\/www.pei.it\/cs\/wp-json\/wp\/v2\/pages\/63829\/revisions"}],"predecessor-version":[{"id":64832,"href":"https:\/\/www.pei.it\/cs\/wp-json\/wp\/v2\/pages\/63829\/revisions\/64832"}],"wp:attachment":[{"href":"https:\/\/www.pei.it\/cs\/wp-json\/wp\/v2\/media?parent=63829"}],"curies":[{"name":"wp","href":"https:\/\/api.w.org\/{rel}","templated":true}]}}