{"id":21451,"date":"2021-06-21T09:27:19","date_gmt":"2021-06-21T09:27:19","guid":{"rendered":"\/home\/"},"modified":"2026-03-26T08:31:49","modified_gmt":"2026-03-26T08:31:49","slug":"home","status":"publish","type":"page","link":"https:\/\/www.pei.it\/de\/","title":{"rendered":"Home"},"content":{"rendered":"<div class=\"wpb-content-wrapper\">[vc_row element_id=&#8220;660103&#8243; el_class=&#8220;blue-cards&#8220;][vc_column animation_delay=&#8220;0&#8243; width=&#8220;1\/3&#8243; element_id=&#8220;75557&#8243; css=&#8220;.vc_custom_1626277691837{background-color: #b8e1fe !important;}&#8220; crp=&#8220;480:i:i,480-768:i:i,768-1024:i:i,1024-1280:i:i,1280-1366:i:i,1366-1600:i:i,1600-1920:i:i&#8220;][vc_column_text animation_delay=&#8220;0&#8243; css=&#8220;&#8220;]\n<h3 style=\"text-align: center;\"><span style=\"color: #2990d8;\">Innovation<\/span><\/h3>\n<p style=\"text-align: center;\"><span style=\"color: #2990d8;\">Forschung und technologische Innovation sind die Grundlagen von PEI.<br \/>\nDie Schutzabdeckungen von PEI bieten an Kundenbed\u00fcrfnisse angepasste, ma\u00dfgeschneiderte technische L\u00f6sungen.<\/span><\/p>\n[\/vc_column_text][\/vc_column][vc_column animation_delay=&#8220;0&#8243; width=&#8220;1\/3&#8243; element_id=&#8220;608196&#8243; css=&#8220;.vc_custom_1626277436061{background-color: #2990d8 !important;}&#8220; crp=&#8220;480:i:i,480-768:i:i,768-1024:i:i,1024-1280:i:i,1280-1366:i:i,1366-1600:i:i,1600-1920:i:i&#8220;][vc_column_text animation_delay=&#8220;0&#8243; css=&#8220;&#8220;]\n<h3 style=\"text-align: center;\"><span style=\"color: #ffffff;\">Qualit\u00e4t<\/span><\/h3>\n<p style=\"text-align: center;\"><span style=\"color: #ffffff;\">PEI k\u00fcmmert sich um den gesamten Prozess, angefangen vom gemeinsamen Entwurf mit dem Kunden bis hin zum optimalen Schutz f\u00fcr Mensch und Maschine.<\/span><\/p>\n[\/vc_column_text][\/vc_column][vc_column animation_delay=&#8220;0&#8243; width=&#8220;1\/3&#8243; element_id=&#8220;98034&#8243; css=&#8220;.vc_custom_1626277703991{background-color: #b8e1fe !important;}&#8220; crp=&#8220;480:i:i,480-768:i:i,768-1024:i:i,1024-1280:i:i,1280-1366:i:i,1366-1600:i:i,1600-1920:i:i&#8220;][vc_column_text animation_delay=&#8220;0&#8243; css=&#8220;&#8220;]\n<h3 style=\"text-align: center;\"><span style=\"color: #2990d8;\">Komplettes Sortiment<\/span><\/h3>\n<p style=\"text-align: center;\"><span style=\"color: #2990d8;\">PEI bietet das einzige vollst\u00e4ndige Sortiment an Schutzabdeckungen<br \/>\nauf dem Markt.<br \/>\nWir sind in der Lage, Ersatzteile f\u00fcr jede Art von Werkzeugmaschine zu entwerfen, herzustellen<br \/>\nund zu vertreiben.<\/span><\/p>\n[\/vc_column_text][\/vc_column][\/vc_row][vc_row full_width=&#8220;stretch_row_content&#8220; element_id=&#8220;961815&#8243;][vc_column animation_delay=&#8220;0&#8243; element_id=&#8220;42626&#8243; crp=&#8220;480:i:i,480-768:i:i,768-1024:i:i,1024-1280:i:i,1280-1366:i:i,1366-1600:i:i,1600-1920:i:i&#8220;][vc_column_text animation_delay=&#8220;0&#8243; css=&#8220;.vc_custom_1631700811043{border-bottom-width: 50px !important;padding-bottom: 50px !important;}&#8220;]\n<h4 style=\"text-align: center;\"><span class=\"et-font-size\" data-fontsize=\"32px\" data-lineheight=\"10px\">Willkommen in der Welt von PEI:<\/span><\/h4>\n<p style=\"text-align: center;\"><span class=\"et-font-size\" data-fontsize=\"20px\" data-lineheight=\"10px\">Einem der weltweit f\u00fchrenden Hersteller dynamischer Maschinen-Schutzabdeckungen<\/span>\n[\/vc_column_text][\/vc_column][\/vc_row][vc_row full_width=&#8220;stretch_row_content&#8220; element_id=&#8220;671499&#8243; css=&#8220;.vc_custom_1626438755899{padding-top: 10px !important;}&#8220; el_class=&#8220;full-width product-cards&#8220;][vc_column animation_delay=&#8220;0&#8243; element_id=&#8220;736157&#8243; el_class=&#8220;prodotti&#8220; crp=&#8220;480:i:i,480-768:i:i,768-1024:i:i,1024-1280:i:i,1280-1366:i:i,1366-1600:i:i,1600-1920:i:i&#8220;]<div id=\"et-carousel-1\" class=\"et-carousel owl-carousel et-item-set effect-none navigation-only-dottes\" data-autoplay=\"false\" data-columns=\"3\" data-gap=\"24\"><div class=\"et-carousel-item et-item et-clearfix\">[vc_single_image image=&#8220;64840&#8243; img_size=&#8220;500&#215;500&#8243; alignment=&#8220;center&#8220; css=&#8220;&#8220;][vc_column_text animation_delay=&#8220;0&#8243;]\n<h4>TELESKOPABDECKUNGEN<\/h4>\n[\/vc_column_text][vc_btn title=&#8220;Finde mehr heraus&#8220; style=&#8220;custom&#8220; custom_background=&#8220;#e34529&#8243; custom_text=&#8220;#ffffff&#8220; shape=&#8220;round&#8220; size=&#8220;sm&#8220; link=&#8220;url:https%3A%2F%2Fwww.pei.it%2Fde%2FTELESKOPABDECKUNGEN|title:TELESKOPABDECKUNGEN&#8220; el_class=&#8220;round_button&#8220;]<\/div><div class=\"et-carousel-item et-item et-clearfix\">[vc_single_image image=&#8220;24702&#8243; img_size=&#8220;500&#215;500&#8243;][vc_column_text animation_delay=&#8220;0&#8243;]\n<h4>ROLLOABDECKUNGEN<\/h4>\n[\/vc_column_text][vc_btn title=&#8220;Finde mehr heraus&#8220; style=&#8220;custom&#8220; custom_background=&#8220;#e34529&#8243; custom_text=&#8220;#ffffff&#8220; shape=&#8220;round&#8220; link=&#8220;url:https%3A%2F%2Fwww.pei.it%2Fde%2Frolloabdeckungen|title:Rolloabdeckungen&#8220; el_class=&#8220;round_button&#8220;]<\/div><div class=\"et-carousel-item et-item et-clearfix\">[vc_single_image image=&#8220;24782&#8243; img_size=&#8220;500&#215;500&#8243;][vc_column_text animation_delay=&#8220;0&#8243;]\n<h4>MOTOR ROLL-UP COVER<\/h4>\n[\/vc_column_text][vc_btn title=&#8220;Finde mehr heraus&#8220; style=&#8220;custom&#8220; custom_background=&#8220;#e34529&#8243; custom_text=&#8220;#ffffff&#8220; shape=&#8220;round&#8220; link=&#8220;url:https%3A%2F%2Fwww.pei.it%2Fde%2Fprodukte%2Fabdeckschuerzen-mit-motor-fuer-den-vertikalen-einsatz%2F|title:MOTOR%20ROLL-UP%20COVER&#8220; el_class=&#8220;round_button&#8220;]<\/div><div class=\"et-carousel-item et-item et-clearfix\">[vc_single_image image=&#8220;24742&#8243; img_size=&#8220;500&#215;500&#8243;][vc_column_text animation_delay=&#8220;0&#8243;]\n<h4>FALTENB\u00c4LGE<\/h4>\n[\/vc_column_text][vc_btn title=&#8220;Finde mehr heraus&#8220; style=&#8220;custom&#8220; custom_background=&#8220;#e34529&#8243; custom_text=&#8220;#ffffff&#8220; shape=&#8220;round&#8220; link=&#8220;url:https%3A%2F%2Fwww.pei.it%2Fde%2Ffaltenbaelge%2F|title:FALTENB%C3%84LGE&#8220; el_class=&#8220;round_button&#8220;]<\/div><div class=\"et-carousel-item et-item et-clearfix\">[vc_single_image image=&#8220;24726&#8243; img_size=&#8220;500&#215;500&#8243;][vc_column_text animation_delay=&#8220;0&#8243;]\n<h4>RUNDE FALTENBA\u0308LGE<\/h4>\n[\/vc_column_text][vc_btn title=&#8220;Finde mehr heraus&#8220; style=&#8220;custom&#8220; custom_background=&#8220;#e34529&#8243; custom_text=&#8220;#ffffff&#8220; shape=&#8220;round&#8220; link=&#8220;url:https%3A%2F%2Fwww.pei.it%2Fde%2Fprodukte%2Fthermogeschweisste-dichte-rundfaltenbaelge%2F|title:Runde%20Faltenb%C3%A4lge%2C%20gen%C3%A4ht&#8220; el_class=&#8220;round_button&#8220;]<\/div><div class=\"et-carousel-item et-item et-clearfix\">[vc_single_image image=&#8220;24718&#8243; img_size=&#8220;500&#215;500&#8243;][vc_column_text animation_delay=&#8220;0&#8243;]\n<h4>ABDECKUNGSSYSTEME<\/h4>\n[\/vc_column_text][vc_btn title=&#8220;Finde mehr heraus&#8220; style=&#8220;custom&#8220; custom_background=&#8220;#e34529&#8243; custom_text=&#8220;#ffffff&#8220; shape=&#8220;round&#8220; css=&#8220;&#8220; link=&#8220;url:https%3A%2F%2Fwww.pei.it%2Fde%2Fx-y-abdeckungssysteme%2F|title:X-Y%20Abdeckungssystem|target:_blank&#8220; el_class=&#8220;round_button&#8220;]<\/div><div class=\"et-carousel-item et-item et-clearfix\">[vc_single_image image=&#8220;24774&#8243; img_size=&#8220;500&#215;500&#8243;][vc_column_text animation_delay=&#8220;0&#8243;]\n<h4>WAVE SKY<\/h4>\n[\/vc_column_text][vc_btn title=&#8220;Finde mehr heraus&#8220; style=&#8220;custom&#8220; custom_background=&#8220;#e34529&#8243; custom_text=&#8220;#ffffff&#8220; shape=&#8220;round&#8220; link=&#8220;url:https%3A%2F%2Fwww.pei.it%2Fde%2Ffaltdachabdeckung|title:WAVE%20SKY&#8220; el_class=&#8220;round_button&#8220;]<\/div><div class=\"et-carousel-item et-item et-clearfix\">[vc_single_image image=&#8220;24710&#8243; img_size=&#8220;500&#215;500&#8243;][vc_column_text animation_delay=&#8220;0&#8243;]\n<h4>FU\u0308HRUNGSBAHNABSTREIFER<\/h4>\n[\/vc_column_text][vc_btn title=&#8220;Finde mehr heraus&#8220; style=&#8220;custom&#8220; custom_background=&#8220;#e34529&#8243; custom_text=&#8220;#ffffff&#8220; shape=&#8220;round&#8220; link=&#8220;url:%2Ffuehrungsbahnabstreifer-und-abstreifbuersten|title:Profilierte%20F%C3%BChrungsbahnabstreifer&#8220; el_class=&#8220;round_button&#8220;]<\/div><\/div>[\/vc_column][\/vc_row][vc_row full_width=&#8220;stretch_row_content&#8220; element_id=&#8220;548137&#8243;][vc_column animation_delay=&#8220;0&#8243; element_id=&#8220;42626&#8243; crp=&#8220;480:i:i,480-768:i:i,768-1024:i:i,1024-1280:i:i,1280-1366:i:i,1366-1600:i:i,1600-1920:i:i&#8220;][vc_separator css=&#8220;.vc_custom_1626445456959{padding-top: 25px !important;}&#8220;][vc_column_text animation_delay=&#8220;0&#8243; css=&#8220;.vc_custom_1627288200019{border-bottom-width: 50px !important;padding-bottom: 50px !important;}&#8220;]\n<h4 style=\"text-align: center;\">Highlights<\/h4>\n[\/vc_column_text][\/vc_column][\/vc_row][vc_row full_width=&#8220;stretch_row_content&#8220; content_placement=&#8220;middle&#8220; css_animation=&#8220;fadeInLeftBig&#8220; element_id=&#8220;816721&#8243; css=&#8220;.vc_custom_1633420324203{border-top-width: 50px !important;border-bottom-width: 50px !important;padding-top: 50px !important;padding-bottom: 50px !important;background-color: #ededed !important;}&#8220; el_class=&#8220;full-width video-row&#8220;][vc_column animation_delay=&#8220;0&#8243; width=&#8220;1\/2&#8243; element_id=&#8220;27004&#8243; crp=&#8220;480:i:i,480-768:i:i,768-1024:i:i,1024-1280:i:i,1280-1366:i:i,1366-1600:i:i,1600-1920:i:i&#8220;][vc_video link=&#8220;https:\/\/youtu.be\/_MV4b_AgLTM?rel=0&#8243;][\/vc_column][vc_column width=&#8220;1\/2&#8243;][vc_column_text animation_delay=&#8220;0&#8243;]\n<h2>UNIQUE STEEL COVER EVO<\/h2>\n<h3>Das neue superleichte Faltenbalgsystem<\/h3>\n[\/vc_column_text][vc_btn title=&#8220;Finde mehr heraus&#8220; style=&#8220;custom&#8220; custom_background=&#8220;#e34529&#8243; custom_text=&#8220;#ffffff&#8220; shape=&#8220;round&#8220; css=&#8220;.vc_custom_1646218828946{padding-top: 25px !important;}&#8220; link=&#8220;url:https%3A%2F%2Fwww.pei.it%2Fde%2Fprodukte%2Fx-y-lamellenabdeckung%2F|title:UNIQUE%20STEEL%20COVER&#8220; el_class=&#8220;round_button&#8220;][\/vc_column][\/vc_row][vc_row full_width=&#8220;stretch_row_content&#8220; element_id=&#8220;961815&#8243;][vc_column animation_delay=&#8220;0&#8243; element_id=&#8220;42626&#8243; crp=&#8220;480:i:i,480-768:i:i,768-1024:i:i,1024-1280:i:i,1280-1366:i:i,1366-1600:i:i,1600-1920:i:i&#8220;][vc_separator css=&#8220;.vc_custom_1623077758788{padding-top: 50px !important;}&#8220;][vc_column_text animation_delay=&#8220;0&#8243; css=&#8220;.vc_custom_1761832005333{border-bottom-width: 50px !important;padding-bottom: 50px !important;}&#8220;]\n<h4 style=\"text-align: center;\">Bevorstehende Veranstaltungen und Messen<\/h4>\n<p style=\"text-align: center;\">PEI entwickelt sich st\u00e4ndig weiter: Lesen Sie die <a href=\"https:\/\/www.pei.it\/de\/category\/aktuelles\/presse-de\/pressemitteilungen\/\" target=\"_blank\" rel=\"noopener\">News<\/a> \u00fcber die kontinuierliche Innovation bei den dynamischen Schutzverkleidungen.<\/p>\n[\/vc_column_text]<div class=\"fiere\"><a href=\"https:\/\/www.pei.it\/de\/aktuelles\/messen\/intertool-2026\/\" class=\"card\"><img loading=\"lazy\" decoding=\"async\" src=\"https:\/\/www.pei.it\/wp-content\/uploads\/2026\/02\/fiera-Intertool-2026_home.png\"\/><div class=\"excerpt\"><p><bold>INTERTOOL 2026<\/bold><br>21 - 24 \/ 04 \/ 2026<br>Wels -  AUSTRIA<\/p><\/div><\/a><\/div>[\/vc_column][\/vc_row][vc_row][vc_column][vc_separator css=&#8220;.vc_custom_1623077758788{padding-top: 50px !important;}&#8220;][vc_column_text animation_delay=&#8220;0&#8243; css=&#8220;.vc_custom_1767877539160{border-bottom-width: 50px !important;padding-bottom: 50px !important;}&#8220;]\n<h2 style=\"text-align: center;\">Abonnieren Sie unseren Newsletter<\/h2>\n<p style=\"text-align: center;\">und erhalten Sie die neuesten Updates aus der Welt von PEI!<\/p>\n<p><iframe src=\"https:\/\/marketing.pei.it\/subscribe-frame\/compact?lang=de\"><\/iframe>[\/vc_column_text][\/vc_column][\/vc_row]\n<\/div>","protected":false},"excerpt":{"rendered":"<p>[vc_row element_id=&#8220;660103&#8243; el_class=&#8220;blue-cards&#8220;][vc_column animation_delay=&#8220;0&#8243; width=&#8220;1\/3&#8243; element_id=&#8220;75557&#8243; css=&#8220;.vc_custom_1626277691837{background-color: #b8e1fe !important;}&#8220; crp=&#8220;480:i:i,480-768:i:i,768-1024:i:i,1024-1280:i:i,1280-1366:i:i,1366-1600:i:i,1600-1920:i:i&#8220;][vc_column_text animation_delay=&#8220;0&#8243; css=&#8220;&#8220;] Innovation Forschung und technologische Innovation sind die Grundlagen von PEI. Die Schutzabdeckungen von PEI bieten an Kundenbed\u00fcrfnisse angepasste, ma\u00dfgeschneiderte technische L\u00f6sungen. [\/vc_column_text][\/vc_column][vc_column animation_delay=&#8220;0&#8243; width=&#8220;1\/3&#8243; element_id=&#8220;608196&#8243; css=&#8220;.vc_custom_1626277436061{background-color: #2990d8 !important;}&#8220; crp=&#8220;480:i:i,480-768:i:i,768-1024:i:i,1024-1280:i:i,1280-1366:i:i,1366-1600:i:i,1600-1920:i:i&#8220;][vc_column_text animation_delay=&#8220;0&#8243; css=&#8220;&#8220;] Qualit\u00e4t PEI k\u00fcmmert sich um den gesamten Prozess, angefangen vom gemeinsamen Entwurf [&hellip;]<\/p>\n","protected":false},"author":1,"featured_media":0,"parent":0,"menu_order":0,"comment_status":"closed","ping_status":"closed","template":"page_home.php","meta":{"_acf_changed":false,"footnotes":""},"class_list":["post-21451","page","type-page","status-publish","hentry"],"acf":[],"yoast_head":"<!-- This site is optimized with the Yoast SEO plugin v26.9 - https:\/\/yoast.com\/product\/yoast-seo-wordpress\/ -->\n<title>Schutzabdeckungen f\u00fcr Werkzeugmaschinen, Teleskopabdeckungen - PEI<\/title>\n<meta name=\"description\" content=\"Der PEI - Schutzvorrichtungen f\u00fcr Werkzeugmaschinen, Teleskopvorrichtungen, Rollos f\u00fcr Drehmaschinen, Rund- und Flachb\u00e4lge\" \/>\n<meta name=\"robots\" content=\"index, follow, max-snippet:-1, max-image-preview:large, max-video-preview:-1\" \/>\n<link rel=\"canonical\" href=\"https:\/\/www.pei.it\/de\/\" \/>\n<meta property=\"og:locale\" content=\"de_DE\" \/>\n<meta property=\"og:type\" content=\"article\" \/>\n<meta property=\"og:title\" content=\"Schutzabdeckungen f\u00fcr Werkzeugmaschinen, Teleskopabdeckungen - PEI\" \/>\n<meta property=\"og:description\" content=\"Der PEI - Schutzvorrichtungen f\u00fcr Werkzeugmaschinen, Teleskopvorrichtungen, Rollos f\u00fcr Drehmaschinen, Rund- und Flachb\u00e4lge\" \/>\n<meta property=\"og:url\" content=\"https:\/\/www.pei.it\/de\/\" \/>\n<meta property=\"og:site_name\" content=\"PEI\" \/>\n<meta property=\"article:modified_time\" content=\"2026-03-26T08:31:49+00:00\" \/>\n<meta name=\"twitter:card\" content=\"summary_large_image\" \/>\n<meta name=\"twitter:label1\" content=\"Gesch\u00e4tzte Lesezeit\" \/>\n\t<meta name=\"twitter:data1\" content=\"3\u00a0Minuten\" \/>\n<script type=\"application\/ld+json\" class=\"yoast-schema-graph\">{\"@context\":\"https:\/\/schema.org\",\"@graph\":[{\"@type\":\"WebPage\",\"@id\":\"https:\/\/www.pei.it\/de\/\",\"url\":\"https:\/\/www.pei.it\/de\/\",\"name\":\"Schutzabdeckungen f\u00fcr Werkzeugmaschinen, Teleskopabdeckungen - PEI\",\"isPartOf\":{\"@id\":\"https:\/\/www.pei.it\/de\/#website\"},\"datePublished\":\"2021-06-21T09:27:19+00:00\",\"dateModified\":\"2026-03-26T08:31:49+00:00\",\"description\":\"Der PEI - Schutzvorrichtungen f\u00fcr Werkzeugmaschinen, Teleskopvorrichtungen, Rollos f\u00fcr Drehmaschinen, Rund- und Flachb\u00e4lge\",\"breadcrumb\":{\"@id\":\"https:\/\/www.pei.it\/de\/#breadcrumb\"},\"inLanguage\":\"de\",\"potentialAction\":[{\"@type\":\"ReadAction\",\"target\":[\"https:\/\/www.pei.it\/de\/\"]}]},{\"@type\":\"BreadcrumbList\",\"@id\":\"https:\/\/www.pei.it\/de\/#breadcrumb\",\"itemListElement\":[{\"@type\":\"ListItem\",\"position\":1,\"name\":\"Home\",\"item\":\"https:\/\/www.pei.it\/de\/\"},{\"@type\":\"ListItem\",\"position\":2,\"name\":\"Home\"}]},{\"@type\":\"WebSite\",\"@id\":\"https:\/\/www.pei.it\/de\/#website\",\"url\":\"https:\/\/www.pei.it\/de\/\",\"name\":\"PEI\",\"description\":\"Protezioni per macchine utensili, avvolgibili, telescopiche\",\"potentialAction\":[{\"@type\":\"SearchAction\",\"target\":{\"@type\":\"EntryPoint\",\"urlTemplate\":\"https:\/\/www.pei.it\/de\/?s={search_term_string}\"},\"query-input\":{\"@type\":\"PropertyValueSpecification\",\"valueRequired\":true,\"valueName\":\"search_term_string\"}}],\"inLanguage\":\"de\"}]}<\/script>\n<!-- \/ Yoast SEO plugin. -->","yoast_head_json":{"title":"Schutzabdeckungen f\u00fcr Werkzeugmaschinen, Teleskopabdeckungen - PEI","description":"Der PEI - Schutzvorrichtungen f\u00fcr Werkzeugmaschinen, Teleskopvorrichtungen, Rollos f\u00fcr Drehmaschinen, Rund- und Flachb\u00e4lge","robots":{"index":"index","follow":"follow","max-snippet":"max-snippet:-1","max-image-preview":"max-image-preview:large","max-video-preview":"max-video-preview:-1"},"canonical":"https:\/\/www.pei.it\/de\/","og_locale":"de_DE","og_type":"article","og_title":"Schutzabdeckungen f\u00fcr Werkzeugmaschinen, Teleskopabdeckungen - PEI","og_description":"Der PEI - Schutzvorrichtungen f\u00fcr Werkzeugmaschinen, Teleskopvorrichtungen, Rollos f\u00fcr Drehmaschinen, Rund- und Flachb\u00e4lge","og_url":"https:\/\/www.pei.it\/de\/","og_site_name":"PEI","article_modified_time":"2026-03-26T08:31:49+00:00","twitter_card":"summary_large_image","twitter_misc":{"Gesch\u00e4tzte Lesezeit":"3\u00a0Minuten"},"schema":{"@context":"https:\/\/schema.org","@graph":[{"@type":"WebPage","@id":"https:\/\/www.pei.it\/de\/","url":"https:\/\/www.pei.it\/de\/","name":"Schutzabdeckungen f\u00fcr Werkzeugmaschinen, Teleskopabdeckungen - PEI","isPartOf":{"@id":"https:\/\/www.pei.it\/de\/#website"},"datePublished":"2021-06-21T09:27:19+00:00","dateModified":"2026-03-26T08:31:49+00:00","description":"Der PEI - Schutzvorrichtungen f\u00fcr Werkzeugmaschinen, Teleskopvorrichtungen, Rollos f\u00fcr Drehmaschinen, Rund- und Flachb\u00e4lge","breadcrumb":{"@id":"https:\/\/www.pei.it\/de\/#breadcrumb"},"inLanguage":"de","potentialAction":[{"@type":"ReadAction","target":["https:\/\/www.pei.it\/de\/"]}]},{"@type":"BreadcrumbList","@id":"https:\/\/www.pei.it\/de\/#breadcrumb","itemListElement":[{"@type":"ListItem","position":1,"name":"Home","item":"https:\/\/www.pei.it\/de\/"},{"@type":"ListItem","position":2,"name":"Home"}]},{"@type":"WebSite","@id":"https:\/\/www.pei.it\/de\/#website","url":"https:\/\/www.pei.it\/de\/","name":"PEI","description":"Protezioni per macchine utensili, avvolgibili, telescopiche","potentialAction":[{"@type":"SearchAction","target":{"@type":"EntryPoint","urlTemplate":"https:\/\/www.pei.it\/de\/?s={search_term_string}"},"query-input":{"@type":"PropertyValueSpecification","valueRequired":true,"valueName":"search_term_string"}}],"inLanguage":"de"}]}},"_links":{"self":[{"href":"https:\/\/www.pei.it\/de\/wp-json\/wp\/v2\/pages\/21451","targetHints":{"allow":["GET"]}}],"collection":[{"href":"https:\/\/www.pei.it\/de\/wp-json\/wp\/v2\/pages"}],"about":[{"href":"https:\/\/www.pei.it\/de\/wp-json\/wp\/v2\/types\/page"}],"author":[{"embeddable":true,"href":"https:\/\/www.pei.it\/de\/wp-json\/wp\/v2\/users\/1"}],"replies":[{"embeddable":true,"href":"https:\/\/www.pei.it\/de\/wp-json\/wp\/v2\/comments?post=21451"}],"version-history":[{"count":1,"href":"https:\/\/www.pei.it\/de\/wp-json\/wp\/v2\/pages\/21451\/revisions"}],"predecessor-version":[{"id":64846,"href":"https:\/\/www.pei.it\/de\/wp-json\/wp\/v2\/pages\/21451\/revisions\/64846"}],"wp:attachment":[{"href":"https:\/\/www.pei.it\/de\/wp-json\/wp\/v2\/media?parent=21451"}],"curies":[{"name":"wp","href":"https:\/\/api.w.org\/{rel}","templated":true}]}}