{"id":27995,"date":"2021-09-07T09:08:07","date_gmt":"2021-09-07T09:08:07","guid":{"rendered":"https:\/\/www.pei.it\/unternehmen\/metallbau\/"},"modified":"2023-06-30T06:39:59","modified_gmt":"2023-06-30T06:39:59","slug":"zimmerei","status":"publish","type":"page","link":"https:\/\/www.pei.it\/de\/unternehmen-pei\/zimmerei\/","title":{"rendered":"AUTOMATISIERUNGSTECHNIK"},"content":{"rendered":"<div class=\"wpb-content-wrapper\">[vc_row][vc_column width=&#8220;1\/2&#8243;][vc_column_text animation_delay=&#8220;0&#8243;]Zanini Srl fertigt Pr\u00e4zisions-Metallprodukte f\u00fcr die Bahn-, Schiffs- und Verpackungsindustrie.<br \/>\nMit seinen extrem hochwertigen und pr\u00e4zisen computergesteuerten Maschinen hat sich das Unternehmen f\u00fcr Strukturschwei\u00dfarbeiten und Schwei\u00dfarbeiten im Eisenbahnsektor zertifiziert.[\/vc_column_text][\/vc_column][vc_column width=&#8220;1\/2&#8243;][vc_images_carousel images=&#8220;25935,25879,25887,25895,26036&#8243; img_size=&#8220;full&#8220; onclick=&#8220;link_no&#8220; hide_prev_next_buttons=&#8220;yes&#8220;][\/vc_column][\/vc_row][vc_row][vc_column]<h2 class=\"et-heading text-align-left tablet-text-align-inherit mobile-text-align-inherit animate-false no-animation-type\" id=\"et-heading-995354\" data-delay=\"0\" data-mobile-font=\"inherit\" data-mobile-line-height=\"inherit\" data-tablet-landscape-font=\"inherit\" data-tablet-portrait-font=\"inherit\" data-tablet-landscape-line-height=\"inherit\" data-tablet-portrait-line-height=\"inherit\" data-parallax=\"false\" data-move=\"false\" data-coordinatex=\"0\" data-coordinatey=\"0\" data-speed=\"10\"><span class=\"text-wrapper\"><span class=\"text\">ZERTIFIZIERUNGEN<\/span><\/span><\/h2>[vc_single_image image=&#8220;26220&#8243; img_size=&#8220;full&#8220;][\/vc_column][\/vc_row][vc_row element_id=&#8220;975896&#8243; css=&#8220;.vc_custom_1628084016432{border-top-width: 1px !important;border-right-width: 1px !important;border-bottom-width: 1px !important;border-left-width: 1px !important;padding-top: 50px !important;padding-right: 10px !important;padding-bottom: 50px !important;padding-left: 10px !important;border-left-color: #bfbfbf !important;border-left-style: solid !important;border-right-color: #bfbfbf !important;border-right-style: solid !important;border-top-color: #bfbfbf !important;border-top-style: solid !important;border-bottom-color: #bfbfbf !important;border-bottom-style: solid !important;}&#8220; el_class=&#8220;azienda-card&#8220;][vc_column width=&#8220;1\/3&#8243;][vc_single_image image=&#8220;25925&#8243; img_size=&#8220;full&#8220;][\/vc_column][vc_column width=&#8220;1\/3&#8243;][vc_column_text animation_delay=&#8220;0&#8243;]\n<h4>Kontakte<\/h4>\n<p>Firmensitz<br \/>\nVia Fratelli Rosselli, 1<br \/>\nZola Predosa (BO)<\/p>\n<p>Tel.: 051 6165 811<br \/>\nFax: 051 6161 841<br \/>\nE-mail:\u00a0<span id=\"cloak5bd8424b632b7ce0831f97c27900c450\"><a href=\"mailto:info@zaninisrl.net\">info@zaninisrl.net<\/a><\/span>[\/vc_column_text][\/vc_column][vc_column width=&#8220;1\/3&#8243;][vc_column_text animation_delay=&#8220;0&#8243;]\n<h4>Dienstleistungen<\/h4>\n<p>Montage und \u00dcberwachung von Stanz- und Biegearbeiten<br \/>\nIndividuelle Kostenvoranschl\u00e4ge<br \/>\nLeichtmetallbau<br \/>\nLaserzuschnitt<br \/>\nZertifizierte Schwei\u00dfarbeiten[\/vc_column_text][\/vc_column][\/vc_row][vc_row element_id=&#8220;383590&#8243; el_class=&#8220;product-cards&#8220; el_id=&#8220;sinergie-carousel&#8220;][vc_column]<h2 class=\"et-heading text-align-center tablet-text-align-inherit mobile-text-align-inherit animate-false no-animation-type\" id=\"et-heading-992094\" data-delay=\"0\" data-mobile-font=\"inherit\" data-mobile-line-height=\"inherit\" data-tablet-landscape-font=\"inherit\" data-tablet-portrait-font=\"inherit\" data-tablet-landscape-line-height=\"inherit\" data-tablet-portrait-line-height=\"inherit\" data-parallax=\"false\" data-move=\"false\" data-coordinatex=\"0\" data-coordinatey=\"0\" data-speed=\"10\"><span class=\"text-wrapper\"><span class=\"text\">DIE SYNERGIEN DER P.E.I. \u2013 GRUPPE<\/span><\/span><\/h2><h5 class=\"et-heading text-align-center tablet-text-align-inherit mobile-text-align-inherit animate-false no-animation-type\" id=\"et-heading-831897\" data-delay=\"0\" data-mobile-font=\"inherit\" data-mobile-line-height=\"inherit\" data-tablet-landscape-font=\"inherit\" data-tablet-portrait-font=\"inherit\" data-tablet-landscape-line-height=\"inherit\" data-tablet-portrait-line-height=\"inherit\" data-parallax=\"false\" data-move=\"false\" data-coordinatex=\"0\" data-coordinatey=\"0\" data-speed=\"10\"><span class=\"text-wrapper\"><span class=\"text\">Innovation, Qualit\u00e4t und st\u00e4ndiges Augenmerk auf vern\u00fcnftige Verkaufspreise sind die treibenden Faktoren der P.E.I.-Gruppe, einem der Marktf\u00fchrer in Italien und Europa, wenn es um Schutzverkleidungen f\u00fcr Werkzeugmaschinen geht.<\/span><\/span><\/h5><div id=\"et-carousel-1\" class=\"et-carousel owl-carousel et-item-set effect-none navigation-only-dottes\" data-autoplay=\"false\" data-columns=\"3\" data-gap=\"24\"><div class=\"et-carousel-item et-item et-clearfix\">[vc_single_image image=&#8220;25042&#8243; img_size=&#8220;500&#215;500&#8243;][vc_column_text animation_delay=&#8220;0&#8243;]\n<h4>Dynamische Schutzabdekungen<\/h4>\n<p>Werkzeugmaschinen[\/vc_column_text][vc_btn title=&#8220;Finde mehr heraus&#8220; style=&#8220;custom&#8220; custom_background=&#8220;#e34529&#8243; custom_text=&#8220;#ffffff&#8220; shape=&#8220;round&#8220; size=&#8220;sm&#8220; link=&#8220;url:https%3A%2F%2Fwww.pei.it%2Fde%2Funternehmen%2F|&#8220;]<\/div><div class=\"et-carousel-item et-item et-clearfix\">[vc_single_image image=&#8220;25018&#8243; img_size=&#8220;500&#215;500&#8243; alignment=&#8220;center&#8220;][vc_column_text animation_delay=&#8220;0&#8243;]\n<h4>Faltenb\u00e4lge f\u00fcr Gelenkbusse<\/h4>\n<p>Automotive[\/vc_column_text][vc_btn title=&#8220;Finde mehr heraus&#8220; style=&#8220;custom&#8220; custom_background=&#8220;#e34529&#8243; custom_text=&#8220;#ffffff&#8220; shape=&#8220;round&#8220; size=&#8220;sm&#8220; link=&#8220;url:%2Fde%2Funternehmen%2Fautomobil-industrie%2F|title:AUTOMTIVE&#8220;]<\/div><div class=\"et-carousel-item et-item et-clearfix\">[vc_single_image image=&#8220;25026&#8243; img_size=&#8220;500&#215;500&#8243;][vc_column_text animation_delay=&#8220;0&#8243;]\n<h4>Schwing-u. Resonanzpr\u00fcfung<\/h4>\n<p>Ingenieurswesen[\/vc_column_text][vc_btn title=&#8220;Finde mehr heraus&#8220; style=&#8220;custom&#8220; custom_background=&#8220;#e34529&#8243; custom_text=&#8220;#ffffff&#8220; shape=&#8220;round&#8220; size=&#8220;sm&#8220; link=&#8220;url:https%3A%2F%2Fwww.pei.it%2Fde%2Funternehmen%2Fingenieurswesen%2F|title:INGENIEURSWESEN&#8220;]<\/div><div class=\"et-carousel-item et-item et-clearfix\">[vc_single_image image=&#8220;25034&#8243; img_size=&#8220;500&#215;500&#8243;][vc_column_text animation_delay=&#8220;0&#8243;]\n<h4>Freinbiechtechnik<\/h4>\n<p>Automatisierungstechnik[\/vc_column_text]<\/div><div class=\"et-carousel-item et-item et-clearfix\">[vc_single_image image=&#8220;25050&#8243; img_size=&#8220;500&#215;500&#8243;][vc_column_text animation_delay=&#8220;0&#8243;]\n<h4>Einrichtungen<\/h4>\n<p>Medizin- u. Lebensmitteltechnik[\/vc_column_text][vc_btn title=&#8220;Finde mehr heraus&#8220; style=&#8220;custom&#8220; custom_background=&#8220;#e34529&#8243; custom_text=&#8220;#ffffff&#8220; shape=&#8220;round&#8220; size=&#8220;sm&#8220; link=&#8220;url:%2Fde%2Funternehmen%2Fmedizin-u-lebensmitteltechnik%2F|title:MEDIZIN-%20U.%20LEBENSMITTELTECHNIK&#8220;]<\/div><\/div>[\/vc_column][\/vc_row][vc_row element_id=&#8220;99814&#8243; el_class=&#8220;full-width&#8220; css=&#8220;.vc_custom_1627910593718{background-image: url(\/wp-content\/uploads\/2021\/07\/Immagine1.png?id=24463) !important;background-position: center !important;background-repeat: no-repeat !important;background-size: cover !important;}&#8220;][vc_column animation_delay=&#8220;0&#8243; element_id=&#8220;483745&#8243; crp=&#8220;480:i:i,480-768:i:i,768-1024:i:i,1024-1280:i:i,1280-1366:i:i,1366-1600:i:i,1600-1920:i:i&#8220; css=&#8220;.vc_custom_1627909291476{padding-top: 600px !important;}&#8220;][\/vc_column][\/vc_row]\n<\/div>","protected":false},"excerpt":{"rendered":"<p>[vc_row][vc_column width=&#8220;1\/2&#8243;][vc_column_text animation_delay=&#8220;0&#8243;]Zanini Srl fertigt Pr\u00e4zisions-Metallprodukte f\u00fcr die Bahn-, Schiffs- und Verpackungsindustrie. Mit seinen extrem hochwertigen und pr\u00e4zisen computergesteuerten Maschinen hat sich das Unternehmen f\u00fcr Strukturschwei\u00dfarbeiten und Schwei\u00dfarbeiten im Eisenbahnsektor zertifiziert.[\/vc_column_text][\/vc_column][vc_column width=&#8220;1\/2&#8243;][vc_images_carousel images=&#8220;25935,25879,25887,25895,26036&#8243; img_size=&#8220;full&#8220; onclick=&#8220;link_no&#8220; hide_prev_next_buttons=&#8220;yes&#8220;][\/vc_column][\/vc_row][vc_row][vc_column][vc_single_image image=&#8220;26220&#8243; img_size=&#8220;full&#8220;][\/vc_column][\/vc_row][vc_row element_id=&#8220;975896&#8243; css=&#8220;.vc_custom_1628084016432{border-top-width: 1px !important;border-right-width: 1px !important;border-bottom-width: 1px !important;border-left-width: 1px !important;padding-top: 50px !important;padding-right: 10px !important;padding-bottom: 50px !important;padding-left: 10px [&hellip;]<\/p>\n","protected":false},"author":1,"featured_media":0,"parent":24538,"menu_order":0,"comment_status":"closed","ping_status":"closed","template":"page_limpresa.php","meta":{"_acf_changed":false,"footnotes":""},"class_list":["post-27995","page","type-page","status-publish","hentry"],"acf":[],"yoast_head":"<!-- This site is optimized with the Yoast SEO plugin v26.9 - https:\/\/yoast.com\/product\/yoast-seo-wordpress\/ -->\n<title>Zimmerei, AUTOMATISIERUNGSTECHNIK - PEI<\/title>\n<meta name=\"description\" content=\"Zimmerei\" \/>\n<meta name=\"robots\" content=\"index, follow, max-snippet:-1, max-image-preview:large, max-video-preview:-1\" \/>\n<link rel=\"canonical\" href=\"https:\/\/www.pei.it\/de\/unternehmen-pei\/zimmerei\/\" \/>\n<meta property=\"og:locale\" content=\"de_DE\" \/>\n<meta property=\"og:type\" content=\"article\" \/>\n<meta property=\"og:title\" content=\"Zimmerei, AUTOMATISIERUNGSTECHNIK - PEI\" \/>\n<meta property=\"og:description\" content=\"Zimmerei\" \/>\n<meta property=\"og:url\" content=\"https:\/\/www.pei.it\/de\/unternehmen-pei\/zimmerei\/\" \/>\n<meta property=\"og:site_name\" content=\"PEI\" \/>\n<meta property=\"article:modified_time\" content=\"2023-06-30T06:39:59+00:00\" \/>\n<meta name=\"twitter:card\" content=\"summary_large_image\" \/>\n<meta name=\"twitter:label1\" content=\"Gesch\u00e4tzte Lesezeit\" \/>\n\t<meta name=\"twitter:data1\" content=\"2\u00a0Minuten\" \/>\n<script type=\"application\/ld+json\" class=\"yoast-schema-graph\">{\"@context\":\"https:\/\/schema.org\",\"@graph\":[{\"@type\":\"WebPage\",\"@id\":\"https:\/\/www.pei.it\/de\/unternehmen-pei\/zimmerei\/\",\"url\":\"https:\/\/www.pei.it\/de\/unternehmen-pei\/zimmerei\/\",\"name\":\"Zimmerei, AUTOMATISIERUNGSTECHNIK - PEI\",\"isPartOf\":{\"@id\":\"https:\/\/www.pei.it\/de\/#website\"},\"datePublished\":\"2021-09-07T09:08:07+00:00\",\"dateModified\":\"2023-06-30T06:39:59+00:00\",\"description\":\"Zimmerei\",\"breadcrumb\":{\"@id\":\"https:\/\/www.pei.it\/de\/unternehmen-pei\/zimmerei\/#breadcrumb\"},\"inLanguage\":\"de\",\"potentialAction\":[{\"@type\":\"ReadAction\",\"target\":[\"https:\/\/www.pei.it\/de\/unternehmen-pei\/zimmerei\/\"]}]},{\"@type\":\"BreadcrumbList\",\"@id\":\"https:\/\/www.pei.it\/de\/unternehmen-pei\/zimmerei\/#breadcrumb\",\"itemListElement\":[{\"@type\":\"ListItem\",\"position\":1,\"name\":\"\u0413\u043b\u0430\u0432\u043d\u0430\u044f \u0441\u0442\u0440\u0430\u043d\u0438\u0446\u0430\",\"item\":\"https:\/\/www.pei.it\/de\/\"},{\"@type\":\"ListItem\",\"position\":2,\"name\":\"Unternehmen PEI\",\"item\":\"https:\/\/www.pei.it\/de\/limpresa\/\"},{\"@type\":\"ListItem\",\"position\":3,\"name\":\"AUTOMATISIERUNGSTECHNIK\"}]},{\"@type\":\"WebSite\",\"@id\":\"https:\/\/www.pei.it\/de\/#website\",\"url\":\"https:\/\/www.pei.it\/de\/\",\"name\":\"PEI\",\"description\":\"Protezioni per macchine utensili, avvolgibili, telescopiche\",\"potentialAction\":[{\"@type\":\"SearchAction\",\"target\":{\"@type\":\"EntryPoint\",\"urlTemplate\":\"https:\/\/www.pei.it\/de\/?s={search_term_string}\"},\"query-input\":{\"@type\":\"PropertyValueSpecification\",\"valueRequired\":true,\"valueName\":\"search_term_string\"}}],\"inLanguage\":\"de\"}]}<\/script>\n<!-- \/ Yoast SEO plugin. -->","yoast_head_json":{"title":"Zimmerei, AUTOMATISIERUNGSTECHNIK - PEI","description":"Zimmerei","robots":{"index":"index","follow":"follow","max-snippet":"max-snippet:-1","max-image-preview":"max-image-preview:large","max-video-preview":"max-video-preview:-1"},"canonical":"https:\/\/www.pei.it\/de\/unternehmen-pei\/zimmerei\/","og_locale":"de_DE","og_type":"article","og_title":"Zimmerei, AUTOMATISIERUNGSTECHNIK - PEI","og_description":"Zimmerei","og_url":"https:\/\/www.pei.it\/de\/unternehmen-pei\/zimmerei\/","og_site_name":"PEI","article_modified_time":"2023-06-30T06:39:59+00:00","twitter_card":"summary_large_image","twitter_misc":{"Gesch\u00e4tzte Lesezeit":"2\u00a0Minuten"},"schema":{"@context":"https:\/\/schema.org","@graph":[{"@type":"WebPage","@id":"https:\/\/www.pei.it\/de\/unternehmen-pei\/zimmerei\/","url":"https:\/\/www.pei.it\/de\/unternehmen-pei\/zimmerei\/","name":"Zimmerei, AUTOMATISIERUNGSTECHNIK - PEI","isPartOf":{"@id":"https:\/\/www.pei.it\/de\/#website"},"datePublished":"2021-09-07T09:08:07+00:00","dateModified":"2023-06-30T06:39:59+00:00","description":"Zimmerei","breadcrumb":{"@id":"https:\/\/www.pei.it\/de\/unternehmen-pei\/zimmerei\/#breadcrumb"},"inLanguage":"de","potentialAction":[{"@type":"ReadAction","target":["https:\/\/www.pei.it\/de\/unternehmen-pei\/zimmerei\/"]}]},{"@type":"BreadcrumbList","@id":"https:\/\/www.pei.it\/de\/unternehmen-pei\/zimmerei\/#breadcrumb","itemListElement":[{"@type":"ListItem","position":1,"name":"\u0413\u043b\u0430\u0432\u043d\u0430\u044f \u0441\u0442\u0440\u0430\u043d\u0438\u0446\u0430","item":"https:\/\/www.pei.it\/de\/"},{"@type":"ListItem","position":2,"name":"Unternehmen PEI","item":"https:\/\/www.pei.it\/de\/limpresa\/"},{"@type":"ListItem","position":3,"name":"AUTOMATISIERUNGSTECHNIK"}]},{"@type":"WebSite","@id":"https:\/\/www.pei.it\/de\/#website","url":"https:\/\/www.pei.it\/de\/","name":"PEI","description":"Protezioni per macchine utensili, avvolgibili, telescopiche","potentialAction":[{"@type":"SearchAction","target":{"@type":"EntryPoint","urlTemplate":"https:\/\/www.pei.it\/de\/?s={search_term_string}"},"query-input":{"@type":"PropertyValueSpecification","valueRequired":true,"valueName":"search_term_string"}}],"inLanguage":"de"}]}},"_links":{"self":[{"href":"https:\/\/www.pei.it\/de\/wp-json\/wp\/v2\/pages\/27995","targetHints":{"allow":["GET"]}}],"collection":[{"href":"https:\/\/www.pei.it\/de\/wp-json\/wp\/v2\/pages"}],"about":[{"href":"https:\/\/www.pei.it\/de\/wp-json\/wp\/v2\/types\/page"}],"author":[{"embeddable":true,"href":"https:\/\/www.pei.it\/de\/wp-json\/wp\/v2\/users\/1"}],"replies":[{"embeddable":true,"href":"https:\/\/www.pei.it\/de\/wp-json\/wp\/v2\/comments?post=27995"}],"version-history":[{"count":0,"href":"https:\/\/www.pei.it\/de\/wp-json\/wp\/v2\/pages\/27995\/revisions"}],"up":[{"embeddable":true,"href":"https:\/\/www.pei.it\/de\/wp-json\/wp\/v2\/pages\/24538"}],"wp:attachment":[{"href":"https:\/\/www.pei.it\/de\/wp-json\/wp\/v2\/media?parent=27995"}],"curies":[{"name":"wp","href":"https:\/\/api.w.org\/{rel}","templated":true}]}}