{"id":28010,"date":"2021-09-07T09:48:20","date_gmt":"2021-09-07T09:48:20","guid":{"rendered":"https:\/\/www.pei.it\/unternehmen\/automobil-industrie\/"},"modified":"2023-07-15T06:24:36","modified_gmt":"2023-07-15T06:24:36","slug":"automotive","status":"publish","type":"page","link":"https:\/\/www.pei.it\/de\/unternehmen-pei\/automotive\/","title":{"rendered":"AUTOMOTIVE"},"content":{"rendered":"<div class=\"wpb-content-wrapper\">[vc_row][vc_column width=&#8220;1\/2&#8243;][vc_column_text animation_delay=&#8220;0&#8243;]PEI System for Transport ist eine Abteilung von PEI, die sich der Entwicklung, <strong>Herstellung und dem Vertrieb von L\u00f6sungen f\u00fcr Gelenkfahrzeuge widmet<\/strong>. Die langj\u00e4hrige Erfahrung im <strong>Gelenkbusbereich<\/strong> macht PEI-L\u00f6sungen in Verbindung mit der F\u00e4higkeit zur individuellen Produktanpassung auch f\u00fcr Sonderprojekte wie Stra\u00dfenbahnen, Einschienenbahnen und Passagierverbindungen im Luft- und Seeverkehr geeignet.[\/vc_column_text][\/vc_column][vc_column width=&#8220;1\/2&#8243;][vc_images_carousel images=&#8220;25961,25985,25969,25977,25993&#8243; img_size=&#8220;full&#8220; onclick=&#8220;link_no&#8220; hide_prev_next_buttons=&#8220;yes&#8220;][\/vc_column][\/vc_row][vc_row element_id=&#8220;377014&#8243;][vc_column]<h2 class=\"et-heading text-align-left tablet-text-align-inherit mobile-text-align-inherit animate-false no-animation-type\" id=\"et-heading-901329\" data-delay=\"0\" data-mobile-font=\"inherit\" data-mobile-line-height=\"inherit\" data-tablet-landscape-font=\"inherit\" data-tablet-portrait-font=\"inherit\" data-tablet-landscape-line-height=\"inherit\" data-tablet-portrait-line-height=\"inherit\" data-parallax=\"false\" data-move=\"false\" data-coordinatex=\"0\" data-coordinatey=\"0\" data-speed=\"10\"><span class=\"text-wrapper\"><span class=\"text\">ZERTIFIZIERUNGEN<\/span><\/span><\/h2>[vc_gallery type=&#8220;image_grid&#8220; images=&#8220;26086,26094,26102,26110,26118,26126,26134&#8243; img_size=&#8220;full&#8220; onclick=&#8220;custom_link&#8220; custom_links=&#8220;#E-8_JUEyJTdCJTVFJTlFJURGJUVFJUE2WiUxQXYlQ0YlRjYlRDNtJTdGJUQzJUNGJUY1JTA4RFMlMjAlMDQlQzUlRDclQkUlQkQlRDAyJTEzJTAzbTUlRjdOdSVEMiU5N18lRkYlMEElNUMlQTIlN0IlNUUlOUUlREYlRUUlQTZaJTFBdiVDRiVGNiVEM18lN0YlRDNvJUY2JTNDQiUwRCVBME0lRjUlRDclQ0Q2JUQzJTVFJUI0JUUzJUEwJUI1JUE1JUQ3JUZGJUMyJTk3JTI4JTlFJUQ3JUE3JUI3JUZCJUE5JTk2JTg2JTlEJUIzJUZEJUI0JUQ3JURGJUY0JURCJUZEJUMyeiVCQmJ+JTI3JTFBJUI2JThENyVEM19BJTNBJTk3XyVGRiUwQSU1QyVBMiU3QiU1RSU5RSVERiVFRSVBNlolMUF2JUNGJUY2JUQzXyU3RiVEM28lRjglMDhEUyUyMSUyMyVCRCVEM011JUVGJUFGdCUxOSUxMyU5NCUzQyU4NCVDMCVEQk0lN0QlRDMlOUR0JUE1JUQ3JUZGJUMyJTk3JTI4JTlFJUQ3JUE3JUI3JUZCJUE5JTk2JTg2JTlEJUIzJUZEJUI0JUQ3JURGJUY0JURCJUZFQiUxMSUxNCVDOEglRUZ0JUQzJTVEJTdCJUVCJUREJTAzJTIxMDYlRDNfdCVFNyU1RCUyOXUlRkYlRjAlQTUlQ0ElMjclQjUlRTklRUQlRkUlRUFlJUExJUE3bCVGRm01JUY3JUZENiVGRiVBMCU4NEUyJTEyJTNCJURENCVENyU1RSVGQSVGNyU0MCU4OEwlMEQlQjQlRDclREQ5JUQ3SiU1RCU3RiVGQyUyOXIlODklRUR6JTdCJTdGJUJBJTk5aGklREIlM0YlREJNJTdEJUZGTSVCRiVFQyUyMSUxMUwlODQlOEUlRjdNNSVENyVCRSVCRCVEMCUxMiUxMyUwM201JUY3TnUlRDIlOTdf&#8220;][\/vc_column][\/vc_row][vc_row element_id=&#8220;737255&#8243; css=&#8220;.vc_custom_1628083671643{border-top-width: 1px !important;border-right-width: 1px !important;border-bottom-width: 1px !important;border-left-width: 1px !important;padding-top: 50px !important;padding-right: 10px !important;padding-bottom: 50px !important;padding-left: 10px !important;border-left-color: #bfbfbf !important;border-left-style: solid !important;border-right-color: #bfbfbf !important;border-right-style: solid !important;border-top-color: #bfbfbf !important;border-top-style: solid !important;border-bottom-color: #bfbfbf !important;border-bottom-style: solid !important;}&#8220; el_class=&#8220;azienda-card&#8220;][vc_column width=&#8220;1\/3&#8243;][vc_single_image image=&#8220;26001&#8243; img_size=&#8220;full&#8220;][\/vc_column][vc_column width=&#8220;1\/3&#8243;][vc_column_text animation_delay=&#8220;0&#8243;]\n<h4>Kontakte<\/h4>\n<p>Via Torretta 32 &#8211; 32\/2 &#8211; 34 &#8211; 36<br \/>\n40012 Calderara di Reno<br \/>\nBologna &#8211; Italia<br \/>\nTel.: 051 6464811<br \/>\nFax: 051 6464840[\/vc_column_text][\/vc_column][vc_column width=&#8220;1\/3&#8243;][vc_column_text animation_delay=&#8220;0&#8243;]\n<h4>Dienstleistungen<\/h4>\n<p>Faltenb\u00e4lge<br \/>\nPiattaforma<br \/>\nGuida cavi<br \/>\nTelaio centrale e altri accessori per l&#8217;industria degli autobus articolati[\/vc_column_text][\/vc_column][\/vc_row][vc_row][vc_column][vc_single_image image=&#8220;26021&#8243; img_size=&#8220;full&#8220; alignment=&#8220;center&#8220;][\/vc_column][\/vc_row][vc_row element_id=&#8220;441826&#8243; css=&#8220;.vc_custom_1628083676364{border-top-width: 1px !important;border-right-width: 1px !important;border-bottom-width: 1px !important;border-left-width: 1px !important;padding-top: 50px !important;padding-right: 10px !important;padding-bottom: 50px !important;padding-left: 10px !important;border-left-color: #bfbfbf !important;border-left-style: solid !important;border-right-color: #bfbfbf !important;border-right-style: solid !important;border-top-color: #bfbfbf !important;border-top-style: solid !important;border-bottom-color: #bfbfbf !important;border-bottom-style: solid !important;}&#8220; el_class=&#8220;azienda-card&#8220;][vc_column width=&#8220;1\/3&#8243;][vc_single_image image=&#8220;26067&#8243; img_size=&#8220;full&#8220;][\/vc_column][vc_column width=&#8220;1\/3&#8243;][vc_column_text animation_delay=&#8220;0&#8243;]\n<h4>Kontakte<\/h4>\n<p>Ind\u00fastria de<br \/>\nSanfonas Ltda<br \/>\nRua Carlos Dreher Neto, 1980<br \/>\nRio Grande do Sul Pav 06<br \/>\n40012 BRASIL[\/vc_column_text][\/vc_column][vc_column width=&#8220;1\/3&#8243;][vc_column_text animation_delay=&#8220;0&#8243;]\n<h4>Dienstleistungen<\/h4>\n<p>Faltenb\u00e4lge<br \/>\nPiattaforma<br \/>\nGuida cavi<br \/>\nTelaio centrale e altri accessori per l&#8217;industria degli autobus articolati[\/vc_column_text][\/vc_column][\/vc_row][vc_row element_id=&#8220;383590&#8243; el_class=&#8220;product-cards&#8220; el_id=&#8220;sinergie-carousel&#8220;][vc_column]<h2 class=\"et-heading text-align-center tablet-text-align-inherit mobile-text-align-inherit animate-false no-animation-type\" id=\"et-heading-949541\" data-delay=\"0\" data-mobile-font=\"inherit\" data-mobile-line-height=\"inherit\" data-tablet-landscape-font=\"inherit\" data-tablet-portrait-font=\"inherit\" data-tablet-landscape-line-height=\"inherit\" data-tablet-portrait-line-height=\"inherit\" data-parallax=\"false\" data-move=\"false\" data-coordinatex=\"0\" data-coordinatey=\"0\" data-speed=\"10\"><span class=\"text-wrapper\"><span class=\"text\">DIE SYNERGIEN DER P.E.I. \u2013 GRUPPE<\/span><\/span><\/h2><h5 class=\"et-heading text-align-center tablet-text-align-inherit mobile-text-align-inherit animate-false no-animation-type\" id=\"et-heading-749192\" data-delay=\"0\" data-mobile-font=\"inherit\" data-mobile-line-height=\"inherit\" data-tablet-landscape-font=\"inherit\" data-tablet-portrait-font=\"inherit\" data-tablet-landscape-line-height=\"inherit\" data-tablet-portrait-line-height=\"inherit\" data-parallax=\"false\" data-move=\"false\" data-coordinatex=\"0\" data-coordinatey=\"0\" data-speed=\"10\"><span class=\"text-wrapper\"><span class=\"text\">Innovation, Qualit\u00e4t und st\u00e4ndiges Augenmerk auf vern\u00fcnftige Verkaufspreise sind die treibenden Faktoren der P.E.I.-Gruppe, einem der Marktf\u00fchrer in Italien und Europa, wenn es um Schutzverkleidungen f\u00fcr Werkzeugmaschinen geht.<\/span><\/span><\/h5><div id=\"et-carousel-1\" class=\"et-carousel owl-carousel et-item-set effect-none navigation-only-dottes\" data-autoplay=\"false\" data-columns=\"3\" data-gap=\"24\"><div class=\"et-carousel-item et-item et-clearfix\">[vc_single_image image=&#8220;25042&#8243; img_size=&#8220;500&#215;500&#8243;][vc_column_text animation_delay=&#8220;0&#8243;]\n<h4>Dynamische Schutzabdekungen<\/h4>\n<p>Werkzeugmaschinen[\/vc_column_text][vc_btn title=&#8220;Finde mehr heraus&#8220; style=&#8220;custom&#8220; custom_background=&#8220;#e34529&#8243; custom_text=&#8220;#ffffff&#8220; shape=&#8220;round&#8220; size=&#8220;sm&#8220; link=&#8220;url:https%3A%2F%2Fwww.pei.it%2Fde%2Funternehmen%2F|&#8220;]<\/div><div class=\"et-carousel-item et-item et-clearfix\">[vc_single_image image=&#8220;25018&#8243; img_size=&#8220;500&#215;500&#8243; alignment=&#8220;center&#8220;][vc_column_text animation_delay=&#8220;0&#8243;]\n<h4>Faltenb\u00e4lge f\u00fcr Gelenkbusse<\/h4>\n<p>Automotive[\/vc_column_text]<\/div><div class=\"et-carousel-item et-item et-clearfix\">[vc_single_image image=&#8220;25026&#8243; img_size=&#8220;500&#215;500&#8243;][vc_column_text animation_delay=&#8220;0&#8243;]\n<h4>Schwing-u. Resonanzpr\u00fcfung<\/h4>\n<p>Ingenieurswesen[\/vc_column_text][vc_btn title=&#8220;Finde mehr heraus&#8220; style=&#8220;custom&#8220; custom_background=&#8220;#e34529&#8243; custom_text=&#8220;#ffffff&#8220; shape=&#8220;round&#8220; size=&#8220;sm&#8220; link=&#8220;url:https%3A%2F%2Fwww.pei.it%2Fde%2Funternehmen%2Fingenieurswesen%2F|title:Ingenieurswesen&#8220;]<\/div><div class=\"et-carousel-item et-item et-clearfix\">[vc_single_image image=&#8220;25034&#8243; img_size=&#8220;500&#215;500&#8243;][vc_column_text animation_delay=&#8220;0&#8243;]\n<h4>Freinbiechtechnik<\/h4>\n<p>Automatisierungstechnik[\/vc_column_text][vc_btn title=&#8220;Finde mehr heraus&#8220; style=&#8220;custom&#8220; custom_background=&#8220;#e34529&#8243; custom_text=&#8220;#ffffff&#8220; shape=&#8220;round&#8220; size=&#8220;sm&#8220; link=&#8220;url:https%3A%2F%2Fwww.pei.it%2Fde%2Funternehmen%2Fmetallbau%2F|title:AUTOMATISIERUNGSTECHNIK&#8220;]<\/div><div class=\"et-carousel-item et-item et-clearfix\">[vc_single_image image=&#8220;25050&#8243; img_size=&#8220;500&#215;500&#8243;][vc_column_text animation_delay=&#8220;0&#8243;]\n<h4>Equipment<\/h4>\n<p>Medizin- u. Lebensmitteltechnik[\/vc_column_text][vc_btn title=&#8220;Finde mehr heraus&#8220; style=&#8220;custom&#8220; custom_background=&#8220;#e34529&#8243; custom_text=&#8220;#ffffff&#8220; shape=&#8220;round&#8220; size=&#8220;sm&#8220; link=&#8220;url:%2Fde%2Funternehmen%2Fmedizin-u-lebensmitteltechnik%2F|title:MEDIZIN-%20U.%20LEBENSMITTELTECHNIK&#8220;]<\/div><\/div>[\/vc_column][\/vc_row][vc_row element_id=&#8220;99814&#8243; el_class=&#8220;full-width&#8220; css=&#8220;.vc_custom_1627910593718{background-image: url(\/wp-content\/uploads\/2021\/07\/Immagine1.png?id=24463) !important;background-position: center !important;background-repeat: no-repeat !important;background-size: cover !important;}&#8220;][vc_column animation_delay=&#8220;0&#8243; element_id=&#8220;483745&#8243; crp=&#8220;480:i:i,480-768:i:i,768-1024:i:i,1024-1280:i:i,1280-1366:i:i,1366-1600:i:i,1600-1920:i:i&#8220; css=&#8220;.vc_custom_1627909291476{padding-top: 600px !important;}&#8220;][\/vc_column][\/vc_row]\n<\/div>","protected":false},"excerpt":{"rendered":"<p>[vc_row][vc_column width=&#8220;1\/2&#8243;][vc_column_text animation_delay=&#8220;0&#8243;]PEI System for Transport ist eine Abteilung von PEI, die sich der Entwicklung, Herstellung und dem Vertrieb von L\u00f6sungen f\u00fcr Gelenkfahrzeuge widmet. Die langj\u00e4hrige Erfahrung im Gelenkbusbereich macht PEI-L\u00f6sungen in Verbindung mit der F\u00e4higkeit zur individuellen Produktanpassung auch f\u00fcr Sonderprojekte wie Stra\u00dfenbahnen, Einschienenbahnen und Passagierverbindungen im Luft- und Seeverkehr geeignet.[\/vc_column_text][\/vc_column][vc_column width=&#8220;1\/2&#8243;][vc_images_carousel images=&#8220;25961,25985,25969,25977,25993&#8243; img_size=&#8220;full&#8220; [&hellip;]<\/p>\n","protected":false},"author":1,"featured_media":0,"parent":24538,"menu_order":0,"comment_status":"closed","ping_status":"closed","template":"page_limpresa.php","meta":{"_acf_changed":false,"footnotes":""},"class_list":["post-28010","page","type-page","status-publish","hentry"],"acf":[],"yoast_head":"<!-- This site is optimized with the Yoast SEO plugin v26.9 - https:\/\/yoast.com\/product\/yoast-seo-wordpress\/ -->\n<title>INGENIEURSWESEN - PEI<\/title>\n<meta name=\"description\" content=\"INGENIEURSWESEN: Ingenieursleistungen f\u00fcr experimentelle vibroakustische Systeme und sektor\u00fcbergreifende schl\u00fcsselfertige Projekte. Diagnose- und Messsysteme an Elektromotoren, Getrieben, Transmissionen und Pumpen durch Vibrationserkennung.\" \/>\n<meta name=\"robots\" content=\"index, follow, max-snippet:-1, max-image-preview:large, max-video-preview:-1\" \/>\n<link rel=\"canonical\" href=\"https:\/\/www.pei.it\/de\/unternehmen-pei\/automotive\/\" \/>\n<meta property=\"og:locale\" content=\"de_DE\" \/>\n<meta property=\"og:type\" content=\"article\" \/>\n<meta property=\"og:title\" content=\"INGENIEURSWESEN - PEI\" \/>\n<meta property=\"og:description\" content=\"INGENIEURSWESEN: Ingenieursleistungen f\u00fcr experimentelle vibroakustische Systeme und sektor\u00fcbergreifende schl\u00fcsselfertige Projekte. Diagnose- und Messsysteme an Elektromotoren, Getrieben, Transmissionen und Pumpen durch Vibrationserkennung.\" \/>\n<meta property=\"og:url\" content=\"https:\/\/www.pei.it\/de\/unternehmen-pei\/automotive\/\" \/>\n<meta property=\"og:site_name\" content=\"PEI\" \/>\n<meta property=\"article:modified_time\" content=\"2023-07-15T06:24:36+00:00\" \/>\n<meta name=\"twitter:card\" content=\"summary_large_image\" \/>\n<meta name=\"twitter:label1\" content=\"Gesch\u00e4tzte Lesezeit\" \/>\n\t<meta name=\"twitter:data1\" content=\"5\u00a0Minuten\" \/>\n<script type=\"application\/ld+json\" class=\"yoast-schema-graph\">{\"@context\":\"https:\/\/schema.org\",\"@graph\":[{\"@type\":\"WebPage\",\"@id\":\"https:\/\/www.pei.it\/de\/unternehmen-pei\/automotive\/\",\"url\":\"https:\/\/www.pei.it\/de\/unternehmen-pei\/automotive\/\",\"name\":\"INGENIEURSWESEN - PEI\",\"isPartOf\":{\"@id\":\"https:\/\/www.pei.it\/de\/#website\"},\"datePublished\":\"2021-09-07T09:48:20+00:00\",\"dateModified\":\"2023-07-15T06:24:36+00:00\",\"description\":\"INGENIEURSWESEN: Ingenieursleistungen f\u00fcr experimentelle vibroakustische Systeme und sektor\u00fcbergreifende schl\u00fcsselfertige Projekte. Diagnose- und Messsysteme an Elektromotoren, Getrieben, Transmissionen und Pumpen durch Vibrationserkennung.\",\"breadcrumb\":{\"@id\":\"https:\/\/www.pei.it\/de\/unternehmen-pei\/automotive\/#breadcrumb\"},\"inLanguage\":\"de\",\"potentialAction\":[{\"@type\":\"ReadAction\",\"target\":[\"https:\/\/www.pei.it\/de\/unternehmen-pei\/automotive\/\"]}]},{\"@type\":\"BreadcrumbList\",\"@id\":\"https:\/\/www.pei.it\/de\/unternehmen-pei\/automotive\/#breadcrumb\",\"itemListElement\":[{\"@type\":\"ListItem\",\"position\":1,\"name\":\"\u0413\u043b\u0430\u0432\u043d\u0430\u044f \u0441\u0442\u0440\u0430\u043d\u0438\u0446\u0430\",\"item\":\"https:\/\/www.pei.it\/de\/\"},{\"@type\":\"ListItem\",\"position\":2,\"name\":\"Unternehmen PEI\",\"item\":\"https:\/\/www.pei.it\/de\/limpresa\/\"},{\"@type\":\"ListItem\",\"position\":3,\"name\":\"AUTOMOTIVE\"}]},{\"@type\":\"WebSite\",\"@id\":\"https:\/\/www.pei.it\/de\/#website\",\"url\":\"https:\/\/www.pei.it\/de\/\",\"name\":\"PEI\",\"description\":\"Protezioni per macchine utensili, avvolgibili, telescopiche\",\"potentialAction\":[{\"@type\":\"SearchAction\",\"target\":{\"@type\":\"EntryPoint\",\"urlTemplate\":\"https:\/\/www.pei.it\/de\/?s={search_term_string}\"},\"query-input\":{\"@type\":\"PropertyValueSpecification\",\"valueRequired\":true,\"valueName\":\"search_term_string\"}}],\"inLanguage\":\"de\"}]}<\/script>\n<!-- \/ Yoast SEO plugin. -->","yoast_head_json":{"title":"INGENIEURSWESEN - PEI","description":"INGENIEURSWESEN: Ingenieursleistungen f\u00fcr experimentelle vibroakustische Systeme und sektor\u00fcbergreifende schl\u00fcsselfertige Projekte. Diagnose- und Messsysteme an Elektromotoren, Getrieben, Transmissionen und Pumpen durch Vibrationserkennung.","robots":{"index":"index","follow":"follow","max-snippet":"max-snippet:-1","max-image-preview":"max-image-preview:large","max-video-preview":"max-video-preview:-1"},"canonical":"https:\/\/www.pei.it\/de\/unternehmen-pei\/automotive\/","og_locale":"de_DE","og_type":"article","og_title":"INGENIEURSWESEN - PEI","og_description":"INGENIEURSWESEN: Ingenieursleistungen f\u00fcr experimentelle vibroakustische Systeme und sektor\u00fcbergreifende schl\u00fcsselfertige Projekte. Diagnose- und Messsysteme an Elektromotoren, Getrieben, Transmissionen und Pumpen durch Vibrationserkennung.","og_url":"https:\/\/www.pei.it\/de\/unternehmen-pei\/automotive\/","og_site_name":"PEI","article_modified_time":"2023-07-15T06:24:36+00:00","twitter_card":"summary_large_image","twitter_misc":{"Gesch\u00e4tzte Lesezeit":"5\u00a0Minuten"},"schema":{"@context":"https:\/\/schema.org","@graph":[{"@type":"WebPage","@id":"https:\/\/www.pei.it\/de\/unternehmen-pei\/automotive\/","url":"https:\/\/www.pei.it\/de\/unternehmen-pei\/automotive\/","name":"INGENIEURSWESEN - PEI","isPartOf":{"@id":"https:\/\/www.pei.it\/de\/#website"},"datePublished":"2021-09-07T09:48:20+00:00","dateModified":"2023-07-15T06:24:36+00:00","description":"INGENIEURSWESEN: Ingenieursleistungen f\u00fcr experimentelle vibroakustische Systeme und sektor\u00fcbergreifende schl\u00fcsselfertige Projekte. Diagnose- und Messsysteme an Elektromotoren, Getrieben, Transmissionen und Pumpen durch Vibrationserkennung.","breadcrumb":{"@id":"https:\/\/www.pei.it\/de\/unternehmen-pei\/automotive\/#breadcrumb"},"inLanguage":"de","potentialAction":[{"@type":"ReadAction","target":["https:\/\/www.pei.it\/de\/unternehmen-pei\/automotive\/"]}]},{"@type":"BreadcrumbList","@id":"https:\/\/www.pei.it\/de\/unternehmen-pei\/automotive\/#breadcrumb","itemListElement":[{"@type":"ListItem","position":1,"name":"\u0413\u043b\u0430\u0432\u043d\u0430\u044f \u0441\u0442\u0440\u0430\u043d\u0438\u0446\u0430","item":"https:\/\/www.pei.it\/de\/"},{"@type":"ListItem","position":2,"name":"Unternehmen PEI","item":"https:\/\/www.pei.it\/de\/limpresa\/"},{"@type":"ListItem","position":3,"name":"AUTOMOTIVE"}]},{"@type":"WebSite","@id":"https:\/\/www.pei.it\/de\/#website","url":"https:\/\/www.pei.it\/de\/","name":"PEI","description":"Protezioni per macchine utensili, avvolgibili, telescopiche","potentialAction":[{"@type":"SearchAction","target":{"@type":"EntryPoint","urlTemplate":"https:\/\/www.pei.it\/de\/?s={search_term_string}"},"query-input":{"@type":"PropertyValueSpecification","valueRequired":true,"valueName":"search_term_string"}}],"inLanguage":"de"}]}},"_links":{"self":[{"href":"https:\/\/www.pei.it\/de\/wp-json\/wp\/v2\/pages\/28010","targetHints":{"allow":["GET"]}}],"collection":[{"href":"https:\/\/www.pei.it\/de\/wp-json\/wp\/v2\/pages"}],"about":[{"href":"https:\/\/www.pei.it\/de\/wp-json\/wp\/v2\/types\/page"}],"author":[{"embeddable":true,"href":"https:\/\/www.pei.it\/de\/wp-json\/wp\/v2\/users\/1"}],"replies":[{"embeddable":true,"href":"https:\/\/www.pei.it\/de\/wp-json\/wp\/v2\/comments?post=28010"}],"version-history":[{"count":0,"href":"https:\/\/www.pei.it\/de\/wp-json\/wp\/v2\/pages\/28010\/revisions"}],"up":[{"embeddable":true,"href":"https:\/\/www.pei.it\/de\/wp-json\/wp\/v2\/pages\/24538"}],"wp:attachment":[{"href":"https:\/\/www.pei.it\/de\/wp-json\/wp\/v2\/media?parent=28010"}],"curies":[{"name":"wp","href":"https:\/\/api.w.org\/{rel}","templated":true}]}}