{"id":39264,"date":"2022-01-25T10:19:05","date_gmt":"2022-01-25T10:19:05","guid":{"rendered":"https:\/\/www.pei.it\/raschiaolio-e-spazzole\/"},"modified":"2026-01-23T15:51:20","modified_gmt":"2026-01-23T15:51:20","slug":"fuehrungsbahnabstreifer-und-abstreifbuersten","status":"publish","type":"page","link":"https:\/\/www.pei.it\/de\/fuehrungsbahnabstreifer-und-abstreifbuersten\/","title":{"rendered":"F\u00fchrungsbahnabstreifer und Abstreifb\u00fcrsten"},"content":{"rendered":"<div class=\"wpb-content-wrapper\">[vc_row element_id=&#8220;790331&#8243; el_class=&#8220;product-cards&#8220; el_id=&#8220;sinergie-carousel&#8220;][vc_column]<h2 class=\"et-heading text-align-center tablet-text-align-inherit mobile-text-align-inherit animate-false no-animation-type\" id=\"et-heading-394871\" data-delay=\"0\" data-mobile-font=\"inherit\" data-mobile-line-height=\"inherit\" data-tablet-landscape-font=\"inherit\" data-tablet-portrait-font=\"inherit\" data-tablet-landscape-line-height=\"inherit\" data-tablet-portrait-line-height=\"inherit\" data-parallax=\"false\" data-move=\"false\" data-coordinatex=\"0\" data-coordinatey=\"0\" data-speed=\"10\"><span class=\"text-wrapper\"><span class=\"text\">Produktauswahl<\/span><\/span><\/h2><div class=\"et-separator et-clearfix animate-false solid center horizontal et-separator-875676\" data-delay=\"\"><div class=\"line\"><\/div><\/div>[vc_row_inner element_id=&#8220;580025&#8243; el_class=&#8220;riga_smistamento&#8220;][vc_column_inner width=&#8220;1\/3&#8243;][vc_single_image image=&#8220;34717&#8243; img_size=&#8220;250&#215;250&#8243; alignment=&#8220;center&#8220; style=&#8220;vc_box_outline_circle&#8220;][vc_column_text animation_delay=&#8220;0&#8243;]\n<h4>Profilierte Abstreifer<\/h4>\n[\/vc_column_text][vc_btn title=&#8220;mehr Informationen&#8220; style=&#8220;custom&#8220; custom_background=&#8220;#e34529&#8243; custom_text=&#8220;#ffffff&#8220; shape=&#8220;round&#8220; size=&#8220;sm&#8220; link=&#8220;url:%2Fde%2Fprodukte%2Ffuehrungsbahnabstreifer%2F|title:Fuehrungsbahnabstreifer&#8220;][\/vc_column_inner][vc_column_inner width=&#8220;1\/3&#8243;][vc_single_image image=&#8220;34709&#8243; img_size=&#8220;250&#215;250&#8243; alignment=&#8220;center&#8220; style=&#8220;vc_box_outline_circle&#8220;][vc_column_text animation_delay=&#8220;0&#8243;]\n<h4>F\u00fchrungsbahnabstreifer<\/h4>\n[\/vc_column_text][vc_btn title=&#8220;mehr Informationen&#8220; style=&#8220;custom&#8220; custom_background=&#8220;#e34529&#8243; custom_text=&#8220;#ffffff&#8220; shape=&#8220;round&#8220; size=&#8220;sm&#8220; link=&#8220;url:https%3A%2F%2Fwww.pei.it%2Fde%2Fprodukte%2Fabstreifer%2F|title:STANDARD-ABSTREIFER&#8220;][\/vc_column_inner][vc_column_inner width=&#8220;1\/3&#8243;][vc_single_image image=&#8220;34725&#8243; img_size=&#8220;250&#215;250&#8243; alignment=&#8220;center&#8220; style=&#8220;vc_box_outline_circle&#8220;][vc_column_text animation_delay=&#8220;0&#8243;]\n<h4>Abstreifb\u00fcrsten mit Befestigungsrahmen<\/h4>\n[\/vc_column_text][vc_btn title=&#8220;mehr Informationen&#8220; style=&#8220;custom&#8220; custom_background=&#8220;#e34529&#8243; custom_text=&#8220;#ffffff&#8220; shape=&#8220;round&#8220; size=&#8220;sm&#8220; link=&#8220;url:https%3A%2F%2Fwww.pei.it%2Fde%2Fprodukte%2Fabstreifbuersten-mit-befestigungsrahmen%2F|title:ABSTREIFB%C3%9CRSTEN%20MIT%20BEFESTIGUNGSRAHMEN&#8220;][\/vc_column_inner][\/vc_row_inner]<div class=\"et-separator et-clearfix animate-false solid center horizontal et-separator-875676\" data-delay=\"\"><div class=\"line\"><\/div><\/div>[vc_column_text animation_delay=&#8220;0&#8243; el_class=&#8220;page_text&#8220;]P.E.I. Abstreifer verf\u00fcgen \u00fcber die folgenden Eigenschaften:<br \/>\nEinsatz auch bei gro\u00dfem Anfall von scharfkantigen Sp\u00e4nen.<br \/>\nBeliebige Formen und Abmessungen nach Kundenzeichnung lieferbar.<br \/>\nKlein- sowie Gro\u00dfserienproduktion m\u00f6glich da keine Werkzeugkosten anfallen.<br \/>\nDie Abstreiflippen aus Polyurethan sind abriebfest und einfach auswechselbar.[\/vc_column_text]<div class=\"et-separator et-clearfix animate-false solid center horizontal et-separator-875676\" data-delay=\"\"><div class=\"line\"><\/div><\/div>[vc_row_inner element_id=&#8220;527631&#8243; el_class=&#8220;Cop_Tel_Row&#8220;][vc_column_inner el_class=&#8220;Cop_Tel_First_Col&#8220;]<h2 class=\"et-heading text-align-center tablet-text-align-inherit mobile-text-align-inherit animate-false no-animation-type\" id=\"et-heading-456135\" data-delay=\"0\" data-mobile-font=\"inherit\" data-mobile-line-height=\"inherit\" data-tablet-landscape-font=\"inherit\" data-tablet-portrait-font=\"inherit\" data-tablet-landscape-line-height=\"inherit\" data-tablet-portrait-line-height=\"inherit\" data-parallax=\"false\" data-move=\"false\" data-coordinatex=\"0\" data-coordinatey=\"0\" data-speed=\"10\"><span class=\"text-wrapper\"><span class=\"text\">Entdecken Sie die gesamte technische Dokumentation f\u00fcr PEI-Produkte.<\/span><\/span><\/h2>[vc_single_image image=&#8220;53679&#8243; img_size=&#8220;250&#215;250&#8243; alignment=&#8220;center&#8220; css=&#8220;.vc_custom_1769077239514{padding-bottom: 20px !important;}&#8220; el_class=&#8220;catalogo_smistamento&#8220;][vc_btn title=&#8220;Technische Dokumentation&#8220; style=&#8220;custom&#8220; custom_background=&#8220;#e34529&#8243; custom_text=&#8220;#ffffff&#8220; shape=&#8220;round&#8220; size=&#8220;sm&#8220; align=&#8220;center&#8220; css=&#8220;.vc_custom_1769183389109{padding-bottom: 10px !important;}&#8220; link=&#8220;url:%2Fde%2Fdownload%2F|title:DOWNLOAD|target:_blank&#8220;]<div class=\"et-separator et-clearfix animate-false solid center horizontal et-separator-875676\" data-delay=\"\"><div class=\"line\"><\/div><\/div>[\/vc_column_inner][\/vc_row_inner][\/vc_column][\/vc_row]\n<\/div>","protected":false},"excerpt":{"rendered":"<p>[vc_row element_id=&#8220;790331&#8243; el_class=&#8220;product-cards&#8220; el_id=&#8220;sinergie-carousel&#8220;][vc_column][vc_row_inner element_id=&#8220;580025&#8243; el_class=&#8220;riga_smistamento&#8220;][vc_column_inner width=&#8220;1\/3&#8243;][vc_single_image image=&#8220;34717&#8243; img_size=&#8220;250&#215;250&#8243; alignment=&#8220;center&#8220; style=&#8220;vc_box_outline_circle&#8220;][vc_column_text animation_delay=&#8220;0&#8243;] Profilierte Abstreifer [\/vc_column_text][vc_btn title=&#8220;mehr Informationen&#8220; style=&#8220;custom&#8220; custom_background=&#8220;#e34529&#8243; custom_text=&#8220;#ffffff&#8220; shape=&#8220;round&#8220; size=&#8220;sm&#8220; link=&#8220;url:%2Fde%2Fprodukte%2Ffuehrungsbahnabstreifer%2F|title:Fuehrungsbahnabstreifer&#8220;][\/vc_column_inner][vc_column_inner width=&#8220;1\/3&#8243;][vc_single_image image=&#8220;34709&#8243; img_size=&#8220;250&#215;250&#8243; alignment=&#8220;center&#8220; style=&#8220;vc_box_outline_circle&#8220;][vc_column_text animation_delay=&#8220;0&#8243;] F\u00fchrungsbahnabstreifer [\/vc_column_text][vc_btn title=&#8220;mehr Informationen&#8220; style=&#8220;custom&#8220; custom_background=&#8220;#e34529&#8243; custom_text=&#8220;#ffffff&#8220; shape=&#8220;round&#8220; size=&#8220;sm&#8220; link=&#8220;url:https%3A%2F%2Fwww.pei.it%2Fde%2Fprodukte%2Fabstreifer%2F|title:STANDARD-ABSTREIFER&#8220;][\/vc_column_inner][vc_column_inner width=&#8220;1\/3&#8243;][vc_single_image image=&#8220;34725&#8243; img_size=&#8220;250&#215;250&#8243; alignment=&#8220;center&#8220; style=&#8220;vc_box_outline_circle&#8220;][vc_column_text animation_delay=&#8220;0&#8243;] Abstreifb\u00fcrsten mit Befestigungsrahmen [\/vc_column_text][vc_btn title=&#8220;mehr Informationen&#8220; style=&#8220;custom&#8220; custom_background=&#8220;#e34529&#8243; custom_text=&#8220;#ffffff&#8220; shape=&#8220;round&#8220; [&hellip;]<\/p>\n","protected":false},"author":1,"featured_media":0,"parent":0,"menu_order":0,"comment_status":"closed","ping_status":"closed","template":"page_limpresa.php","meta":{"_acf_changed":false,"footnotes":""},"class_list":["post-39264","page","type-page","status-publish","hentry"],"acf":[],"yoast_head":"<!-- This site is optimized with the Yoast SEO plugin v26.9 - https:\/\/yoast.com\/product\/yoast-seo-wordpress\/ -->\n<title>DIE PEI F\u00dcHRUNGSBAHNABSTREIFER, - PEI<\/title>\n<meta name=\"description\" content=\"DIE PEI F\u00dcHRUNGSBAHNABSTREIFER HABEN EINE HERVORRAGENDE BEST\u00c4NDIGKEIT GEGEN \u00d6LE, K\u00dcHLMITTEL, HEISSE SP\u00c4NE UND VERSCHLEISS\" \/>\n<meta name=\"robots\" content=\"index, follow, max-snippet:-1, max-image-preview:large, max-video-preview:-1\" \/>\n<link rel=\"canonical\" href=\"https:\/\/www.pei.it\/de\/fuehrungsbahnabstreifer-und-abstreifbuersten\/\" \/>\n<meta property=\"og:locale\" content=\"de_DE\" \/>\n<meta property=\"og:type\" content=\"article\" \/>\n<meta property=\"og:title\" content=\"DIE PEI F\u00dcHRUNGSBAHNABSTREIFER, - PEI\" \/>\n<meta property=\"og:description\" content=\"DIE PEI F\u00dcHRUNGSBAHNABSTREIFER HABEN EINE HERVORRAGENDE BEST\u00c4NDIGKEIT GEGEN \u00d6LE, K\u00dcHLMITTEL, HEISSE SP\u00c4NE UND VERSCHLEISS\" \/>\n<meta property=\"og:url\" content=\"https:\/\/www.pei.it\/de\/fuehrungsbahnabstreifer-und-abstreifbuersten\/\" \/>\n<meta property=\"og:site_name\" content=\"PEI\" \/>\n<meta property=\"article:modified_time\" content=\"2026-01-23T15:51:20+00:00\" \/>\n<meta name=\"twitter:card\" content=\"summary_large_image\" \/>\n<meta name=\"twitter:label1\" content=\"Gesch\u00e4tzte Lesezeit\" \/>\n\t<meta name=\"twitter:data1\" content=\"1\u00a0Minute\" \/>\n<script type=\"application\/ld+json\" class=\"yoast-schema-graph\">{\"@context\":\"https:\/\/schema.org\",\"@graph\":[{\"@type\":\"WebPage\",\"@id\":\"https:\/\/www.pei.it\/de\/fuehrungsbahnabstreifer-und-abstreifbuersten\/\",\"url\":\"https:\/\/www.pei.it\/de\/fuehrungsbahnabstreifer-und-abstreifbuersten\/\",\"name\":\"DIE PEI F\u00dcHRUNGSBAHNABSTREIFER, - PEI\",\"isPartOf\":{\"@id\":\"https:\/\/www.pei.it\/de\/#website\"},\"datePublished\":\"2022-01-25T10:19:05+00:00\",\"dateModified\":\"2026-01-23T15:51:20+00:00\",\"description\":\"DIE PEI F\u00dcHRUNGSBAHNABSTREIFER HABEN EINE HERVORRAGENDE BEST\u00c4NDIGKEIT GEGEN \u00d6LE, K\u00dcHLMITTEL, HEISSE SP\u00c4NE UND VERSCHLEISS\",\"breadcrumb\":{\"@id\":\"https:\/\/www.pei.it\/de\/fuehrungsbahnabstreifer-und-abstreifbuersten\/#breadcrumb\"},\"inLanguage\":\"de\",\"potentialAction\":[{\"@type\":\"ReadAction\",\"target\":[\"https:\/\/www.pei.it\/de\/fuehrungsbahnabstreifer-und-abstreifbuersten\/\"]}]},{\"@type\":\"BreadcrumbList\",\"@id\":\"https:\/\/www.pei.it\/de\/fuehrungsbahnabstreifer-und-abstreifbuersten\/#breadcrumb\",\"itemListElement\":[{\"@type\":\"ListItem\",\"position\":1,\"name\":\"Home\",\"item\":\"https:\/\/www.pei.it\/de\/\"},{\"@type\":\"ListItem\",\"position\":2,\"name\":\"F\u00fchrungsbahnabstreifer und Abstreifb\u00fcrsten\"}]},{\"@type\":\"WebSite\",\"@id\":\"https:\/\/www.pei.it\/de\/#website\",\"url\":\"https:\/\/www.pei.it\/de\/\",\"name\":\"PEI\",\"description\":\"Protezioni per macchine utensili, avvolgibili, telescopiche\",\"potentialAction\":[{\"@type\":\"SearchAction\",\"target\":{\"@type\":\"EntryPoint\",\"urlTemplate\":\"https:\/\/www.pei.it\/de\/?s={search_term_string}\"},\"query-input\":{\"@type\":\"PropertyValueSpecification\",\"valueRequired\":true,\"valueName\":\"search_term_string\"}}],\"inLanguage\":\"de\"}]}<\/script>\n<!-- \/ Yoast SEO plugin. -->","yoast_head_json":{"title":"DIE PEI F\u00dcHRUNGSBAHNABSTREIFER, - PEI","description":"DIE PEI F\u00dcHRUNGSBAHNABSTREIFER HABEN EINE HERVORRAGENDE BEST\u00c4NDIGKEIT GEGEN \u00d6LE, K\u00dcHLMITTEL, HEISSE SP\u00c4NE UND VERSCHLEISS","robots":{"index":"index","follow":"follow","max-snippet":"max-snippet:-1","max-image-preview":"max-image-preview:large","max-video-preview":"max-video-preview:-1"},"canonical":"https:\/\/www.pei.it\/de\/fuehrungsbahnabstreifer-und-abstreifbuersten\/","og_locale":"de_DE","og_type":"article","og_title":"DIE PEI F\u00dcHRUNGSBAHNABSTREIFER, - PEI","og_description":"DIE PEI F\u00dcHRUNGSBAHNABSTREIFER HABEN EINE HERVORRAGENDE BEST\u00c4NDIGKEIT GEGEN \u00d6LE, K\u00dcHLMITTEL, HEISSE SP\u00c4NE UND VERSCHLEISS","og_url":"https:\/\/www.pei.it\/de\/fuehrungsbahnabstreifer-und-abstreifbuersten\/","og_site_name":"PEI","article_modified_time":"2026-01-23T15:51:20+00:00","twitter_card":"summary_large_image","twitter_misc":{"Gesch\u00e4tzte Lesezeit":"1\u00a0Minute"},"schema":{"@context":"https:\/\/schema.org","@graph":[{"@type":"WebPage","@id":"https:\/\/www.pei.it\/de\/fuehrungsbahnabstreifer-und-abstreifbuersten\/","url":"https:\/\/www.pei.it\/de\/fuehrungsbahnabstreifer-und-abstreifbuersten\/","name":"DIE PEI F\u00dcHRUNGSBAHNABSTREIFER, - PEI","isPartOf":{"@id":"https:\/\/www.pei.it\/de\/#website"},"datePublished":"2022-01-25T10:19:05+00:00","dateModified":"2026-01-23T15:51:20+00:00","description":"DIE PEI F\u00dcHRUNGSBAHNABSTREIFER HABEN EINE HERVORRAGENDE BEST\u00c4NDIGKEIT GEGEN \u00d6LE, K\u00dcHLMITTEL, HEISSE SP\u00c4NE UND VERSCHLEISS","breadcrumb":{"@id":"https:\/\/www.pei.it\/de\/fuehrungsbahnabstreifer-und-abstreifbuersten\/#breadcrumb"},"inLanguage":"de","potentialAction":[{"@type":"ReadAction","target":["https:\/\/www.pei.it\/de\/fuehrungsbahnabstreifer-und-abstreifbuersten\/"]}]},{"@type":"BreadcrumbList","@id":"https:\/\/www.pei.it\/de\/fuehrungsbahnabstreifer-und-abstreifbuersten\/#breadcrumb","itemListElement":[{"@type":"ListItem","position":1,"name":"Home","item":"https:\/\/www.pei.it\/de\/"},{"@type":"ListItem","position":2,"name":"F\u00fchrungsbahnabstreifer und Abstreifb\u00fcrsten"}]},{"@type":"WebSite","@id":"https:\/\/www.pei.it\/de\/#website","url":"https:\/\/www.pei.it\/de\/","name":"PEI","description":"Protezioni per macchine utensili, avvolgibili, telescopiche","potentialAction":[{"@type":"SearchAction","target":{"@type":"EntryPoint","urlTemplate":"https:\/\/www.pei.it\/de\/?s={search_term_string}"},"query-input":{"@type":"PropertyValueSpecification","valueRequired":true,"valueName":"search_term_string"}}],"inLanguage":"de"}]}},"_links":{"self":[{"href":"https:\/\/www.pei.it\/de\/wp-json\/wp\/v2\/pages\/39264","targetHints":{"allow":["GET"]}}],"collection":[{"href":"https:\/\/www.pei.it\/de\/wp-json\/wp\/v2\/pages"}],"about":[{"href":"https:\/\/www.pei.it\/de\/wp-json\/wp\/v2\/types\/page"}],"author":[{"embeddable":true,"href":"https:\/\/www.pei.it\/de\/wp-json\/wp\/v2\/users\/1"}],"replies":[{"embeddable":true,"href":"https:\/\/www.pei.it\/de\/wp-json\/wp\/v2\/comments?post=39264"}],"version-history":[{"count":3,"href":"https:\/\/www.pei.it\/de\/wp-json\/wp\/v2\/pages\/39264\/revisions"}],"predecessor-version":[{"id":64083,"href":"https:\/\/www.pei.it\/de\/wp-json\/wp\/v2\/pages\/39264\/revisions\/64083"}],"wp:attachment":[{"href":"https:\/\/www.pei.it\/de\/wp-json\/wp\/v2\/media?parent=39264"}],"curies":[{"name":"wp","href":"https:\/\/api.w.org\/{rel}","templated":true}]}}