{"id":39267,"date":"2022-01-25T10:22:53","date_gmt":"2022-01-25T10:22:53","guid":{"rendered":"https:\/\/www.pei.it\/scudi-modulari-x-y\/"},"modified":"2026-01-23T15:53:27","modified_gmt":"2026-01-23T15:53:27","slug":"x-y-abdeckungssysteme","status":"publish","type":"page","link":"https:\/\/www.pei.it\/de\/x-y-abdeckungssysteme\/","title":{"rendered":"X-Y ABDECKUNGSSYSTEME"},"content":{"rendered":"<div class=\"wpb-content-wrapper\">[vc_row element_id=&#8220;790331&#8243; el_class=&#8220;product-cards&#8220; el_id=&#8220;sinergie-carousel&#8220;][vc_column]<h2 class=\"et-heading text-align-center tablet-text-align-inherit mobile-text-align-inherit animate-false no-animation-type\" id=\"et-heading-999229\" data-delay=\"0\" data-mobile-font=\"inherit\" data-mobile-line-height=\"inherit\" data-tablet-landscape-font=\"inherit\" data-tablet-portrait-font=\"inherit\" data-tablet-landscape-line-height=\"inherit\" data-tablet-portrait-line-height=\"inherit\" data-parallax=\"false\" data-move=\"false\" data-coordinatex=\"0\" data-coordinatey=\"0\" data-speed=\"10\"><span class=\"text-wrapper\"><span class=\"text\">Produktauswahl<\/span><\/span><\/h2><div class=\"et-separator et-clearfix animate-false solid center horizontal et-separator-875676\" data-delay=\"\"><div class=\"line\"><\/div><\/div>[vc_row_inner element_id=&#8220;645291&#8243; el_class=&#8220;riga_smistamento&#8220;][vc_column_inner width=&#8220;1\/3&#8243;][vc_single_image image=&#8220;34674&#8243; img_size=&#8220;250&#215;250&#8243; alignment=&#8220;center&#8220; style=&#8220;vc_box_outline_circle&#8220;][vc_column_text animation_delay=&#8220;0&#8243;]\n<h4 style=\"text-align: center;\">X-Y Abdeckungssystem, Faltenb\u00e4lge mit Lamellen<\/h4>\n[\/vc_column_text][vc_btn title=&#8220;mehr Informationen&#8220; style=&#8220;custom&#8220; custom_background=&#8220;#e34529&#8243; custom_text=&#8220;#ffffff&#8220; shape=&#8220;round&#8220; size=&#8220;sm&#8220; link=&#8220;url:https%3A%2F%2Fwww.pei.it%2Fde%2Fprodukte%2Fx-y-abdeckungssystem-faltenbaelge-mit-lamellen%2F|title:X-Y%20Abdeckungssystem%20Faltenb%C3%A4lge%20mit%20Lamellen&#8220;][\/vc_column_inner][vc_column_inner width=&#8220;1\/3&#8243;][vc_single_image image=&#8220;59446&#8243; img_size=&#8220;250&#215;250&#8243; alignment=&#8220;center&#8220; style=&#8220;vc_box_outline_circle&#8220;][vc_column_text animation_delay=&#8220;0&#8243; css=&#8220;&#8220;]\n<h4 style=\"text-align: center;\">Modulare X-Y-Abdeckungssysteme<\/h4>\n[\/vc_column_text][vc_btn title=&#8220;mehr Informationen&#8220; style=&#8220;custom&#8220; custom_background=&#8220;#e34529&#8243; custom_text=&#8220;#ffffff&#8220; shape=&#8220;round&#8220; size=&#8220;sm&#8220; link=&#8220;url:%2Fde%2Fprodukte%2Fmodular-x-y-shield%2F|title:Modular%20X-Y%20shield&#8220;][\/vc_column_inner][vc_column_inner width=&#8220;1\/3&#8243;][vc_single_image image=&#8220;34698&#8243; img_size=&#8220;250&#215;250&#8243; alignment=&#8220;center&#8220; style=&#8220;vc_box_outline_circle&#8220;][vc_column_text animation_delay=&#8220;0&#8243;]\n<h4 style=\"text-align: center;\">X-Y Abdeckungsystem, Faltenb\u00e4lge ohne Lamellen<\/h4>\n[\/vc_column_text][vc_btn title=&#8220;mehr Informationen&#8220; style=&#8220;custom&#8220; custom_background=&#8220;#e34529&#8243; custom_text=&#8220;#ffffff&#8220; shape=&#8220;round&#8220; size=&#8220;sm&#8220; link=&#8220;url:https%3A%2F%2Fwww.pei.it%2Fde%2Fprodukte%2Fx-y-abdeckungssystem-mit-faltenbaelgen-ohne-lamellen%2F|title:X-Y%20Abdeckungssystem%20mit%20Faltenb%C3%A4lgen%20ohne%20Lamellen&#8220;][\/vc_column_inner][\/vc_row_inner][vc_row_inner element_id=&#8220;645291&#8243; el_class=&#8220;riga_smistamento&#8220;][vc_column_inner width=&#8220;1\/2&#8243;][vc_single_image image=&#8220;54286&#8243; img_size=&#8220;250&#215;250&#8243; alignment=&#8220;center&#8220; style=&#8220;vc_box_outline_circle&#8220;][vc_column_text animation_delay=&#8220;0&#8243;]\n<h4 style=\"text-align: center;\">Unique Steel Cover EVO<\/h4>\n[\/vc_column_text][vc_btn title=&#8220;mehr Informationen&#8220; style=&#8220;custom&#8220; custom_background=&#8220;#e34529&#8243; custom_text=&#8220;#ffffff&#8220; shape=&#8220;round&#8220; size=&#8220;sm&#8220; link=&#8220;url:https%3A%2F%2Fwww.pei.it%2Fde%2Fprodukte%2Fx-y-lamellenabdeckung%2F|title:X-Y%20Lamellenabdeckung&#8220;][\/vc_column_inner][vc_column_inner width=&#8220;1\/2&#8243;][vc_single_image image=&#8220;34682&#8243; img_size=&#8220;250&#215;250&#8243; alignment=&#8220;center&#8220; style=&#8220;vc_box_outline_circle&#8220;][vc_column_text animation_delay=&#8220;0&#8243;]\n<h4 style=\"text-align: center;\">Giant Shield-Der Riese<\/h4>\n[\/vc_column_text][vc_btn title=&#8220;mehr Informationen&#8220; style=&#8220;custom&#8220; custom_background=&#8220;#e34529&#8243; custom_text=&#8220;#ffffff&#8220; shape=&#8220;round&#8220; size=&#8220;sm&#8220; link=&#8220;url:https%3A%2F%2Fwww.pei.it%2Fde%2Fprodukte%2Fgiant-shield-der-riese-unter-den-schutzwaenden%2F|title:GIANT%20SHIELD%20Der%20Riese%20unter%20den%20Schutzw%C3%A4nden&#8220;][\/vc_column_inner][\/vc_row_inner]<div class=\"et-separator et-clearfix animate-false solid center horizontal et-separator-875676\" data-delay=\"\"><div class=\"line\"><\/div><\/div>[vc_column_text animation_delay=&#8220;0&#8243; el_class=&#8220;page_text&#8220;]Das X-Y Abdeckungssystem vereint eine einfache Montage und Wartung mit Wirtschaftlichkeit und Robustheit.<br \/>\nDas X-Y Abdeckungssystem ist in den Ausf\u00fchrungen mit und ohne Lamellen lieferbar.<br \/>\nDas X-Y Abdeckungssystem ist auch f\u00fcr Maschinen deren Abmessungen au\u00dferhalb des Standards liegen, erh\u00e4ltlich.[\/vc_column_text]<div class=\"et-separator et-clearfix animate-false solid center horizontal et-separator-875676\" data-delay=\"\"><div class=\"line\"><\/div><\/div>[vc_row_inner element_id=&#8220;527631&#8243; el_class=&#8220;Cop_Tel_Row&#8220;][vc_column_inner el_class=&#8220;Cop_Tel_First_Col&#8220;]<h2 class=\"et-heading text-align-center tablet-text-align-inherit mobile-text-align-inherit animate-false no-animation-type\" id=\"et-heading-456135\" data-delay=\"0\" data-mobile-font=\"inherit\" data-mobile-line-height=\"inherit\" data-tablet-landscape-font=\"inherit\" data-tablet-portrait-font=\"inherit\" data-tablet-landscape-line-height=\"inherit\" data-tablet-portrait-line-height=\"inherit\" data-parallax=\"false\" data-move=\"false\" data-coordinatex=\"0\" data-coordinatey=\"0\" data-speed=\"10\"><span class=\"text-wrapper\"><span class=\"text\">Entdecken Sie die gesamte technische Dokumentation f\u00fcr PEI-Produkte.<\/span><\/span><\/h2>[vc_single_image image=&#8220;53679&#8243; img_size=&#8220;250&#215;250&#8243; alignment=&#8220;center&#8220; css=&#8220;.vc_custom_1769077239514{padding-bottom: 20px !important;}&#8220; el_class=&#8220;catalogo_smistamento&#8220;][vc_btn title=&#8220;Technische Dokumentation&#8220; style=&#8220;custom&#8220; custom_background=&#8220;#e34529&#8243; custom_text=&#8220;#ffffff&#8220; shape=&#8220;round&#8220; size=&#8220;sm&#8220; align=&#8220;center&#8220; css=&#8220;.vc_custom_1769183389109{padding-bottom: 10px !important;}&#8220; link=&#8220;url:%2Fde%2Fdownload%2F|title:DOWNLOAD|target:_blank&#8220;]<div class=\"et-separator et-clearfix animate-false solid center horizontal et-separator-875676\" data-delay=\"\"><div class=\"line\"><\/div><\/div>[\/vc_column_inner][\/vc_row_inner][\/vc_column][\/vc_row]\n<\/div>","protected":false},"excerpt":{"rendered":"<p>[vc_row element_id=&#8220;790331&#8243; el_class=&#8220;product-cards&#8220; el_id=&#8220;sinergie-carousel&#8220;][vc_column][vc_row_inner element_id=&#8220;645291&#8243; el_class=&#8220;riga_smistamento&#8220;][vc_column_inner width=&#8220;1\/3&#8243;][vc_single_image image=&#8220;34674&#8243; img_size=&#8220;250&#215;250&#8243; alignment=&#8220;center&#8220; style=&#8220;vc_box_outline_circle&#8220;][vc_column_text animation_delay=&#8220;0&#8243;] X-Y Abdeckungssystem, Faltenb\u00e4lge mit Lamellen [\/vc_column_text][vc_btn title=&#8220;mehr Informationen&#8220; style=&#8220;custom&#8220; custom_background=&#8220;#e34529&#8243; custom_text=&#8220;#ffffff&#8220; shape=&#8220;round&#8220; size=&#8220;sm&#8220; link=&#8220;url:https%3A%2F%2Fwww.pei.it%2Fde%2Fprodukte%2Fx-y-abdeckungssystem-faltenbaelge-mit-lamellen%2F|title:X-Y%20Abdeckungssystem%20Faltenb%C3%A4lge%20mit%20Lamellen&#8220;][\/vc_column_inner][vc_column_inner width=&#8220;1\/3&#8243;][vc_single_image image=&#8220;59446&#8243; img_size=&#8220;250&#215;250&#8243; alignment=&#8220;center&#8220; style=&#8220;vc_box_outline_circle&#8220;][vc_column_text animation_delay=&#8220;0&#8243; css=&#8220;&#8220;] Modulare X-Y-Abdeckungssysteme [\/vc_column_text][vc_btn title=&#8220;mehr Informationen&#8220; style=&#8220;custom&#8220; custom_background=&#8220;#e34529&#8243; custom_text=&#8220;#ffffff&#8220; shape=&#8220;round&#8220; size=&#8220;sm&#8220; link=&#8220;url:%2Fde%2Fprodukte%2Fmodular-x-y-shield%2F|title:Modular%20X-Y%20shield&#8220;][\/vc_column_inner][vc_column_inner width=&#8220;1\/3&#8243;][vc_single_image image=&#8220;34698&#8243; img_size=&#8220;250&#215;250&#8243; alignment=&#8220;center&#8220; style=&#8220;vc_box_outline_circle&#8220;][vc_column_text animation_delay=&#8220;0&#8243;] X-Y Abdeckungsystem, Faltenb\u00e4lge ohne Lamellen [&hellip;]<\/p>\n","protected":false},"author":1,"featured_media":0,"parent":0,"menu_order":0,"comment_status":"closed","ping_status":"closed","template":"page_limpresa.php","meta":{"_acf_changed":false,"footnotes":""},"class_list":["post-39267","page","type-page","status-publish","hentry"],"acf":[],"yoast_head":"<!-- This site is optimized with the Yoast SEO plugin v26.9 - https:\/\/yoast.com\/product\/yoast-seo-wordpress\/ -->\n<title>X-Y ABDECKUNGSSYSTEME - PEI<\/title>\n<meta name=\"description\" content=\"X-Y ABDECKUNGSSYSTEME: Die X-Y Schutzwand von Pei ist ein komplettes System das den Bearbeitungsbereich vom Motorraum trennt.\" \/>\n<meta name=\"robots\" content=\"index, follow, max-snippet:-1, max-image-preview:large, max-video-preview:-1\" \/>\n<link rel=\"canonical\" href=\"https:\/\/www.pei.it\/de\/x-y-abdeckungssysteme\/\" \/>\n<meta property=\"og:locale\" content=\"de_DE\" \/>\n<meta property=\"og:type\" content=\"article\" \/>\n<meta property=\"og:title\" content=\"X-Y ABDECKUNGSSYSTEME - PEI\" \/>\n<meta property=\"og:description\" content=\"X-Y ABDECKUNGSSYSTEME: Die X-Y Schutzwand von Pei ist ein komplettes System das den Bearbeitungsbereich vom Motorraum trennt.\" \/>\n<meta property=\"og:url\" content=\"https:\/\/www.pei.it\/de\/x-y-abdeckungssysteme\/\" \/>\n<meta property=\"og:site_name\" content=\"PEI\" \/>\n<meta property=\"article:modified_time\" content=\"2026-01-23T15:53:27+00:00\" \/>\n<meta name=\"twitter:card\" content=\"summary_large_image\" \/>\n<meta name=\"twitter:label1\" content=\"Gesch\u00e4tzte Lesezeit\" \/>\n\t<meta name=\"twitter:data1\" content=\"1\u00a0Minute\" \/>\n<script type=\"application\/ld+json\" class=\"yoast-schema-graph\">{\"@context\":\"https:\/\/schema.org\",\"@graph\":[{\"@type\":\"WebPage\",\"@id\":\"https:\/\/www.pei.it\/de\/x-y-abdeckungssysteme\/\",\"url\":\"https:\/\/www.pei.it\/de\/x-y-abdeckungssysteme\/\",\"name\":\"X-Y ABDECKUNGSSYSTEME - PEI\",\"isPartOf\":{\"@id\":\"https:\/\/www.pei.it\/de\/#website\"},\"datePublished\":\"2022-01-25T10:22:53+00:00\",\"dateModified\":\"2026-01-23T15:53:27+00:00\",\"description\":\"X-Y ABDECKUNGSSYSTEME: Die X-Y Schutzwand von Pei ist ein komplettes System das den Bearbeitungsbereich vom Motorraum trennt.\",\"breadcrumb\":{\"@id\":\"https:\/\/www.pei.it\/de\/x-y-abdeckungssysteme\/#breadcrumb\"},\"inLanguage\":\"de\",\"potentialAction\":[{\"@type\":\"ReadAction\",\"target\":[\"https:\/\/www.pei.it\/de\/x-y-abdeckungssysteme\/\"]}]},{\"@type\":\"BreadcrumbList\",\"@id\":\"https:\/\/www.pei.it\/de\/x-y-abdeckungssysteme\/#breadcrumb\",\"itemListElement\":[{\"@type\":\"ListItem\",\"position\":1,\"name\":\"Home\",\"item\":\"https:\/\/www.pei.it\/de\/\"},{\"@type\":\"ListItem\",\"position\":2,\"name\":\"X-Y ABDECKUNGSSYSTEME\"}]},{\"@type\":\"WebSite\",\"@id\":\"https:\/\/www.pei.it\/de\/#website\",\"url\":\"https:\/\/www.pei.it\/de\/\",\"name\":\"PEI\",\"description\":\"Protezioni per macchine utensili, avvolgibili, telescopiche\",\"potentialAction\":[{\"@type\":\"SearchAction\",\"target\":{\"@type\":\"EntryPoint\",\"urlTemplate\":\"https:\/\/www.pei.it\/de\/?s={search_term_string}\"},\"query-input\":{\"@type\":\"PropertyValueSpecification\",\"valueRequired\":true,\"valueName\":\"search_term_string\"}}],\"inLanguage\":\"de\"}]}<\/script>\n<!-- \/ Yoast SEO plugin. -->","yoast_head_json":{"title":"X-Y ABDECKUNGSSYSTEME - PEI","description":"X-Y ABDECKUNGSSYSTEME: Die X-Y Schutzwand von Pei ist ein komplettes System das den Bearbeitungsbereich vom Motorraum trennt.","robots":{"index":"index","follow":"follow","max-snippet":"max-snippet:-1","max-image-preview":"max-image-preview:large","max-video-preview":"max-video-preview:-1"},"canonical":"https:\/\/www.pei.it\/de\/x-y-abdeckungssysteme\/","og_locale":"de_DE","og_type":"article","og_title":"X-Y ABDECKUNGSSYSTEME - PEI","og_description":"X-Y ABDECKUNGSSYSTEME: Die X-Y Schutzwand von Pei ist ein komplettes System das den Bearbeitungsbereich vom Motorraum trennt.","og_url":"https:\/\/www.pei.it\/de\/x-y-abdeckungssysteme\/","og_site_name":"PEI","article_modified_time":"2026-01-23T15:53:27+00:00","twitter_card":"summary_large_image","twitter_misc":{"Gesch\u00e4tzte Lesezeit":"1\u00a0Minute"},"schema":{"@context":"https:\/\/schema.org","@graph":[{"@type":"WebPage","@id":"https:\/\/www.pei.it\/de\/x-y-abdeckungssysteme\/","url":"https:\/\/www.pei.it\/de\/x-y-abdeckungssysteme\/","name":"X-Y ABDECKUNGSSYSTEME - PEI","isPartOf":{"@id":"https:\/\/www.pei.it\/de\/#website"},"datePublished":"2022-01-25T10:22:53+00:00","dateModified":"2026-01-23T15:53:27+00:00","description":"X-Y ABDECKUNGSSYSTEME: Die X-Y Schutzwand von Pei ist ein komplettes System das den Bearbeitungsbereich vom Motorraum trennt.","breadcrumb":{"@id":"https:\/\/www.pei.it\/de\/x-y-abdeckungssysteme\/#breadcrumb"},"inLanguage":"de","potentialAction":[{"@type":"ReadAction","target":["https:\/\/www.pei.it\/de\/x-y-abdeckungssysteme\/"]}]},{"@type":"BreadcrumbList","@id":"https:\/\/www.pei.it\/de\/x-y-abdeckungssysteme\/#breadcrumb","itemListElement":[{"@type":"ListItem","position":1,"name":"Home","item":"https:\/\/www.pei.it\/de\/"},{"@type":"ListItem","position":2,"name":"X-Y ABDECKUNGSSYSTEME"}]},{"@type":"WebSite","@id":"https:\/\/www.pei.it\/de\/#website","url":"https:\/\/www.pei.it\/de\/","name":"PEI","description":"Protezioni per macchine utensili, avvolgibili, telescopiche","potentialAction":[{"@type":"SearchAction","target":{"@type":"EntryPoint","urlTemplate":"https:\/\/www.pei.it\/de\/?s={search_term_string}"},"query-input":{"@type":"PropertyValueSpecification","valueRequired":true,"valueName":"search_term_string"}}],"inLanguage":"de"}]}},"_links":{"self":[{"href":"https:\/\/www.pei.it\/de\/wp-json\/wp\/v2\/pages\/39267","targetHints":{"allow":["GET"]}}],"collection":[{"href":"https:\/\/www.pei.it\/de\/wp-json\/wp\/v2\/pages"}],"about":[{"href":"https:\/\/www.pei.it\/de\/wp-json\/wp\/v2\/types\/page"}],"author":[{"embeddable":true,"href":"https:\/\/www.pei.it\/de\/wp-json\/wp\/v2\/users\/1"}],"replies":[{"embeddable":true,"href":"https:\/\/www.pei.it\/de\/wp-json\/wp\/v2\/comments?post=39267"}],"version-history":[{"count":3,"href":"https:\/\/www.pei.it\/de\/wp-json\/wp\/v2\/pages\/39267\/revisions"}],"predecessor-version":[{"id":64086,"href":"https:\/\/www.pei.it\/de\/wp-json\/wp\/v2\/pages\/39267\/revisions\/64086"}],"wp:attachment":[{"href":"https:\/\/www.pei.it\/de\/wp-json\/wp\/v2\/media?parent=39267"}],"curies":[{"name":"wp","href":"https:\/\/api.w.org\/{rel}","templated":true}]}}