{"id":39270,"date":"2022-01-25T10:26:22","date_gmt":"2022-01-25T10:26:22","guid":{"rendered":"https:\/\/www.pei.it\/soffietti\/"},"modified":"2026-01-23T15:52:48","modified_gmt":"2026-01-23T15:52:48","slug":"faltenbaelge","status":"publish","type":"page","link":"https:\/\/www.pei.it\/de\/faltenbaelge\/","title":{"rendered":"Faltenb\u00e4lge"},"content":{"rendered":"<div class=\"wpb-content-wrapper\">[vc_row element_id=&#8220;790331&#8243; el_class=&#8220;product-cards&#8220; el_id=&#8220;sinergie-carousel&#8220;][vc_column]<h2 class=\"et-heading text-align-center tablet-text-align-inherit mobile-text-align-inherit animate-false no-animation-type\" id=\"et-heading-659837\" data-delay=\"0\" data-mobile-font=\"inherit\" data-mobile-line-height=\"inherit\" data-tablet-landscape-font=\"inherit\" data-tablet-portrait-font=\"inherit\" data-tablet-landscape-line-height=\"inherit\" data-tablet-portrait-line-height=\"inherit\" data-parallax=\"false\" data-move=\"false\" data-coordinatex=\"0\" data-coordinatey=\"0\" data-speed=\"10\"><span class=\"text-wrapper\"><span class=\"text\">Produktauswahl<\/span><\/span><\/h2><div class=\"et-separator et-clearfix animate-false solid center horizontal et-separator-875676\" data-delay=\"\"><div class=\"line\"><\/div><\/div><h2 class=\"et-heading text-align-center tablet-text-align-inherit mobile-text-align-inherit animate-false no-animation-type\" id=\"et-heading-887346\" data-delay=\"0\" data-mobile-font=\"inherit\" data-mobile-line-height=\"inherit\" data-tablet-landscape-font=\"inherit\" data-tablet-portrait-font=\"inherit\" data-tablet-landscape-line-height=\"inherit\" data-tablet-portrait-line-height=\"inherit\" data-parallax=\"false\" data-move=\"false\" data-coordinatex=\"0\" data-coordinatey=\"0\" data-speed=\"10\"><span class=\"text-wrapper\"><span class=\"text\">Faltenb\u00e4lge f\u00fcr Werkzeugmaschinen<\/span><\/span><\/h2>[vc_row_inner element_id=&#8220;195690&#8243; el_class=&#8220;riga_smistamento&#8220;][vc_column_inner width=&#8220;1\/3&#8243;][vc_single_image image=&#8220;36357&#8243; img_size=&#8220;250&#215;250&#8243; alignment=&#8220;center&#8220; style=&#8220;vc_box_outline_circle&#8220; css_animation=&#8220;none&#8220;][vc_column_text animation_delay=&#8220;0&#8243;]\n<h4>Ohne Lamellen<\/h4>\n[\/vc_column_text][vc_btn title=&#8220;mehr Informationen&#8220; style=&#8220;custom&#8220; custom_background=&#8220;#e34529&#8243; custom_text=&#8220;#ffffff&#8220; shape=&#8220;round&#8220; size=&#8220;sm&#8220; link=&#8220;url:https%3A%2F%2Fwww.pei.it%2Fde%2Fprodukte%2Ffaltenbaelge-standardausfuehrung%2F|title:FALTENB%C3%84LGE%20%E2%80%A2%20Standardausf%C3%BChrung&#8220;][\/vc_column_inner][vc_column_inner width=&#8220;1\/3&#8243;][vc_single_image image=&#8220;36325&#8243; img_size=&#8220;250&#215;250&#8243; alignment=&#8220;center&#8220; style=&#8220;vc_box_outline_circle&#8220; css_animation=&#8220;none&#8220;][vc_column_text animation_delay=&#8220;0&#8243;]\n<h4>Mit fest montierten Lamellen<\/h4>\n[\/vc_column_text][vc_btn title=&#8220;mehr Informationen&#8220; style=&#8220;custom&#8220; custom_background=&#8220;#e34529&#8243; custom_text=&#8220;#ffffff&#8220; shape=&#8220;round&#8220; size=&#8220;sm&#8220; link=&#8220;url:https%3A%2F%2Fwww.pei.it%2Fde%2Fprodukte%2Fthermogeschweisste-baelge-mit-fest-montierten-lamellen-2%2F|title:THERMOGESCHWEISSTE%20B%C3%84LGE%20MIT%20FEST%20MONTIERTEN%20LAMELLEN&#8220;][\/vc_column_inner][vc_column_inner width=&#8220;1\/3&#8243;][vc_single_image image=&#8220;36341&#8243; img_size=&#8220;250&#215;250&#8243; alignment=&#8220;center&#8220; style=&#8220;vc_box_outline_circle&#8220; css_animation=&#8220;none&#8220;][vc_column_text animation_delay=&#8220;0&#8243;]\n<h4>Mit beweglichen Lamellen<\/h4>\n[\/vc_column_text][vc_btn title=&#8220;mehr Informationen&#8220; style=&#8220;custom&#8220; custom_background=&#8220;#e34529&#8243; custom_text=&#8220;#ffffff&#8220; shape=&#8220;round&#8220; size=&#8220;sm&#8220; link=&#8220;url:https%3A%2F%2Fwww.pei.it%2Fde%2Fprodukte%2Fthermogeschweisste-baelge-mit-beweglichen-lamellen-2%2F|title:THERMOGESCHWEISSTE%20B%C3%84LGE%20MIT%20BEWEGLICHEN%20LAMELLEN&#8220;][\/vc_column_inner][\/vc_row_inner][vc_row_inner element_id=&#8220;195690&#8243; el_class=&#8220;riga_smistamento&#8220;][vc_column_inner width=&#8220;1\/3&#8243;][vc_single_image image=&#8220;36309&#8243; img_size=&#8220;250&#215;250&#8243; alignment=&#8220;center&#8220; style=&#8220;vc_box_outline_circle&#8220; css_animation=&#8220;none&#8220;][vc_column_text animation_delay=&#8220;0&#8243;]\n<h4><span class=\"text-wrapper\"><span class=\"text\">F\u00fcr Hu<\/span><\/span><span class=\"text-wrapper\"><span class=\"text\">btische<\/span><\/span><\/h4>\n[\/vc_column_text][vc_btn title=&#8220;mehr Informationen&#8220; style=&#8220;custom&#8220; custom_background=&#8220;#e34529&#8243; custom_text=&#8220;#ffffff&#8220; shape=&#8220;round&#8220; size=&#8220;sm&#8220; link=&#8220;url:%2Fde%2Fprodukte%2Fprotezioni-a-soffietto-per-piattaforme-elevatrici%2F|title:Piani%20per%20piattaforme%20elevatrici&#8220;][\/vc_column_inner][vc_column_inner width=&#8220;1\/3&#8243;][vc_single_image image=&#8220;36333&#8243; img_size=&#8220;250&#215;250&#8243; alignment=&#8220;center&#8220; style=&#8220;vc_box_outline_circle&#8220; css_animation=&#8220;none&#8220;][vc_column_text animation_delay=&#8220;0&#8243;]\n<h4>F\u00fcr Laserschneidmaschinen<\/h4>\n[\/vc_column_text][vc_btn title=&#8220;mehr Informationen&#8220; style=&#8220;custom&#8220; custom_background=&#8220;#e34529&#8243; custom_text=&#8220;#ffffff&#8220; shape=&#8220;round&#8220; size=&#8220;sm&#8220; link=&#8220;url:https%3A%2F%2Fwww.pei.it%2Fde%2Fprodukte%2Fprotezioni-a-soffietto-per-macchine-laser%2F|title:Piani%20per%20macchine%20laser|&#8220;][\/vc_column_inner][vc_column_inner width=&#8220;1\/3&#8243;][vc_single_image image=&#8220;36317&#8243; img_size=&#8220;250&#215;250&#8243; alignment=&#8220;center&#8220; style=&#8220;vc_box_outline_circle&#8220; css_animation=&#8220;none&#8220;][vc_column_text animation_delay=&#8220;0&#8243;]\n<h4><span class=\"Y2IQFc\" lang=\"de\">F\u00fcr Linearf\u00fchrungen<\/span><\/h4>\n[\/vc_column_text][vc_btn title=&#8220;mehr Informationen&#8220; style=&#8220;custom&#8220; custom_background=&#8220;#e34529&#8243; custom_text=&#8220;#ffffff&#8220; shape=&#8220;round&#8220; size=&#8220;sm&#8220; link=&#8220;url:https%3A%2F%2Fwww.pei.it%2Fde%2Fprodukte%2Fthermogeschweisste-baelge-fuer-linearfuehrungen-2%2F|title:Thermogeschwei%C3%9Fte%20B%C3%A4lge%20f%C3%BCr%20Linearf%C3%BChrungen&#8220;][\/vc_column_inner][\/vc_row_inner][vc_row_inner element_id=&#8220;195690&#8243; el_class=&#8220;riga_smistamento&#8220;][vc_column_inner width=&#8220;1\/2&#8243;][vc_single_image image=&#8220;36349&#8243; img_size=&#8220;250&#215;250&#8243; alignment=&#8220;center&#8220; style=&#8220;vc_box_outline_circle&#8220; css_animation=&#8220;none&#8220;][vc_column_text animation_delay=&#8220;0&#8243;]\n<h4>Sonderanfertigungen<\/h4>\n[\/vc_column_text][vc_btn title=&#8220;mehr Informationen&#8220; style=&#8220;custom&#8220; custom_background=&#8220;#e34529&#8243; custom_text=&#8220;#ffffff&#8220; shape=&#8220;round&#8220; size=&#8220;sm&#8220; link=&#8220;url:https%3A%2F%2Fwww.pei.it%2Fde%2Fprodukte%2Ffaltenbaelge-sonderanfertigung%2F|title:FALTENB%C3%84LGE%20Sonderanfertigung&#8220;][\/vc_column_inner][vc_column_inner width=&#8220;1\/2&#8243;][vc_single_image image=&#8220;36301&#8243; img_size=&#8220;250&#215;250&#8243; alignment=&#8220;center&#8220; style=&#8220;vc_box_outline_circle&#8220; css_animation=&#8220;none&#8220;][vc_column_text animation_delay=&#8220;0&#8243;]\n<h4>Gen\u00e4hte Ausf\u00fchrung<\/h4>\n[\/vc_column_text][vc_btn title=&#8220;mehr Informationen&#8220; style=&#8220;custom&#8220; custom_background=&#8220;#e34529&#8243; custom_text=&#8220;#ffffff&#8220; shape=&#8220;round&#8220; size=&#8220;sm&#8220; link=&#8220;url:https%3A%2F%2Fwww.pei.it%2Fde%2Fprodukte%2Feckige-faltenbaelge-genaeht%2F|title:ECKIGE%20FALTENB%C3%84LGE%2C%20GEN%C3%84HT&#8220;][\/vc_column_inner][\/vc_row_inner]<div class=\"et-separator et-clearfix animate-false solid center horizontal et-separator-875676\" data-delay=\"\"><div class=\"line\"><\/div><\/div><h2 class=\"et-heading text-align-center tablet-text-align-inherit mobile-text-align-inherit animate-false no-animation-type\" id=\"et-heading-419875\" data-delay=\"0\" data-mobile-font=\"inherit\" data-mobile-line-height=\"inherit\" data-tablet-landscape-font=\"inherit\" data-tablet-portrait-font=\"inherit\" data-tablet-landscape-line-height=\"inherit\" data-tablet-portrait-line-height=\"inherit\" data-parallax=\"false\" data-move=\"false\" data-coordinatex=\"0\" data-coordinatey=\"0\" data-speed=\"10\"><span class=\"text-wrapper\"><span class=\"text\">Rundfaltenb\u00e4lge<\/span><\/span><\/h2>[vc_row_inner element_id=&#8220;195690&#8243; el_class=&#8220;riga_smistamento&#8220;][vc_column_inner width=&#8220;1\/3&#8243;][vc_single_image image=&#8220;36285&#8243; img_size=&#8220;250&#215;250&#8243; alignment=&#8220;center&#8220; style=&#8220;vc_box_outline_circle&#8220;][vc_column_text animation_delay=&#8220;0&#8243;]\n<h4>Gen\u00e4ht<\/h4>\n[\/vc_column_text][vc_btn title=&#8220;mehr Informationen&#8220; style=&#8220;custom&#8220; custom_background=&#8220;#e34529&#8243; custom_text=&#8220;#ffffff&#8220; shape=&#8220;round&#8220; size=&#8220;sm&#8220; link=&#8220;url:https%3A%2F%2Fwww.pei.it%2Fde%2Fprodukte%2Frunde-faltenbaelge-genaeht-2%2F|title:Runde%20Faltenb%C3%A4lge%2C%20gen%C3%A4ht&#8220;][\/vc_column_inner][vc_column_inner width=&#8220;1\/3&#8243;][vc_single_image image=&#8220;36365&#8243; img_size=&#8220;250&#215;250&#8243; alignment=&#8220;center&#8220; style=&#8220;vc_box_outline_circle&#8220;][vc_column_text animation_delay=&#8220;0&#8243;]\n<h4>Thermogeschweisst<\/h4>\n[\/vc_column_text][vc_btn title=&#8220;mehr Informationen&#8220; style=&#8220;custom&#8220; custom_background=&#8220;#e34529&#8243; custom_text=&#8220;#ffffff&#8220; shape=&#8220;round&#8220; size=&#8220;sm&#8220; link=&#8220;url:https%3A%2F%2Fwww.pei.it%2Fde%2Fprodukte%2Fthermogeschweisste-dichte-rundfaltenbaelge%2F|title:Thermogeschwei%C3%9Fte%20dichte%20Rundfaltenb%C3%A4lge|target:_blank&#8220;][\/vc_column_inner][vc_column_inner width=&#8220;1\/3&#8243;][vc_single_image image=&#8220;56173&#8243; img_size=&#8220;250&#215;250&#8243; alignment=&#8220;center&#8220; style=&#8220;vc_box_outline_circle&#8220;][vc_column_text animation_delay=&#8220;0&#8243;]\n<h4>Hei\u00dfgeformt<\/h4>\n[\/vc_column_text][vc_btn title=&#8220;mehr Informationen&#8220; style=&#8220;custom&#8220; custom_background=&#8220;#e34529&#8243; custom_text=&#8220;#ffffff&#8220; shape=&#8220;round&#8220; size=&#8220;sm&#8220; link=&#8220;url:https%3A%2F%2Fwww.pei.it%2Fde%2Fprodukte%2Frundfaltenbaelge-heiss-geformt-und-mit-laengsoeffnung%2F|title:Rundfaltenb%C3%A4lge%20hei%C3%9F%20geformt%20und%20mit%20L%C3%A4ngs%C3%B6ffnung&#8220;][\/vc_column_inner][\/vc_row_inner]<div class=\"et-separator et-clearfix animate-false solid center horizontal et-separator-875676\" data-delay=\"\"><div class=\"line\"><\/div><\/div>[vc_column_text animation_delay=&#8220;0&#8243; el_class=&#8220;page_text&#8220;]Faltenb\u00e4lge sch\u00fctzen die wertvollen Teile der Maschinen &#8211; F\u00fchrungen und Spindeln &#8211; vor Staub, \u00d6le, K\u00fchlmittel oder Schwei\u00dfspritzern.<br \/>\nDer Balg bewegt sich mit der Achse und verhindert so, dass Verschmutzungen auf die F\u00fchrungen gelangen. Alle Artikel werden auf die Kundenbed\u00fcrfnisse zugeschnitten gefertigt.[\/vc_column_text]<div class=\"et-separator et-clearfix animate-false solid center horizontal et-separator-875676\" data-delay=\"\"><div class=\"line\"><\/div><\/div>[vc_row_inner element_id=&#8220;527631&#8243; el_class=&#8220;Cop_Tel_Row&#8220;][vc_column_inner el_class=&#8220;Cop_Tel_First_Col&#8220;]<h2 class=\"et-heading text-align-center tablet-text-align-inherit mobile-text-align-inherit animate-false no-animation-type\" id=\"et-heading-456135\" data-delay=\"0\" data-mobile-font=\"inherit\" data-mobile-line-height=\"inherit\" data-tablet-landscape-font=\"inherit\" data-tablet-portrait-font=\"inherit\" data-tablet-landscape-line-height=\"inherit\" data-tablet-portrait-line-height=\"inherit\" data-parallax=\"false\" data-move=\"false\" data-coordinatex=\"0\" data-coordinatey=\"0\" data-speed=\"10\"><span class=\"text-wrapper\"><span class=\"text\">Entdecken Sie die gesamte technische Dokumentation f\u00fcr PEI-Produkte.<\/span><\/span><\/h2>[vc_single_image image=&#8220;53679&#8243; img_size=&#8220;250&#215;250&#8243; alignment=&#8220;center&#8220; css=&#8220;.vc_custom_1769077239514{padding-bottom: 20px !important;}&#8220; el_class=&#8220;catalogo_smistamento&#8220;][vc_btn title=&#8220;Technische Dokumentation&#8220; style=&#8220;custom&#8220; custom_background=&#8220;#e34529&#8243; custom_text=&#8220;#ffffff&#8220; shape=&#8220;round&#8220; size=&#8220;sm&#8220; align=&#8220;center&#8220; css=&#8220;.vc_custom_1769183389109{padding-bottom: 10px !important;}&#8220; link=&#8220;url:%2Fde%2Fdownload%2F|title:DOWNLOAD|target:_blank&#8220;]<div class=\"et-separator et-clearfix animate-false solid center horizontal et-separator-875676\" data-delay=\"\"><div class=\"line\"><\/div><\/div>[\/vc_column_inner][\/vc_row_inner][\/vc_column][\/vc_row]\n<\/div>","protected":false},"excerpt":{"rendered":"<p>[vc_row element_id=&#8220;790331&#8243; el_class=&#8220;product-cards&#8220; el_id=&#8220;sinergie-carousel&#8220;][vc_column][vc_row_inner element_id=&#8220;195690&#8243; el_class=&#8220;riga_smistamento&#8220;][vc_column_inner width=&#8220;1\/3&#8243;][vc_single_image image=&#8220;36357&#8243; img_size=&#8220;250&#215;250&#8243; alignment=&#8220;center&#8220; style=&#8220;vc_box_outline_circle&#8220; css_animation=&#8220;none&#8220;][vc_column_text animation_delay=&#8220;0&#8243;] Ohne Lamellen [\/vc_column_text][vc_btn title=&#8220;mehr Informationen&#8220; style=&#8220;custom&#8220; custom_background=&#8220;#e34529&#8243; custom_text=&#8220;#ffffff&#8220; shape=&#8220;round&#8220; size=&#8220;sm&#8220; link=&#8220;url:https%3A%2F%2Fwww.pei.it%2Fde%2Fprodukte%2Ffaltenbaelge-standardausfuehrung%2F|title:FALTENB%C3%84LGE%20%E2%80%A2%20Standardausf%C3%BChrung&#8220;][\/vc_column_inner][vc_column_inner width=&#8220;1\/3&#8243;][vc_single_image image=&#8220;36325&#8243; img_size=&#8220;250&#215;250&#8243; alignment=&#8220;center&#8220; style=&#8220;vc_box_outline_circle&#8220; css_animation=&#8220;none&#8220;][vc_column_text animation_delay=&#8220;0&#8243;] Mit fest montierten Lamellen [\/vc_column_text][vc_btn title=&#8220;mehr Informationen&#8220; style=&#8220;custom&#8220; custom_background=&#8220;#e34529&#8243; custom_text=&#8220;#ffffff&#8220; shape=&#8220;round&#8220; size=&#8220;sm&#8220; link=&#8220;url:https%3A%2F%2Fwww.pei.it%2Fde%2Fprodukte%2Fthermogeschweisste-baelge-mit-fest-montierten-lamellen-2%2F|title:THERMOGESCHWEISSTE%20B%C3%84LGE%20MIT%20FEST%20MONTIERTEN%20LAMELLEN&#8220;][\/vc_column_inner][vc_column_inner width=&#8220;1\/3&#8243;][vc_single_image image=&#8220;36341&#8243; img_size=&#8220;250&#215;250&#8243; alignment=&#8220;center&#8220; style=&#8220;vc_box_outline_circle&#8220; css_animation=&#8220;none&#8220;][vc_column_text animation_delay=&#8220;0&#8243;] Mit beweglichen Lamellen [\/vc_column_text][vc_btn [&hellip;]<\/p>\n","protected":false},"author":1,"featured_media":0,"parent":0,"menu_order":0,"comment_status":"closed","ping_status":"closed","template":"page_limpresa.php","meta":{"_acf_changed":false,"footnotes":""},"class_list":["post-39270","page","type-page","status-publish","hentry"],"acf":[],"yoast_head":"<!-- This site is optimized with the Yoast SEO plugin v26.9 - https:\/\/yoast.com\/product\/yoast-seo-wordpress\/ -->\n<title>faltenb\u00e4lge f\u00fcr werkzeugmaschinen - PEI<\/title>\n<meta name=\"description\" content=\"Faltenb\u00e4lge: Standardausf\u00fchrung, Mit fest montierten und beweglichen Lamellen, alle Artikel werden auf die Kundenbed\u00fcrfnisse zugeschnitten gefertigt.\" \/>\n<meta name=\"robots\" content=\"index, follow, max-snippet:-1, max-image-preview:large, max-video-preview:-1\" \/>\n<link rel=\"canonical\" href=\"https:\/\/www.pei.it\/de\/faltenbaelge\/\" \/>\n<meta property=\"og:locale\" content=\"de_DE\" \/>\n<meta property=\"og:type\" content=\"article\" \/>\n<meta property=\"og:title\" content=\"faltenb\u00e4lge f\u00fcr werkzeugmaschinen - PEI\" \/>\n<meta property=\"og:description\" content=\"Faltenb\u00e4lge: Standardausf\u00fchrung, Mit fest montierten und beweglichen Lamellen, alle Artikel werden auf die Kundenbed\u00fcrfnisse zugeschnitten gefertigt.\" \/>\n<meta property=\"og:url\" content=\"https:\/\/www.pei.it\/de\/faltenbaelge\/\" \/>\n<meta property=\"og:site_name\" content=\"PEI\" \/>\n<meta property=\"article:modified_time\" content=\"2026-01-23T15:52:48+00:00\" \/>\n<meta name=\"twitter:card\" content=\"summary_large_image\" \/>\n<meta name=\"twitter:label1\" content=\"Gesch\u00e4tzte Lesezeit\" \/>\n\t<meta name=\"twitter:data1\" content=\"2\u00a0Minuten\" \/>\n<script type=\"application\/ld+json\" class=\"yoast-schema-graph\">{\"@context\":\"https:\/\/schema.org\",\"@graph\":[{\"@type\":\"WebPage\",\"@id\":\"https:\/\/www.pei.it\/de\/faltenbaelge\/\",\"url\":\"https:\/\/www.pei.it\/de\/faltenbaelge\/\",\"name\":\"faltenb\u00e4lge f\u00fcr werkzeugmaschinen - PEI\",\"isPartOf\":{\"@id\":\"https:\/\/www.pei.it\/de\/#website\"},\"datePublished\":\"2022-01-25T10:26:22+00:00\",\"dateModified\":\"2026-01-23T15:52:48+00:00\",\"description\":\"Faltenb\u00e4lge: Standardausf\u00fchrung, Mit fest montierten und beweglichen Lamellen, alle Artikel werden auf die Kundenbed\u00fcrfnisse zugeschnitten gefertigt.\",\"breadcrumb\":{\"@id\":\"https:\/\/www.pei.it\/de\/faltenbaelge\/#breadcrumb\"},\"inLanguage\":\"de\",\"potentialAction\":[{\"@type\":\"ReadAction\",\"target\":[\"https:\/\/www.pei.it\/de\/faltenbaelge\/\"]}]},{\"@type\":\"BreadcrumbList\",\"@id\":\"https:\/\/www.pei.it\/de\/faltenbaelge\/#breadcrumb\",\"itemListElement\":[{\"@type\":\"ListItem\",\"position\":1,\"name\":\"Home\",\"item\":\"https:\/\/www.pei.it\/de\/\"},{\"@type\":\"ListItem\",\"position\":2,\"name\":\"Faltenb\u00e4lge\"}]},{\"@type\":\"WebSite\",\"@id\":\"https:\/\/www.pei.it\/de\/#website\",\"url\":\"https:\/\/www.pei.it\/de\/\",\"name\":\"PEI\",\"description\":\"Protezioni per macchine utensili, avvolgibili, telescopiche\",\"potentialAction\":[{\"@type\":\"SearchAction\",\"target\":{\"@type\":\"EntryPoint\",\"urlTemplate\":\"https:\/\/www.pei.it\/de\/?s={search_term_string}\"},\"query-input\":{\"@type\":\"PropertyValueSpecification\",\"valueRequired\":true,\"valueName\":\"search_term_string\"}}],\"inLanguage\":\"de\"}]}<\/script>\n<!-- \/ Yoast SEO plugin. -->","yoast_head_json":{"title":"faltenb\u00e4lge f\u00fcr werkzeugmaschinen - PEI","description":"Faltenb\u00e4lge: Standardausf\u00fchrung, Mit fest montierten und beweglichen Lamellen, alle Artikel werden auf die Kundenbed\u00fcrfnisse zugeschnitten gefertigt.","robots":{"index":"index","follow":"follow","max-snippet":"max-snippet:-1","max-image-preview":"max-image-preview:large","max-video-preview":"max-video-preview:-1"},"canonical":"https:\/\/www.pei.it\/de\/faltenbaelge\/","og_locale":"de_DE","og_type":"article","og_title":"faltenb\u00e4lge f\u00fcr werkzeugmaschinen - PEI","og_description":"Faltenb\u00e4lge: Standardausf\u00fchrung, Mit fest montierten und beweglichen Lamellen, alle Artikel werden auf die Kundenbed\u00fcrfnisse zugeschnitten gefertigt.","og_url":"https:\/\/www.pei.it\/de\/faltenbaelge\/","og_site_name":"PEI","article_modified_time":"2026-01-23T15:52:48+00:00","twitter_card":"summary_large_image","twitter_misc":{"Gesch\u00e4tzte Lesezeit":"2\u00a0Minuten"},"schema":{"@context":"https:\/\/schema.org","@graph":[{"@type":"WebPage","@id":"https:\/\/www.pei.it\/de\/faltenbaelge\/","url":"https:\/\/www.pei.it\/de\/faltenbaelge\/","name":"faltenb\u00e4lge f\u00fcr werkzeugmaschinen - PEI","isPartOf":{"@id":"https:\/\/www.pei.it\/de\/#website"},"datePublished":"2022-01-25T10:26:22+00:00","dateModified":"2026-01-23T15:52:48+00:00","description":"Faltenb\u00e4lge: Standardausf\u00fchrung, Mit fest montierten und beweglichen Lamellen, alle Artikel werden auf die Kundenbed\u00fcrfnisse zugeschnitten gefertigt.","breadcrumb":{"@id":"https:\/\/www.pei.it\/de\/faltenbaelge\/#breadcrumb"},"inLanguage":"de","potentialAction":[{"@type":"ReadAction","target":["https:\/\/www.pei.it\/de\/faltenbaelge\/"]}]},{"@type":"BreadcrumbList","@id":"https:\/\/www.pei.it\/de\/faltenbaelge\/#breadcrumb","itemListElement":[{"@type":"ListItem","position":1,"name":"Home","item":"https:\/\/www.pei.it\/de\/"},{"@type":"ListItem","position":2,"name":"Faltenb\u00e4lge"}]},{"@type":"WebSite","@id":"https:\/\/www.pei.it\/de\/#website","url":"https:\/\/www.pei.it\/de\/","name":"PEI","description":"Protezioni per macchine utensili, avvolgibili, telescopiche","potentialAction":[{"@type":"SearchAction","target":{"@type":"EntryPoint","urlTemplate":"https:\/\/www.pei.it\/de\/?s={search_term_string}"},"query-input":{"@type":"PropertyValueSpecification","valueRequired":true,"valueName":"search_term_string"}}],"inLanguage":"de"}]}},"_links":{"self":[{"href":"https:\/\/www.pei.it\/de\/wp-json\/wp\/v2\/pages\/39270","targetHints":{"allow":["GET"]}}],"collection":[{"href":"https:\/\/www.pei.it\/de\/wp-json\/wp\/v2\/pages"}],"about":[{"href":"https:\/\/www.pei.it\/de\/wp-json\/wp\/v2\/types\/page"}],"author":[{"embeddable":true,"href":"https:\/\/www.pei.it\/de\/wp-json\/wp\/v2\/users\/1"}],"replies":[{"embeddable":true,"href":"https:\/\/www.pei.it\/de\/wp-json\/wp\/v2\/comments?post=39270"}],"version-history":[{"count":3,"href":"https:\/\/www.pei.it\/de\/wp-json\/wp\/v2\/pages\/39270\/revisions"}],"predecessor-version":[{"id":64085,"href":"https:\/\/www.pei.it\/de\/wp-json\/wp\/v2\/pages\/39270\/revisions\/64085"}],"wp:attachment":[{"href":"https:\/\/www.pei.it\/de\/wp-json\/wp\/v2\/media?parent=39270"}],"curies":[{"name":"wp","href":"https:\/\/api.w.org\/{rel}","templated":true}]}}