{"id":63924,"date":"2026-01-22T07:57:54","date_gmt":"2026-01-22T07:57:54","guid":{"rendered":"https:\/\/www.pei.it\/download\/"},"modified":"2026-03-13T12:56:54","modified_gmt":"2026-03-13T12:56:54","slug":"download","status":"publish","type":"page","link":"https:\/\/www.pei.it\/de\/download\/","title":{"rendered":"DOWNLOAD"},"content":{"rendered":"<div class=\"wpb-content-wrapper\">[vc_row gap=&#8220;48&#8243; element_id=&#8220;851011&#8243;][vc_column animation_delay=&#8220;0&#8243; element_id=&#8220;784148&#8243; crp=&#8220;480:i:i,480-768:i:i,768-1024:i:i,1024-1280:i:i,1280-1366:i:i,1366-1600:i:i,1600-1920:i:i&#8220;]<h2 class=\"et-heading text-align-left tablet-text-align-inherit mobile-text-align-inherit animate-false no-animation-type\" id=\"et-heading-336169\" data-delay=\"0\" data-mobile-font=\"inherit\" data-mobile-line-height=\"inherit\" data-tablet-landscape-font=\"inherit\" data-tablet-portrait-font=\"inherit\" data-tablet-landscape-line-height=\"inherit\" data-tablet-portrait-line-height=\"inherit\" data-parallax=\"false\" data-move=\"false\" data-coordinatex=\"0\" data-coordinatey=\"0\" data-speed=\"10\"><span class=\"text-wrapper\"><span class=\"text\">TECHNISCHE UND KOMMERZIELLE DOKUMENTATION<\/span><\/span><\/h2>[vc_column_text animation_delay=&#8220;0&#8243; css_animation=&#8220;none&#8220; css=&#8220;&#8220; el_class=&#8220;text-2-columns&#8220;]<img loading=\"lazy\" loading=\"lazy\" decoding=\"async\" class=\"size-full wp-image-5669 alignnone\" src=\"https:\/\/www.pei.it\/wp-content\/uploads\/2017\/08\/pdf_button.png\" alt=\"\" width=\"16\" height=\"16\" \/> <a href=\"https:\/\/www.pei.it\/wp-content\/uploads\/2021\/07\/Catalogo_PEI_DE_web.pdf\" target=\"_blank\" rel=\"noopener\">Gesamtkatalog<\/a><\/p>\n<p><img loading=\"lazy\" loading=\"lazy\" decoding=\"async\" class=\"size-full wp-image-5669 alignnone\" src=\"https:\/\/www.pei.it\/wp-content\/uploads\/2017\/08\/pdf_button.png\" alt=\"\" width=\"16\" height=\"16\" \/> <a href=\"\/wp-content\/uploads\/2021\/11\/Flyer-PEI-4-ante_GAMMA-de-en-A4-x-web.pdf\" target=\"_blank\" rel=\"noopener\">Unsere Produktpalette<\/a><\/p>\n<p><img loading=\"lazy\" loading=\"lazy\" decoding=\"async\" class=\"size-full wp-image-5669 alignnone\" src=\"https:\/\/www.pei.it\/wp-content\/uploads\/2017\/08\/pdf_button.png\" alt=\"\" width=\"16\" height=\"16\" \/> <a href=\"\/wp-content\/uploads\/2021\/07\/Flyer_Scudi_2025_ted-ing_web.pdf\" target=\"_blank\" rel=\"noopener\">X-Y Abdeckungssysteme<\/a><\/p>\n<p><img loading=\"lazy\" loading=\"lazy\" decoding=\"async\" class=\"size-full wp-image-5669 alignnone\" src=\"https:\/\/www.pei.it\/wp-content\/uploads\/2017\/08\/pdf_button.png\" alt=\"\" width=\"16\" height=\"16\" \/> <a href=\"\/wp-content\/uploads\/2021\/11\/Flyer_Overhaul-SpareParts_DE-EN_web.pdf\" target=\"_blank\" rel=\"noopener\">Instandsetzung und Ersatzteile<\/a><\/p>\n<p><img loading=\"lazy\" loading=\"lazy\" decoding=\"async\" class=\"size-full wp-image-5669 alignnone\" src=\"https:\/\/www.pei.it\/wp-content\/uploads\/2017\/08\/pdf_button.png\" alt=\"\" width=\"16\" height=\"16\" \/> <a href=\"https:\/\/www.pei.it\/wp-content\/uploads\/2021\/11\/flyer-WSC-it-en_WEB.pdf\" target=\"_blank\" rel=\"noopener\">Wave Sky Chemical<\/a><\/p>\n<p><img loading=\"lazy\" loading=\"lazy\" decoding=\"async\" class=\"size-full wp-image-5669 alignnone\" src=\"https:\/\/www.pei.it\/wp-content\/uploads\/2017\/08\/pdf_button.png\" alt=\"\" width=\"16\" height=\"16\" \/> <a href=\"\/wp-content\/uploads\/2021\/11\/Vol_istruz_Cop_telesco_TED.pdf\" target=\"_blank\" rel=\"noopener\">Anleitung f\u00fcr die Teleskopabdeckung<\/a><\/p>\n<p><img loading=\"lazy\" loading=\"lazy\" decoding=\"async\" class=\"size-full wp-image-5669 alignnone\" src=\"https:\/\/www.pei.it\/wp-content\/uploads\/2017\/08\/pdf_button.png\" alt=\"\" width=\"16\" height=\"16\" \/> <a href=\"\/wp-content\/uploads\/2021\/11\/Vol_istruz_SHEET-POCKET_DE.pdf\" target=\"_blank\" rel=\"noopener\">Anleitung f\u00fcr Sheet-Pocket<\/a>[\/vc_column_text]<span class=\"et-gap et-clearfix et-gap-438775\"><\/span>[vc_separator css=&#8220;&#8220;]<h2 class=\"et-heading text-align-left tablet-text-align-inherit mobile-text-align-inherit animate-false no-animation-type\" id=\"et-heading-336169\" data-delay=\"0\" data-mobile-font=\"inherit\" data-mobile-line-height=\"inherit\" data-tablet-landscape-font=\"inherit\" data-tablet-portrait-font=\"inherit\" data-tablet-landscape-line-height=\"inherit\" data-tablet-portrait-line-height=\"inherit\" data-parallax=\"false\" data-move=\"false\" data-coordinatex=\"0\" data-coordinatey=\"0\" data-speed=\"10\"><span class=\"text-wrapper\"><span class=\"text\">ANFRAGEFORMULARE<\/span><\/span><\/h2>[vc_column_text animation_delay=&#8220;0&#8243; css_animation=&#8220;none&#8220; css=&#8220;&#8220; el_class=&#8220;text-2-columns&#8220;]<img loading=\"lazy\" loading=\"lazy\" decoding=\"async\" class=\"size-full wp-image-5669 alignnone\" src=\"https:\/\/www.pei.it\/wp-content\/uploads\/2017\/08\/pdf_button.png\" alt=\"\" width=\"16\" height=\"16\" \/>\u00a0<a href=\"\/wp-content\/uploads\/2021\/11\/Q-De-Teleskopabdeckungen_2025.pdf\" target=\"_blank\" rel=\"noopener\">Teleskopabdeckungen<\/a><\/p>\n<p><img loading=\"lazy\" loading=\"lazy\" decoding=\"async\" class=\"size-full wp-image-5669 alignnone\" src=\"\/wp-content\/uploads\/2021\/11\/link.png\" alt=\"\" width=\"16\" height=\"16\" \/>\u00a0<a href=\"https:\/\/questprotavv.pei.it\/de\/\" target=\"_blank\" rel=\"noopener\">Rolloabdeckungen<\/a><\/p>\n<p><img loading=\"lazy\" loading=\"lazy\" decoding=\"async\" class=\"size-full wp-image-5669 alignnone\" src=\"https:\/\/www.pei.it\/wp-content\/uploads\/2017\/08\/pdf_button.png\" alt=\"\" width=\"16\" height=\"16\" \/> <a href=\"\/wp-content\/uploads\/2021\/11\/Q-De-Runde_Faltenbalge_2025.pdf\" target=\"_blank\" rel=\"noopener\">Runde Faltenb\u00e4lge<\/a><\/p>\n<p><img loading=\"lazy\" loading=\"lazy\" decoding=\"async\" class=\"size-full wp-image-5669 alignnone\" src=\"https:\/\/www.pei.it\/wp-content\/uploads\/2017\/08\/pdf_button.png\" alt=\"\" width=\"16\" height=\"16\" \/> <a href=\"\/wp-content\/uploads\/2021\/11\/Q-De-Eckige_Faltenbalge_genaht_2025.pdf\" target=\"_blank\" rel=\"noopener\">Eckige Faltenb\u00e4lge, gen\u00e4ht<\/a><\/p>\n<p><img loading=\"lazy\" loading=\"lazy\" decoding=\"async\" class=\"size-full wp-image-5669 alignnone\" src=\"https:\/\/www.pei.it\/wp-content\/uploads\/2017\/08\/pdf_button.png\" alt=\"\" width=\"16\" height=\"16\" \/>\u00a0<a href=\"\/wp-content\/uploads\/2021\/11\/Q-De-Faltenbalge_fur_Hubtische_2025.pdf\" target=\"_blank\" rel=\"noopener\">Faltenb\u00e4lge f\u00fcr Hubtische<\/a><\/p>\n<p><img loading=\"lazy\" loading=\"lazy\" decoding=\"async\" class=\"size-full wp-image-5669 alignnone\" src=\"https:\/\/www.pei.it\/wp-content\/uploads\/2017\/08\/pdf_button.png\" alt=\"\" width=\"16\" height=\"16\" \/>\u00a0<a href=\"\/wp-content\/uploads\/2021\/11\/Q-De-Thermogeschweisste_Balge_fur_Linearfuhrungen_2025.pdf\" target=\"_blank\" rel=\"noopener\">Thermogeschweisste B\u00e4lge f\u00fcr Linearf\u00fchrungen<\/a><\/p>\n<p><img loading=\"lazy\" loading=\"lazy\" decoding=\"async\" class=\"size-full wp-image-5669 alignnone\" src=\"https:\/\/www.pei.it\/wp-content\/uploads\/2017\/08\/pdf_button.png\" alt=\"\" width=\"16\" height=\"16\" \/> <a href=\"\/wp-content\/uploads\/2021\/11\/Q-De-Faltenbalge_2025.pdf\" target=\"_blank\" rel=\"noopener\">Faltenb\u00e4lge<\/a><\/p>\n<p><img loading=\"lazy\" loading=\"lazy\" decoding=\"async\" class=\"size-full wp-image-5669 alignnone\" src=\"https:\/\/www.pei.it\/wp-content\/uploads\/2017\/08\/pdf_button.png\" alt=\"\" width=\"16\" height=\"16\" \/> <a href=\"\/wp-content\/uploads\/2021\/11\/Q-De-X-Y_Abdeckungssysteme_2025-1.pdf\" target=\"_blank\" rel=\"noopener\">X-Y Abdeckungssysteme<\/a>[\/vc_column_text][vc_separator css=&#8220;&#8220;]<h2 class=\"et-heading text-align-left tablet-text-align-inherit mobile-text-align-inherit animate-false no-animation-type\" id=\"et-heading-336169\" data-delay=\"0\" data-mobile-font=\"inherit\" data-mobile-line-height=\"inherit\" data-tablet-landscape-font=\"inherit\" data-tablet-portrait-font=\"inherit\" data-tablet-landscape-line-height=\"inherit\" data-tablet-portrait-line-height=\"inherit\" data-parallax=\"false\" data-move=\"false\" data-coordinatex=\"0\" data-coordinatey=\"0\" data-speed=\"10\"><span class=\"text-wrapper\"><span class=\"text\">ALLGEMEINE DOKUMENTATION<\/span><\/span><\/h2>[vc_column_text animation_delay=&#8220;0&#8243; css_animation=&#8220;none&#8220; css=&#8220;&#8220; el_class=&#8220;text-2-columns&#8220;]<img loading=\"lazy\" loading=\"lazy\" decoding=\"async\" class=\"size-full wp-image-5669 alignnone\" src=\"https:\/\/www.pei.it\/wp-content\/uploads\/2017\/08\/pdf_button.png\" alt=\"\" width=\"16\" height=\"16\" \/> <a href=\"\/wp-content\/uploads\/2021\/07\/Materialtabelle_DE_PEI_2024.pdf\" target=\"_blank\" rel=\"noopener\">Materialtabelle<\/a><\/p>\n<p><img loading=\"lazy\" loading=\"lazy\" decoding=\"async\" class=\"size-full wp-image-5669 alignnone\" src=\"https:\/\/www.pei.it\/wp-content\/uploads\/2017\/08\/pdf_button.png\" alt=\"\" width=\"16\" height=\"16\" \/> <a href=\"\/wp-content\/uploads\/media\/sales-terms-en.pdf\" target=\"_blank\" rel=\"noopener\">Allgemeine Verkaufsbedingungen<\/a>[\/vc_column_text][vc_separator css=&#8220;&#8220;]<span class=\"et-gap et-clearfix et-gap-438775\"><\/span>[\/vc_column][\/vc_row]\n<\/div>","protected":false},"excerpt":{"rendered":"<p>[vc_row gap=&#8220;48&#8243; element_id=&#8220;851011&#8243;][vc_column animation_delay=&#8220;0&#8243; element_id=&#8220;784148&#8243; crp=&#8220;480:i:i,480-768:i:i,768-1024:i:i,1024-1280:i:i,1280-1366:i:i,1366-1600:i:i,1600-1920:i:i&#8220;][vc_column_text animation_delay=&#8220;0&#8243; css_animation=&#8220;none&#8220; css=&#8220;&#8220; el_class=&#8220;text-2-columns&#8220;] Gesamtkatalog Unsere Produktpalette X-Y Abdeckungssysteme Instandsetzung und Ersatzteile Wave Sky Chemical Anleitung f\u00fcr die Teleskopabdeckung Anleitung f\u00fcr Sheet-Pocket[\/vc_column_text][vc_separator css=&#8220;&#8220;][vc_column_text animation_delay=&#8220;0&#8243; css_animation=&#8220;none&#8220; css=&#8220;&#8220; el_class=&#8220;text-2-columns&#8220;]\u00a0Teleskopabdeckungen \u00a0Rolloabdeckungen Runde Faltenb\u00e4lge Eckige Faltenb\u00e4lge, gen\u00e4ht \u00a0Faltenb\u00e4lge f\u00fcr Hubtische \u00a0Thermogeschweisste B\u00e4lge f\u00fcr Linearf\u00fchrungen Faltenb\u00e4lge X-Y Abdeckungssysteme[\/vc_column_text][vc_separator css=&#8220;&#8220;][vc_column_text animation_delay=&#8220;0&#8243; css_animation=&#8220;none&#8220; css=&#8220;&#8220; el_class=&#8220;text-2-columns&#8220;] Materialtabelle [&hellip;]<\/p>\n","protected":false},"author":1,"featured_media":0,"parent":0,"menu_order":0,"comment_status":"closed","ping_status":"closed","template":"page_download.php","meta":{"_acf_changed":false,"footnotes":""},"class_list":["post-63924","page","type-page","status-publish","hentry"],"acf":[],"yoast_head":"<!-- This site is optimized with the Yoast SEO plugin v26.9 - https:\/\/yoast.com\/product\/yoast-seo-wordpress\/ -->\n<title>DOWNLOAD - PEI<\/title>\n<meta name=\"description\" content=\"Technische Dokumentation f\u00fcr PEI-Produkte, Frageb\u00f6gen zur Konfiguration von Teleskopabdeckungen, alle PEI-Dokumente stehen als PDF-Download zur Verf\u00fcgung.\" \/>\n<meta name=\"robots\" content=\"index, follow, max-snippet:-1, max-image-preview:large, max-video-preview:-1\" \/>\n<link rel=\"canonical\" href=\"https:\/\/www.pei.it\/de\/download\/\" \/>\n<meta property=\"og:locale\" content=\"de_DE\" \/>\n<meta property=\"og:type\" content=\"article\" \/>\n<meta property=\"og:title\" content=\"DOWNLOAD - PEI\" \/>\n<meta property=\"og:description\" content=\"Technische Dokumentation f\u00fcr PEI-Produkte, Frageb\u00f6gen zur Konfiguration von Teleskopabdeckungen, alle PEI-Dokumente stehen als PDF-Download zur Verf\u00fcgung.\" \/>\n<meta property=\"og:url\" content=\"https:\/\/www.pei.it\/de\/download\/\" \/>\n<meta property=\"og:site_name\" content=\"PEI\" \/>\n<meta property=\"article:modified_time\" content=\"2026-03-13T12:56:54+00:00\" \/>\n<meta property=\"og:image\" content=\"https:\/\/www.pei.it\/wp-content\/uploads\/2017\/08\/pdf_button.png\" \/>\n\t<meta property=\"og:image:width\" content=\"16\" \/>\n\t<meta property=\"og:image:height\" content=\"16\" \/>\n\t<meta property=\"og:image:type\" content=\"image\/png\" \/>\n<meta name=\"twitter:card\" content=\"summary_large_image\" \/>\n<meta name=\"twitter:label1\" content=\"Gesch\u00e4tzte Lesezeit\" \/>\n\t<meta name=\"twitter:data1\" content=\"2\u00a0Minuten\" \/>\n<script type=\"application\/ld+json\" class=\"yoast-schema-graph\">{\"@context\":\"https:\/\/schema.org\",\"@graph\":[{\"@type\":\"WebPage\",\"@id\":\"https:\/\/www.pei.it\/de\/download\/\",\"url\":\"https:\/\/www.pei.it\/de\/download\/\",\"name\":\"DOWNLOAD - PEI\",\"isPartOf\":{\"@id\":\"https:\/\/www.pei.it\/de\/#website\"},\"primaryImageOfPage\":{\"@id\":\"https:\/\/www.pei.it\/de\/download\/#primaryimage\"},\"image\":{\"@id\":\"https:\/\/www.pei.it\/de\/download\/#primaryimage\"},\"thumbnailUrl\":\"https:\/\/www.pei.it\/wp-content\/uploads\/2017\/08\/pdf_button.png\",\"datePublished\":\"2026-01-22T07:57:54+00:00\",\"dateModified\":\"2026-03-13T12:56:54+00:00\",\"description\":\"Technische Dokumentation f\u00fcr PEI-Produkte, Frageb\u00f6gen zur Konfiguration von Teleskopabdeckungen, alle PEI-Dokumente stehen als PDF-Download zur Verf\u00fcgung.\",\"breadcrumb\":{\"@id\":\"https:\/\/www.pei.it\/de\/download\/#breadcrumb\"},\"inLanguage\":\"de\",\"potentialAction\":[{\"@type\":\"ReadAction\",\"target\":[\"https:\/\/www.pei.it\/de\/download\/\"]}]},{\"@type\":\"ImageObject\",\"inLanguage\":\"de\",\"@id\":\"https:\/\/www.pei.it\/de\/download\/#primaryimage\",\"url\":\"https:\/\/www.pei.it\/wp-content\/uploads\/2017\/08\/pdf_button.png\",\"contentUrl\":\"https:\/\/www.pei.it\/wp-content\/uploads\/2017\/08\/pdf_button.png\"},{\"@type\":\"BreadcrumbList\",\"@id\":\"https:\/\/www.pei.it\/de\/download\/#breadcrumb\",\"itemListElement\":[{\"@type\":\"ListItem\",\"position\":1,\"name\":\"Home\",\"item\":\"https:\/\/www.pei.it\/de\/\"},{\"@type\":\"ListItem\",\"position\":2,\"name\":\"DOWNLOAD\"}]},{\"@type\":\"WebSite\",\"@id\":\"https:\/\/www.pei.it\/de\/#website\",\"url\":\"https:\/\/www.pei.it\/de\/\",\"name\":\"PEI\",\"description\":\"Protezioni per macchine utensili, avvolgibili, telescopiche\",\"potentialAction\":[{\"@type\":\"SearchAction\",\"target\":{\"@type\":\"EntryPoint\",\"urlTemplate\":\"https:\/\/www.pei.it\/de\/?s={search_term_string}\"},\"query-input\":{\"@type\":\"PropertyValueSpecification\",\"valueRequired\":true,\"valueName\":\"search_term_string\"}}],\"inLanguage\":\"de\"}]}<\/script>\n<!-- \/ Yoast SEO plugin. -->","yoast_head_json":{"title":"DOWNLOAD - PEI","description":"Technische Dokumentation f\u00fcr PEI-Produkte, Frageb\u00f6gen zur Konfiguration von Teleskopabdeckungen, alle PEI-Dokumente stehen als PDF-Download zur Verf\u00fcgung.","robots":{"index":"index","follow":"follow","max-snippet":"max-snippet:-1","max-image-preview":"max-image-preview:large","max-video-preview":"max-video-preview:-1"},"canonical":"https:\/\/www.pei.it\/de\/download\/","og_locale":"de_DE","og_type":"article","og_title":"DOWNLOAD - PEI","og_description":"Technische Dokumentation f\u00fcr PEI-Produkte, Frageb\u00f6gen zur Konfiguration von Teleskopabdeckungen, alle PEI-Dokumente stehen als PDF-Download zur Verf\u00fcgung.","og_url":"https:\/\/www.pei.it\/de\/download\/","og_site_name":"PEI","article_modified_time":"2026-03-13T12:56:54+00:00","og_image":[{"width":16,"height":16,"url":"https:\/\/www.pei.it\/wp-content\/uploads\/2017\/08\/pdf_button.png","type":"image\/png"}],"twitter_card":"summary_large_image","twitter_misc":{"Gesch\u00e4tzte Lesezeit":"2\u00a0Minuten"},"schema":{"@context":"https:\/\/schema.org","@graph":[{"@type":"WebPage","@id":"https:\/\/www.pei.it\/de\/download\/","url":"https:\/\/www.pei.it\/de\/download\/","name":"DOWNLOAD - PEI","isPartOf":{"@id":"https:\/\/www.pei.it\/de\/#website"},"primaryImageOfPage":{"@id":"https:\/\/www.pei.it\/de\/download\/#primaryimage"},"image":{"@id":"https:\/\/www.pei.it\/de\/download\/#primaryimage"},"thumbnailUrl":"https:\/\/www.pei.it\/wp-content\/uploads\/2017\/08\/pdf_button.png","datePublished":"2026-01-22T07:57:54+00:00","dateModified":"2026-03-13T12:56:54+00:00","description":"Technische Dokumentation f\u00fcr PEI-Produkte, Frageb\u00f6gen zur Konfiguration von Teleskopabdeckungen, alle PEI-Dokumente stehen als PDF-Download zur Verf\u00fcgung.","breadcrumb":{"@id":"https:\/\/www.pei.it\/de\/download\/#breadcrumb"},"inLanguage":"de","potentialAction":[{"@type":"ReadAction","target":["https:\/\/www.pei.it\/de\/download\/"]}]},{"@type":"ImageObject","inLanguage":"de","@id":"https:\/\/www.pei.it\/de\/download\/#primaryimage","url":"https:\/\/www.pei.it\/wp-content\/uploads\/2017\/08\/pdf_button.png","contentUrl":"https:\/\/www.pei.it\/wp-content\/uploads\/2017\/08\/pdf_button.png"},{"@type":"BreadcrumbList","@id":"https:\/\/www.pei.it\/de\/download\/#breadcrumb","itemListElement":[{"@type":"ListItem","position":1,"name":"Home","item":"https:\/\/www.pei.it\/de\/"},{"@type":"ListItem","position":2,"name":"DOWNLOAD"}]},{"@type":"WebSite","@id":"https:\/\/www.pei.it\/de\/#website","url":"https:\/\/www.pei.it\/de\/","name":"PEI","description":"Protezioni per macchine utensili, avvolgibili, telescopiche","potentialAction":[{"@type":"SearchAction","target":{"@type":"EntryPoint","urlTemplate":"https:\/\/www.pei.it\/de\/?s={search_term_string}"},"query-input":{"@type":"PropertyValueSpecification","valueRequired":true,"valueName":"search_term_string"}}],"inLanguage":"de"}]}},"_links":{"self":[{"href":"https:\/\/www.pei.it\/de\/wp-json\/wp\/v2\/pages\/63924","targetHints":{"allow":["GET"]}}],"collection":[{"href":"https:\/\/www.pei.it\/de\/wp-json\/wp\/v2\/pages"}],"about":[{"href":"https:\/\/www.pei.it\/de\/wp-json\/wp\/v2\/types\/page"}],"author":[{"embeddable":true,"href":"https:\/\/www.pei.it\/de\/wp-json\/wp\/v2\/users\/1"}],"replies":[{"embeddable":true,"href":"https:\/\/www.pei.it\/de\/wp-json\/wp\/v2\/comments?post=63924"}],"version-history":[{"count":14,"href":"https:\/\/www.pei.it\/de\/wp-json\/wp\/v2\/pages\/63924\/revisions"}],"predecessor-version":[{"id":64831,"href":"https:\/\/www.pei.it\/de\/wp-json\/wp\/v2\/pages\/63924\/revisions\/64831"}],"wp:attachment":[{"href":"https:\/\/www.pei.it\/de\/wp-json\/wp\/v2\/media?parent=63924"}],"curies":[{"name":"wp","href":"https:\/\/api.w.org\/{rel}","templated":true}]}}