{"id":21460,"date":"2021-06-21T09:47:56","date_gmt":"2021-06-21T09:47:56","guid":{"rendered":"\/home\/"},"modified":"2026-03-26T08:35:32","modified_gmt":"2026-03-26T08:35:32","slug":"home","status":"publish","type":"page","link":"https:\/\/www.pei.it\/es\/","title":{"rendered":"Home"},"content":{"rendered":"<div class=\"wpb-content-wrapper\">[vc_row element_id=\u00bb660103&#8243; el_class=\u00bbblue-cards\u00bb][vc_column animation_delay=\u00bb0&#8243; width=\u00bb1\/3&#8243; element_id=\u00bb75557&#8243; css=\u00bb.vc_custom_1626277691837{background-color: #b8e1fe !important;}\u00bb crp=\u00bb480:i:i,480-768:i:i,768-1024:i:i,1024-1280:i:i,1280-1366:i:i,1366-1600:i:i,1600-1920:i:i\u00bb][vc_column_text animation_delay=\u00bb0&#8243; css=\u00bb\u00bb]\n<h3 style=\"text-align: center;\"><span style=\"color: #2990d8;\">Innovaci\u00f3n<\/span><\/h3>\n<p style=\"text-align: center;\"><span style=\"color: #2990d8;\">La investigaci\u00f3n y la innovaci\u00f3n tecnol\u00f3gica son nuestros pilares fundamentales.<br \/>\nLas protecciones PEI se adec\u00faan a las necesidades del cliente con soluciones t\u00e9cnicas a medida.<\/span><\/p>\n[\/vc_column_text][\/vc_column][vc_column animation_delay=\u00bb0&#8243; width=\u00bb1\/3&#8243; element_id=\u00bb608196&#8243; css=\u00bb.vc_custom_1626277436061{background-color: #2990d8 !important;}\u00bb crp=\u00bb480:i:i,480-768:i:i,768-1024:i:i,1024-1280:i:i,1280-1366:i:i,1366-1600:i:i,1600-1920:i:i\u00bb][vc_column_text animation_delay=\u00bb0&#8243; css=\u00bb\u00bb]\n<h3 style=\"text-align: center;\"><span style=\"color: #ffffff;\">Calidad<\/span><\/h3>\n<p style=\"text-align: center;\"><span style=\"color: #ffffff;\">PEI gestiona la totalidad del proceso a partir del proyecto elaborado en colaboraci\u00f3n con el cliente, garantiz\u00e1ndole la libertad de elegir la mejor protecci\u00f3n para la m\u00e1quina.<\/span><\/p>\n[\/vc_column_text][\/vc_column][vc_column animation_delay=\u00bb0&#8243; width=\u00bb1\/3&#8243; element_id=\u00bb98034&#8243; css=\u00bb.vc_custom_1626277703991{background-color: #b8e1fe !important;}\u00bb crp=\u00bb480:i:i,480-768:i:i,768-1024:i:i,1024-1280:i:i,1280-1366:i:i,1366-1600:i:i,1600-1920:i:i\u00bb][vc_column_text animation_delay=\u00bb0&#8243; css=\u00bb\u00bb]\n<h3 style=\"text-align: center;\"><span style=\"color: #2990d8;\">Gama Completa<\/span><\/h3>\n<p style=\"text-align: center;\"><span style=\"color: #2990d8;\">PEI ofrece la \u00fanica gama completa de protecciones din\u00e1micas del mercado:<br \/>\nsomos capaces de dise\u00f1ar, producir y comercializar repuestos para cualquier tipo de m\u00e1quina herramienta.<\/span><\/p>\n[\/vc_column_text][\/vc_column][\/vc_row][vc_row full_width=\u00bbstretch_row_content\u00bb element_id=\u00bb961815&#8243;][vc_column animation_delay=\u00bb0&#8243; element_id=\u00bb42626&#8243; crp=\u00bb480:i:i,480-768:i:i,768-1024:i:i,1024-1280:i:i,1280-1366:i:i,1366-1600:i:i,1600-1920:i:i\u00bb][vc_column_text animation_delay=\u00bb0&#8243; css=\u00bb.vc_custom_1631701550992{border-bottom-width: 50px !important;padding-bottom: 50px !important;}\u00bb]\n<h4 style=\"text-align: center;\"><span class=\"et-font-size\" data-fontsize=\"32px\" data-lineheight=\"10px\">Bienvenidos al mundo PEI:<\/span><\/h4>\n<p style=\"text-align: center;\"><span class=\"et-font-size\" data-fontsize=\"20px\" data-lineheight=\"10px\">l\u00edder mundial en protecciones din\u00e1micas para m\u00e1quinas<\/span>\n[\/vc_column_text][\/vc_column][\/vc_row][vc_row full_width=\u00bbstretch_row_content\u00bb element_id=\u00bb671499&#8243; css=\u00bb.vc_custom_1626438755899{padding-top: 10px !important;}\u00bb el_class=\u00bbfull-width product-cards\u00bb][vc_column animation_delay=\u00bb0&#8243; element_id=\u00bb736157&#8243; el_class=\u00bbprodotti\u00bb crp=\u00bb480:i:i,480-768:i:i,768-1024:i:i,1024-1280:i:i,1280-1366:i:i,1366-1600:i:i,1600-1920:i:i\u00bb]<div id=\"et-carousel-1\" class=\"et-carousel owl-carousel et-item-set effect-none navigation-only-dottes\" data-autoplay=\"false\" data-columns=\"3\" data-gap=\"24\"><div class=\"et-carousel-item et-item et-clearfix\">[vc_single_image image=\u00bb64842&#8243; img_size=\u00bb500&#215;500&#8243; alignment=\u00bbcenter\u00bb css=\u00bb\u00bb][vc_column_text animation_delay=\u00bb0&#8243;]\n<h4>Cubiertas Telesc\u00f3picas<\/h4>\n[\/vc_column_text][vc_btn title=\u00bbAprende m\u00e1s\u00bb style=\u00bbcustom\u00bb custom_background=\u00bb#e34529&#8243; custom_text=\u00bb#ffffff\u00bb shape=\u00bbround\u00bb size=\u00bbsm\u00bb link=\u00bburl:https%3A%2F%2Fwww.pei.it%2Fes%2Fcubiertas-telescopicas%2F|title:Cubiertas%20Telesc%C3%B3picas\u00bb el_class=\u00bbround_button\u00bb]<\/div><div class=\"et-carousel-item et-item et-clearfix\">[vc_single_image image=\u00bb24704&#8243; img_size=\u00bb500&#215;500&#8243;][vc_column_text animation_delay=\u00bb0&#8243;]\n<h4>Protecciones Enrollables<\/h4>\n[\/vc_column_text][vc_btn title=\u00bbAprende m\u00e1s\u00bb style=\u00bbcustom\u00bb custom_background=\u00bb#e34529&#8243; custom_text=\u00bb#ffffff\u00bb shape=\u00bbround\u00bb link=\u00bburl:https%3A%2F%2Fwww.pei.it%2Fes%2Fprotecciones-enrollables%2F|title:Caracter%C3%ADsticas\u00bb el_class=\u00bbround_button\u00bb]<\/div><div class=\"et-carousel-item et-item et-clearfix\">[vc_single_image image=\u00bb24784&#8243; img_size=\u00bb500&#215;500&#8243;][vc_column_text animation_delay=\u00bb0&#8243;]\n<h4>Persianas<\/h4>\n[\/vc_column_text][vc_btn title=\u00bbAprende m\u00e1s\u00bb style=\u00bbcustom\u00bb custom_background=\u00bb#e34529&#8243; custom_text=\u00bb#ffffff\u00bb shape=\u00bbround\u00bb link=\u00bburl:https%3A%2F%2Fwww.pei.it%2Fes%2Fproductos%2Fpersianas-verticales-motorizadas%2F|title:WALL%20ROLL-UP%20COVER\u00bb el_class=\u00bbround_button\u00bb]<\/div><div class=\"et-carousel-item et-item et-clearfix\">[vc_single_image image=\u00bb24744&#8243; img_size=\u00bb500&#215;500&#8243;][vc_column_text animation_delay=\u00bb0&#8243;]\n<h4>Fuelles Planos<\/h4>\n[\/vc_column_text][vc_btn title=\u00bbAprende m\u00e1s\u00bb style=\u00bbcustom\u00bb custom_background=\u00bb#e34529&#8243; custom_text=\u00bb#ffffff\u00bb shape=\u00bbround\u00bb link=\u00bburl:https%3A%2F%2Fwww.pei.it%2Fes%2Ffuelles%2F|title:Fuellas%20Termosoldados\u00bb el_class=\u00bbround_button\u00bb]<\/div><div class=\"et-carousel-item et-item et-clearfix\">[vc_single_image image=\u00bb24728&#8243; img_size=\u00bb500&#215;500&#8243;][vc_column_text animation_delay=\u00bb0&#8243;]\n<h4>Fuelles Circulares<\/h4>\n[\/vc_column_text][vc_btn title=\u00bbAprende m\u00e1s\u00bb style=\u00bbcustom\u00bb custom_background=\u00bb#e34529&#8243; custom_text=\u00bb#ffffff\u00bb shape=\u00bbround\u00bb link=\u00bburl:https%3A%2F%2Fwww.pei.it%2Fes%2Fproductos%2Ffuelles-circulares-estancos-termosoldados%2F|title:Fuelles%20circulares%20cosidos\u00bb el_class=\u00bbround_button\u00bb]<\/div><div class=\"et-carousel-item et-item et-clearfix\">[vc_single_image image=\u00bb24720&#8243; img_size=\u00bb500&#215;500&#8243;][vc_column_text animation_delay=\u00bb0&#8243;]\n<h4>Escudos X-Y<\/h4>\n[\/vc_column_text][vc_btn title=\u00bbAprende m\u00e1s\u00bb style=\u00bbcustom\u00bb custom_background=\u00bb#e34529&#8243; custom_text=\u00bb#ffffff\u00bb shape=\u00bbround\u00bb link=\u00bburl:https%3A%2F%2Fwww.pei.it%2Fes%2Fescudos-x-y-modulares%2F|title:ESCUDO%20X-Y\u00bb el_class=\u00bbround_button\u00bb]<\/div><div class=\"et-carousel-item et-item et-clearfix\">[vc_single_image image=\u00bb24776&#8243; img_size=\u00bb500&#215;500&#8243;][vc_column_text animation_delay=\u00bb0&#8243;]\n<h4>Fuelles para techos<\/h4>\n[\/vc_column_text][vc_btn title=\u00bbAprende m\u00e1s\u00bb style=\u00bbcustom\u00bb custom_background=\u00bb#e34529&#8243; custom_text=\u00bb#ffffff\u00bb shape=\u00bbround\u00bb link=\u00bburl:https%3A%2F%2Fwww.pei.it%2Fes%2Ffuelles-para-techos%2F|title:WAVE%20SKY\u00bb el_class=\u00bbround_button\u00bb]<\/div><div class=\"et-carousel-item et-item et-clearfix\">[vc_single_image image=\u00bb24712&#8243; img_size=\u00bb500&#215;500&#8243;][vc_column_text animation_delay=\u00bb0&#8243;]\n<h4>Rascadores de aceite y cepillos<\/h4>\n[\/vc_column_text][vc_btn title=\u00bbAprende m\u00e1s\u00bb style=\u00bbcustom\u00bb custom_background=\u00bb#e34529&#8243; custom_text=\u00bb#ffffff\u00bb shape=\u00bbround\u00bb link=\u00bburl:https%3A%2F%2Fwww.pei.it%2Fes%2Frascadores-de-aceite-y-cepillos%2F|title:Rascadores%20de%20Aceite%20Perfilados%20para%20Gu%C3%ADas\u00bb el_class=\u00bbround_button\u00bb]<\/div><\/div>[\/vc_column][\/vc_row][vc_row full_width=\u00bbstretch_row_content\u00bb element_id=\u00bb548137&#8243;][vc_column animation_delay=\u00bb0&#8243; element_id=\u00bb42626&#8243; crp=\u00bb480:i:i,480-768:i:i,768-1024:i:i,1024-1280:i:i,1280-1366:i:i,1366-1600:i:i,1600-1920:i:i\u00bb][vc_separator css=\u00bb.vc_custom_1626445456959{padding-top: 25px !important;}\u00bb][vc_column_text animation_delay=\u00bb0&#8243; css=\u00bb.vc_custom_1626277964202{border-bottom-width: 50px !important;padding-bottom: 50px !important;}\u00bb]\n<h4>En primer plano<\/h4>\n[\/vc_column_text][\/vc_column][\/vc_row][vc_row full_width=\u00bbstretch_row_content\u00bb content_placement=\u00bbmiddle\u00bb css_animation=\u00bbfadeInLeftBig\u00bb element_id=\u00bb892378&#8243; css=\u00bb.vc_custom_1633420484970{border-top-width: 50px !important;border-bottom-width: 50px !important;padding-top: 50px !important;padding-bottom: 50px !important;background-color: #ededed !important;}\u00bb el_class=\u00bbfull-width video-row\u00bb][vc_column animation_delay=\u00bb0&#8243; width=\u00bb1\/2&#8243; element_id=\u00bb27004&#8243; crp=\u00bb480:i:i,480-768:i:i,768-1024:i:i,1024-1280:i:i,1280-1366:i:i,1366-1600:i:i,1600-1920:i:i\u00bb][vc_video link=\u00bbhttps:\/\/youtu.be\/C58i4FopjeU?rel=0&#8243;][\/vc_column][vc_column width=\u00bb1\/2&#8243;][vc_column_text animation_delay=\u00bb0&#8243;]\n<h2>UNIQUE STEEL COVER EVO<\/h2>\n<h3>El nuevo sistema para lograr un fuelle ligero<\/h3>\n[\/vc_column_text][vc_btn title=\u00bbAprende m\u00e1s\u00bb style=\u00bbcustom\u00bb custom_background=\u00bb#e34529&#8243; custom_text=\u00bb#ffffff\u00bb shape=\u00bbround\u00bb css=\u00bb.vc_custom_1693926838833{padding-top: 25px !important;}\u00bb link=\u00bburl:%2Fes%2Fproductos%2Fx-y-laminares%2F|title:X-Y%20laminares\u00bb el_class=\u00bbround_button\u00bb][\/vc_column][\/vc_row][vc_row full_width=\u00bbstretch_row_content\u00bb element_id=\u00bb961815&#8243;][vc_column animation_delay=\u00bb0&#8243; element_id=\u00bb42626&#8243; crp=\u00bb480:i:i,480-768:i:i,768-1024:i:i,1024-1280:i:i,1280-1366:i:i,1366-1600:i:i,1600-1920:i:i\u00bb][vc_separator css=\u00bb.vc_custom_1623077758788{padding-top: 50px !important;}\u00bb][vc_column_text animation_delay=\u00bb0&#8243; css=\u00bb.vc_custom_1761832240738{border-bottom-width: 50px !important;padding-bottom: 50px !important;}\u00bb]\n<h4 style=\"text-align: center;\">Pr\u00f3ximas ferias y eventos<\/h4>\n<p style=\"text-align: center;\">PEI es una realidad en continua evoluci\u00f3n: lee las <a href=\"https:\/\/www.pei.it\/es\/category\/noticias\/prensa\/comunicados-de-prensa\/\" target=\"_blank\" rel=\"noopener\">noticias<\/a> sobre la innovaci\u00f3n continua de las protecciones din\u00e1micas.<\/p>\n[\/vc_column_text]<div class=\"fiere\"><a href=\"https:\/\/www.pei.it\/es\/noticias\/exposiciones\/intertool-2026\/\" class=\"card\"><img loading=\"lazy\" decoding=\"async\" src=\"https:\/\/www.pei.it\/wp-content\/uploads\/2026\/02\/fiera-Intertool-2026_home.png\"\/><div class=\"excerpt\"><p><bold>INTERTOOL 2026<\/bold><br>21 - 24 \/ 04 \/ 2026<br>Wels -  AUSTRIA<\/p><\/div><\/a><\/div>[\/vc_column][\/vc_row][vc_row][vc_column][vc_separator css=\u00bb.vc_custom_1623077758788{padding-top: 50px !important;}\u00bb][vc_column_text animation_delay=\u00bb0&#8243; css=\u00bb.vc_custom_1767885463523{border-bottom-width: 50px !important;padding-bottom: 50px !important;}\u00bb]\n<h2 style=\"text-align: center;\">Suscr\u00edbase a nuestro bolet\u00edn informativo<\/h2>\n<p style=\"text-align: center;\">y reciba las \u00faltimas novedades del mundo PEI!<\/p>\n<p><iframe src=\"https:\/\/marketing.pei.it\/subscribe-frame\/compact?lang=es\"><\/iframe>[\/vc_column_text][\/vc_column][\/vc_row]\n<\/div>","protected":false},"excerpt":{"rendered":"<p>[vc_row element_id=\u00bb660103&#8243; el_class=\u00bbblue-cards\u00bb][vc_column animation_delay=\u00bb0&#8243; width=\u00bb1\/3&#8243; element_id=\u00bb75557&#8243; css=\u00bb.vc_custom_1626277691837{background-color: #b8e1fe !important;}\u00bb crp=\u00bb480:i:i,480-768:i:i,768-1024:i:i,1024-1280:i:i,1280-1366:i:i,1366-1600:i:i,1600-1920:i:i\u00bb][vc_column_text animation_delay=\u00bb0&#8243; css=\u00bb\u00bb] Innovaci\u00f3n La investigaci\u00f3n y la innovaci\u00f3n tecnol\u00f3gica son nuestros pilares fundamentales. Las protecciones PEI se adec\u00faan a las necesidades del cliente con soluciones t\u00e9cnicas a medida. [\/vc_column_text][\/vc_column][vc_column animation_delay=\u00bb0&#8243; width=\u00bb1\/3&#8243; element_id=\u00bb608196&#8243; css=\u00bb.vc_custom_1626277436061{background-color: #2990d8 !important;}\u00bb crp=\u00bb480:i:i,480-768:i:i,768-1024:i:i,1024-1280:i:i,1280-1366:i:i,1366-1600:i:i,1600-1920:i:i\u00bb][vc_column_text animation_delay=\u00bb0&#8243; css=\u00bb\u00bb] Calidad PEI gestiona la totalidad del proceso [&hellip;]<\/p>\n","protected":false},"author":1,"featured_media":0,"parent":0,"menu_order":0,"comment_status":"closed","ping_status":"closed","template":"page_home.php","meta":{"_acf_changed":false,"footnotes":""},"class_list":["post-21460","page","type-page","status-publish","hentry"],"acf":[],"yoast_head":"<!-- This site is optimized with the Yoast SEO plugin v26.9 - https:\/\/yoast.com\/product\/yoast-seo-wordpress\/ -->\n<title>Cubiertas Telesc\u00f3picas de acero, protecciones enrollables, persianas Home - PEI<\/title>\n<meta name=\"description\" content=\"Las cubiertas telesc\u00f3picas impermeables DUAL BARRIER SYSTEM utilizan cubiertas telesc\u00f3picas y fuelles termosoldados juntos.\" \/>\n<meta name=\"robots\" content=\"index, follow, max-snippet:-1, max-image-preview:large, max-video-preview:-1\" \/>\n<link rel=\"canonical\" href=\"https:\/\/www.pei.it\/es\/\" \/>\n<meta property=\"og:locale\" content=\"es_ES\" \/>\n<meta property=\"og:type\" content=\"article\" \/>\n<meta property=\"og:title\" content=\"Cubiertas Telesc\u00f3picas de acero, protecciones enrollables, persianas Home - PEI\" \/>\n<meta property=\"og:description\" content=\"Las cubiertas telesc\u00f3picas impermeables DUAL BARRIER SYSTEM utilizan cubiertas telesc\u00f3picas y fuelles termosoldados juntos.\" \/>\n<meta property=\"og:url\" content=\"https:\/\/www.pei.it\/es\/\" \/>\n<meta property=\"og:site_name\" content=\"PEI\" \/>\n<meta property=\"article:modified_time\" content=\"2026-03-26T08:35:32+00:00\" \/>\n<meta name=\"twitter:card\" content=\"summary_large_image\" \/>\n<meta name=\"twitter:label1\" content=\"Tiempo de lectura\" \/>\n\t<meta name=\"twitter:data1\" content=\"3 minutos\" \/>\n<script type=\"application\/ld+json\" class=\"yoast-schema-graph\">{\"@context\":\"https:\/\/schema.org\",\"@graph\":[{\"@type\":\"WebPage\",\"@id\":\"https:\/\/www.pei.it\/es\/\",\"url\":\"https:\/\/www.pei.it\/es\/\",\"name\":\"Cubiertas Telesc\u00f3picas de acero, protecciones enrollables, persianas Home - PEI\",\"isPartOf\":{\"@id\":\"https:\/\/www.pei.it\/es\/#website\"},\"datePublished\":\"2021-06-21T09:47:56+00:00\",\"dateModified\":\"2026-03-26T08:35:32+00:00\",\"description\":\"Las cubiertas telesc\u00f3picas impermeables DUAL BARRIER SYSTEM utilizan cubiertas telesc\u00f3picas y fuelles termosoldados juntos.\",\"breadcrumb\":{\"@id\":\"https:\/\/www.pei.it\/es\/#breadcrumb\"},\"inLanguage\":\"es\",\"potentialAction\":[{\"@type\":\"ReadAction\",\"target\":[\"https:\/\/www.pei.it\/es\/\"]}]},{\"@type\":\"BreadcrumbList\",\"@id\":\"https:\/\/www.pei.it\/es\/#breadcrumb\",\"itemListElement\":[{\"@type\":\"ListItem\",\"position\":1,\"name\":\"Home\",\"item\":\"https:\/\/www.pei.it\/es\/\"},{\"@type\":\"ListItem\",\"position\":2,\"name\":\"Home\"}]},{\"@type\":\"WebSite\",\"@id\":\"https:\/\/www.pei.it\/es\/#website\",\"url\":\"https:\/\/www.pei.it\/es\/\",\"name\":\"PEI\",\"description\":\"Protezioni per macchine utensili, avvolgibili, telescopiche\",\"potentialAction\":[{\"@type\":\"SearchAction\",\"target\":{\"@type\":\"EntryPoint\",\"urlTemplate\":\"https:\/\/www.pei.it\/es\/?s={search_term_string}\"},\"query-input\":{\"@type\":\"PropertyValueSpecification\",\"valueRequired\":true,\"valueName\":\"search_term_string\"}}],\"inLanguage\":\"es\"}]}<\/script>\n<!-- \/ Yoast SEO plugin. -->","yoast_head_json":{"title":"Cubiertas Telesc\u00f3picas de acero, protecciones enrollables, persianas Home - PEI","description":"Las cubiertas telesc\u00f3picas impermeables DUAL BARRIER SYSTEM utilizan cubiertas telesc\u00f3picas y fuelles termosoldados juntos.","robots":{"index":"index","follow":"follow","max-snippet":"max-snippet:-1","max-image-preview":"max-image-preview:large","max-video-preview":"max-video-preview:-1"},"canonical":"https:\/\/www.pei.it\/es\/","og_locale":"es_ES","og_type":"article","og_title":"Cubiertas Telesc\u00f3picas de acero, protecciones enrollables, persianas Home - PEI","og_description":"Las cubiertas telesc\u00f3picas impermeables DUAL BARRIER SYSTEM utilizan cubiertas telesc\u00f3picas y fuelles termosoldados juntos.","og_url":"https:\/\/www.pei.it\/es\/","og_site_name":"PEI","article_modified_time":"2026-03-26T08:35:32+00:00","twitter_card":"summary_large_image","twitter_misc":{"Tiempo de lectura":"3 minutos"},"schema":{"@context":"https:\/\/schema.org","@graph":[{"@type":"WebPage","@id":"https:\/\/www.pei.it\/es\/","url":"https:\/\/www.pei.it\/es\/","name":"Cubiertas Telesc\u00f3picas de acero, protecciones enrollables, persianas Home - PEI","isPartOf":{"@id":"https:\/\/www.pei.it\/es\/#website"},"datePublished":"2021-06-21T09:47:56+00:00","dateModified":"2026-03-26T08:35:32+00:00","description":"Las cubiertas telesc\u00f3picas impermeables DUAL BARRIER SYSTEM utilizan cubiertas telesc\u00f3picas y fuelles termosoldados juntos.","breadcrumb":{"@id":"https:\/\/www.pei.it\/es\/#breadcrumb"},"inLanguage":"es","potentialAction":[{"@type":"ReadAction","target":["https:\/\/www.pei.it\/es\/"]}]},{"@type":"BreadcrumbList","@id":"https:\/\/www.pei.it\/es\/#breadcrumb","itemListElement":[{"@type":"ListItem","position":1,"name":"Home","item":"https:\/\/www.pei.it\/es\/"},{"@type":"ListItem","position":2,"name":"Home"}]},{"@type":"WebSite","@id":"https:\/\/www.pei.it\/es\/#website","url":"https:\/\/www.pei.it\/es\/","name":"PEI","description":"Protezioni per macchine utensili, avvolgibili, telescopiche","potentialAction":[{"@type":"SearchAction","target":{"@type":"EntryPoint","urlTemplate":"https:\/\/www.pei.it\/es\/?s={search_term_string}"},"query-input":{"@type":"PropertyValueSpecification","valueRequired":true,"valueName":"search_term_string"}}],"inLanguage":"es"}]}},"_links":{"self":[{"href":"https:\/\/www.pei.it\/es\/wp-json\/wp\/v2\/pages\/21460","targetHints":{"allow":["GET"]}}],"collection":[{"href":"https:\/\/www.pei.it\/es\/wp-json\/wp\/v2\/pages"}],"about":[{"href":"https:\/\/www.pei.it\/es\/wp-json\/wp\/v2\/types\/page"}],"author":[{"embeddable":true,"href":"https:\/\/www.pei.it\/es\/wp-json\/wp\/v2\/users\/1"}],"replies":[{"embeddable":true,"href":"https:\/\/www.pei.it\/es\/wp-json\/wp\/v2\/comments?post=21460"}],"version-history":[{"count":1,"href":"https:\/\/www.pei.it\/es\/wp-json\/wp\/v2\/pages\/21460\/revisions"}],"predecessor-version":[{"id":64850,"href":"https:\/\/www.pei.it\/es\/wp-json\/wp\/v2\/pages\/21460\/revisions\/64850"}],"wp:attachment":[{"href":"https:\/\/www.pei.it\/es\/wp-json\/wp\/v2\/media?parent=21460"}],"curies":[{"name":"wp","href":"https:\/\/api.w.org\/{rel}","templated":true}]}}