{"id":43599,"date":"2022-02-15T11:41:40","date_gmt":"2022-02-15T11:41:40","guid":{"rendered":"https:\/\/www.pei.it\/cubiertas-telescopicas\/"},"modified":"2026-03-26T09:45:25","modified_gmt":"2026-03-26T09:45:25","slug":"cubiertas-telescopicas","status":"publish","type":"page","link":"https:\/\/www.pei.it\/es\/cubiertas-telescopicas\/","title":{"rendered":"Cubiertas telesc\u00f3picas"},"content":{"rendered":"<div class=\"wpb-content-wrapper\">[vc_row element_id=\u00bb790331&#8243; el_class=\u00bbproduct-cards\u00bb el_id=\u00bbsinergie-carousel\u00bb][vc_column]<h2 class=\"et-heading text-align-center tablet-text-align-inherit mobile-text-align-inherit animate-false no-animation-type\" id=\"et-heading-811298\" data-delay=\"0\" data-mobile-font=\"inherit\" data-mobile-line-height=\"inherit\" data-tablet-landscape-font=\"inherit\" data-tablet-portrait-font=\"inherit\" data-tablet-landscape-line-height=\"inherit\" data-tablet-portrait-line-height=\"inherit\" data-parallax=\"false\" data-move=\"false\" data-coordinatex=\"0\" data-coordinatey=\"0\" data-speed=\"10\"><span class=\"text-wrapper\"><span class=\"text\">Productos<\/span><\/span><\/h2>[vc_row_inner element_id=\u00bb179095&#8243; el_class=\u00bbriga_smistamento\u00bb][vc_column_inner width=\u00bb1\/3&#8243;][vc_single_image image=\u00bb64859&#8243; img_size=\u00bb250&#215;250&#8243; alignment=\u00bbcenter\u00bb style=\u00bbvc_box_outline_circle\u00bb css=\u00bb\u00bb][vc_column_text animation_delay=\u00bb0&#8243;]\n<h4 class=\"testo_smistamento\">Est\u00e1ndares<\/h4>\n[\/vc_column_text][vc_btn title=\u00bbAprende m\u00e1s\u00bb style=\u00bbcustom\u00bb custom_background=\u00bb#e34529&#8243; custom_text=\u00bb#ffffff\u00bb shape=\u00bbround\u00bb size=\u00bbsm\u00bb link=\u00bburl:%2Fes%2Fproductos%2Fcubiertas-telescpicas-estndares%2F|title:Cubiertas%20telesc%C3%B3picas%20est%C3%A1ndares\u00bb][\/vc_column_inner][vc_column_inner width=\u00bb1\/3&#8243;][vc_single_image image=\u00bb35303&#8243; img_size=\u00bb250&#215;250&#8243; alignment=\u00bbcenter\u00bb style=\u00bbvc_box_outline_circle\u00bb][vc_column_text animation_delay=\u00bb0&#8243;]\n<h4 class=\"testo_smistamento\">Especiales<\/h4>\n[\/vc_column_text][vc_btn title=\u00bbAprende m\u00e1s\u00bb style=\u00bbcustom\u00bb custom_background=\u00bb#e34529&#8243; custom_text=\u00bb#ffffff\u00bb shape=\u00bbround\u00bb size=\u00bbsm\u00bb link=\u00bburl:https%3A%2F%2Fwww.pei.it%2Fes%2Fproductos%2Fcubiertas-telescpicas-especiales%2F|title:Cubiertas%20telesc%C3%B3picas%20Especiales\u00bb][\/vc_column_inner][vc_column_inner width=\u00bb1\/3&#8243;][vc_single_image image=\u00bb33219&#8243; img_size=\u00bb250&#215;250&#8243; alignment=\u00bbright\u00bb style=\u00bbvc_box_outline_circle\u00bb][vc_column_text animation_delay=\u00bb0&#8243;]\n<h4 class=\"testo_smistamento\">Ligeras<\/h4>\n[\/vc_column_text][vc_btn title=\u00bbAprende m\u00e1s\u00bb style=\u00bbcustom\u00bb custom_background=\u00bb#e34529&#8243; custom_text=\u00bb#ffffff\u00bb shape=\u00bbround\u00bb size=\u00bbsm\u00bb link=\u00bburl:https%3A%2F%2Fwww.pei.it%2Fes%2Fproductos%2Fcubiertas-telescpicas-ligeras%2F|title:Cubiertas%20telesc%C3%B3picas%20Ligeras\u00bb][\/vc_column_inner][\/vc_row_inner][vc_row_inner element_id=\u00bb334810&#8243; el_class=\u00bbriga_smistamento\u00bb][vc_column_inner width=\u00bb1\/3&#8243;][vc_single_image image=\u00bb33258&#8243; img_size=\u00bb250&#215;250&#8243; alignment=\u00bbcenter\u00bb style=\u00bbvc_box_outline_circle\u00bb][vc_column_text animation_delay=\u00bb0&#8243;]\n<h4 class=\"testo_smistamento\">Compactas<\/h4>\n[\/vc_column_text][vc_btn title=\u00bbAprende m\u00e1s\u00bb style=\u00bbcustom\u00bb custom_background=\u00bb#e34529&#8243; custom_text=\u00bb#ffffff\u00bb shape=\u00bbround\u00bb size=\u00bbsm\u00bb link=\u00bburl:%2Fes%2Fproductos%2Fcubiertas-telescpicas-compactas%2F|title:Compactas\u00bb][\/vc_column_inner][vc_column_inner width=\u00bb1\/3&#8243;][vc_single_image image=\u00bb33290&#8243; img_size=\u00bb250&#215;250&#8243; alignment=\u00bbcenter\u00bb style=\u00bbvc_box_outline_circle\u00bb][vc_column_text animation_delay=\u00bb0&#8243;]\n<h4 class=\"testo_smistamento\">Compactas dobles<\/h4>\n[\/vc_column_text][vc_btn title=\u00bbAprende m\u00e1s\u00bb style=\u00bbcustom\u00bb custom_background=\u00bb#e34529&#8243; custom_text=\u00bb#ffffff\u00bb shape=\u00bbround\u00bb size=\u00bbsm\u00bb link=\u00bburl:https%3A%2F%2Fwww.pei.it%2Fes%2Fproductos%2Fcubiertas-telescpicas-compactas-dobles%2F|title:Compactas%20dobles\u00bb][\/vc_column_inner][vc_column_inner width=\u00bb1\/3&#8243;][vc_single_image image=\u00bb64867&#8243; img_size=\u00bb250&#215;250&#8243; alignment=\u00bbcenter\u00bb style=\u00bbvc_box_outline_circle\u00bb css=\u00bb\u00bb][vc_column_text animation_delay=\u00bb0&#8243;]\n<h4 class=\"testo_smistamento\">Compactas cuadradas<\/h4>\n[\/vc_column_text][vc_btn title=\u00bbAprende m\u00e1s\u00bb style=\u00bbcustom\u00bb custom_background=\u00bb#e34529&#8243; custom_text=\u00bb#ffffff\u00bb shape=\u00bbround\u00bb size=\u00bbsm\u00bb link=\u00bburl:https%3A%2F%2Fwww.pei.it%2Fes%2Fproductos%2Fcubiertas-telescpicas-compactas-cuadradas%2F|title:Compactas%20cuadradas\u00bb][\/vc_column_inner][\/vc_row_inner][vc_row_inner element_id=\u00bb370954&#8243; el_class=\u00bbriga_smistamento\u00bb][vc_column_inner width=\u00bb1\/3&#8243;][vc_single_image image=\u00bb33310&#8243; img_size=\u00bb250&#215;250&#8243; alignment=\u00bbcenter\u00bb style=\u00bbvc_box_outline_circle\u00bb][vc_column_text animation_delay=\u00bb0&#8243;]\n<h4 class=\"testo_smistamento\">Compactas redondas<\/h4>\n[\/vc_column_text][vc_btn title=\u00bbAprende m\u00e1s\u00bb style=\u00bbcustom\u00bb custom_background=\u00bb#e34529&#8243; custom_text=\u00bb#ffffff\u00bb shape=\u00bbround\u00bb size=\u00bbsm\u00bb link=\u00bburl:https%3A%2F%2Fwww.pei.it%2Fes%2Fproductos%2Fcubiertas-telescpicas-compactas-redondas%2F|title:Compactas%20redondas\u00bb][\/vc_column_inner][vc_column_inner width=\u00bb1\/3&#8243;][vc_single_image image=\u00bb33326&#8243; img_size=\u00bb250&#215;250&#8243; alignment=\u00bbcenter\u00bb style=\u00bbvc_box_outline_circle\u00bb][vc_column_text animation_delay=\u00bb0&#8243;]\n<h4 class=\"testo_smistamento\">Compactas desmontables<\/h4>\n[\/vc_column_text][vc_btn title=\u00bbAprende m\u00e1s\u00bb style=\u00bbcustom\u00bb custom_background=\u00bb#e34529&#8243; custom_text=\u00bb#ffffff\u00bb shape=\u00bbround\u00bb size=\u00bbsm\u00bb link=\u00bburl:https%3A%2F%2Fwww.pei.it%2Fes%2Fproductos%2Fcubiertas-telescpicas-compactas-desmontables%2F|title:Compactas%20desmontables\u00bb][\/vc_column_inner][vc_column_inner width=\u00bb1\/3&#8243;][vc_single_image image=\u00bb33378&#8243; img_size=\u00bb250&#215;250&#8243; alignment=\u00bbcenter\u00bb style=\u00bbvc_box_outline_circle\u00bb][vc_column_text animation_delay=\u00bb0&#8243;]\n<h4 class=\"testo_smistamento\">Impermeables<\/h4>\n[\/vc_column_text][vc_btn title=\u00bbAprende m\u00e1s\u00bb style=\u00bbcustom\u00bb custom_background=\u00bb#e34529&#8243; custom_text=\u00bb#ffffff\u00bb shape=\u00bbround\u00bb size=\u00bbsm\u00bb link=\u00bburl:https%3A%2F%2Fwww.pei.it%2Fes%2Fproductos%2Fcubiertas-telescpicas-impermeables%2F|title:Impermeables\u00bb][\/vc_column_inner][\/vc_row_inner][vc_row_inner element_id=\u00bb730747&#8243; el_class=\u00bbriga_smistamento\u00bb][vc_column_inner width=\u00bb1\/3&#8243;][\/vc_column_inner][vc_column_inner width=\u00bb1\/3&#8243;][vc_single_image image=\u00bb51124&#8243; img_size=\u00bb250&#215;250&#8243; alignment=\u00bbcenter\u00bb style=\u00bbvc_box_outline_circle\u00bb][vc_column_text animation_delay=\u00bb0&#8243;]\n<h4 class=\"testo_smistamento\">Revisiones<\/h4>\n[\/vc_column_text][vc_btn title=\u00bbAprende m\u00e1s\u00bb style=\u00bbcustom\u00bb custom_background=\u00bb#e34529&#8243; custom_text=\u00bb#ffffff\u00bb shape=\u00bbround\u00bb size=\u00bbsm\u00bb link=\u00bburl:https%3A%2F%2Fwww.pei.it%2Fes%2Fproductos%2Fcubiertas-telescpicas-revisiones%2F|title:Revisiones\u00bb][\/vc_column_inner][vc_column_inner width=\u00bb1\/3&#8243;][\/vc_column_inner][\/vc_row_inner][vc_column_text animation_delay=\u00bb0&#8243; el_class=\u00bbpage_text\u00bb]El acero utilizado para construir las cubiertas telesc\u00f3picas PEI es de alt\u00edsima calidad por planicidad, resistencia a la corrosi\u00f3n y resistencia al desgaste. Los espesores utilizados var\u00edan de 1,5 a 3 mm.<br \/>\nLas cubiertas telesc\u00f3picas tambi\u00e9n est\u00e1n disponibles de acero inoxidable.[\/vc_column_text]<div class=\"et-separator et-clearfix animate-false solid center horizontal et-separator-875676\" data-delay=\"\"><div class=\"line\"><\/div><\/div>[vc_row_inner element_id=\u00bb527631&#8243; el_class=\u00bbCop_Tel_Row\u00bb][vc_column_inner el_class=\u00bbCop_Tel_First_Col\u00bb]<h2 class=\"et-heading text-align-center tablet-text-align-inherit mobile-text-align-inherit animate-false no-animation-type\" id=\"et-heading-691161\" data-delay=\"0\" data-mobile-font=\"inherit\" data-mobile-line-height=\"inherit\" data-tablet-landscape-font=\"inherit\" data-tablet-portrait-font=\"inherit\" data-tablet-landscape-line-height=\"inherit\" data-tablet-portrait-line-height=\"inherit\" data-parallax=\"false\" data-move=\"false\" data-coordinatex=\"0\" data-coordinatey=\"0\" data-speed=\"10\"><span class=\"text-wrapper\"><span class=\"text\">Descubra toda la documentaci\u00f3n t\u00e9cnica de los productos PEI.<\/span><\/span><\/h2>[vc_single_image image=\u00bb53681&#8243; img_size=\u00bb250&#215;250&#8243; alignment=\u00bbcenter\u00bb css=\u00bb.vc_custom_1769077239514{padding-bottom: 20px !important;}\u00bb el_class=\u00bbcatalogo_smistamento\u00bb][vc_btn title=\u00bbDocumentaci\u00f3n t\u00e9cnica\u00bb style=\u00bbcustom\u00bb custom_background=\u00bb#e34529&#8243; custom_text=\u00bb#ffffff\u00bb shape=\u00bbround\u00bb size=\u00bbsm\u00bb align=\u00bbcenter\u00bb css=\u00bb.vc_custom_1769184283459{padding-bottom: 10px !important;}\u00bb link=\u00bburl:%2Fes%2Farea-de-descargas%2F|title:DOWNLOAD|target:_blank\u00bb]<div class=\"et-separator et-clearfix animate-false solid center horizontal et-separator-875676\" data-delay=\"\"><div class=\"line\"><\/div><\/div>[\/vc_column_inner][\/vc_row_inner][\/vc_column][\/vc_row]\n<\/div>","protected":false},"excerpt":{"rendered":"<p>[vc_row element_id=\u00bb790331&#8243; el_class=\u00bbproduct-cards\u00bb el_id=\u00bbsinergie-carousel\u00bb][vc_column][vc_row_inner element_id=\u00bb179095&#8243; el_class=\u00bbriga_smistamento\u00bb][vc_column_inner width=\u00bb1\/3&#8243;][vc_single_image image=\u00bb64859&#8243; img_size=\u00bb250&#215;250&#8243; alignment=\u00bbcenter\u00bb style=\u00bbvc_box_outline_circle\u00bb css=\u00bb\u00bb][vc_column_text animation_delay=\u00bb0&#8243;] Est\u00e1ndares [\/vc_column_text][vc_btn title=\u00bbAprende m\u00e1s\u00bb style=\u00bbcustom\u00bb custom_background=\u00bb#e34529&#8243; custom_text=\u00bb#ffffff\u00bb shape=\u00bbround\u00bb size=\u00bbsm\u00bb link=\u00bburl:%2Fes%2Fproductos%2Fcubiertas-telescpicas-estndares%2F|title:Cubiertas%20telesc%C3%B3picas%20est%C3%A1ndares\u00bb][\/vc_column_inner][vc_column_inner width=\u00bb1\/3&#8243;][vc_single_image image=\u00bb35303&#8243; img_size=\u00bb250&#215;250&#8243; alignment=\u00bbcenter\u00bb style=\u00bbvc_box_outline_circle\u00bb][vc_column_text animation_delay=\u00bb0&#8243;] Especiales [\/vc_column_text][vc_btn title=\u00bbAprende m\u00e1s\u00bb style=\u00bbcustom\u00bb custom_background=\u00bb#e34529&#8243; custom_text=\u00bb#ffffff\u00bb shape=\u00bbround\u00bb size=\u00bbsm\u00bb link=\u00bburl:https%3A%2F%2Fwww.pei.it%2Fes%2Fproductos%2Fcubiertas-telescpicas-especiales%2F|title:Cubiertas%20telesc%C3%B3picas%20Especiales\u00bb][\/vc_column_inner][vc_column_inner width=\u00bb1\/3&#8243;][vc_single_image image=\u00bb33219&#8243; img_size=\u00bb250&#215;250&#8243; alignment=\u00bbright\u00bb style=\u00bbvc_box_outline_circle\u00bb][vc_column_text animation_delay=\u00bb0&#8243;] Ligeras [\/vc_column_text][vc_btn title=\u00bbAprende m\u00e1s\u00bb style=\u00bbcustom\u00bb custom_background=\u00bb#e34529&#8243; custom_text=\u00bb#ffffff\u00bb shape=\u00bbround\u00bb size=\u00bbsm\u00bb link=\u00bburl:https%3A%2F%2Fwww.pei.it%2Fes%2Fproductos%2Fcubiertas-telescpicas-ligeras%2F|title:Cubiertas%20telesc%C3%B3picas%20Ligeras\u00bb][\/vc_column_inner][\/vc_row_inner][vc_row_inner [&hellip;]<\/p>\n","protected":false},"author":1,"featured_media":0,"parent":0,"menu_order":0,"comment_status":"closed","ping_status":"closed","template":"page_limpresa.php","meta":{"_acf_changed":false,"footnotes":""},"class_list":["post-43599","page","type-page","status-publish","hentry"],"acf":[],"yoast_head":"<!-- This site is optimized with the Yoast SEO plugin v26.9 - https:\/\/yoast.com\/product\/yoast-seo-wordpress\/ -->\n<title>Cubiertas telesc\u00f3picas para m\u00e1quinas herramienta- PEI<\/title>\n<meta name=\"description\" content=\"PEI suministra coberturas telesc\u00f3picas de elevada calidad para todos los tipos de m\u00e1quinarias-herramienta.\" \/>\n<meta name=\"robots\" content=\"index, follow, max-snippet:-1, max-image-preview:large, max-video-preview:-1\" \/>\n<link rel=\"canonical\" href=\"https:\/\/www.pei.it\/es\/cubiertas-telescopicas\/\" \/>\n<meta property=\"og:locale\" content=\"es_ES\" \/>\n<meta property=\"og:type\" content=\"article\" \/>\n<meta property=\"og:title\" content=\"Cubiertas telesc\u00f3picas para m\u00e1quinas herramienta- PEI\" \/>\n<meta property=\"og:description\" content=\"PEI suministra coberturas telesc\u00f3picas de elevada calidad para todos los tipos de m\u00e1quinarias-herramienta.\" \/>\n<meta property=\"og:url\" content=\"https:\/\/www.pei.it\/es\/cubiertas-telescopicas\/\" \/>\n<meta property=\"og:site_name\" content=\"PEI\" \/>\n<meta property=\"article:modified_time\" content=\"2026-03-26T09:45:25+00:00\" \/>\n<meta name=\"twitter:card\" content=\"summary_large_image\" \/>\n<meta name=\"twitter:label1\" content=\"Tiempo de lectura\" \/>\n\t<meta name=\"twitter:data1\" content=\"2 minutos\" \/>\n<script type=\"application\/ld+json\" class=\"yoast-schema-graph\">{\"@context\":\"https:\/\/schema.org\",\"@graph\":[{\"@type\":\"WebPage\",\"@id\":\"https:\/\/www.pei.it\/es\/cubiertas-telescopicas\/\",\"url\":\"https:\/\/www.pei.it\/es\/cubiertas-telescopicas\/\",\"name\":\"Cubiertas telesc\u00f3picas para m\u00e1quinas herramienta- PEI\",\"isPartOf\":{\"@id\":\"https:\/\/www.pei.it\/es\/#website\"},\"datePublished\":\"2022-02-15T11:41:40+00:00\",\"dateModified\":\"2026-03-26T09:45:25+00:00\",\"description\":\"PEI suministra coberturas telesc\u00f3picas de elevada calidad para todos los tipos de m\u00e1quinarias-herramienta.\",\"breadcrumb\":{\"@id\":\"https:\/\/www.pei.it\/es\/cubiertas-telescopicas\/#breadcrumb\"},\"inLanguage\":\"es\",\"potentialAction\":[{\"@type\":\"ReadAction\",\"target\":[\"https:\/\/www.pei.it\/es\/cubiertas-telescopicas\/\"]}]},{\"@type\":\"BreadcrumbList\",\"@id\":\"https:\/\/www.pei.it\/es\/cubiertas-telescopicas\/#breadcrumb\",\"itemListElement\":[{\"@type\":\"ListItem\",\"position\":1,\"name\":\"Home\",\"item\":\"https:\/\/www.pei.it\/es\/\"},{\"@type\":\"ListItem\",\"position\":2,\"name\":\"Cubiertas telesc\u00f3picas\"}]},{\"@type\":\"WebSite\",\"@id\":\"https:\/\/www.pei.it\/es\/#website\",\"url\":\"https:\/\/www.pei.it\/es\/\",\"name\":\"PEI\",\"description\":\"Protezioni per macchine utensili, avvolgibili, telescopiche\",\"potentialAction\":[{\"@type\":\"SearchAction\",\"target\":{\"@type\":\"EntryPoint\",\"urlTemplate\":\"https:\/\/www.pei.it\/es\/?s={search_term_string}\"},\"query-input\":{\"@type\":\"PropertyValueSpecification\",\"valueRequired\":true,\"valueName\":\"search_term_string\"}}],\"inLanguage\":\"es\"}]}<\/script>\n<!-- \/ Yoast SEO plugin. -->","yoast_head_json":{"title":"Cubiertas telesc\u00f3picas para m\u00e1quinas herramienta- PEI","description":"PEI suministra coberturas telesc\u00f3picas de elevada calidad para todos los tipos de m\u00e1quinarias-herramienta.","robots":{"index":"index","follow":"follow","max-snippet":"max-snippet:-1","max-image-preview":"max-image-preview:large","max-video-preview":"max-video-preview:-1"},"canonical":"https:\/\/www.pei.it\/es\/cubiertas-telescopicas\/","og_locale":"es_ES","og_type":"article","og_title":"Cubiertas telesc\u00f3picas para m\u00e1quinas herramienta- PEI","og_description":"PEI suministra coberturas telesc\u00f3picas de elevada calidad para todos los tipos de m\u00e1quinarias-herramienta.","og_url":"https:\/\/www.pei.it\/es\/cubiertas-telescopicas\/","og_site_name":"PEI","article_modified_time":"2026-03-26T09:45:25+00:00","twitter_card":"summary_large_image","twitter_misc":{"Tiempo de lectura":"2 minutos"},"schema":{"@context":"https:\/\/schema.org","@graph":[{"@type":"WebPage","@id":"https:\/\/www.pei.it\/es\/cubiertas-telescopicas\/","url":"https:\/\/www.pei.it\/es\/cubiertas-telescopicas\/","name":"Cubiertas telesc\u00f3picas para m\u00e1quinas herramienta- PEI","isPartOf":{"@id":"https:\/\/www.pei.it\/es\/#website"},"datePublished":"2022-02-15T11:41:40+00:00","dateModified":"2026-03-26T09:45:25+00:00","description":"PEI suministra coberturas telesc\u00f3picas de elevada calidad para todos los tipos de m\u00e1quinarias-herramienta.","breadcrumb":{"@id":"https:\/\/www.pei.it\/es\/cubiertas-telescopicas\/#breadcrumb"},"inLanguage":"es","potentialAction":[{"@type":"ReadAction","target":["https:\/\/www.pei.it\/es\/cubiertas-telescopicas\/"]}]},{"@type":"BreadcrumbList","@id":"https:\/\/www.pei.it\/es\/cubiertas-telescopicas\/#breadcrumb","itemListElement":[{"@type":"ListItem","position":1,"name":"Home","item":"https:\/\/www.pei.it\/es\/"},{"@type":"ListItem","position":2,"name":"Cubiertas telesc\u00f3picas"}]},{"@type":"WebSite","@id":"https:\/\/www.pei.it\/es\/#website","url":"https:\/\/www.pei.it\/es\/","name":"PEI","description":"Protezioni per macchine utensili, avvolgibili, telescopiche","potentialAction":[{"@type":"SearchAction","target":{"@type":"EntryPoint","urlTemplate":"https:\/\/www.pei.it\/es\/?s={search_term_string}"},"query-input":{"@type":"PropertyValueSpecification","valueRequired":true,"valueName":"search_term_string"}}],"inLanguage":"es"}]}},"_links":{"self":[{"href":"https:\/\/www.pei.it\/es\/wp-json\/wp\/v2\/pages\/43599","targetHints":{"allow":["GET"]}}],"collection":[{"href":"https:\/\/www.pei.it\/es\/wp-json\/wp\/v2\/pages"}],"about":[{"href":"https:\/\/www.pei.it\/es\/wp-json\/wp\/v2\/types\/page"}],"author":[{"embeddable":true,"href":"https:\/\/www.pei.it\/es\/wp-json\/wp\/v2\/users\/1"}],"replies":[{"embeddable":true,"href":"https:\/\/www.pei.it\/es\/wp-json\/wp\/v2\/comments?post=43599"}],"version-history":[{"count":7,"href":"https:\/\/www.pei.it\/es\/wp-json\/wp\/v2\/pages\/43599\/revisions"}],"predecessor-version":[{"id":64904,"href":"https:\/\/www.pei.it\/es\/wp-json\/wp\/v2\/pages\/43599\/revisions\/64904"}],"wp:attachment":[{"href":"https:\/\/www.pei.it\/es\/wp-json\/wp\/v2\/media?parent=43599"}],"curies":[{"name":"wp","href":"https:\/\/api.w.org\/{rel}","templated":true}]}}