{"id":43656,"date":"2022-02-15T14:09:18","date_gmt":"2022-02-15T14:09:18","guid":{"rendered":"https:\/\/www.pei.it\/escudos-x-y-modulares\/"},"modified":"2026-01-23T16:07:26","modified_gmt":"2026-01-23T16:07:26","slug":"escudos-x-y-modulares","status":"publish","type":"page","link":"https:\/\/www.pei.it\/es\/escudos-x-y-modulares\/","title":{"rendered":"Escudos X-Y"},"content":{"rendered":"<div class=\"wpb-content-wrapper\">[vc_row element_id=\u00bb790331&#8243; el_class=\u00bbproduct-cards\u00bb el_id=\u00bbsinergie-carousel\u00bb][vc_column]<h2 class=\"et-heading text-align-center tablet-text-align-inherit mobile-text-align-inherit animate-false no-animation-type\" id=\"et-heading-318975\" data-delay=\"0\" data-mobile-font=\"inherit\" data-mobile-line-height=\"inherit\" data-tablet-landscape-font=\"inherit\" data-tablet-portrait-font=\"inherit\" data-tablet-landscape-line-height=\"inherit\" data-tablet-portrait-line-height=\"inherit\" data-parallax=\"false\" data-move=\"false\" data-coordinatex=\"0\" data-coordinatey=\"0\" data-speed=\"10\"><span class=\"text-wrapper\"><span class=\"text\">Productos<\/span><\/span><\/h2><div class=\"et-separator et-clearfix animate-false solid center horizontal et-separator-875676\" data-delay=\"\"><div class=\"line\"><\/div><\/div>[vc_row_inner element_id=\u00bb645291&#8243; el_class=\u00bbriga_smistamento\u00bb][vc_column_inner width=\u00bb1\/3&#8243;][vc_single_image image=\u00bb34676&#8243; img_size=\u00bb250&#215;250&#8243; alignment=\u00bbcenter\u00bb style=\u00bbvc_box_outline_circle\u00bb][vc_column_text animation_delay=\u00bb0&#8243;]\n<h4>Fuelles X-Y con lamas<\/h4>\n[\/vc_column_text][vc_btn title=\u00bbAprende m\u00e1s\u00bb style=\u00bbcustom\u00bb custom_background=\u00bb#e34529&#8243; custom_text=\u00bb#ffffff\u00bb shape=\u00bbround\u00bb size=\u00bbsm\u00bb link=\u00bburl:https%3A%2F%2Fwww.pei.it%2Fes%2Fproductos%2Ffuelles-x-y-con-lamas%2F|title:Rascadores%20de%20aceite%20perfilados\u00bb][\/vc_column_inner][vc_column_inner width=\u00bb1\/3&#8243;][vc_single_image image=\u00bb59448&#8243; img_size=\u00bb250&#215;250&#8243; alignment=\u00bbcenter\u00bb style=\u00bbvc_box_outline_circle\u00bb][vc_column_text animation_delay=\u00bb0&#8243; css=\u00bb\u00bb]\n<h4>Escudos X-Y Modulares<\/h4>\n[\/vc_column_text][vc_btn title=\u00bbAprende m\u00e1s\u00bb style=\u00bbcustom\u00bb custom_background=\u00bb#e34529&#8243; custom_text=\u00bb#ffffff\u00bb shape=\u00bbround\u00bb size=\u00bbsm\u00bb link=\u00bburl:%2Fes%2Fproductos%2Fmodular-x-y-shield%2F|title:Modular%20X-Y%20shield\u00bb][\/vc_column_inner][vc_column_inner width=\u00bb1\/3&#8243;][vc_single_image image=\u00bb34700&#8243; img_size=\u00bb250&#215;250&#8243; alignment=\u00bbcenter\u00bb style=\u00bbvc_box_outline_circle\u00bb][vc_column_text animation_delay=\u00bb0&#8243;]\n<h4>Fuelles X-Y sin lamas<\/h4>\n[\/vc_column_text][vc_btn title=\u00bbAprende m\u00e1s\u00bb style=\u00bbcustom\u00bb custom_background=\u00bb#e34529&#8243; custom_text=\u00bb#ffffff\u00bb shape=\u00bbround\u00bb size=\u00bbsm\u00bb link=\u00bburl:https%3A%2F%2Fwww.pei.it%2Fes%2Fproductos%2Ffuelles-x-y-sin-lamas%2F|title:Rascadores%20de%20aceite%20perfilados\u00bb][\/vc_column_inner][\/vc_row_inner][vc_row_inner element_id=\u00bb645291&#8243; el_class=\u00bbriga_smistamento\u00bb][vc_column_inner width=\u00bb1\/2&#8243;][vc_single_image image=\u00bb54288&#8243; img_size=\u00bb250&#215;250&#8243; alignment=\u00bbcenter\u00bb style=\u00bbvc_box_outline_circle\u00bb][vc_column_text animation_delay=\u00bb0&#8243;]\n<h4>Unique Steel Cover EVO<\/h4>\n[\/vc_column_text][vc_btn title=\u00bbAprende m\u00e1s\u00bb style=\u00bbcustom\u00bb custom_background=\u00bb#e34529&#8243; custom_text=\u00bb#ffffff\u00bb shape=\u00bbround\u00bb size=\u00bbsm\u00bb link=\u00bburl:https%3A%2F%2Fwww.pei.it%2Fes%2Fproductos%2Fx-y-lamimares-unique%2F|title:Rascadores%20de%20aceite%20perfilados\u00bb][\/vc_column_inner][vc_column_inner width=\u00bb1\/2&#8243;][vc_single_image image=\u00bb34684&#8243; img_size=\u00bb250&#215;250&#8243; alignment=\u00bbcenter\u00bb style=\u00bbvc_box_outline_circle\u00bb][vc_column_text animation_delay=\u00bb0&#8243;]\n<h4>Grandes dimensiones-Giant Shield<\/h4>\n[\/vc_column_text][vc_btn title=\u00bbAprende m\u00e1s\u00bb style=\u00bbcustom\u00bb custom_background=\u00bb#e34529&#8243; custom_text=\u00bb#ffffff\u00bb shape=\u00bbround\u00bb size=\u00bbsm\u00bb link=\u00bburl:https%3A%2F%2Fwww.pei.it%2Fes%2Fproductos%2Fgrandes-dimensiones-giant-shield%2F|title:Rascadores%20de%20aceite%20perfilados\u00bb][\/vc_column_inner][\/vc_row_inner]<div class=\"et-separator et-clearfix animate-false solid center horizontal et-separator-875676\" data-delay=\"\"><div class=\"line\"><\/div><\/div>[vc_column_text animation_delay=\u00bb0&#8243; el_class=\u00bbpage_text\u00bb]El escudo X-Y combina practicidad de montaje y mantenimiento, econom\u00eda y robustez.<br \/>\nEl escudo X-Y est\u00e1 disponible en la versi\u00f3n con lamas y sin lamas.<br \/>\nEl escudo X-Y tambi\u00e9n est\u00e1 disponible para m\u00e1quinas de dimensiones no est\u00e1ndares.[\/vc_column_text]<div class=\"et-separator et-clearfix animate-false solid center horizontal et-separator-875676\" data-delay=\"\"><div class=\"line\"><\/div><\/div>[vc_row_inner element_id=\u00bb527631&#8243; el_class=\u00bbCop_Tel_Row\u00bb][vc_column_inner el_class=\u00bbCop_Tel_First_Col\u00bb]<h2 class=\"et-heading text-align-center tablet-text-align-inherit mobile-text-align-inherit animate-false no-animation-type\" id=\"et-heading-691161\" data-delay=\"0\" data-mobile-font=\"inherit\" data-mobile-line-height=\"inherit\" data-tablet-landscape-font=\"inherit\" data-tablet-portrait-font=\"inherit\" data-tablet-landscape-line-height=\"inherit\" data-tablet-portrait-line-height=\"inherit\" data-parallax=\"false\" data-move=\"false\" data-coordinatex=\"0\" data-coordinatey=\"0\" data-speed=\"10\"><span class=\"text-wrapper\"><span class=\"text\">Descubra toda la documentaci\u00f3n t\u00e9cnica de los productos PEI.<\/span><\/span><\/h2>[vc_single_image image=\u00bb53681&#8243; img_size=\u00bb250&#215;250&#8243; alignment=\u00bbcenter\u00bb css=\u00bb.vc_custom_1769077239514{padding-bottom: 20px !important;}\u00bb el_class=\u00bbcatalogo_smistamento\u00bb][vc_btn title=\u00bbDocumentaci\u00f3n t\u00e9cnica\u00bb style=\u00bbcustom\u00bb custom_background=\u00bb#e34529&#8243; custom_text=\u00bb#ffffff\u00bb shape=\u00bbround\u00bb size=\u00bbsm\u00bb align=\u00bbcenter\u00bb css=\u00bb.vc_custom_1769184283459{padding-bottom: 10px !important;}\u00bb link=\u00bburl:%2Fes%2Farea-de-descargas%2F|title:DOWNLOAD|target:_blank\u00bb]<div class=\"et-separator et-clearfix animate-false solid center horizontal et-separator-875676\" data-delay=\"\"><div class=\"line\"><\/div><\/div>[\/vc_column_inner][\/vc_row_inner][\/vc_column][\/vc_row]\n<\/div>","protected":false},"excerpt":{"rendered":"<p>[vc_row element_id=\u00bb790331&#8243; el_class=\u00bbproduct-cards\u00bb el_id=\u00bbsinergie-carousel\u00bb][vc_column][vc_row_inner element_id=\u00bb645291&#8243; el_class=\u00bbriga_smistamento\u00bb][vc_column_inner width=\u00bb1\/3&#8243;][vc_single_image image=\u00bb34676&#8243; img_size=\u00bb250&#215;250&#8243; alignment=\u00bbcenter\u00bb style=\u00bbvc_box_outline_circle\u00bb][vc_column_text animation_delay=\u00bb0&#8243;] Fuelles X-Y con lamas [\/vc_column_text][vc_btn title=\u00bbAprende m\u00e1s\u00bb style=\u00bbcustom\u00bb custom_background=\u00bb#e34529&#8243; custom_text=\u00bb#ffffff\u00bb shape=\u00bbround\u00bb size=\u00bbsm\u00bb link=\u00bburl:https%3A%2F%2Fwww.pei.it%2Fes%2Fproductos%2Ffuelles-x-y-con-lamas%2F|title:Rascadores%20de%20aceite%20perfilados\u00bb][\/vc_column_inner][vc_column_inner width=\u00bb1\/3&#8243;][vc_single_image image=\u00bb59448&#8243; img_size=\u00bb250&#215;250&#8243; alignment=\u00bbcenter\u00bb style=\u00bbvc_box_outline_circle\u00bb][vc_column_text animation_delay=\u00bb0&#8243; css=\u00bb\u00bb] Escudos X-Y Modulares [\/vc_column_text][vc_btn title=\u00bbAprende m\u00e1s\u00bb style=\u00bbcustom\u00bb custom_background=\u00bb#e34529&#8243; custom_text=\u00bb#ffffff\u00bb shape=\u00bbround\u00bb size=\u00bbsm\u00bb link=\u00bburl:%2Fes%2Fproductos%2Fmodular-x-y-shield%2F|title:Modular%20X-Y%20shield\u00bb][\/vc_column_inner][vc_column_inner width=\u00bb1\/3&#8243;][vc_single_image image=\u00bb34700&#8243; img_size=\u00bb250&#215;250&#8243; alignment=\u00bbcenter\u00bb style=\u00bbvc_box_outline_circle\u00bb][vc_column_text animation_delay=\u00bb0&#8243;] Fuelles X-Y sin lamas [\/vc_column_text][vc_btn [&hellip;]<\/p>\n","protected":false},"author":1,"featured_media":0,"parent":0,"menu_order":0,"comment_status":"closed","ping_status":"closed","template":"page_limpresa.php","meta":{"_acf_changed":false,"footnotes":""},"class_list":["post-43656","page","type-page","status-publish","hentry"],"acf":[],"yoast_head":"<!-- This site is optimized with the Yoast SEO plugin v26.9 - https:\/\/yoast.com\/product\/yoast-seo-wordpress\/ -->\n<title>Los escudos modulares X-Y, Escudos X-Y - PEI<\/title>\n<meta name=\"description\" content=\"Los escudos modulares X-Y de pei son un sistema de protecci\u00f3n que separa la zona de trabajo de los residuos producidos en el procesamiento.\" \/>\n<meta name=\"robots\" content=\"index, follow, max-snippet:-1, max-image-preview:large, max-video-preview:-1\" \/>\n<link rel=\"canonical\" href=\"https:\/\/www.pei.it\/es\/escudos-x-y-modulares\/\" \/>\n<meta property=\"og:locale\" content=\"es_ES\" \/>\n<meta property=\"og:type\" content=\"article\" \/>\n<meta property=\"og:title\" content=\"Los escudos modulares X-Y, Escudos X-Y - PEI\" \/>\n<meta property=\"og:description\" content=\"Los escudos modulares X-Y de pei son un sistema de protecci\u00f3n que separa la zona de trabajo de los residuos producidos en el procesamiento.\" \/>\n<meta property=\"og:url\" content=\"https:\/\/www.pei.it\/es\/escudos-x-y-modulares\/\" \/>\n<meta property=\"og:site_name\" content=\"PEI\" \/>\n<meta property=\"article:modified_time\" content=\"2026-01-23T16:07:26+00:00\" \/>\n<meta name=\"twitter:card\" content=\"summary_large_image\" \/>\n<meta name=\"twitter:label1\" content=\"Tiempo de lectura\" \/>\n\t<meta name=\"twitter:data1\" content=\"1 minuto\" \/>\n<script type=\"application\/ld+json\" class=\"yoast-schema-graph\">{\"@context\":\"https:\/\/schema.org\",\"@graph\":[{\"@type\":\"WebPage\",\"@id\":\"https:\/\/www.pei.it\/es\/escudos-x-y-modulares\/\",\"url\":\"https:\/\/www.pei.it\/es\/escudos-x-y-modulares\/\",\"name\":\"Los escudos modulares X-Y, Escudos X-Y - PEI\",\"isPartOf\":{\"@id\":\"https:\/\/www.pei.it\/es\/#website\"},\"datePublished\":\"2022-02-15T14:09:18+00:00\",\"dateModified\":\"2026-01-23T16:07:26+00:00\",\"description\":\"Los escudos modulares X-Y de pei son un sistema de protecci\u00f3n que separa la zona de trabajo de los residuos producidos en el procesamiento.\",\"breadcrumb\":{\"@id\":\"https:\/\/www.pei.it\/es\/escudos-x-y-modulares\/#breadcrumb\"},\"inLanguage\":\"es\",\"potentialAction\":[{\"@type\":\"ReadAction\",\"target\":[\"https:\/\/www.pei.it\/es\/escudos-x-y-modulares\/\"]}]},{\"@type\":\"BreadcrumbList\",\"@id\":\"https:\/\/www.pei.it\/es\/escudos-x-y-modulares\/#breadcrumb\",\"itemListElement\":[{\"@type\":\"ListItem\",\"position\":1,\"name\":\"Home\",\"item\":\"https:\/\/www.pei.it\/es\/\"},{\"@type\":\"ListItem\",\"position\":2,\"name\":\"Escudos X-Y\"}]},{\"@type\":\"WebSite\",\"@id\":\"https:\/\/www.pei.it\/es\/#website\",\"url\":\"https:\/\/www.pei.it\/es\/\",\"name\":\"PEI\",\"description\":\"Protezioni per macchine utensili, avvolgibili, telescopiche\",\"potentialAction\":[{\"@type\":\"SearchAction\",\"target\":{\"@type\":\"EntryPoint\",\"urlTemplate\":\"https:\/\/www.pei.it\/es\/?s={search_term_string}\"},\"query-input\":{\"@type\":\"PropertyValueSpecification\",\"valueRequired\":true,\"valueName\":\"search_term_string\"}}],\"inLanguage\":\"es\"}]}<\/script>\n<!-- \/ Yoast SEO plugin. -->","yoast_head_json":{"title":"Los escudos modulares X-Y, Escudos X-Y - PEI","description":"Los escudos modulares X-Y de pei son un sistema de protecci\u00f3n que separa la zona de trabajo de los residuos producidos en el procesamiento.","robots":{"index":"index","follow":"follow","max-snippet":"max-snippet:-1","max-image-preview":"max-image-preview:large","max-video-preview":"max-video-preview:-1"},"canonical":"https:\/\/www.pei.it\/es\/escudos-x-y-modulares\/","og_locale":"es_ES","og_type":"article","og_title":"Los escudos modulares X-Y, Escudos X-Y - PEI","og_description":"Los escudos modulares X-Y de pei son un sistema de protecci\u00f3n que separa la zona de trabajo de los residuos producidos en el procesamiento.","og_url":"https:\/\/www.pei.it\/es\/escudos-x-y-modulares\/","og_site_name":"PEI","article_modified_time":"2026-01-23T16:07:26+00:00","twitter_card":"summary_large_image","twitter_misc":{"Tiempo de lectura":"1 minuto"},"schema":{"@context":"https:\/\/schema.org","@graph":[{"@type":"WebPage","@id":"https:\/\/www.pei.it\/es\/escudos-x-y-modulares\/","url":"https:\/\/www.pei.it\/es\/escudos-x-y-modulares\/","name":"Los escudos modulares X-Y, Escudos X-Y - PEI","isPartOf":{"@id":"https:\/\/www.pei.it\/es\/#website"},"datePublished":"2022-02-15T14:09:18+00:00","dateModified":"2026-01-23T16:07:26+00:00","description":"Los escudos modulares X-Y de pei son un sistema de protecci\u00f3n que separa la zona de trabajo de los residuos producidos en el procesamiento.","breadcrumb":{"@id":"https:\/\/www.pei.it\/es\/escudos-x-y-modulares\/#breadcrumb"},"inLanguage":"es","potentialAction":[{"@type":"ReadAction","target":["https:\/\/www.pei.it\/es\/escudos-x-y-modulares\/"]}]},{"@type":"BreadcrumbList","@id":"https:\/\/www.pei.it\/es\/escudos-x-y-modulares\/#breadcrumb","itemListElement":[{"@type":"ListItem","position":1,"name":"Home","item":"https:\/\/www.pei.it\/es\/"},{"@type":"ListItem","position":2,"name":"Escudos X-Y"}]},{"@type":"WebSite","@id":"https:\/\/www.pei.it\/es\/#website","url":"https:\/\/www.pei.it\/es\/","name":"PEI","description":"Protezioni per macchine utensili, avvolgibili, telescopiche","potentialAction":[{"@type":"SearchAction","target":{"@type":"EntryPoint","urlTemplate":"https:\/\/www.pei.it\/es\/?s={search_term_string}"},"query-input":{"@type":"PropertyValueSpecification","valueRequired":true,"valueName":"search_term_string"}}],"inLanguage":"es"}]}},"_links":{"self":[{"href":"https:\/\/www.pei.it\/es\/wp-json\/wp\/v2\/pages\/43656","targetHints":{"allow":["GET"]}}],"collection":[{"href":"https:\/\/www.pei.it\/es\/wp-json\/wp\/v2\/pages"}],"about":[{"href":"https:\/\/www.pei.it\/es\/wp-json\/wp\/v2\/types\/page"}],"author":[{"embeddable":true,"href":"https:\/\/www.pei.it\/es\/wp-json\/wp\/v2\/users\/1"}],"replies":[{"embeddable":true,"href":"https:\/\/www.pei.it\/es\/wp-json\/wp\/v2\/comments?post=43656"}],"version-history":[{"count":2,"href":"https:\/\/www.pei.it\/es\/wp-json\/wp\/v2\/pages\/43656\/revisions"}],"predecessor-version":[{"id":64099,"href":"https:\/\/www.pei.it\/es\/wp-json\/wp\/v2\/pages\/43656\/revisions\/64099"}],"wp:attachment":[{"href":"https:\/\/www.pei.it\/es\/wp-json\/wp\/v2\/media?parent=43656"}],"curies":[{"name":"wp","href":"https:\/\/api.w.org\/{rel}","templated":true}]}}