{"id":21447,"date":"2021-06-21T09:07:10","date_gmt":"2021-06-21T09:07:10","guid":{"rendered":"\/home\/"},"modified":"2026-03-26T08:34:34","modified_gmt":"2026-03-26T08:34:34","slug":"home","status":"publish","type":"page","link":"https:\/\/www.pei.it\/fr\/","title":{"rendered":"Home"},"content":{"rendered":"<div class=\"wpb-content-wrapper\">[vc_row element_id=\u00a0\u00bb660103&Prime; el_class=\u00a0\u00bbblue-cards\u00a0\u00bb][vc_column animation_delay=\u00a0\u00bb0&Prime; width=\u00a0\u00bb1\/3&Prime; element_id=\u00a0\u00bb75557&Prime; css=\u00a0\u00bb.vc_custom_1626277691837{background-color: #b8e1fe !important;}\u00a0\u00bb crp=\u00a0\u00bb480:i:i,480-768:i:i,768-1024:i:i,1024-1280:i:i,1280-1366:i:i,1366-1600:i:i,1600-1920:i:i\u00a0\u00bb][vc_column_text animation_delay=\u00a0\u00bb0&Prime; css=\u00a0\u00bb\u00a0\u00bb]\n<h3 style=\"text-align: center;\"><span style=\"color: #2990d8;\">Innovation<\/span><\/h3>\n<p style=\"text-align: center;\"><span style=\"color: #2990d8;\">La recherche et l&rsquo;innovation technologique sont nos fondements.<br \/>\nLes protections PEI sont con\u00e7ues pour r\u00e9pondre aux besoins des clients avec des solutions techniques sur mesure.<\/span><\/p>\n[\/vc_column_text][\/vc_column][vc_column animation_delay=\u00a0\u00bb0&Prime; width=\u00a0\u00bb1\/3&Prime; element_id=\u00a0\u00bb608196&Prime; css=\u00a0\u00bb.vc_custom_1626277436061{background-color: #2990d8 !important;}\u00a0\u00bb crp=\u00a0\u00bb480:i:i,480-768:i:i,768-1024:i:i,1024-1280:i:i,1280-1366:i:i,1366-1600:i:i,1600-1920:i:i\u00a0\u00bb][vc_column_text animation_delay=\u00a0\u00bb0&Prime; css=\u00a0\u00bb\u00a0\u00bb]\n<h3 style=\"text-align: center;\"><span style=\"color: #ffffff;\">Qualit\u00e9<\/span><\/h3>\n<p style=\"text-align: center;\"><span style=\"color: #ffffff;\">PEI g\u00e8re l\u2019ensemble du processus, \u00e0 partir de la conception conjointe avec le client, garantissant \u00e0 ce dernier la libert\u00e9 de choisir la meilleure protection pour la machine.<\/span><\/p>\n[\/vc_column_text][\/vc_column][vc_column animation_delay=\u00a0\u00bb0&Prime; width=\u00a0\u00bb1\/3&Prime; element_id=\u00a0\u00bb98034&Prime; css=\u00a0\u00bb.vc_custom_1626277703991{background-color: #b8e1fe !important;}\u00a0\u00bb crp=\u00a0\u00bb480:i:i,480-768:i:i,768-1024:i:i,1024-1280:i:i,1280-1366:i:i,1366-1600:i:i,1600-1920:i:i\u00a0\u00bb][vc_column_text animation_delay=\u00a0\u00bb0&Prime; css=\u00a0\u00bb\u00a0\u00bb]\n<h3 style=\"text-align: center;\"><span style=\"color: #2990d8;\">Gamme Compl\u00e8te<\/span><\/h3>\n<p style=\"text-align: center;\"><span style=\"color: #2990d8;\">PEI offre la gamme la plus compl\u00e8te de protections dynamiques pour machines-outils<br \/>\nsur le march\u00e9: nous sommes en mesure de concevoir, produire et commercialiser des pi\u00e8ces de rechange pour tout type de machine-outil.<br \/>\n<\/span><\/p>\n[\/vc_column_text][\/vc_column][\/vc_row][vc_row full_width=\u00a0\u00bbstretch_row_content\u00a0\u00bb element_id=\u00a0\u00bb961815&Prime;][vc_column animation_delay=\u00a0\u00bb0&Prime; element_id=\u00a0\u00bb42626&Prime; crp=\u00a0\u00bb480:i:i,480-768:i:i,768-1024:i:i,1024-1280:i:i,1280-1366:i:i,1366-1600:i:i,1600-1920:i:i\u00a0\u00bb][vc_column_text animation_delay=\u00a0\u00bb0&Prime; css=\u00a0\u00bb.vc_custom_1631701314484{border-bottom-width: 50px !important;padding-bottom: 50px !important;}\u00a0\u00bb]\n<h4 style=\"text-align: center;\"><span class=\"et-font-size\" data-fontsize=\"32px\" data-lineheight=\"10px\">Bienvenue dans le monde de PEI:<\/span><\/h4>\n<p style=\"text-align: center;\"><span class=\"et-font-size\" data-fontsize=\"20px\" data-lineheight=\"10px\">leader mondial des protections dynamiques pour machines<\/span>\n[\/vc_column_text][\/vc_column][\/vc_row][vc_row full_width=\u00a0\u00bbstretch_row_content\u00a0\u00bb element_id=\u00a0\u00bb671499&Prime; css=\u00a0\u00bb.vc_custom_1626438755899{padding-top: 10px !important;}\u00a0\u00bb el_class=\u00a0\u00bbfull-width product-cards\u00a0\u00bb][vc_column animation_delay=\u00a0\u00bb0&Prime; element_id=\u00a0\u00bb736157&Prime; el_class=\u00a0\u00bbprodotti\u00a0\u00bb crp=\u00a0\u00bb480:i:i,480-768:i:i,768-1024:i:i,1024-1280:i:i,1280-1366:i:i,1366-1600:i:i,1600-1920:i:i\u00a0\u00bb]<div id=\"et-carousel-1\" class=\"et-carousel owl-carousel et-item-set effect-none navigation-only-dottes\" data-autoplay=\"false\" data-columns=\"3\" data-gap=\"24\"><div class=\"et-carousel-item et-item et-clearfix\">[vc_single_image image=\u00a0\u00bb64839&Prime; img_size=\u00a0\u00bb500&#215;500&Prime; alignment=\u00a0\u00bbcenter\u00a0\u00bb css=\u00a0\u00bb\u00a0\u00bb][vc_column_text animation_delay=\u00a0\u00bb0&Prime;]\n<h4>Protecteurs t\u00e9lescopiques<\/h4>\n[\/vc_column_text][vc_btn title=\u00a0\u00bbEn savoir plus\u00a0\u00bb style=\u00a0\u00bbcustom\u00a0\u00bb custom_background=\u00a0\u00bb#e34529&Prime; custom_text=\u00a0\u00bb#ffffff\u00a0\u00bb shape=\u00a0\u00bbround\u00a0\u00bb size=\u00a0\u00bbsm\u00a0\u00bb link=\u00a0\u00bburl:https%3A%2F%2Fwww.pei.it%2Ffr%2Fcouvertures-telescopiques%2F|title:Protecteurs%20t%C3%A9lescopiques\u00a0\u00bb el_class=\u00a0\u00bbround_button\u00a0\u00bb]<\/div><div class=\"et-carousel-item et-item et-clearfix\">[vc_single_image image=\u00a0\u00bb24701&Prime; img_size=\u00a0\u00bb500&#215;500&Prime;][vc_column_text animation_delay=\u00a0\u00bb0&Prime;]\n<h4>Enrouleurs<\/h4>\n[\/vc_column_text][vc_btn title=\u00a0\u00bbEn savoir plus\u00a0\u00bb style=\u00a0\u00bbcustom\u00a0\u00bb custom_background=\u00a0\u00bb#e34529&Prime; custom_text=\u00a0\u00bb#ffffff\u00a0\u00bb shape=\u00a0\u00bbround\u00a0\u00bb link=\u00a0\u00bburl:https%3A%2F%2Fwww.pei.it%2Ffr%2Fenrouleurs-de-protection%2F|title:Caract%C3%A9ristiques\u00a0\u00bb el_class=\u00a0\u00bbround_button\u00a0\u00bb]<\/div><div class=\"et-carousel-item et-item et-clearfix\">[vc_single_image image=\u00a0\u00bb24781&Prime; img_size=\u00a0\u00bb500&#215;500&Prime;][vc_column_text animation_delay=\u00a0\u00bb0&Prime;]\n<h4>Enrouleurs avec tabliers<\/h4>\n[\/vc_column_text][vc_btn title=\u00a0\u00bbEn savoir plus\u00a0\u00bb style=\u00a0\u00bbcustom\u00a0\u00bb custom_background=\u00a0\u00bb#e34529&Prime; custom_text=\u00a0\u00bb#ffffff\u00a0\u00bb shape=\u00a0\u00bbround\u00a0\u00bb link=\u00a0\u00bburl:https%3A%2F%2Fwww.pei.it%2Ffr%2Fproduits%2Fvolets-roulants-verticaux-motorises%2F|title:WALL%20ROLL-UP%20COVER\u00a0\u00bb el_class=\u00a0\u00bbround_button\u00a0\u00bb]<\/div><div class=\"et-carousel-item et-item et-clearfix\">[vc_single_image image=\u00a0\u00bb24741&Prime; img_size=\u00a0\u00bb500&#215;500&Prime;][vc_column_text animation_delay=\u00a0\u00bb0&Prime;]\n<h4>Protections planes<\/h4>\n[\/vc_column_text][vc_btn title=\u00a0\u00bbEn savoir plus\u00a0\u00bb style=\u00a0\u00bbcustom\u00a0\u00bb custom_background=\u00a0\u00bb#e34529&Prime; custom_text=\u00a0\u00bb#ffffff\u00a0\u00bb shape=\u00a0\u00bbround\u00a0\u00bb link=\u00a0\u00bburl:https%3A%2F%2Fwww.pei.it%2Ffr%2Fsoufflets-de-protection%2F|title:Thermo-Soud%C3%A9s\u00a0\u00bb el_class=\u00a0\u00bbround_button\u00a0\u00bb]<\/div><div class=\"et-carousel-item et-item et-clearfix\">[vc_single_image image=\u00a0\u00bb24725&Prime; img_size=\u00a0\u00bb500&#215;500&Prime;][vc_column_text animation_delay=\u00a0\u00bb0&Prime;]\n<h4>Soufflets circulaires<\/h4>\n[\/vc_column_text][vc_btn title=\u00a0\u00bbEn savoir plus\u00a0\u00bb style=\u00a0\u00bbcustom\u00a0\u00bb custom_background=\u00a0\u00bb#e34529&Prime; custom_text=\u00a0\u00bb#ffffff\u00a0\u00bb shape=\u00a0\u00bbround\u00a0\u00bb link=\u00a0\u00bburl:https%3A%2F%2Fwww.pei.it%2Ffr%2Fproduits%2Fsoufflets-circulaires-thermosoudes%2F|title:Soufflets%20Circulaires%20Cousus\u00a0\u00bb el_class=\u00a0\u00bbround_button\u00a0\u00bb]<\/div><div class=\"et-carousel-item et-item et-clearfix\">[vc_single_image image=\u00a0\u00bb24717&Prime; img_size=\u00a0\u00bb500&#215;500&Prime;][vc_column_text animation_delay=\u00a0\u00bb0&Prime;]\n<h4>Ecrans X-Y<\/h4>\n[\/vc_column_text][vc_btn title=\u00a0\u00bbEn savoir plus\u00a0\u00bb style=\u00a0\u00bbcustom\u00a0\u00bb custom_background=\u00a0\u00bb#e34529&Prime; custom_text=\u00a0\u00bb#ffffff\u00a0\u00bb shape=\u00a0\u00bbround\u00a0\u00bb link=\u00a0\u00bburl:https%3A%2F%2Fwww.pei.it%2Ffr%2Fboucliers-x-y-modulaires%2F|title:ECRAN%20X-Y\u00a0\u00bb el_class=\u00a0\u00bbround_button\u00a0\u00bb]<\/div><div class=\"et-carousel-item et-item et-clearfix\">[vc_single_image image=\u00a0\u00bb24773&Prime; img_size=\u00a0\u00bb500&#215;500&Prime;][vc_column_text animation_delay=\u00a0\u00bb0&Prime;]\n<h4>Wave Sky<\/h4>\n[\/vc_column_text][vc_btn title=\u00a0\u00bbEn savoir plus\u00a0\u00bb style=\u00a0\u00bbcustom\u00a0\u00bb custom_background=\u00a0\u00bb#e34529&Prime; custom_text=\u00a0\u00bb#ffffff\u00a0\u00bb shape=\u00a0\u00bbround\u00a0\u00bb link=\u00a0\u00bburl:https%3A%2F%2Fwww.pei.it%2Ffr%2Fsoufflets-pour-ciel%2F|title:WAVE%20SKY\u00a0\u00bb el_class=\u00a0\u00bbround_button\u00a0\u00bb]<\/div><div class=\"et-carousel-item et-item et-clearfix\">[vc_single_image image=\u00a0\u00bb24709&Prime; img_size=\u00a0\u00bb500&#215;500&Prime;][vc_column_text animation_delay=\u00a0\u00bb0&Prime;]\n<h4>Racleurs et brosses<\/h4>\n[\/vc_column_text][vc_btn title=\u00a0\u00bbEn savoir plus\u00a0\u00bb style=\u00a0\u00bbcustom\u00a0\u00bb custom_background=\u00a0\u00bb#e34529&Prime; custom_text=\u00a0\u00bb#ffffff\u00a0\u00bb shape=\u00a0\u00bbround\u00a0\u00bb link=\u00a0\u00bburl:https%3A%2F%2Fwww.pei.it%2Ffr%2Fgrattoir-a-huile-et-brosses%2F|title:R%C3%A2cleurs%20confectionnes%20pour%20guidages\u00a0\u00bb el_class=\u00a0\u00bbround_button\u00a0\u00bb]<\/div><\/div>[\/vc_column][\/vc_row][vc_row full_width=\u00a0\u00bbstretch_row_content\u00a0\u00bb element_id=\u00a0\u00bb548137&Prime;][vc_column animation_delay=\u00a0\u00bb0&Prime; element_id=\u00a0\u00bb42626&Prime; crp=\u00a0\u00bb480:i:i,480-768:i:i,768-1024:i:i,1024-1280:i:i,1280-1366:i:i,1366-1600:i:i,1600-1920:i:i\u00a0\u00bb][vc_separator css=\u00a0\u00bb.vc_custom_1626445456959{padding-top: 25px !important;}\u00a0\u00bb][vc_column_text animation_delay=\u00a0\u00bb0&Prime; css=\u00a0\u00bb.vc_custom_1626277964202{border-bottom-width: 50px !important;padding-bottom: 50px !important;}\u00a0\u00bb]\n<h4>Highlight<\/h4>\n[\/vc_column_text][\/vc_column][\/vc_row][vc_row full_width=\u00a0\u00bbstretch_row_content\u00a0\u00bb content_placement=\u00a0\u00bbmiddle\u00a0\u00bb css_animation=\u00a0\u00bbfadeInLeftBig\u00a0\u00bb element_id=\u00a0\u00bb390583&Prime; css=\u00a0\u00bb.vc_custom_1633420402538{border-top-width: 50px !important;border-bottom-width: 50px !important;padding-top: 50px !important;padding-bottom: 50px !important;background-color: #ededed !important;}\u00a0\u00bb el_class=\u00a0\u00bbfull-width video-row\u00a0\u00bb][vc_column animation_delay=\u00a0\u00bb0&Prime; width=\u00a0\u00bb1\/2&Prime; element_id=\u00a0\u00bb27004&Prime; crp=\u00a0\u00bb480:i:i,480-768:i:i,768-1024:i:i,1024-1280:i:i,1280-1366:i:i,1366-1600:i:i,1600-1920:i:i\u00a0\u00bb][vc_video link=\u00a0\u00bbhttps:\/\/youtu.be\/C58i4FopjeU?rel=0&Prime;][\/vc_column][vc_column width=\u00a0\u00bb1\/2&Prime;][vc_column_text animation_delay=\u00a0\u00bb0&Prime;]\n<h2>UNIQUE STEEL COVER EVO<\/h2>\n<h3>Le nouveau syst\u00e8me de soufflet l\u00e9ger<\/h3>\n[\/vc_column_text][vc_btn title=\u00a0\u00bbEn savoir plus\u00a0\u00bb style=\u00a0\u00bbcustom\u00a0\u00bb custom_background=\u00a0\u00bb#e34529&Prime; custom_text=\u00a0\u00bb#ffffff\u00a0\u00bb shape=\u00a0\u00bbround\u00a0\u00bb css=\u00a0\u00bb.vc_custom_1693925976951{padding-top: 25px !important;}\u00a0\u00bb link=\u00a0\u00bburl:%2Ffr%2Fproduits%2Flamellaire-x-y%2F|title:Lamellaire%20X-Y\u00a0\u00bb el_class=\u00a0\u00bbround_button\u00a0\u00bb][\/vc_column][\/vc_row][vc_row full_width=\u00a0\u00bbstretch_row_content\u00a0\u00bb element_id=\u00a0\u00bb961815&Prime;][vc_column animation_delay=\u00a0\u00bb0&Prime; element_id=\u00a0\u00bb42626&Prime; crp=\u00a0\u00bb480:i:i,480-768:i:i,768-1024:i:i,1024-1280:i:i,1280-1366:i:i,1366-1600:i:i,1600-1920:i:i\u00a0\u00bb][vc_separator css=\u00a0\u00bb.vc_custom_1623077758788{padding-top: 50px !important;}\u00a0\u00bb][vc_column_text animation_delay=\u00a0\u00bb0&Prime; css=\u00a0\u00bb.vc_custom_1761832145419{border-bottom-width: 50px !important;padding-bottom: 50px !important;}\u00a0\u00bb]\n<h4 style=\"text-align: center;\">\u00c9v\u00e9nements et salons \u00e0 venir<\/h4>\n<p style=\"text-align: center;\">PEI est une entreprise en constante \u00e9volution: lisez les <a href=\"https:\/\/www.pei.it\/fr\/category\/actualites\/presse\/communiques-de-presse\/\" target=\"_blank\" rel=\"noopener\">nouvelles<\/a> sur l\u2019innovation continue des protections dynamiques.<\/p>\n[\/vc_column_text]<div class=\"fiere\"><a href=\"https:\/\/www.pei.it\/fr\/actualites\/expositions\/intertool-2026\/\" class=\"card\"><img loading=\"lazy\" decoding=\"async\" src=\"https:\/\/www.pei.it\/wp-content\/uploads\/2026\/02\/fiera-Intertool-2026_home.png\"\/><div class=\"excerpt\"><p><bold>INTERTOOL 2026<\/bold><br>21 - 24 \/ 04 \/ 2026<br>Wels -  AUSTRIA<\/p><\/div><\/a><\/div>[\/vc_column][\/vc_row][vc_row][vc_column][vc_separator css=\u00a0\u00bb.vc_custom_1623077758788{padding-top: 50px !important;}\u00a0\u00bb][vc_column_text animation_delay=\u00a0\u00bb0&Prime; css=\u00a0\u00bb.vc_custom_1767878930052{border-bottom-width: 50px !important;padding-bottom: 50px !important;}\u00a0\u00bb]\n<h2 style=\"text-align: center;\">Abonnez-vous \u00e0 notre lettre d&rsquo;information<\/h2>\n<p style=\"text-align: center;\">et recevez les derni\u00e8res mises \u00e0 jour du monde PEI!<\/p>\n<p><iframe src=\"https:\/\/marketing.pei.it\/subscribe-frame\/compact?lang=fr\"><\/iframe>[\/vc_column_text][\/vc_column][\/vc_row][vc_row][vc_column][vc_raw_html]JTNDYSUyMGlkJTNEJTIydG8tdG9wJTIyJTIwaHJlZiUzRCUyMiUyM3dyYXAlMjIlMjBjbGFzcyUzRCUyMmFuaW1hdGUlMjIlM0UlM0MlMkZhJTNF[\/vc_raw_html][\/vc_column][\/vc_row]\n<\/div>","protected":false},"excerpt":{"rendered":"<p>[vc_row element_id=\u00a0\u00bb660103&Prime; el_class=\u00a0\u00bbblue-cards\u00a0\u00bb][vc_column animation_delay=\u00a0\u00bb0&Prime; width=\u00a0\u00bb1\/3&Prime; element_id=\u00a0\u00bb75557&Prime; css=\u00a0\u00bb.vc_custom_1626277691837{background-color: #b8e1fe !important;}\u00a0\u00bb crp=\u00a0\u00bb480:i:i,480-768:i:i,768-1024:i:i,1024-1280:i:i,1280-1366:i:i,1366-1600:i:i,1600-1920:i:i\u00a0\u00bb][vc_column_text animation_delay=\u00a0\u00bb0&Prime; css=\u00a0\u00bb\u00a0\u00bb] Innovation La recherche et l&rsquo;innovation technologique sont nos fondements. Les protections PEI sont con\u00e7ues pour r\u00e9pondre aux besoins des clients avec des solutions techniques sur mesure. [\/vc_column_text][\/vc_column][vc_column animation_delay=\u00a0\u00bb0&Prime; width=\u00a0\u00bb1\/3&Prime; element_id=\u00a0\u00bb608196&Prime; css=\u00a0\u00bb.vc_custom_1626277436061{background-color: #2990d8 !important;}\u00a0\u00bb crp=\u00a0\u00bb480:i:i,480-768:i:i,768-1024:i:i,1024-1280:i:i,1280-1366:i:i,1366-1600:i:i,1600-1920:i:i\u00a0\u00bb][vc_column_text animation_delay=\u00a0\u00bb0&Prime; css=\u00a0\u00bb\u00a0\u00bb] Qualit\u00e9 PEI g\u00e8re l\u2019ensemble du processus, \u00e0 [&hellip;]<\/p>\n","protected":false},"author":1,"featured_media":0,"parent":0,"menu_order":0,"comment_status":"closed","ping_status":"closed","template":"page_home.php","meta":{"_acf_changed":false,"footnotes":""},"class_list":["post-21447","page","type-page","status-publish","hentry"],"acf":[],"yoast_head":"<!-- This site is optimized with the Yoast SEO plugin v26.9 - https:\/\/yoast.com\/product\/yoast-seo-wordpress\/ -->\n<title>Protecteurs m\u00e9talliques t\u00e9lescopiques - Protecteurs T\u00e9lescopiques Home - PEI<\/title>\n<meta name=\"description\" content=\"PEI \u2013 protecteurs m\u00e9talliques t\u00e9lescopiques, protections thermo-soud\u00e9s, protections planes, soufflets ronds, soufflets cousus, soufflets ronds par d\u00e9formation, tabliers arm\u00e9s\" \/>\n<meta name=\"robots\" content=\"index, follow, max-snippet:-1, max-image-preview:large, max-video-preview:-1\" \/>\n<link rel=\"canonical\" href=\"https:\/\/www.pei.it\/fr\/\" \/>\n<meta property=\"og:locale\" content=\"fr_FR\" \/>\n<meta property=\"og:type\" content=\"article\" \/>\n<meta property=\"og:title\" content=\"Protecteurs m\u00e9talliques t\u00e9lescopiques - Protecteurs T\u00e9lescopiques Home - PEI\" \/>\n<meta property=\"og:description\" content=\"PEI \u2013 protecteurs m\u00e9talliques t\u00e9lescopiques, protections thermo-soud\u00e9s, protections planes, soufflets ronds, soufflets cousus, soufflets ronds par d\u00e9formation, tabliers arm\u00e9s\" \/>\n<meta property=\"og:url\" content=\"https:\/\/www.pei.it\/fr\/\" \/>\n<meta property=\"og:site_name\" content=\"PEI\" \/>\n<meta property=\"article:modified_time\" content=\"2026-03-26T08:34:34+00:00\" \/>\n<meta name=\"twitter:card\" content=\"summary_large_image\" \/>\n<meta name=\"twitter:label1\" content=\"Dur\u00e9e de lecture estim\u00e9e\" \/>\n\t<meta name=\"twitter:data1\" content=\"4 minutes\" \/>\n<script type=\"application\/ld+json\" class=\"yoast-schema-graph\">{\"@context\":\"https:\/\/schema.org\",\"@graph\":[{\"@type\":\"WebPage\",\"@id\":\"https:\/\/www.pei.it\/fr\/\",\"url\":\"https:\/\/www.pei.it\/fr\/\",\"name\":\"Protecteurs m\u00e9talliques t\u00e9lescopiques - Protecteurs T\u00e9lescopiques Home - PEI\",\"isPartOf\":{\"@id\":\"https:\/\/www.pei.it\/fr\/#website\"},\"datePublished\":\"2021-06-21T09:07:10+00:00\",\"dateModified\":\"2026-03-26T08:34:34+00:00\",\"description\":\"PEI \u2013 protecteurs m\u00e9talliques t\u00e9lescopiques, protections thermo-soud\u00e9s, protections planes, soufflets ronds, soufflets cousus, soufflets ronds par d\u00e9formation, tabliers arm\u00e9s\",\"breadcrumb\":{\"@id\":\"https:\/\/www.pei.it\/fr\/#breadcrumb\"},\"inLanguage\":\"fr-FR\",\"potentialAction\":[{\"@type\":\"ReadAction\",\"target\":[\"https:\/\/www.pei.it\/fr\/\"]}]},{\"@type\":\"BreadcrumbList\",\"@id\":\"https:\/\/www.pei.it\/fr\/#breadcrumb\",\"itemListElement\":[{\"@type\":\"ListItem\",\"position\":1,\"name\":\"Home\",\"item\":\"https:\/\/www.pei.it\/fr\/\"},{\"@type\":\"ListItem\",\"position\":2,\"name\":\"Home\"}]},{\"@type\":\"WebSite\",\"@id\":\"https:\/\/www.pei.it\/fr\/#website\",\"url\":\"https:\/\/www.pei.it\/fr\/\",\"name\":\"PEI\",\"description\":\"Protezioni per macchine utensili, avvolgibili, telescopiche\",\"potentialAction\":[{\"@type\":\"SearchAction\",\"target\":{\"@type\":\"EntryPoint\",\"urlTemplate\":\"https:\/\/www.pei.it\/fr\/?s={search_term_string}\"},\"query-input\":{\"@type\":\"PropertyValueSpecification\",\"valueRequired\":true,\"valueName\":\"search_term_string\"}}],\"inLanguage\":\"fr-FR\"}]}<\/script>\n<!-- \/ Yoast SEO plugin. -->","yoast_head_json":{"title":"Protecteurs m\u00e9talliques t\u00e9lescopiques - Protecteurs T\u00e9lescopiques Home - PEI","description":"PEI \u2013 protecteurs m\u00e9talliques t\u00e9lescopiques, protections thermo-soud\u00e9s, protections planes, soufflets ronds, soufflets cousus, soufflets ronds par d\u00e9formation, tabliers arm\u00e9s","robots":{"index":"index","follow":"follow","max-snippet":"max-snippet:-1","max-image-preview":"max-image-preview:large","max-video-preview":"max-video-preview:-1"},"canonical":"https:\/\/www.pei.it\/fr\/","og_locale":"fr_FR","og_type":"article","og_title":"Protecteurs m\u00e9talliques t\u00e9lescopiques - Protecteurs T\u00e9lescopiques Home - PEI","og_description":"PEI \u2013 protecteurs m\u00e9talliques t\u00e9lescopiques, protections thermo-soud\u00e9s, protections planes, soufflets ronds, soufflets cousus, soufflets ronds par d\u00e9formation, tabliers arm\u00e9s","og_url":"https:\/\/www.pei.it\/fr\/","og_site_name":"PEI","article_modified_time":"2026-03-26T08:34:34+00:00","twitter_card":"summary_large_image","twitter_misc":{"Dur\u00e9e de lecture estim\u00e9e":"4 minutes"},"schema":{"@context":"https:\/\/schema.org","@graph":[{"@type":"WebPage","@id":"https:\/\/www.pei.it\/fr\/","url":"https:\/\/www.pei.it\/fr\/","name":"Protecteurs m\u00e9talliques t\u00e9lescopiques - Protecteurs T\u00e9lescopiques Home - PEI","isPartOf":{"@id":"https:\/\/www.pei.it\/fr\/#website"},"datePublished":"2021-06-21T09:07:10+00:00","dateModified":"2026-03-26T08:34:34+00:00","description":"PEI \u2013 protecteurs m\u00e9talliques t\u00e9lescopiques, protections thermo-soud\u00e9s, protections planes, soufflets ronds, soufflets cousus, soufflets ronds par d\u00e9formation, tabliers arm\u00e9s","breadcrumb":{"@id":"https:\/\/www.pei.it\/fr\/#breadcrumb"},"inLanguage":"fr-FR","potentialAction":[{"@type":"ReadAction","target":["https:\/\/www.pei.it\/fr\/"]}]},{"@type":"BreadcrumbList","@id":"https:\/\/www.pei.it\/fr\/#breadcrumb","itemListElement":[{"@type":"ListItem","position":1,"name":"Home","item":"https:\/\/www.pei.it\/fr\/"},{"@type":"ListItem","position":2,"name":"Home"}]},{"@type":"WebSite","@id":"https:\/\/www.pei.it\/fr\/#website","url":"https:\/\/www.pei.it\/fr\/","name":"PEI","description":"Protezioni per macchine utensili, avvolgibili, telescopiche","potentialAction":[{"@type":"SearchAction","target":{"@type":"EntryPoint","urlTemplate":"https:\/\/www.pei.it\/fr\/?s={search_term_string}"},"query-input":{"@type":"PropertyValueSpecification","valueRequired":true,"valueName":"search_term_string"}}],"inLanguage":"fr-FR"}]}},"_links":{"self":[{"href":"https:\/\/www.pei.it\/fr\/wp-json\/wp\/v2\/pages\/21447","targetHints":{"allow":["GET"]}}],"collection":[{"href":"https:\/\/www.pei.it\/fr\/wp-json\/wp\/v2\/pages"}],"about":[{"href":"https:\/\/www.pei.it\/fr\/wp-json\/wp\/v2\/types\/page"}],"author":[{"embeddable":true,"href":"https:\/\/www.pei.it\/fr\/wp-json\/wp\/v2\/users\/1"}],"replies":[{"embeddable":true,"href":"https:\/\/www.pei.it\/fr\/wp-json\/wp\/v2\/comments?post=21447"}],"version-history":[{"count":1,"href":"https:\/\/www.pei.it\/fr\/wp-json\/wp\/v2\/pages\/21447\/revisions"}],"predecessor-version":[{"id":64848,"href":"https:\/\/www.pei.it\/fr\/wp-json\/wp\/v2\/pages\/21447\/revisions\/64848"}],"wp:attachment":[{"href":"https:\/\/www.pei.it\/fr\/wp-json\/wp\/v2\/media?parent=21447"}],"curies":[{"name":"wp","href":"https:\/\/api.w.org\/{rel}","templated":true}]}}