{"id":42156,"date":"2022-02-07T11:19:47","date_gmt":"2022-02-07T11:19:47","guid":{"rendered":"https:\/\/www.pei.it\/raschiaolio-e-spazzole\/"},"modified":"2026-01-23T15:56:56","modified_gmt":"2026-01-23T15:56:56","slug":"grattoir-a-huile-et-brosses","status":"publish","type":"page","link":"https:\/\/www.pei.it\/fr\/grattoir-a-huile-et-brosses\/","title":{"rendered":"Racleurs et brosses"},"content":{"rendered":"<div class=\"wpb-content-wrapper\">[vc_row element_id=\u00a0\u00bb790331&Prime; el_class=\u00a0\u00bbproduct-cards\u00a0\u00bb el_id=\u00a0\u00bbsinergie-carousel\u00a0\u00bb][vc_column]<h2 class=\"et-heading text-align-center tablet-text-align-inherit mobile-text-align-inherit animate-false no-animation-type\" id=\"et-heading-49099\" data-delay=\"0\" data-mobile-font=\"inherit\" data-mobile-line-height=\"inherit\" data-tablet-landscape-font=\"inherit\" data-tablet-portrait-font=\"inherit\" data-tablet-landscape-line-height=\"inherit\" data-tablet-portrait-line-height=\"inherit\" data-parallax=\"false\" data-move=\"false\" data-coordinatex=\"0\" data-coordinatey=\"0\" data-speed=\"10\"><span class=\"text-wrapper\"><span class=\"text\">Produits<\/span><\/span><\/h2><div class=\"et-separator et-clearfix animate-false solid center horizontal et-separator-875676\" data-delay=\"\"><div class=\"line\"><\/div><\/div>[vc_row_inner element_id=\u00a0\u00bb580025&Prime; el_class=\u00a0\u00bbriga_smistamento\u00a0\u00bb][vc_column_inner width=\u00a0\u00bb1\/3&Prime;][vc_single_image image=\u00a0\u00bb34716&Prime; img_size=\u00a0\u00bb250&#215;250&Prime; alignment=\u00a0\u00bbcenter\u00a0\u00bb style=\u00a0\u00bbvc_box_outline_circle\u00a0\u00bb][vc_column_text animation_delay=\u00a0\u00bb0&Prime;]\n<h4>Profil\u00e9s<\/h4>\n[\/vc_column_text][vc_btn title=\u00a0\u00bbEn savoir plus\u00a0\u00bb style=\u00a0\u00bbcustom\u00a0\u00bb custom_background=\u00a0\u00bb#e34529&Prime; custom_text=\u00a0\u00bb#ffffff\u00a0\u00bb shape=\u00a0\u00bbround\u00a0\u00bb size=\u00a0\u00bbsm\u00a0\u00bb link=\u00a0\u00bburl:https%3A%2F%2Fwww.pei.it%2Ffr%2Fproduits%2Fracleurs-de-glissieres-faconnes%2F|title:Raschiaolio%20e%20Spazzole%20Sagomati%20Personalizzati|target:_blank\u00a0\u00bb][\/vc_column_inner][vc_column_inner width=\u00a0\u00bb1\/3&Prime;][vc_single_image image=\u00a0\u00bb34708&Prime; img_size=\u00a0\u00bb250&#215;250&Prime; alignment=\u00a0\u00bbcenter\u00a0\u00bb style=\u00a0\u00bbvc_box_outline_circle\u00a0\u00bb][vc_column_text animation_delay=\u00a0\u00bb0&Prime;]\n<h4>Lin\u00e9aires<\/h4>\n[\/vc_column_text][vc_btn title=\u00a0\u00bbEn savoir plus\u00a0\u00bb style=\u00a0\u00bbcustom\u00a0\u00bb custom_background=\u00a0\u00bb#e34529&Prime; custom_text=\u00a0\u00bb#ffffff\u00a0\u00bb shape=\u00a0\u00bbround\u00a0\u00bb size=\u00a0\u00bbsm\u00a0\u00bb link=\u00a0\u00bburl:https%3A%2F%2Fwww.pei.it%2Ffr%2Fproduits%2Fracleurs-de-glissieres-lineaires%2F|title:Raschiaolio%20e%20Spazzole%20Lineari|target:_blank\u00a0\u00bb][\/vc_column_inner][vc_column_inner width=\u00a0\u00bb1\/3&Prime;][vc_single_image image=\u00a0\u00bb34724&Prime; img_size=\u00a0\u00bb250&#215;250&Prime; alignment=\u00a0\u00bbcenter\u00a0\u00bb style=\u00a0\u00bbvc_box_outline_circle\u00a0\u00bb][vc_column_text animation_delay=\u00a0\u00bb0&Prime;]\n<h4>Brosses<\/h4>\n[\/vc_column_text][vc_btn title=\u00a0\u00bbEn savoir plus\u00a0\u00bb style=\u00a0\u00bbcustom\u00a0\u00bb custom_background=\u00a0\u00bb#e34529&Prime; custom_text=\u00a0\u00bb#ffffff\u00a0\u00bb shape=\u00a0\u00bbround\u00a0\u00bb size=\u00a0\u00bbsm\u00a0\u00bb link=\u00a0\u00bburl:https%3A%2F%2Fwww.pei.it%2Ffr%2Fproduits%2Fbrosses-avec-rail-de-support%2F|title:Spazzole%20con%20Guida%20di%20Supporto|target:_blank\u00a0\u00bb][\/vc_column_inner][\/vc_row_inner]<div class=\"et-separator et-clearfix animate-false solid center horizontal et-separator-875676\" data-delay=\"\"><div class=\"line\"><\/div><\/div>[vc_column_text animation_delay=\u00a0\u00bb0&Prime; el_class=\u00a0\u00bbpage_text\u00a0\u00bb]<span data-sheets-value=\"{&quot;1&quot;:2,&quot;2&quot;:&quot;Les racleurs de glissi\u00e8res PEI ont les caract\u00e9ristiques suivantes :\\r\\nPour les environnements de travail avec une forte pr\u00e9sence de copeaux tranchants.\\r\\nIls sont fabriqu\u00e9s sur commande avec n'importe quelle taille et g\u00e9om\u00e9trie.\\r\\nIls peuvent \u00eatre produits de la pi\u00e8ce unique \u00e0 la grande s\u00e9rie car il n'y a pas de frais d'outillage.\\r\\nLe profil\u00e9 en polyur\u00e9thane est r\u00e9sistant \u00e0 l'abrasion et facilement rempla\u00e7able.&quot;}\" data-sheets-userformat=\"{&quot;2&quot;:15235,&quot;3&quot;:{&quot;1&quot;:0},&quot;4&quot;:{&quot;1&quot;:3,&quot;3&quot;:5},&quot;10&quot;:2,&quot;11&quot;:4,&quot;12&quot;:0,&quot;14&quot;:{&quot;1&quot;:2,&quot;2&quot;:0},&quot;15&quot;:&quot;Calibri, sans-serif&quot;,&quot;16&quot;:11}\">Les racleurs de glissi\u00e8res PEI ont les caract\u00e9ristiques suivantes:<br \/>\nPour les environnements de travail avec une forte pr\u00e9sence de copeaux tranchants.<br \/>\nIls sont fabriqu\u00e9s sur commande avec n&rsquo;importe quelle taille et g\u00e9om\u00e9trie.<br \/>\nIls peuvent \u00eatre produits de la pi\u00e8ce unique \u00e0 la grande s\u00e9rie car il n&rsquo;y a pas de frais d&rsquo;outillage.<br \/>\nLe profil\u00e9 en polyur\u00e9thane est r\u00e9sistant \u00e0 l&rsquo;abrasion et facilement rempla\u00e7able.<\/span>[\/vc_column_text]<div class=\"et-separator et-clearfix animate-false solid center horizontal et-separator-875676\" data-delay=\"\"><div class=\"line\"><\/div><\/div>[vc_row_inner element_id=\u00a0\u00bb527631&Prime; el_class=\u00a0\u00bbCop_Tel_Row\u00a0\u00bb][vc_column_inner el_class=\u00a0\u00bbCop_Tel_First_Col\u00a0\u00bb]<h2 class=\"et-heading text-align-center tablet-text-align-inherit mobile-text-align-inherit animate-false no-animation-type\" id=\"et-heading-754350\" data-delay=\"0\" data-mobile-font=\"inherit\" data-mobile-line-height=\"inherit\" data-tablet-landscape-font=\"inherit\" data-tablet-portrait-font=\"inherit\" data-tablet-landscape-line-height=\"inherit\" data-tablet-portrait-line-height=\"inherit\" data-parallax=\"false\" data-move=\"false\" data-coordinatex=\"0\" data-coordinatey=\"0\" data-speed=\"10\"><span class=\"text-wrapper\"><span class=\"text\">D\u00e9couvrez toute la documentation technique des produits PEI.<\/span><\/span><\/h2>[vc_single_image image=\u00a0\u00bb53678&Prime; img_size=\u00a0\u00bb250&#215;250&Prime; alignment=\u00a0\u00bbcenter\u00a0\u00bb css=\u00a0\u00bb.vc_custom_1769077239514{padding-bottom: 20px !important;}\u00a0\u00bb el_class=\u00a0\u00bbcatalogo_smistamento\u00a0\u00bb][vc_btn title=\u00a0\u00bbDocumentation technique\u00a0\u00bb style=\u00a0\u00bbcustom\u00a0\u00bb custom_background=\u00a0\u00bb#e34529&Prime; custom_text=\u00a0\u00bb#ffffff\u00a0\u00bb shape=\u00a0\u00bbround\u00a0\u00bb size=\u00a0\u00bbsm\u00a0\u00bb align=\u00a0\u00bbcenter\u00a0\u00bb css=\u00a0\u00bb.vc_custom_1769183743933{padding-bottom: 10px !important;}\u00a0\u00bb link=\u00a0\u00bburl:%2Ffr%2Ftelecharger%2F|title:DOWNLOAD|target:_blank\u00a0\u00bb]<div class=\"et-separator et-clearfix animate-false solid center horizontal et-separator-875676\" data-delay=\"\"><div class=\"line\"><\/div><\/div>[\/vc_column_inner][\/vc_row_inner][\/vc_column][\/vc_row]\n<\/div>","protected":false},"excerpt":{"rendered":"<p>[vc_row element_id=\u00a0\u00bb790331&Prime; el_class=\u00a0\u00bbproduct-cards\u00a0\u00bb el_id=\u00a0\u00bbsinergie-carousel\u00a0\u00bb][vc_column][vc_row_inner element_id=\u00a0\u00bb580025&Prime; el_class=\u00a0\u00bbriga_smistamento\u00a0\u00bb][vc_column_inner width=\u00a0\u00bb1\/3&Prime;][vc_single_image image=\u00a0\u00bb34716&Prime; img_size=\u00a0\u00bb250&#215;250&Prime; alignment=\u00a0\u00bbcenter\u00a0\u00bb style=\u00a0\u00bbvc_box_outline_circle\u00a0\u00bb][vc_column_text animation_delay=\u00a0\u00bb0&Prime;] Profil\u00e9s [\/vc_column_text][vc_btn title=\u00a0\u00bbEn savoir plus\u00a0\u00bb style=\u00a0\u00bbcustom\u00a0\u00bb custom_background=\u00a0\u00bb#e34529&Prime; custom_text=\u00a0\u00bb#ffffff\u00a0\u00bb shape=\u00a0\u00bbround\u00a0\u00bb size=\u00a0\u00bbsm\u00a0\u00bb link=\u00a0\u00bburl:https%3A%2F%2Fwww.pei.it%2Ffr%2Fproduits%2Fracleurs-de-glissieres-faconnes%2F|title:Raschiaolio%20e%20Spazzole%20Sagomati%20Personalizzati|target:_blank\u00a0\u00bb][\/vc_column_inner][vc_column_inner width=\u00a0\u00bb1\/3&Prime;][vc_single_image image=\u00a0\u00bb34708&Prime; img_size=\u00a0\u00bb250&#215;250&Prime; alignment=\u00a0\u00bbcenter\u00a0\u00bb style=\u00a0\u00bbvc_box_outline_circle\u00a0\u00bb][vc_column_text animation_delay=\u00a0\u00bb0&Prime;] Lin\u00e9aires [\/vc_column_text][vc_btn title=\u00a0\u00bbEn savoir plus\u00a0\u00bb style=\u00a0\u00bbcustom\u00a0\u00bb custom_background=\u00a0\u00bb#e34529&Prime; custom_text=\u00a0\u00bb#ffffff\u00a0\u00bb shape=\u00a0\u00bbround\u00a0\u00bb size=\u00a0\u00bbsm\u00a0\u00bb link=\u00a0\u00bburl:https%3A%2F%2Fwww.pei.it%2Ffr%2Fproduits%2Fracleurs-de-glissieres-lineaires%2F|title:Raschiaolio%20e%20Spazzole%20Lineari|target:_blank\u00a0\u00bb][\/vc_column_inner][vc_column_inner width=\u00a0\u00bb1\/3&Prime;][vc_single_image image=\u00a0\u00bb34724&Prime; img_size=\u00a0\u00bb250&#215;250&Prime; alignment=\u00a0\u00bbcenter\u00a0\u00bb style=\u00a0\u00bbvc_box_outline_circle\u00a0\u00bb][vc_column_text animation_delay=\u00a0\u00bb0&Prime;] Brosses [\/vc_column_text][vc_btn title=\u00a0\u00bbEn savoir plus\u00a0\u00bb style=\u00a0\u00bbcustom\u00a0\u00bb custom_background=\u00a0\u00bb#e34529&Prime; custom_text=\u00a0\u00bb#ffffff\u00a0\u00bb shape=\u00a0\u00bbround\u00a0\u00bb [&hellip;]<\/p>\n","protected":false},"author":1,"featured_media":0,"parent":0,"menu_order":0,"comment_status":"closed","ping_status":"closed","template":"page_limpresa.php","meta":{"_acf_changed":false,"footnotes":""},"class_list":["post-42156","page","type-page","status-publish","hentry"],"acf":[],"yoast_head":"<!-- This site is optimized with the Yoast SEO plugin v26.9 - https:\/\/yoast.com\/product\/yoast-seo-wordpress\/ -->\n<title>Racleurs et brosses per Macchine Utensili - PEI<\/title>\n<meta name=\"description\" content=\"Visita il sito di PEI e scopri quali sono le caratteristiche dei raschiaolio e le spazzole prodotti per garantire efficienza e resistenza alle abrasioni.\" \/>\n<meta name=\"robots\" content=\"index, follow, max-snippet:-1, max-image-preview:large, max-video-preview:-1\" \/>\n<link rel=\"canonical\" href=\"https:\/\/www.pei.it\/fr\/grattoir-a-huile-et-brosses\/\" \/>\n<meta property=\"og:locale\" content=\"fr_FR\" \/>\n<meta property=\"og:type\" content=\"article\" \/>\n<meta property=\"og:title\" content=\"Racleurs et brosses per Macchine Utensili - PEI\" \/>\n<meta property=\"og:description\" content=\"Visita il sito di PEI e scopri quali sono le caratteristiche dei raschiaolio e le spazzole prodotti per garantire efficienza e resistenza alle abrasioni.\" \/>\n<meta property=\"og:url\" content=\"https:\/\/www.pei.it\/fr\/grattoir-a-huile-et-brosses\/\" \/>\n<meta property=\"og:site_name\" content=\"PEI\" \/>\n<meta property=\"article:modified_time\" content=\"2026-01-23T15:56:56+00:00\" \/>\n<meta name=\"twitter:card\" content=\"summary_large_image\" \/>\n<meta name=\"twitter:label1\" content=\"Dur\u00e9e de lecture estim\u00e9e\" \/>\n\t<meta name=\"twitter:data1\" content=\"1 minute\" \/>\n<script type=\"application\/ld+json\" class=\"yoast-schema-graph\">{\"@context\":\"https:\/\/schema.org\",\"@graph\":[{\"@type\":\"WebPage\",\"@id\":\"https:\/\/www.pei.it\/fr\/grattoir-a-huile-et-brosses\/\",\"url\":\"https:\/\/www.pei.it\/fr\/grattoir-a-huile-et-brosses\/\",\"name\":\"Racleurs et brosses per Macchine Utensili - PEI\",\"isPartOf\":{\"@id\":\"https:\/\/www.pei.it\/fr\/#website\"},\"datePublished\":\"2022-02-07T11:19:47+00:00\",\"dateModified\":\"2026-01-23T15:56:56+00:00\",\"description\":\"Visita il sito di PEI e scopri quali sono le caratteristiche dei raschiaolio e le spazzole prodotti per garantire efficienza e resistenza alle abrasioni.\",\"breadcrumb\":{\"@id\":\"https:\/\/www.pei.it\/fr\/grattoir-a-huile-et-brosses\/#breadcrumb\"},\"inLanguage\":\"fr-FR\",\"potentialAction\":[{\"@type\":\"ReadAction\",\"target\":[\"https:\/\/www.pei.it\/fr\/grattoir-a-huile-et-brosses\/\"]}]},{\"@type\":\"BreadcrumbList\",\"@id\":\"https:\/\/www.pei.it\/fr\/grattoir-a-huile-et-brosses\/#breadcrumb\",\"itemListElement\":[{\"@type\":\"ListItem\",\"position\":1,\"name\":\"\u0413\u043b\u0430\u0432\u043d\u0430\u044f \u0441\u0442\u0440\u0430\u043d\u0438\u0446\u0430\",\"item\":\"https:\/\/www.pei.it\/fr\/\"},{\"@type\":\"ListItem\",\"position\":2,\"name\":\"Racleurs et brosses\"}]},{\"@type\":\"WebSite\",\"@id\":\"https:\/\/www.pei.it\/fr\/#website\",\"url\":\"https:\/\/www.pei.it\/fr\/\",\"name\":\"PEI\",\"description\":\"Protezioni per macchine utensili, avvolgibili, telescopiche\",\"potentialAction\":[{\"@type\":\"SearchAction\",\"target\":{\"@type\":\"EntryPoint\",\"urlTemplate\":\"https:\/\/www.pei.it\/fr\/?s={search_term_string}\"},\"query-input\":{\"@type\":\"PropertyValueSpecification\",\"valueRequired\":true,\"valueName\":\"search_term_string\"}}],\"inLanguage\":\"fr-FR\"}]}<\/script>\n<!-- \/ Yoast SEO plugin. -->","yoast_head_json":{"title":"Racleurs et brosses per Macchine Utensili - PEI","description":"Visita il sito di PEI e scopri quali sono le caratteristiche dei raschiaolio e le spazzole prodotti per garantire efficienza e resistenza alle abrasioni.","robots":{"index":"index","follow":"follow","max-snippet":"max-snippet:-1","max-image-preview":"max-image-preview:large","max-video-preview":"max-video-preview:-1"},"canonical":"https:\/\/www.pei.it\/fr\/grattoir-a-huile-et-brosses\/","og_locale":"fr_FR","og_type":"article","og_title":"Racleurs et brosses per Macchine Utensili - PEI","og_description":"Visita il sito di PEI e scopri quali sono le caratteristiche dei raschiaolio e le spazzole prodotti per garantire efficienza e resistenza alle abrasioni.","og_url":"https:\/\/www.pei.it\/fr\/grattoir-a-huile-et-brosses\/","og_site_name":"PEI","article_modified_time":"2026-01-23T15:56:56+00:00","twitter_card":"summary_large_image","twitter_misc":{"Dur\u00e9e de lecture estim\u00e9e":"1 minute"},"schema":{"@context":"https:\/\/schema.org","@graph":[{"@type":"WebPage","@id":"https:\/\/www.pei.it\/fr\/grattoir-a-huile-et-brosses\/","url":"https:\/\/www.pei.it\/fr\/grattoir-a-huile-et-brosses\/","name":"Racleurs et brosses per Macchine Utensili - PEI","isPartOf":{"@id":"https:\/\/www.pei.it\/fr\/#website"},"datePublished":"2022-02-07T11:19:47+00:00","dateModified":"2026-01-23T15:56:56+00:00","description":"Visita il sito di PEI e scopri quali sono le caratteristiche dei raschiaolio e le spazzole prodotti per garantire efficienza e resistenza alle abrasioni.","breadcrumb":{"@id":"https:\/\/www.pei.it\/fr\/grattoir-a-huile-et-brosses\/#breadcrumb"},"inLanguage":"fr-FR","potentialAction":[{"@type":"ReadAction","target":["https:\/\/www.pei.it\/fr\/grattoir-a-huile-et-brosses\/"]}]},{"@type":"BreadcrumbList","@id":"https:\/\/www.pei.it\/fr\/grattoir-a-huile-et-brosses\/#breadcrumb","itemListElement":[{"@type":"ListItem","position":1,"name":"\u0413\u043b\u0430\u0432\u043d\u0430\u044f \u0441\u0442\u0440\u0430\u043d\u0438\u0446\u0430","item":"https:\/\/www.pei.it\/fr\/"},{"@type":"ListItem","position":2,"name":"Racleurs et brosses"}]},{"@type":"WebSite","@id":"https:\/\/www.pei.it\/fr\/#website","url":"https:\/\/www.pei.it\/fr\/","name":"PEI","description":"Protezioni per macchine utensili, avvolgibili, telescopiche","potentialAction":[{"@type":"SearchAction","target":{"@type":"EntryPoint","urlTemplate":"https:\/\/www.pei.it\/fr\/?s={search_term_string}"},"query-input":{"@type":"PropertyValueSpecification","valueRequired":true,"valueName":"search_term_string"}}],"inLanguage":"fr-FR"}]}},"_links":{"self":[{"href":"https:\/\/www.pei.it\/fr\/wp-json\/wp\/v2\/pages\/42156","targetHints":{"allow":["GET"]}}],"collection":[{"href":"https:\/\/www.pei.it\/fr\/wp-json\/wp\/v2\/pages"}],"about":[{"href":"https:\/\/www.pei.it\/fr\/wp-json\/wp\/v2\/types\/page"}],"author":[{"embeddable":true,"href":"https:\/\/www.pei.it\/fr\/wp-json\/wp\/v2\/users\/1"}],"replies":[{"embeddable":true,"href":"https:\/\/www.pei.it\/fr\/wp-json\/wp\/v2\/comments?post=42156"}],"version-history":[{"count":3,"href":"https:\/\/www.pei.it\/fr\/wp-json\/wp\/v2\/pages\/42156\/revisions"}],"predecessor-version":[{"id":64089,"href":"https:\/\/www.pei.it\/fr\/wp-json\/wp\/v2\/pages\/42156\/revisions\/64089"}],"wp:attachment":[{"href":"https:\/\/www.pei.it\/fr\/wp-json\/wp\/v2\/media?parent=42156"}],"curies":[{"name":"wp","href":"https:\/\/api.w.org\/{rel}","templated":true}]}}