{"id":42162,"date":"2022-02-07T11:20:51","date_gmt":"2022-02-07T11:20:51","guid":{"rendered":"https:\/\/www.pei.it\/scudi-modulari-x-y\/"},"modified":"2026-01-23T15:58:59","modified_gmt":"2026-01-23T15:58:59","slug":"boucliers-x-y-modulaires","status":"publish","type":"page","link":"https:\/\/www.pei.it\/fr\/boucliers-x-y-modulaires\/","title":{"rendered":"Ecrans X-Y"},"content":{"rendered":"<div class=\"wpb-content-wrapper\">[vc_row element_id=\u00a0\u00bb790331&Prime; el_class=\u00a0\u00bbproduct-cards\u00a0\u00bb el_id=\u00a0\u00bbsinergie-carousel\u00a0\u00bb][vc_column]<h2 class=\"et-heading text-align-center tablet-text-align-inherit mobile-text-align-inherit animate-false no-animation-type\" id=\"et-heading-645148\" data-delay=\"0\" data-mobile-font=\"inherit\" data-mobile-line-height=\"inherit\" data-tablet-landscape-font=\"inherit\" data-tablet-portrait-font=\"inherit\" data-tablet-landscape-line-height=\"inherit\" data-tablet-portrait-line-height=\"inherit\" data-parallax=\"false\" data-move=\"false\" data-coordinatex=\"0\" data-coordinatey=\"0\" data-speed=\"10\"><span class=\"text-wrapper\"><span class=\"text\">Les produits<\/span><\/span><\/h2><div class=\"et-separator et-clearfix animate-false solid center horizontal et-separator-875676\" data-delay=\"\"><div class=\"line\"><\/div><\/div>[vc_row_inner element_id=\u00a0\u00bb645291&Prime; el_class=\u00a0\u00bbriga_smistamento\u00a0\u00bb][vc_column_inner width=\u00a0\u00bb1\/3&Prime;][vc_single_image image=\u00a0\u00bb34673&Prime; img_size=\u00a0\u00bb250&#215;250&Prime; alignment=\u00a0\u00bbcenter\u00a0\u00bb style=\u00a0\u00bbvc_box_outline_circle\u00a0\u00bb][vc_column_text animation_delay=\u00a0\u00bb0&Prime;]\n<h4>Soufflets X-Y avec lamelles<\/h4>\n[\/vc_column_text][vc_btn title=\u00a0\u00bbEn savoir plus\u00a0\u00bb style=\u00a0\u00bbcustom\u00a0\u00bb custom_background=\u00a0\u00bb#e34529&Prime; custom_text=\u00a0\u00bb#ffffff\u00a0\u00bb shape=\u00a0\u00bbround\u00a0\u00bb size=\u00a0\u00bbsm\u00a0\u00bb link=\u00a0\u00bburl:https%3A%2F%2Fwww.pei.it%2Ffr%2Fproduits%2Fsoufflets-x-y-avec-clapets%2F|title:Soufflets%20X-Y%20avec%20clapets\u00a0\u00bb][\/vc_column_inner][vc_column_inner width=\u00a0\u00bb1\/3&Prime;][vc_single_image image=\u00a0\u00bb59445&Prime; img_size=\u00a0\u00bb250&#215;250&Prime; alignment=\u00a0\u00bbcenter\u00a0\u00bb style=\u00a0\u00bbvc_box_outline_circle\u00a0\u00bb][vc_column_text animation_delay=\u00a0\u00bb0&Prime; css=\u00a0\u00bb\u00a0\u00bb]\n<h4>Ecran modulaire X-Y<\/h4>\n[\/vc_column_text][vc_btn title=\u00a0\u00bbEn savoir plus\u00a0\u00bb style=\u00a0\u00bbcustom\u00a0\u00bb custom_background=\u00a0\u00bb#e34529&Prime; custom_text=\u00a0\u00bb#ffffff\u00a0\u00bb shape=\u00a0\u00bbround\u00a0\u00bb size=\u00a0\u00bbsm\u00a0\u00bb link=\u00a0\u00bburl:%2Ffr%2Fproduits%2Fmodular-x-y-shield%2F|title:Modular%20X-Y%20shield\u00a0\u00bb][\/vc_column_inner][vc_column_inner width=\u00a0\u00bb1\/3&Prime;][vc_single_image image=\u00a0\u00bb34697&Prime; img_size=\u00a0\u00bb250&#215;250&Prime; alignment=\u00a0\u00bbcenter\u00a0\u00bb style=\u00a0\u00bbvc_box_outline_circle\u00a0\u00bb][vc_column_text animation_delay=\u00a0\u00bb0&Prime;]\n<h4>Soufflets X-Y sans lamelles<\/h4>\n[\/vc_column_text][vc_btn title=\u00a0\u00bbEn savoir plus\u00a0\u00bb style=\u00a0\u00bbcustom\u00a0\u00bb custom_background=\u00a0\u00bb#e34529&Prime; custom_text=\u00a0\u00bb#ffffff\u00a0\u00bb shape=\u00a0\u00bbround\u00a0\u00bb size=\u00a0\u00bbsm\u00a0\u00bb link=\u00a0\u00bburl:https%3A%2F%2Fwww.pei.it%2Ffr%2Fproduits%2Fsoufflets-x-y-sans-lattes%2F|title:Soufflets%20X-Y%20sans%20lattes\u00a0\u00bb][\/vc_column_inner][\/vc_row_inner][vc_row_inner element_id=\u00a0\u00bb645291&Prime; el_class=\u00a0\u00bbriga_smistamento\u00a0\u00bb][vc_column_inner width=\u00a0\u00bb1\/2&Prime;][vc_single_image image=\u00a0\u00bb54285&Prime; img_size=\u00a0\u00bb250&#215;250&Prime; alignment=\u00a0\u00bbcenter\u00a0\u00bb style=\u00a0\u00bbvc_box_outline_circle\u00a0\u00bb][vc_column_text animation_delay=\u00a0\u00bb0&Prime;]\n<h4>Unique Steel Cover EVO<\/h4>\n[\/vc_column_text][vc_btn title=\u00a0\u00bbEn savoir plus\u00a0\u00bb style=\u00a0\u00bbcustom\u00a0\u00bb custom_background=\u00a0\u00bb#e34529&Prime; custom_text=\u00a0\u00bb#ffffff\u00a0\u00bb shape=\u00a0\u00bbround\u00a0\u00bb size=\u00a0\u00bbsm\u00a0\u00bb link=\u00a0\u00bburl:https%3A%2F%2Fwww.pei.it%2Ffr%2Fproduits%2Flamellaire-x-y%2F|title:Lamellaire%20X-Y\u00a0\u00bb][\/vc_column_inner][vc_column_inner width=\u00a0\u00bb1\/2&Prime;][vc_single_image image=\u00a0\u00bb34681&Prime; img_size=\u00a0\u00bb250&#215;250&Prime; alignment=\u00a0\u00bbcenter\u00a0\u00bb style=\u00a0\u00bbvc_box_outline_circle\u00a0\u00bb][vc_column_text animation_delay=\u00a0\u00bb0&Prime;]\n<h4>Grandes dimensions Giant-Shield<\/h4>\n[\/vc_column_text][vc_btn title=\u00a0\u00bbEn savoir plus\u00a0\u00bb style=\u00a0\u00bbcustom\u00a0\u00bb custom_background=\u00a0\u00bb#e34529&Prime; custom_text=\u00a0\u00bb#ffffff\u00a0\u00bb shape=\u00a0\u00bbround\u00a0\u00bb size=\u00a0\u00bbsm\u00a0\u00bb link=\u00a0\u00bburl:https%3A%2F%2Fwww.pei.it%2Ffr%2Fproduits%2Fgrandes-dimensions-giant-shield%2F|title:Grandes%20dimensions-GIANT%20SHIELD\u00a0\u00bb][\/vc_column_inner][\/vc_row_inner]<div class=\"et-separator et-clearfix animate-false solid center horizontal et-separator-875676\" data-delay=\"\"><div class=\"line\"><\/div><\/div>[vc_column_text animation_delay=\u00a0\u00bb0&Prime; el_class=\u00a0\u00bbpage_text\u00a0\u00bb]Notre \u00e9cran X-Y allie facilit\u00e9 d&rsquo;installation, maintenance, \u00e9conomie et robustesse.<br \/>\nL&rsquo;\u00e9cran X-Y est disponible avec ou sans lattes.<br \/>\nIl est \u00e9galement disponible pour les machines aux dimensions non standard.[\/vc_column_text]<div class=\"et-separator et-clearfix animate-false solid center horizontal et-separator-875676\" data-delay=\"\"><div class=\"line\"><\/div><\/div>[vc_row_inner element_id=\u00a0\u00bb527631&Prime; el_class=\u00a0\u00bbCop_Tel_Row\u00a0\u00bb][vc_column_inner el_class=\u00a0\u00bbCop_Tel_First_Col\u00a0\u00bb]<h2 class=\"et-heading text-align-center tablet-text-align-inherit mobile-text-align-inherit animate-false no-animation-type\" id=\"et-heading-754350\" data-delay=\"0\" data-mobile-font=\"inherit\" data-mobile-line-height=\"inherit\" data-tablet-landscape-font=\"inherit\" data-tablet-portrait-font=\"inherit\" data-tablet-landscape-line-height=\"inherit\" data-tablet-portrait-line-height=\"inherit\" data-parallax=\"false\" data-move=\"false\" data-coordinatex=\"0\" data-coordinatey=\"0\" data-speed=\"10\"><span class=\"text-wrapper\"><span class=\"text\">D\u00e9couvrez toute la documentation technique des produits PEI.<\/span><\/span><\/h2>[vc_single_image image=\u00a0\u00bb53678&Prime; img_size=\u00a0\u00bb250&#215;250&Prime; alignment=\u00a0\u00bbcenter\u00a0\u00bb css=\u00a0\u00bb.vc_custom_1769077239514{padding-bottom: 20px !important;}\u00a0\u00bb el_class=\u00a0\u00bbcatalogo_smistamento\u00a0\u00bb][vc_btn title=\u00a0\u00bbDocumentation technique\u00a0\u00bb style=\u00a0\u00bbcustom\u00a0\u00bb custom_background=\u00a0\u00bb#e34529&Prime; custom_text=\u00a0\u00bb#ffffff\u00a0\u00bb shape=\u00a0\u00bbround\u00a0\u00bb size=\u00a0\u00bbsm\u00a0\u00bb align=\u00a0\u00bbcenter\u00a0\u00bb css=\u00a0\u00bb.vc_custom_1769183743933{padding-bottom: 10px !important;}\u00a0\u00bb link=\u00a0\u00bburl:%2Ffr%2Ftelecharger%2F|title:DOWNLOAD|target:_blank\u00a0\u00bb]<div class=\"et-separator et-clearfix animate-false solid center horizontal et-separator-875676\" data-delay=\"\"><div class=\"line\"><\/div><\/div>[\/vc_column_inner][\/vc_row_inner][\/vc_column][\/vc_row]\n<\/div>","protected":false},"excerpt":{"rendered":"<p>[vc_row element_id=\u00a0\u00bb790331&Prime; el_class=\u00a0\u00bbproduct-cards\u00a0\u00bb el_id=\u00a0\u00bbsinergie-carousel\u00a0\u00bb][vc_column][vc_row_inner element_id=\u00a0\u00bb645291&Prime; el_class=\u00a0\u00bbriga_smistamento\u00a0\u00bb][vc_column_inner width=\u00a0\u00bb1\/3&Prime;][vc_single_image image=\u00a0\u00bb34673&Prime; img_size=\u00a0\u00bb250&#215;250&Prime; alignment=\u00a0\u00bbcenter\u00a0\u00bb style=\u00a0\u00bbvc_box_outline_circle\u00a0\u00bb][vc_column_text animation_delay=\u00a0\u00bb0&Prime;] Soufflets X-Y avec lamelles [\/vc_column_text][vc_btn title=\u00a0\u00bbEn savoir plus\u00a0\u00bb style=\u00a0\u00bbcustom\u00a0\u00bb custom_background=\u00a0\u00bb#e34529&Prime; custom_text=\u00a0\u00bb#ffffff\u00a0\u00bb shape=\u00a0\u00bbround\u00a0\u00bb size=\u00a0\u00bbsm\u00a0\u00bb link=\u00a0\u00bburl:https%3A%2F%2Fwww.pei.it%2Ffr%2Fproduits%2Fsoufflets-x-y-avec-clapets%2F|title:Soufflets%20X-Y%20avec%20clapets\u00a0\u00bb][\/vc_column_inner][vc_column_inner width=\u00a0\u00bb1\/3&Prime;][vc_single_image image=\u00a0\u00bb59445&Prime; img_size=\u00a0\u00bb250&#215;250&Prime; alignment=\u00a0\u00bbcenter\u00a0\u00bb style=\u00a0\u00bbvc_box_outline_circle\u00a0\u00bb][vc_column_text animation_delay=\u00a0\u00bb0&Prime; css=\u00a0\u00bb\u00a0\u00bb] Ecran modulaire X-Y [\/vc_column_text][vc_btn title=\u00a0\u00bbEn savoir plus\u00a0\u00bb style=\u00a0\u00bbcustom\u00a0\u00bb custom_background=\u00a0\u00bb#e34529&Prime; custom_text=\u00a0\u00bb#ffffff\u00a0\u00bb shape=\u00a0\u00bbround\u00a0\u00bb size=\u00a0\u00bbsm\u00a0\u00bb link=\u00a0\u00bburl:%2Ffr%2Fproduits%2Fmodular-x-y-shield%2F|title:Modular%20X-Y%20shield\u00a0\u00bb][\/vc_column_inner][vc_column_inner width=\u00a0\u00bb1\/3&Prime;][vc_single_image image=\u00a0\u00bb34697&Prime; img_size=\u00a0\u00bb250&#215;250&Prime; alignment=\u00a0\u00bbcenter\u00a0\u00bb style=\u00a0\u00bbvc_box_outline_circle\u00a0\u00bb][vc_column_text animation_delay=\u00a0\u00bb0&Prime;] Soufflets X-Y sans [&hellip;]<\/p>\n","protected":false},"author":1,"featured_media":0,"parent":0,"menu_order":0,"comment_status":"closed","ping_status":"closed","template":"page_limpresa.php","meta":{"_acf_changed":false,"footnotes":""},"class_list":["post-42162","page","type-page","status-publish","hentry"],"acf":[],"yoast_head":"<!-- This site is optimized with the Yoast SEO plugin v26.9 - https:\/\/yoast.com\/product\/yoast-seo-wordpress\/ -->\n<title>Ecrans X-Y - PEI<\/title>\n<meta name=\"robots\" content=\"index, follow, max-snippet:-1, max-image-preview:large, max-video-preview:-1\" \/>\n<link rel=\"canonical\" href=\"https:\/\/www.pei.it\/fr\/boucliers-x-y-modulaires\/\" \/>\n<meta property=\"og:locale\" content=\"fr_FR\" \/>\n<meta property=\"og:type\" content=\"article\" \/>\n<meta property=\"og:title\" content=\"Ecrans X-Y - PEI\" \/>\n<meta property=\"og:description\" content=\"[vc_row element_id=\u00a0\u00bb790331&Prime; el_class=\u00a0\u00bbproduct-cards\u00a0\u00bb el_id=\u00a0\u00bbsinergie-carousel\u00a0\u00bb][vc_column][vc_row_inner element_id=\u00a0\u00bb645291&Prime; el_class=\u00a0\u00bbriga_smistamento\u00a0\u00bb][vc_column_inner width=\u00a0\u00bb1\/3&Prime;][vc_single_image image=\u00a0\u00bb34673&Prime; img_size=\u00a0\u00bb250&#215;250&Prime; alignment=\u00a0\u00bbcenter\u00a0\u00bb style=\u00a0\u00bbvc_box_outline_circle\u00a0\u00bb][vc_column_text animation_delay=\u00a0\u00bb0&Prime;] Soufflets X-Y avec lamelles [\/vc_column_text][vc_btn title=\u00a0\u00bbEn savoir plus\u00a0\u00bb style=\u00a0\u00bbcustom\u00a0\u00bb custom_background=\u00a0\u00bb#e34529&Prime; custom_text=\u00a0\u00bb#ffffff\u00a0\u00bb shape=\u00a0\u00bbround\u00a0\u00bb size=\u00a0\u00bbsm\u00a0\u00bb link=\u00a0\u00bburl:https%3A%2F%2Fwww.pei.it%2Ffr%2Fproduits%2Fsoufflets-x-y-avec-clapets%2F|title:Soufflets%20X-Y%20avec%20clapets\u00a0\u00bb][\/vc_column_inner][vc_column_inner width=\u00a0\u00bb1\/3&Prime;][vc_single_image image=\u00a0\u00bb59445&Prime; img_size=\u00a0\u00bb250&#215;250&Prime; alignment=\u00a0\u00bbcenter\u00a0\u00bb style=\u00a0\u00bbvc_box_outline_circle\u00a0\u00bb][vc_column_text animation_delay=\u00a0\u00bb0&Prime; css=\u00a0\u00bb\u00a0\u00bb] Ecran modulaire X-Y [\/vc_column_text][vc_btn title=\u00a0\u00bbEn savoir plus\u00a0\u00bb style=\u00a0\u00bbcustom\u00a0\u00bb custom_background=\u00a0\u00bb#e34529&Prime; custom_text=\u00a0\u00bb#ffffff\u00a0\u00bb shape=\u00a0\u00bbround\u00a0\u00bb size=\u00a0\u00bbsm\u00a0\u00bb link=\u00a0\u00bburl:%2Ffr%2Fproduits%2Fmodular-x-y-shield%2F|title:Modular%20X-Y%20shield\u00a0\u00bb][\/vc_column_inner][vc_column_inner width=\u00a0\u00bb1\/3&Prime;][vc_single_image image=\u00a0\u00bb34697&Prime; img_size=\u00a0\u00bb250&#215;250&Prime; alignment=\u00a0\u00bbcenter\u00a0\u00bb style=\u00a0\u00bbvc_box_outline_circle\u00a0\u00bb][vc_column_text animation_delay=\u00a0\u00bb0&Prime;] Soufflets X-Y sans [&hellip;]\" \/>\n<meta property=\"og:url\" content=\"https:\/\/www.pei.it\/fr\/boucliers-x-y-modulaires\/\" \/>\n<meta property=\"og:site_name\" content=\"PEI\" \/>\n<meta property=\"article:modified_time\" content=\"2026-01-23T15:58:59+00:00\" \/>\n<meta name=\"twitter:card\" content=\"summary_large_image\" \/>\n<meta name=\"twitter:label1\" content=\"Dur\u00e9e de lecture estim\u00e9e\" \/>\n\t<meta name=\"twitter:data1\" content=\"1 minute\" \/>\n<script type=\"application\/ld+json\" class=\"yoast-schema-graph\">{\"@context\":\"https:\/\/schema.org\",\"@graph\":[{\"@type\":\"WebPage\",\"@id\":\"https:\/\/www.pei.it\/fr\/boucliers-x-y-modulaires\/\",\"url\":\"https:\/\/www.pei.it\/fr\/boucliers-x-y-modulaires\/\",\"name\":\"Ecrans X-Y - PEI\",\"isPartOf\":{\"@id\":\"https:\/\/www.pei.it\/fr\/#website\"},\"datePublished\":\"2022-02-07T11:20:51+00:00\",\"dateModified\":\"2026-01-23T15:58:59+00:00\",\"breadcrumb\":{\"@id\":\"https:\/\/www.pei.it\/fr\/boucliers-x-y-modulaires\/#breadcrumb\"},\"inLanguage\":\"fr-FR\",\"potentialAction\":[{\"@type\":\"ReadAction\",\"target\":[\"https:\/\/www.pei.it\/fr\/boucliers-x-y-modulaires\/\"]}]},{\"@type\":\"BreadcrumbList\",\"@id\":\"https:\/\/www.pei.it\/fr\/boucliers-x-y-modulaires\/#breadcrumb\",\"itemListElement\":[{\"@type\":\"ListItem\",\"position\":1,\"name\":\"\u0413\u043b\u0430\u0432\u043d\u0430\u044f \u0441\u0442\u0440\u0430\u043d\u0438\u0446\u0430\",\"item\":\"https:\/\/www.pei.it\/fr\/\"},{\"@type\":\"ListItem\",\"position\":2,\"name\":\"Ecrans X-Y\"}]},{\"@type\":\"WebSite\",\"@id\":\"https:\/\/www.pei.it\/fr\/#website\",\"url\":\"https:\/\/www.pei.it\/fr\/\",\"name\":\"PEI\",\"description\":\"Protezioni per macchine utensili, avvolgibili, telescopiche\",\"potentialAction\":[{\"@type\":\"SearchAction\",\"target\":{\"@type\":\"EntryPoint\",\"urlTemplate\":\"https:\/\/www.pei.it\/fr\/?s={search_term_string}\"},\"query-input\":{\"@type\":\"PropertyValueSpecification\",\"valueRequired\":true,\"valueName\":\"search_term_string\"}}],\"inLanguage\":\"fr-FR\"}]}<\/script>\n<!-- \/ Yoast SEO plugin. -->","yoast_head_json":{"title":"Ecrans X-Y - PEI","robots":{"index":"index","follow":"follow","max-snippet":"max-snippet:-1","max-image-preview":"max-image-preview:large","max-video-preview":"max-video-preview:-1"},"canonical":"https:\/\/www.pei.it\/fr\/boucliers-x-y-modulaires\/","og_locale":"fr_FR","og_type":"article","og_title":"Ecrans X-Y - PEI","og_description":"[vc_row element_id=\u00a0\u00bb790331&Prime; el_class=\u00a0\u00bbproduct-cards\u00a0\u00bb el_id=\u00a0\u00bbsinergie-carousel\u00a0\u00bb][vc_column][vc_row_inner element_id=\u00a0\u00bb645291&Prime; el_class=\u00a0\u00bbriga_smistamento\u00a0\u00bb][vc_column_inner width=\u00a0\u00bb1\/3&Prime;][vc_single_image image=\u00a0\u00bb34673&Prime; img_size=\u00a0\u00bb250&#215;250&Prime; alignment=\u00a0\u00bbcenter\u00a0\u00bb style=\u00a0\u00bbvc_box_outline_circle\u00a0\u00bb][vc_column_text animation_delay=\u00a0\u00bb0&Prime;] Soufflets X-Y avec lamelles [\/vc_column_text][vc_btn title=\u00a0\u00bbEn savoir plus\u00a0\u00bb style=\u00a0\u00bbcustom\u00a0\u00bb custom_background=\u00a0\u00bb#e34529&Prime; custom_text=\u00a0\u00bb#ffffff\u00a0\u00bb shape=\u00a0\u00bbround\u00a0\u00bb size=\u00a0\u00bbsm\u00a0\u00bb link=\u00a0\u00bburl:https%3A%2F%2Fwww.pei.it%2Ffr%2Fproduits%2Fsoufflets-x-y-avec-clapets%2F|title:Soufflets%20X-Y%20avec%20clapets\u00a0\u00bb][\/vc_column_inner][vc_column_inner width=\u00a0\u00bb1\/3&Prime;][vc_single_image image=\u00a0\u00bb59445&Prime; img_size=\u00a0\u00bb250&#215;250&Prime; alignment=\u00a0\u00bbcenter\u00a0\u00bb style=\u00a0\u00bbvc_box_outline_circle\u00a0\u00bb][vc_column_text animation_delay=\u00a0\u00bb0&Prime; css=\u00a0\u00bb\u00a0\u00bb] Ecran modulaire X-Y [\/vc_column_text][vc_btn title=\u00a0\u00bbEn savoir plus\u00a0\u00bb style=\u00a0\u00bbcustom\u00a0\u00bb custom_background=\u00a0\u00bb#e34529&Prime; custom_text=\u00a0\u00bb#ffffff\u00a0\u00bb shape=\u00a0\u00bbround\u00a0\u00bb size=\u00a0\u00bbsm\u00a0\u00bb link=\u00a0\u00bburl:%2Ffr%2Fproduits%2Fmodular-x-y-shield%2F|title:Modular%20X-Y%20shield\u00a0\u00bb][\/vc_column_inner][vc_column_inner width=\u00a0\u00bb1\/3&Prime;][vc_single_image image=\u00a0\u00bb34697&Prime; img_size=\u00a0\u00bb250&#215;250&Prime; alignment=\u00a0\u00bbcenter\u00a0\u00bb style=\u00a0\u00bbvc_box_outline_circle\u00a0\u00bb][vc_column_text animation_delay=\u00a0\u00bb0&Prime;] Soufflets X-Y sans [&hellip;]","og_url":"https:\/\/www.pei.it\/fr\/boucliers-x-y-modulaires\/","og_site_name":"PEI","article_modified_time":"2026-01-23T15:58:59+00:00","twitter_card":"summary_large_image","twitter_misc":{"Dur\u00e9e de lecture estim\u00e9e":"1 minute"},"schema":{"@context":"https:\/\/schema.org","@graph":[{"@type":"WebPage","@id":"https:\/\/www.pei.it\/fr\/boucliers-x-y-modulaires\/","url":"https:\/\/www.pei.it\/fr\/boucliers-x-y-modulaires\/","name":"Ecrans X-Y - PEI","isPartOf":{"@id":"https:\/\/www.pei.it\/fr\/#website"},"datePublished":"2022-02-07T11:20:51+00:00","dateModified":"2026-01-23T15:58:59+00:00","breadcrumb":{"@id":"https:\/\/www.pei.it\/fr\/boucliers-x-y-modulaires\/#breadcrumb"},"inLanguage":"fr-FR","potentialAction":[{"@type":"ReadAction","target":["https:\/\/www.pei.it\/fr\/boucliers-x-y-modulaires\/"]}]},{"@type":"BreadcrumbList","@id":"https:\/\/www.pei.it\/fr\/boucliers-x-y-modulaires\/#breadcrumb","itemListElement":[{"@type":"ListItem","position":1,"name":"\u0413\u043b\u0430\u0432\u043d\u0430\u044f \u0441\u0442\u0440\u0430\u043d\u0438\u0446\u0430","item":"https:\/\/www.pei.it\/fr\/"},{"@type":"ListItem","position":2,"name":"Ecrans X-Y"}]},{"@type":"WebSite","@id":"https:\/\/www.pei.it\/fr\/#website","url":"https:\/\/www.pei.it\/fr\/","name":"PEI","description":"Protezioni per macchine utensili, avvolgibili, telescopiche","potentialAction":[{"@type":"SearchAction","target":{"@type":"EntryPoint","urlTemplate":"https:\/\/www.pei.it\/fr\/?s={search_term_string}"},"query-input":{"@type":"PropertyValueSpecification","valueRequired":true,"valueName":"search_term_string"}}],"inLanguage":"fr-FR"}]}},"_links":{"self":[{"href":"https:\/\/www.pei.it\/fr\/wp-json\/wp\/v2\/pages\/42162","targetHints":{"allow":["GET"]}}],"collection":[{"href":"https:\/\/www.pei.it\/fr\/wp-json\/wp\/v2\/pages"}],"about":[{"href":"https:\/\/www.pei.it\/fr\/wp-json\/wp\/v2\/types\/page"}],"author":[{"embeddable":true,"href":"https:\/\/www.pei.it\/fr\/wp-json\/wp\/v2\/users\/1"}],"replies":[{"embeddable":true,"href":"https:\/\/www.pei.it\/fr\/wp-json\/wp\/v2\/comments?post=42162"}],"version-history":[{"count":3,"href":"https:\/\/www.pei.it\/fr\/wp-json\/wp\/v2\/pages\/42162\/revisions"}],"predecessor-version":[{"id":64092,"href":"https:\/\/www.pei.it\/fr\/wp-json\/wp\/v2\/pages\/42162\/revisions\/64092"}],"wp:attachment":[{"href":"https:\/\/www.pei.it\/fr\/wp-json\/wp\/v2\/media?parent=42162"}],"curies":[{"name":"wp","href":"https:\/\/api.w.org\/{rel}","templated":true}]}}