{"id":42165,"date":"2022-02-07T11:24:09","date_gmt":"2022-02-07T11:24:09","guid":{"rendered":"https:\/\/www.pei.it\/soffietti\/"},"modified":"2026-01-23T15:58:25","modified_gmt":"2026-01-23T15:58:25","slug":"soufflets-de-protection","status":"publish","type":"page","link":"https:\/\/www.pei.it\/fr\/soufflets-de-protection\/","title":{"rendered":"Soufflets de protection"},"content":{"rendered":"<div class=\"wpb-content-wrapper\">[vc_row element_id=\u00a0\u00bb790331&Prime; el_class=\u00a0\u00bbproduct-cards\u00a0\u00bb el_id=\u00a0\u00bbsinergie-carousel\u00a0\u00bb][vc_column]<h2 class=\"et-heading text-align-center tablet-text-align-inherit mobile-text-align-inherit animate-false no-animation-type\" id=\"et-heading-764744\" data-delay=\"0\" data-mobile-font=\"inherit\" data-mobile-line-height=\"inherit\" data-tablet-landscape-font=\"inherit\" data-tablet-portrait-font=\"inherit\" data-tablet-landscape-line-height=\"inherit\" data-tablet-portrait-line-height=\"inherit\" data-parallax=\"false\" data-move=\"false\" data-coordinatex=\"0\" data-coordinatey=\"0\" data-speed=\"10\"><span class=\"text-wrapper\"><span class=\"text\">Les produits<\/span><\/span><\/h2><div class=\"et-separator et-clearfix animate-false solid center horizontal et-separator-875676\" data-delay=\"\"><div class=\"line\"><\/div><\/div><h2 class=\"et-heading text-align-center tablet-text-align-inherit mobile-text-align-inherit animate-false no-animation-type\" id=\"et-heading-407769\" data-delay=\"0\" data-mobile-font=\"inherit\" data-mobile-line-height=\"inherit\" data-tablet-landscape-font=\"inherit\" data-tablet-portrait-font=\"inherit\" data-tablet-landscape-line-height=\"inherit\" data-tablet-portrait-line-height=\"inherit\" data-parallax=\"false\" data-move=\"false\" data-coordinatex=\"0\" data-coordinatey=\"0\" data-speed=\"10\"><span class=\"text-wrapper\"><span class=\"text\">Soufflets de protection plats pour machines-outils<\/span><\/span><\/h2>[vc_row_inner element_id=\u00a0\u00bb195690&Prime; el_class=\u00a0\u00bbriga_smistamento\u00a0\u00bb][vc_column_inner width=\u00a0\u00bb1\/3&Prime;][vc_single_image image=\u00a0\u00bb36356&Prime; img_size=\u00a0\u00bb250&#215;250&Prime; alignment=\u00a0\u00bbcenter\u00a0\u00bb style=\u00a0\u00bbvc_box_outline_circle\u00a0\u00bb css_animation=\u00a0\u00bbnone\u00a0\u00bb][vc_column_text animation_delay=\u00a0\u00bb0&Prime;]\n<h4>Sans lamelles<\/h4>\n[\/vc_column_text][vc_btn title=\u00a0\u00bbEn savoir plus\u00a0\u00bb style=\u00a0\u00bbcustom\u00a0\u00bb custom_background=\u00a0\u00bb#e34529&Prime; custom_text=\u00a0\u00bb#ffffff\u00a0\u00bb shape=\u00a0\u00bbround\u00a0\u00bb size=\u00a0\u00bbsm\u00a0\u00bb link=\u00a0\u00bburl:https%3A%2F%2Fwww.pei.it%2Ffr%2Fproduits%2Fsoufflet-plat-standard%2F|title:Soufflet%20plat%20standard\u00a0\u00bb][\/vc_column_inner][vc_column_inner width=\u00a0\u00bb1\/3&Prime;][vc_single_image image=\u00a0\u00bb36324&Prime; img_size=\u00a0\u00bb250&#215;250&Prime; alignment=\u00a0\u00bbcenter\u00a0\u00bb style=\u00a0\u00bbvc_box_outline_circle\u00a0\u00bb css_animation=\u00a0\u00bbnone\u00a0\u00bb][vc_column_text animation_delay=\u00a0\u00bb0&Prime;]\n<h4>\u00c0 lamelles fixes<\/h4>\n[\/vc_column_text][vc_btn title=\u00a0\u00bbEn savoir plus\u00a0\u00bb style=\u00a0\u00bbcustom\u00a0\u00bb custom_background=\u00a0\u00bb#e34529&Prime; custom_text=\u00a0\u00bb#ffffff\u00a0\u00bb shape=\u00a0\u00bbround\u00a0\u00bb size=\u00a0\u00bbsm\u00a0\u00bb link=\u00a0\u00bburl:https%3A%2F%2Fwww.pei.it%2Ffr%2Fproduits%2Fsoufflet-de-protection-plat-a-lamelles-fixes%2F|title:Soufflet%20de%20protection%20plat%20%C3%A0%20lamelles%20fixes\u00a0\u00bb][\/vc_column_inner][vc_column_inner width=\u00a0\u00bb1\/3&Prime;][vc_single_image image=\u00a0\u00bb36340&Prime; img_size=\u00a0\u00bb250&#215;250&Prime; alignment=\u00a0\u00bbcenter\u00a0\u00bb style=\u00a0\u00bbvc_box_outline_circle\u00a0\u00bb css_animation=\u00a0\u00bbnone\u00a0\u00bb][vc_column_text animation_delay=\u00a0\u00bb0&Prime;]\n<h4>\u00c0 lamelles mobiles<\/h4>\n[\/vc_column_text][vc_btn title=\u00a0\u00bbEn savoir plus\u00a0\u00bb style=\u00a0\u00bbcustom\u00a0\u00bb custom_background=\u00a0\u00bb#e34529&Prime; custom_text=\u00a0\u00bb#ffffff\u00a0\u00bb shape=\u00a0\u00bbround\u00a0\u00bb size=\u00a0\u00bbsm\u00a0\u00bb link=\u00a0\u00bburl:https%3A%2F%2Fwww.pei.it%2Ffr%2Fproduits%2Fsoufflet-de-protection-plat-a-lamelles-mobiles%2F|title:Soufflet%20de%20protection%20plat%20%C3%A0%20lamelles%20mobiles\u00a0\u00bb][\/vc_column_inner][\/vc_row_inner][vc_row_inner element_id=\u00a0\u00bb195690&Prime; el_class=\u00a0\u00bbriga_smistamento\u00a0\u00bb][vc_column_inner width=\u00a0\u00bb1\/3&Prime;][vc_single_image image=\u00a0\u00bb36308&Prime; img_size=\u00a0\u00bb250&#215;250&Prime; alignment=\u00a0\u00bbcenter\u00a0\u00bb style=\u00a0\u00bbvc_box_outline_circle\u00a0\u00bb css_animation=\u00a0\u00bbnone\u00a0\u00bb][vc_column_text animation_delay=\u00a0\u00bb0&Prime;]\n<h4>Pour plates-formes \u00e9l\u00e9vatrices<\/h4>\n[\/vc_column_text][vc_btn title=\u00a0\u00bbEn savoir plus\u00a0\u00bb style=\u00a0\u00bbcustom\u00a0\u00bb custom_background=\u00a0\u00bb#e34529&Prime; custom_text=\u00a0\u00bb#ffffff\u00a0\u00bb shape=\u00a0\u00bbround\u00a0\u00bb size=\u00a0\u00bbsm\u00a0\u00bb link=\u00a0\u00bburl:https%3A%2F%2Fwww.pei.it%2Ffr%2Fproduits%2Fsoufflets-de-protection-pour-plates-formes-elevatrices%2F|title:Soufflets%20de%20protection%20pour%20plates-formes%20%C3%A9l%C3%A9vatrices\u00a0\u00bb][\/vc_column_inner][vc_column_inner width=\u00a0\u00bb1\/3&Prime;][vc_single_image image=\u00a0\u00bb36332&Prime; img_size=\u00a0\u00bb250&#215;250&Prime; alignment=\u00a0\u00bbcenter\u00a0\u00bb style=\u00a0\u00bbvc_box_outline_circle\u00a0\u00bb css_animation=\u00a0\u00bbnone\u00a0\u00bb][vc_column_text animation_delay=\u00a0\u00bb0&Prime;]\n<h4>Pour machines laser<\/h4>\n[\/vc_column_text][vc_btn title=\u00a0\u00bbEn savoir plus\u00a0\u00bb style=\u00a0\u00bbcustom\u00a0\u00bb custom_background=\u00a0\u00bb#e34529&Prime; custom_text=\u00a0\u00bb#ffffff\u00a0\u00bb shape=\u00a0\u00bbround\u00a0\u00bb size=\u00a0\u00bbsm\u00a0\u00bb link=\u00a0\u00bburl:https%3A%2F%2Fwww.pei.it%2Ffr%2Fproduits%2Fprotege-soufflets-pour-machines-laser%2F|title:Prot%C3%A8ge-soufflets%20pour%20machines%20laser\u00a0\u00bb][\/vc_column_inner][vc_column_inner width=\u00a0\u00bb1\/3&Prime;][vc_single_image image=\u00a0\u00bb36316&Prime; img_size=\u00a0\u00bb250&#215;250&Prime; alignment=\u00a0\u00bbcenter\u00a0\u00bb style=\u00a0\u00bbvc_box_outline_circle\u00a0\u00bb css_animation=\u00a0\u00bbnone\u00a0\u00bb][vc_column_text animation_delay=\u00a0\u00bb0&Prime;]\n<h4>Pour les guides lin\u00e9aires<\/h4>\n[\/vc_column_text][vc_btn title=\u00a0\u00bbEn savoir plus\u00a0\u00bb style=\u00a0\u00bbcustom\u00a0\u00bb custom_background=\u00a0\u00bb#e34529&Prime; custom_text=\u00a0\u00bb#ffffff\u00a0\u00bb shape=\u00a0\u00bbround\u00a0\u00bb size=\u00a0\u00bbsm\u00a0\u00bb link=\u00a0\u00bburl:https%3A%2F%2Fwww.pei.it%2Ffr%2Fproduits%2Fsoufflets-soudes-pour-les-guides-lineaires%2F|title:Soufflets%20soud%C3%A9s%20pour%20les%20guides%20lin%C3%A9aires\u00a0\u00bb][\/vc_column_inner][\/vc_row_inner][vc_row_inner element_id=\u00a0\u00bb195690&Prime; el_class=\u00a0\u00bbriga_smistamento\u00a0\u00bb][vc_column_inner width=\u00a0\u00bb1\/2&Prime;][vc_single_image image=\u00a0\u00bb36348&Prime; img_size=\u00a0\u00bb250&#215;250&Prime; alignment=\u00a0\u00bbcenter\u00a0\u00bb style=\u00a0\u00bbvc_box_outline_circle\u00a0\u00bb css_animation=\u00a0\u00bbnone\u00a0\u00bb][vc_column_text animation_delay=\u00a0\u00bb0&Prime;]\n<h4>Sp\u00e9ciaux<\/h4>\n[\/vc_column_text][vc_btn title=\u00a0\u00bbEn savoir plus\u00a0\u00bb style=\u00a0\u00bbcustom\u00a0\u00bb custom_background=\u00a0\u00bb#e34529&Prime; custom_text=\u00a0\u00bb#ffffff\u00a0\u00bb shape=\u00a0\u00bbround\u00a0\u00bb size=\u00a0\u00bbsm\u00a0\u00bb link=\u00a0\u00bburl:https%3A%2F%2Fwww.pei.it%2Ffr%2Fproduits%2Fsoufflets-plats-speciaux%2F|title:Soufflets%20plats%20sp%C3%A9ciaux\u00a0\u00bb][\/vc_column_inner][vc_column_inner width=\u00a0\u00bb1\/2&Prime;][vc_single_image image=\u00a0\u00bb36300&Prime; img_size=\u00a0\u00bb250&#215;250&Prime; alignment=\u00a0\u00bbcenter\u00a0\u00bb style=\u00a0\u00bbvc_box_outline_circle\u00a0\u00bb css_animation=\u00a0\u00bbnone\u00a0\u00bb][vc_column_text animation_delay=\u00a0\u00bb0&Prime;]\n<h4>Soufflets plats cousus<\/h4>\n[\/vc_column_text][vc_btn title=\u00a0\u00bbEn savoir plus\u00a0\u00bb style=\u00a0\u00bbcustom\u00a0\u00bb custom_background=\u00a0\u00bb#e34529&Prime; custom_text=\u00a0\u00bb#ffffff\u00a0\u00bb shape=\u00a0\u00bbround\u00a0\u00bb size=\u00a0\u00bbsm\u00a0\u00bb link=\u00a0\u00bburl:https%3A%2F%2Fwww.pei.it%2Ffr%2Fproduits%2Fsoufflets-plats-cousus%2F|title:Soufflets%20plats%20cousus\u00a0\u00bb][\/vc_column_inner][\/vc_row_inner]<div class=\"et-separator et-clearfix animate-false solid center horizontal et-separator-875676\" data-delay=\"\"><div class=\"line\"><\/div><\/div><h2 class=\"et-heading text-align-center tablet-text-align-inherit mobile-text-align-inherit animate-false no-animation-type\" id=\"et-heading-937508\" data-delay=\"0\" data-mobile-font=\"inherit\" data-mobile-line-height=\"inherit\" data-tablet-landscape-font=\"inherit\" data-tablet-portrait-font=\"inherit\" data-tablet-landscape-line-height=\"inherit\" data-tablet-portrait-line-height=\"inherit\" data-parallax=\"false\" data-move=\"false\" data-coordinatex=\"0\" data-coordinatey=\"0\" data-speed=\"10\"><span class=\"text-wrapper\"><span class=\"text\">Soufflets circulaires<\/span><\/span><\/h2>[vc_row_inner element_id=\u00a0\u00bb195690&Prime; el_class=\u00a0\u00bbriga_smistamento\u00a0\u00bb][vc_column_inner width=\u00a0\u00bb1\/3&Prime;][vc_single_image image=\u00a0\u00bb36284&Prime; img_size=\u00a0\u00bb250&#215;250&Prime; alignment=\u00a0\u00bbcenter\u00a0\u00bb style=\u00a0\u00bbvc_box_outline_circle\u00a0\u00bb][vc_column_text animation_delay=\u00a0\u00bb0&Prime;]\n<h4>Cousus<\/h4>\n[\/vc_column_text][vc_btn title=\u00a0\u00bbEn savoir plus\u00a0\u00bb style=\u00a0\u00bbcustom\u00a0\u00bb custom_background=\u00a0\u00bb#e34529&Prime; custom_text=\u00a0\u00bb#ffffff\u00a0\u00bb shape=\u00a0\u00bbround\u00a0\u00bb size=\u00a0\u00bbsm\u00a0\u00bb link=\u00a0\u00bburl:https%3A%2F%2Fwww.pei.it%2Ffr%2Fproduits%2Fsoufflet-de-protection-circulaires-cousus%2F|title:Soufflet%20de%20protection%20circulaires%20cousus\u00a0\u00bb][\/vc_column_inner][vc_column_inner width=\u00a0\u00bb1\/3&Prime;][vc_single_image image=\u00a0\u00bb36364&Prime; img_size=\u00a0\u00bb250&#215;250&Prime; alignment=\u00a0\u00bbcenter\u00a0\u00bb style=\u00a0\u00bbvc_box_outline_circle\u00a0\u00bb][vc_column_text animation_delay=\u00a0\u00bb0&Prime;]\n<h4>Thermosoud\u00e9s \u00e9tanches<\/h4>\n[\/vc_column_text][vc_btn title=\u00a0\u00bbEn savoir plus\u00a0\u00bb style=\u00a0\u00bbcustom\u00a0\u00bb custom_background=\u00a0\u00bb#e34529&Prime; custom_text=\u00a0\u00bb#ffffff\u00a0\u00bb shape=\u00a0\u00bbround\u00a0\u00bb size=\u00a0\u00bbsm\u00a0\u00bb link=\u00a0\u00bburl:https%3A%2F%2Fwww.pei.it%2Ffr%2Fproduits%2Fsoufflets-circulaires-thermosoudes%2F|title:Soufflets%20circulaires%20thermosoud%C3%A9s\u00a0\u00bb][\/vc_column_inner][vc_column_inner width=\u00a0\u00bb1\/3&Prime;][vc_single_image image=\u00a0\u00bb50053&Prime; img_size=\u00a0\u00bb250&#215;250&Prime; alignment=\u00a0\u00bbcenter\u00a0\u00bb style=\u00a0\u00bbvc_box_outline_circle\u00a0\u00bb][vc_column_text animation_delay=\u00a0\u00bb0&Prime;]\n<h4>Thermoform\u00e9s ouvrables<\/h4>\n[\/vc_column_text][vc_btn title=\u00a0\u00bbEn savoir plus\u00a0\u00bb style=\u00a0\u00bbcustom\u00a0\u00bb custom_background=\u00a0\u00bb#e34529&Prime; custom_text=\u00a0\u00bb#ffffff\u00a0\u00bb shape=\u00a0\u00bbround\u00a0\u00bb size=\u00a0\u00bbsm\u00a0\u00bb link=\u00a0\u00bburl:https%3A%2F%2Fwww.pei.it%2Fwp-content%2Fuploads%2F2021%2F07%2FQ-Fr-SOUFFLETS_CIRCULAIRES.pdf|title:Protections%20de%20soufflets%20circulaires%20d%C3%A9form%C3%A9s%20et%20ouvrants\u00a0\u00bb][\/vc_column_inner][\/vc_row_inner]<div class=\"et-separator et-clearfix animate-false solid center horizontal et-separator-875676\" data-delay=\"\"><div class=\"line\"><\/div><\/div>[vc_column_text animation_delay=\u00a0\u00bb0&Prime; el_class=\u00a0\u00bbpage_text\u00a0\u00bb]<span data-sheets-value=\"{&quot;1&quot;:2,&quot;2&quot;:&quot;Les soufflets prot\u00e8gent les pi\u00e8ces de machine, les guides et les vis de valeur contre les contaminations telles que la poussi\u00e8re, l'huile, le liquide de refroidissement ou les projections de soudure.&quot;}\" data-sheets-userformat=\"{&quot;2&quot;:7041,&quot;3&quot;:{&quot;1&quot;:0},&quot;10&quot;:2,&quot;11&quot;:4,&quot;12&quot;:0,&quot;14&quot;:{&quot;1&quot;:2,&quot;2&quot;:6381921},&quot;15&quot;:&quot;Calibri, sans-serif&quot;}\">Les soufflets prot\u00e8gent les pi\u00e8ces de machine, les guides et les vis de valeur contre les contaminations telles que la poussi\u00e8re, l&rsquo;huile, le liquide de refroidissement ou les projections de soudure.<\/span><br \/>\n<span data-sheets-value=\"{&quot;1&quot;:2,&quot;2&quot;:&quot;Le soufflet se d\u00e9place avec l'axe et emp\u00eache ainsi la salet\u00e9 d'atteindre les guides. Notre production est faite sur mesure.&quot;}\" data-sheets-userformat=\"{&quot;2&quot;:7041,&quot;3&quot;:{&quot;1&quot;:0},&quot;10&quot;:2,&quot;11&quot;:4,&quot;12&quot;:0,&quot;14&quot;:{&quot;1&quot;:2,&quot;2&quot;:6381921},&quot;15&quot;:&quot;Calibri, sans-serif&quot;}\">Le soufflet se d\u00e9place avec l&rsquo;axe et emp\u00eache ainsi la salet\u00e9 d&rsquo;atteindre les guides. Notre production est faite sur mesure.<\/span>[\/vc_column_text]<div class=\"et-separator et-clearfix animate-false solid center horizontal et-separator-875676\" data-delay=\"\"><div class=\"line\"><\/div><\/div>[vc_row_inner element_id=\u00a0\u00bb527631&Prime; el_class=\u00a0\u00bbCop_Tel_Row\u00a0\u00bb][vc_column_inner el_class=\u00a0\u00bbCop_Tel_First_Col\u00a0\u00bb]<h2 class=\"et-heading text-align-center tablet-text-align-inherit mobile-text-align-inherit animate-false no-animation-type\" id=\"et-heading-754350\" data-delay=\"0\" data-mobile-font=\"inherit\" data-mobile-line-height=\"inherit\" data-tablet-landscape-font=\"inherit\" data-tablet-portrait-font=\"inherit\" data-tablet-landscape-line-height=\"inherit\" data-tablet-portrait-line-height=\"inherit\" data-parallax=\"false\" data-move=\"false\" data-coordinatex=\"0\" data-coordinatey=\"0\" data-speed=\"10\"><span class=\"text-wrapper\"><span class=\"text\">D\u00e9couvrez toute la documentation technique des produits PEI.<\/span><\/span><\/h2>[vc_single_image image=\u00a0\u00bb53678&Prime; img_size=\u00a0\u00bb250&#215;250&Prime; alignment=\u00a0\u00bbcenter\u00a0\u00bb css=\u00a0\u00bb.vc_custom_1769077239514{padding-bottom: 20px !important;}\u00a0\u00bb el_class=\u00a0\u00bbcatalogo_smistamento\u00a0\u00bb][vc_btn title=\u00a0\u00bbDocumentation technique\u00a0\u00bb style=\u00a0\u00bbcustom\u00a0\u00bb custom_background=\u00a0\u00bb#e34529&Prime; custom_text=\u00a0\u00bb#ffffff\u00a0\u00bb shape=\u00a0\u00bbround\u00a0\u00bb size=\u00a0\u00bbsm\u00a0\u00bb align=\u00a0\u00bbcenter\u00a0\u00bb css=\u00a0\u00bb.vc_custom_1769183743933{padding-bottom: 10px !important;}\u00a0\u00bb link=\u00a0\u00bburl:%2Ffr%2Ftelecharger%2F|title:DOWNLOAD|target:_blank\u00a0\u00bb]<div class=\"et-separator et-clearfix animate-false solid center horizontal et-separator-875676\" data-delay=\"\"><div class=\"line\"><\/div><\/div>[\/vc_column_inner][\/vc_row_inner][\/vc_column][\/vc_row]\n<\/div>","protected":false},"excerpt":{"rendered":"<p>[vc_row element_id=\u00a0\u00bb790331&Prime; el_class=\u00a0\u00bbproduct-cards\u00a0\u00bb el_id=\u00a0\u00bbsinergie-carousel\u00a0\u00bb][vc_column][vc_row_inner element_id=\u00a0\u00bb195690&Prime; el_class=\u00a0\u00bbriga_smistamento\u00a0\u00bb][vc_column_inner width=\u00a0\u00bb1\/3&Prime;][vc_single_image image=\u00a0\u00bb36356&Prime; img_size=\u00a0\u00bb250&#215;250&Prime; alignment=\u00a0\u00bbcenter\u00a0\u00bb style=\u00a0\u00bbvc_box_outline_circle\u00a0\u00bb css_animation=\u00a0\u00bbnone\u00a0\u00bb][vc_column_text animation_delay=\u00a0\u00bb0&Prime;] Sans lamelles [\/vc_column_text][vc_btn title=\u00a0\u00bbEn savoir plus\u00a0\u00bb style=\u00a0\u00bbcustom\u00a0\u00bb custom_background=\u00a0\u00bb#e34529&Prime; custom_text=\u00a0\u00bb#ffffff\u00a0\u00bb shape=\u00a0\u00bbround\u00a0\u00bb size=\u00a0\u00bbsm\u00a0\u00bb link=\u00a0\u00bburl:https%3A%2F%2Fwww.pei.it%2Ffr%2Fproduits%2Fsoufflet-plat-standard%2F|title:Soufflet%20plat%20standard\u00a0\u00bb][\/vc_column_inner][vc_column_inner width=\u00a0\u00bb1\/3&Prime;][vc_single_image image=\u00a0\u00bb36324&Prime; img_size=\u00a0\u00bb250&#215;250&Prime; alignment=\u00a0\u00bbcenter\u00a0\u00bb style=\u00a0\u00bbvc_box_outline_circle\u00a0\u00bb css_animation=\u00a0\u00bbnone\u00a0\u00bb][vc_column_text animation_delay=\u00a0\u00bb0&Prime;] \u00c0 lamelles fixes [\/vc_column_text][vc_btn title=\u00a0\u00bbEn savoir plus\u00a0\u00bb style=\u00a0\u00bbcustom\u00a0\u00bb custom_background=\u00a0\u00bb#e34529&Prime; custom_text=\u00a0\u00bb#ffffff\u00a0\u00bb shape=\u00a0\u00bbround\u00a0\u00bb size=\u00a0\u00bbsm\u00a0\u00bb link=\u00a0\u00bburl:https%3A%2F%2Fwww.pei.it%2Ffr%2Fproduits%2Fsoufflet-de-protection-plat-a-lamelles-fixes%2F|title:Soufflet%20de%20protection%20plat%20%C3%A0%20lamelles%20fixes\u00a0\u00bb][\/vc_column_inner][vc_column_inner width=\u00a0\u00bb1\/3&Prime;][vc_single_image image=\u00a0\u00bb36340&Prime; img_size=\u00a0\u00bb250&#215;250&Prime; alignment=\u00a0\u00bbcenter\u00a0\u00bb style=\u00a0\u00bbvc_box_outline_circle\u00a0\u00bb css_animation=\u00a0\u00bbnone\u00a0\u00bb][vc_column_text animation_delay=\u00a0\u00bb0&Prime;] \u00c0 lamelles mobiles [&hellip;]<\/p>\n","protected":false},"author":1,"featured_media":0,"parent":0,"menu_order":0,"comment_status":"closed","ping_status":"closed","template":"page_limpresa.php","meta":{"_acf_changed":false,"footnotes":""},"class_list":["post-42165","page","type-page","status-publish","hentry"],"acf":[],"yoast_head":"<!-- This site is optimized with the Yoast SEO plugin v26.9 - https:\/\/yoast.com\/product\/yoast-seo-wordpress\/ -->\n<title>Soffietti: Protezioni a Soffietto - PEI<\/title>\n<meta name=\"description\" content=\"Protezioni a soffietto per macchine utensili: protezioni utili a proteggere le parti in movimento e le guide delle macchine dallo sporco\" \/>\n<meta name=\"robots\" content=\"index, follow, max-snippet:-1, max-image-preview:large, max-video-preview:-1\" \/>\n<link rel=\"canonical\" href=\"https:\/\/www.pei.it\/fr\/soufflets-de-protection\/\" \/>\n<meta property=\"og:locale\" content=\"fr_FR\" \/>\n<meta property=\"og:type\" content=\"article\" \/>\n<meta property=\"og:title\" content=\"Soffietti: Protezioni a Soffietto - PEI\" \/>\n<meta property=\"og:description\" content=\"Protezioni a soffietto per macchine utensili: protezioni utili a proteggere le parti in movimento e le guide delle macchine dallo sporco\" \/>\n<meta property=\"og:url\" content=\"https:\/\/www.pei.it\/fr\/soufflets-de-protection\/\" \/>\n<meta property=\"og:site_name\" content=\"PEI\" \/>\n<meta property=\"article:modified_time\" content=\"2026-01-23T15:58:25+00:00\" \/>\n<meta name=\"twitter:card\" content=\"summary_large_image\" \/>\n<meta name=\"twitter:label1\" content=\"Dur\u00e9e de lecture estim\u00e9e\" \/>\n\t<meta name=\"twitter:data1\" content=\"2 minutes\" \/>\n<script type=\"application\/ld+json\" class=\"yoast-schema-graph\">{\"@context\":\"https:\/\/schema.org\",\"@graph\":[{\"@type\":\"WebPage\",\"@id\":\"https:\/\/www.pei.it\/fr\/soufflets-de-protection\/\",\"url\":\"https:\/\/www.pei.it\/fr\/soufflets-de-protection\/\",\"name\":\"Soffietti: Protezioni a Soffietto - PEI\",\"isPartOf\":{\"@id\":\"https:\/\/www.pei.it\/fr\/#website\"},\"datePublished\":\"2022-02-07T11:24:09+00:00\",\"dateModified\":\"2026-01-23T15:58:25+00:00\",\"description\":\"Protezioni a soffietto per macchine utensili: protezioni utili a proteggere le parti in movimento e le guide delle macchine dallo sporco\",\"breadcrumb\":{\"@id\":\"https:\/\/www.pei.it\/fr\/soufflets-de-protection\/#breadcrumb\"},\"inLanguage\":\"fr-FR\",\"potentialAction\":[{\"@type\":\"ReadAction\",\"target\":[\"https:\/\/www.pei.it\/fr\/soufflets-de-protection\/\"]}]},{\"@type\":\"BreadcrumbList\",\"@id\":\"https:\/\/www.pei.it\/fr\/soufflets-de-protection\/#breadcrumb\",\"itemListElement\":[{\"@type\":\"ListItem\",\"position\":1,\"name\":\"Home\",\"item\":\"https:\/\/www.pei.it\/fr\/\"},{\"@type\":\"ListItem\",\"position\":2,\"name\":\"Soufflets de protection\"}]},{\"@type\":\"WebSite\",\"@id\":\"https:\/\/www.pei.it\/fr\/#website\",\"url\":\"https:\/\/www.pei.it\/fr\/\",\"name\":\"PEI\",\"description\":\"Protezioni per macchine utensili, avvolgibili, telescopiche\",\"potentialAction\":[{\"@type\":\"SearchAction\",\"target\":{\"@type\":\"EntryPoint\",\"urlTemplate\":\"https:\/\/www.pei.it\/fr\/?s={search_term_string}\"},\"query-input\":{\"@type\":\"PropertyValueSpecification\",\"valueRequired\":true,\"valueName\":\"search_term_string\"}}],\"inLanguage\":\"fr-FR\"}]}<\/script>\n<!-- \/ Yoast SEO plugin. -->","yoast_head_json":{"title":"Soffietti: Protezioni a Soffietto - PEI","description":"Protezioni a soffietto per macchine utensili: protezioni utili a proteggere le parti in movimento e le guide delle macchine dallo sporco","robots":{"index":"index","follow":"follow","max-snippet":"max-snippet:-1","max-image-preview":"max-image-preview:large","max-video-preview":"max-video-preview:-1"},"canonical":"https:\/\/www.pei.it\/fr\/soufflets-de-protection\/","og_locale":"fr_FR","og_type":"article","og_title":"Soffietti: Protezioni a Soffietto - PEI","og_description":"Protezioni a soffietto per macchine utensili: protezioni utili a proteggere le parti in movimento e le guide delle macchine dallo sporco","og_url":"https:\/\/www.pei.it\/fr\/soufflets-de-protection\/","og_site_name":"PEI","article_modified_time":"2026-01-23T15:58:25+00:00","twitter_card":"summary_large_image","twitter_misc":{"Dur\u00e9e de lecture estim\u00e9e":"2 minutes"},"schema":{"@context":"https:\/\/schema.org","@graph":[{"@type":"WebPage","@id":"https:\/\/www.pei.it\/fr\/soufflets-de-protection\/","url":"https:\/\/www.pei.it\/fr\/soufflets-de-protection\/","name":"Soffietti: Protezioni a Soffietto - PEI","isPartOf":{"@id":"https:\/\/www.pei.it\/fr\/#website"},"datePublished":"2022-02-07T11:24:09+00:00","dateModified":"2026-01-23T15:58:25+00:00","description":"Protezioni a soffietto per macchine utensili: protezioni utili a proteggere le parti in movimento e le guide delle macchine dallo sporco","breadcrumb":{"@id":"https:\/\/www.pei.it\/fr\/soufflets-de-protection\/#breadcrumb"},"inLanguage":"fr-FR","potentialAction":[{"@type":"ReadAction","target":["https:\/\/www.pei.it\/fr\/soufflets-de-protection\/"]}]},{"@type":"BreadcrumbList","@id":"https:\/\/www.pei.it\/fr\/soufflets-de-protection\/#breadcrumb","itemListElement":[{"@type":"ListItem","position":1,"name":"Home","item":"https:\/\/www.pei.it\/fr\/"},{"@type":"ListItem","position":2,"name":"Soufflets de protection"}]},{"@type":"WebSite","@id":"https:\/\/www.pei.it\/fr\/#website","url":"https:\/\/www.pei.it\/fr\/","name":"PEI","description":"Protezioni per macchine utensili, avvolgibili, telescopiche","potentialAction":[{"@type":"SearchAction","target":{"@type":"EntryPoint","urlTemplate":"https:\/\/www.pei.it\/fr\/?s={search_term_string}"},"query-input":{"@type":"PropertyValueSpecification","valueRequired":true,"valueName":"search_term_string"}}],"inLanguage":"fr-FR"}]}},"_links":{"self":[{"href":"https:\/\/www.pei.it\/fr\/wp-json\/wp\/v2\/pages\/42165","targetHints":{"allow":["GET"]}}],"collection":[{"href":"https:\/\/www.pei.it\/fr\/wp-json\/wp\/v2\/pages"}],"about":[{"href":"https:\/\/www.pei.it\/fr\/wp-json\/wp\/v2\/types\/page"}],"author":[{"embeddable":true,"href":"https:\/\/www.pei.it\/fr\/wp-json\/wp\/v2\/users\/1"}],"replies":[{"embeddable":true,"href":"https:\/\/www.pei.it\/fr\/wp-json\/wp\/v2\/comments?post=42165"}],"version-history":[{"count":3,"href":"https:\/\/www.pei.it\/fr\/wp-json\/wp\/v2\/pages\/42165\/revisions"}],"predecessor-version":[{"id":64091,"href":"https:\/\/www.pei.it\/fr\/wp-json\/wp\/v2\/pages\/42165\/revisions\/64091"}],"wp:attachment":[{"href":"https:\/\/www.pei.it\/fr\/wp-json\/wp\/v2\/media?parent=42165"}],"curies":[{"name":"wp","href":"https:\/\/api.w.org\/{rel}","templated":true}]}}