{"id":42192,"date":"2022-02-07T11:38:27","date_gmt":"2022-02-07T11:38:27","guid":{"rendered":"https:\/\/www.pei.it\/soffietti-per-cieli\/"},"modified":"2026-01-23T15:59:32","modified_gmt":"2026-01-23T15:59:32","slug":"soufflets-pour-ciel","status":"publish","type":"page","link":"https:\/\/www.pei.it\/fr\/soufflets-pour-ciel\/","title":{"rendered":"Soufflets pour ciel"},"content":{"rendered":"<div class=\"wpb-content-wrapper\">[vc_row element_id=\u00a0\u00bb790331&Prime; el_class=\u00a0\u00bbproduct-cards\u00a0\u00bb el_id=\u00a0\u00bbsinergie-carousel\u00a0\u00bb][vc_column]<h2 class=\"et-heading text-align-center tablet-text-align-inherit mobile-text-align-inherit animate-false no-animation-type\" id=\"et-heading-22544\" data-delay=\"0\" data-mobile-font=\"inherit\" data-mobile-line-height=\"inherit\" data-tablet-landscape-font=\"inherit\" data-tablet-portrait-font=\"inherit\" data-tablet-landscape-line-height=\"inherit\" data-tablet-portrait-line-height=\"inherit\" data-parallax=\"false\" data-move=\"false\" data-coordinatex=\"0\" data-coordinatey=\"0\" data-speed=\"10\"><span class=\"text-wrapper\"><span class=\"text\">Les produits<\/span><\/span><\/h2><div class=\"et-separator et-clearfix animate-false solid center horizontal et-separator-875676\" data-delay=\"\"><div class=\"line\"><\/div><\/div>[vc_row_inner element_id=\u00a0\u00bb90508&Prime; el_class=\u00a0\u00bbriga_smistamento\u00a0\u00bb][vc_column_inner width=\u00a0\u00bb1\/3&Prime;][vc_single_image image=\u00a0\u00bb35243&Prime; img_size=\u00a0\u00bb250&#215;250&Prime; alignment=\u00a0\u00bbcenter\u00a0\u00bb style=\u00a0\u00bbvc_box_outline_circle\u00a0\u00bb][vc_column_text animation_delay=\u00a0\u00bb0&Prime;]\n<h4>Wave Sky<\/h4>\n[\/vc_column_text][vc_btn title=\u00a0\u00bbEn savoir plus\u00a0\u00bb style=\u00a0\u00bbcustom\u00a0\u00bb custom_background=\u00a0\u00bb#e34529&Prime; custom_text=\u00a0\u00bb#ffffff\u00a0\u00bb shape=\u00a0\u00bbround\u00a0\u00bb size=\u00a0\u00bbsm\u00a0\u00bb link=\u00a0\u00bburl:https%3A%2F%2Fwww.pei.it%2Ffr%2Fproduits%2Fsoufflets-pour-le-ciel-wave-sky%2F|title:Soufflets%20pour%20le%20ciel%20Wave-Sky\u00a0\u00bb][\/vc_column_inner][vc_column_inner width=\u00a0\u00bb1\/3&Prime;][vc_single_image image=\u00a0\u00bb35235&Prime; img_size=\u00a0\u00bb250&#215;250&Prime; alignment=\u00a0\u00bbcenter\u00a0\u00bb style=\u00a0\u00bbvc_box_outline_circle\u00a0\u00bb][vc_column_text animation_delay=\u00a0\u00bb0&Prime;]\n<h4>Wave Sky Light<\/h4>\n[\/vc_column_text][vc_btn title=\u00a0\u00bbEn savoir plus\u00a0\u00bb style=\u00a0\u00bbcustom\u00a0\u00bb custom_background=\u00a0\u00bb#e34529&Prime; custom_text=\u00a0\u00bb#ffffff\u00a0\u00bb shape=\u00a0\u00bbround\u00a0\u00bb size=\u00a0\u00bbsm\u00a0\u00bb link=\u00a0\u00bburl:https%3A%2F%2Fwww.pei.it%2Ffr%2Fproduits%2Fsoufflet-de-ciel-wave-sky-light%2F|title:Soufflet%20de%20ciel%20Wave-Sky%20LIGHT\u00a0\u00bb][\/vc_column_inner][vc_column_inner width=\u00a0\u00bb1\/3&Prime;][vc_single_image image=\u00a0\u00bb36207&Prime; img_size=\u00a0\u00bb250&#215;250&Prime; alignment=\u00a0\u00bbcenter\u00a0\u00bb style=\u00a0\u00bbvc_box_outline_circle\u00a0\u00bb][vc_column_text animation_delay=\u00a0\u00bb0&Prime;]\n<h4>Wave Sky Heavy<\/h4>\n[\/vc_column_text][vc_btn title=\u00a0\u00bbEn savoir plus\u00a0\u00bb style=\u00a0\u00bbcustom\u00a0\u00bb custom_background=\u00a0\u00bb#e34529&Prime; custom_text=\u00a0\u00bb#ffffff\u00a0\u00bb shape=\u00a0\u00bbround\u00a0\u00bb size=\u00a0\u00bbsm\u00a0\u00bb link=\u00a0\u00bburl:https%3A%2F%2Fwww.pei.it%2Ffr%2Fproduits%2Fsoufflets-pour-ciel-wave-sky-heavy%2F|title:Soufflets%20pour%20ciel%20Wave-Sky%20HEAVY\u00a0\u00bb][\/vc_column_inner][\/vc_row_inner][vc_row_inner element_id=\u00a0\u00bb90508&Prime; el_class=\u00a0\u00bbriga_smistamento\u00a0\u00bb][vc_column_inner width=\u00a0\u00bb1\/2&Prime;][vc_single_image image=\u00a0\u00bb35219&Prime; img_size=\u00a0\u00bb250&#215;250&Prime; alignment=\u00a0\u00bbcenter\u00a0\u00bb style=\u00a0\u00bbvc_box_outline_circle\u00a0\u00bb][vc_column_text animation_delay=\u00a0\u00bb0&Prime;]\n<h4>Wave Cover<\/h4>\n[\/vc_column_text][vc_btn title=\u00a0\u00bbEn savoir plus\u00a0\u00bb style=\u00a0\u00bbcustom\u00a0\u00bb custom_background=\u00a0\u00bb#e34529&Prime; custom_text=\u00a0\u00bb#ffffff\u00a0\u00bb shape=\u00a0\u00bbround\u00a0\u00bb size=\u00a0\u00bbsm\u00a0\u00bb link=\u00a0\u00bburl:https%3A%2F%2Fwww.pei.it%2Ffr%2Fproduits%2Fsoufflets-de-ciel-wave-cover%2F|title:Soufflets%20de%20ciel%20Wave-Cover\u00a0\u00bb][\/vc_column_inner][vc_column_inner width=\u00a0\u00bb1\/2&Prime;][vc_single_image image=\u00a0\u00bb50843&Prime; img_size=\u00a0\u00bb250&#215;250&Prime; alignment=\u00a0\u00bbcenter\u00a0\u00bb style=\u00a0\u00bbvc_box_outline_circle\u00a0\u00bb][vc_column_text animation_delay=\u00a0\u00bb0&Prime;]\n<h4>Wave Sky Chemical<\/h4>\n[\/vc_column_text][vc_btn title=\u00a0\u00bbEn savoir plus\u00a0\u00bb style=\u00a0\u00bbcustom\u00a0\u00bb custom_background=\u00a0\u00bb#e34529&Prime; custom_text=\u00a0\u00bb#ffffff\u00a0\u00bb shape=\u00a0\u00bbround\u00a0\u00bb size=\u00a0\u00bbsm\u00a0\u00bb link=\u00a0\u00bburl:https%3A%2F%2Fwww.pei.it%2Ffr%2Fproduits%2Fwave-sky-chemical-bellows-for-ceilings%2F|title:Wave%20Sky%20Chemical\u00a0\u00bb][\/vc_column_inner][\/vc_row_inner]<div class=\"et-separator et-clearfix animate-false solid center horizontal et-separator-875676\" data-delay=\"\"><div class=\"line\"><\/div><\/div>[vc_column_text animation_delay=\u00a0\u00bb0&Prime; el_class=\u00a0\u00bbpage_text\u00a0\u00bb]L&rsquo;application du soufflet Wave Sky limite l&rsquo;\u00e9chappement des fum\u00e9es, des poussi\u00e8res et des copeaux de la zone d&rsquo;usinage.<br \/>\nIl r\u00e9duit \u00e9galement la puissance d&rsquo;extraction des fum\u00e9es lors de l&rsquo;usinage de la fibre de carbone.[\/vc_column_text]<div class=\"et-separator et-clearfix animate-false solid center horizontal et-separator-875676\" data-delay=\"\"><div class=\"line\"><\/div><\/div>[vc_row_inner element_id=\u00a0\u00bb527631&Prime; el_class=\u00a0\u00bbCop_Tel_Row\u00a0\u00bb][vc_column_inner el_class=\u00a0\u00bbCop_Tel_First_Col\u00a0\u00bb]<h2 class=\"et-heading text-align-center tablet-text-align-inherit mobile-text-align-inherit animate-false no-animation-type\" id=\"et-heading-754350\" data-delay=\"0\" data-mobile-font=\"inherit\" data-mobile-line-height=\"inherit\" data-tablet-landscape-font=\"inherit\" data-tablet-portrait-font=\"inherit\" data-tablet-landscape-line-height=\"inherit\" data-tablet-portrait-line-height=\"inherit\" data-parallax=\"false\" data-move=\"false\" data-coordinatex=\"0\" data-coordinatey=\"0\" data-speed=\"10\"><span class=\"text-wrapper\"><span class=\"text\">D\u00e9couvrez toute la documentation technique des produits PEI.<\/span><\/span><\/h2>[vc_single_image image=\u00a0\u00bb53678&Prime; img_size=\u00a0\u00bb250&#215;250&Prime; alignment=\u00a0\u00bbcenter\u00a0\u00bb css=\u00a0\u00bb.vc_custom_1769077239514{padding-bottom: 20px !important;}\u00a0\u00bb el_class=\u00a0\u00bbcatalogo_smistamento\u00a0\u00bb][vc_btn title=\u00a0\u00bbDocumentation technique\u00a0\u00bb style=\u00a0\u00bbcustom\u00a0\u00bb custom_background=\u00a0\u00bb#e34529&Prime; custom_text=\u00a0\u00bb#ffffff\u00a0\u00bb shape=\u00a0\u00bbround\u00a0\u00bb size=\u00a0\u00bbsm\u00a0\u00bb align=\u00a0\u00bbcenter\u00a0\u00bb css=\u00a0\u00bb.vc_custom_1769183743933{padding-bottom: 10px !important;}\u00a0\u00bb link=\u00a0\u00bburl:%2Ffr%2Ftelecharger%2F|title:DOWNLOAD|target:_blank\u00a0\u00bb]<div class=\"et-separator et-clearfix animate-false solid center horizontal et-separator-875676\" data-delay=\"\"><div class=\"line\"><\/div><\/div>[\/vc_column_inner][\/vc_row_inner][\/vc_column][\/vc_row]\n<\/div>","protected":false},"excerpt":{"rendered":"<p>[vc_row element_id=\u00a0\u00bb790331&Prime; el_class=\u00a0\u00bbproduct-cards\u00a0\u00bb el_id=\u00a0\u00bbsinergie-carousel\u00a0\u00bb][vc_column][vc_row_inner element_id=\u00a0\u00bb90508&Prime; el_class=\u00a0\u00bbriga_smistamento\u00a0\u00bb][vc_column_inner width=\u00a0\u00bb1\/3&Prime;][vc_single_image image=\u00a0\u00bb35243&Prime; img_size=\u00a0\u00bb250&#215;250&Prime; alignment=\u00a0\u00bbcenter\u00a0\u00bb style=\u00a0\u00bbvc_box_outline_circle\u00a0\u00bb][vc_column_text animation_delay=\u00a0\u00bb0&Prime;] Wave Sky [\/vc_column_text][vc_btn title=\u00a0\u00bbEn savoir plus\u00a0\u00bb style=\u00a0\u00bbcustom\u00a0\u00bb custom_background=\u00a0\u00bb#e34529&Prime; custom_text=\u00a0\u00bb#ffffff\u00a0\u00bb shape=\u00a0\u00bbround\u00a0\u00bb size=\u00a0\u00bbsm\u00a0\u00bb link=\u00a0\u00bburl:https%3A%2F%2Fwww.pei.it%2Ffr%2Fproduits%2Fsoufflets-pour-le-ciel-wave-sky%2F|title:Soufflets%20pour%20le%20ciel%20Wave-Sky\u00a0\u00bb][\/vc_column_inner][vc_column_inner width=\u00a0\u00bb1\/3&Prime;][vc_single_image image=\u00a0\u00bb35235&Prime; img_size=\u00a0\u00bb250&#215;250&Prime; alignment=\u00a0\u00bbcenter\u00a0\u00bb style=\u00a0\u00bbvc_box_outline_circle\u00a0\u00bb][vc_column_text animation_delay=\u00a0\u00bb0&Prime;] Wave Sky Light [\/vc_column_text][vc_btn title=\u00a0\u00bbEn savoir plus\u00a0\u00bb style=\u00a0\u00bbcustom\u00a0\u00bb custom_background=\u00a0\u00bb#e34529&Prime; custom_text=\u00a0\u00bb#ffffff\u00a0\u00bb shape=\u00a0\u00bbround\u00a0\u00bb size=\u00a0\u00bbsm\u00a0\u00bb link=\u00a0\u00bburl:https%3A%2F%2Fwww.pei.it%2Ffr%2Fproduits%2Fsoufflet-de-ciel-wave-sky-light%2F|title:Soufflet%20de%20ciel%20Wave-Sky%20LIGHT\u00a0\u00bb][\/vc_column_inner][vc_column_inner width=\u00a0\u00bb1\/3&Prime;][vc_single_image image=\u00a0\u00bb36207&Prime; img_size=\u00a0\u00bb250&#215;250&Prime; alignment=\u00a0\u00bbcenter\u00a0\u00bb style=\u00a0\u00bbvc_box_outline_circle\u00a0\u00bb][vc_column_text animation_delay=\u00a0\u00bb0&Prime;] Wave Sky Heavy [\/vc_column_text][vc_btn title=\u00a0\u00bbEn savoir [&hellip;]<\/p>\n","protected":false},"author":1,"featured_media":0,"parent":0,"menu_order":0,"comment_status":"closed","ping_status":"closed","template":"page_limpresa.php","meta":{"_acf_changed":false,"footnotes":""},"class_list":["post-42192","page","type-page","status-publish","hentry"],"acf":[],"yoast_head":"<!-- This site is optimized with the Yoast SEO plugin v26.9 - https:\/\/yoast.com\/product\/yoast-seo-wordpress\/ -->\n<title>Soufflets pour ciel - PEI<\/title>\n<meta name=\"robots\" content=\"index, follow, max-snippet:-1, max-image-preview:large, max-video-preview:-1\" \/>\n<link rel=\"canonical\" href=\"https:\/\/www.pei.it\/fr\/soufflets-pour-ciel\/\" \/>\n<meta property=\"og:locale\" content=\"fr_FR\" \/>\n<meta property=\"og:type\" content=\"article\" \/>\n<meta property=\"og:title\" content=\"Soufflets pour ciel - PEI\" \/>\n<meta property=\"og:description\" content=\"[vc_row element_id=\u00a0\u00bb790331&Prime; el_class=\u00a0\u00bbproduct-cards\u00a0\u00bb el_id=\u00a0\u00bbsinergie-carousel\u00a0\u00bb][vc_column][vc_row_inner element_id=\u00a0\u00bb90508&Prime; el_class=\u00a0\u00bbriga_smistamento\u00a0\u00bb][vc_column_inner width=\u00a0\u00bb1\/3&Prime;][vc_single_image image=\u00a0\u00bb35243&Prime; img_size=\u00a0\u00bb250&#215;250&Prime; alignment=\u00a0\u00bbcenter\u00a0\u00bb style=\u00a0\u00bbvc_box_outline_circle\u00a0\u00bb][vc_column_text animation_delay=\u00a0\u00bb0&Prime;] Wave Sky [\/vc_column_text][vc_btn title=\u00a0\u00bbEn savoir plus\u00a0\u00bb style=\u00a0\u00bbcustom\u00a0\u00bb custom_background=\u00a0\u00bb#e34529&Prime; custom_text=\u00a0\u00bb#ffffff\u00a0\u00bb shape=\u00a0\u00bbround\u00a0\u00bb size=\u00a0\u00bbsm\u00a0\u00bb link=\u00a0\u00bburl:https%3A%2F%2Fwww.pei.it%2Ffr%2Fproduits%2Fsoufflets-pour-le-ciel-wave-sky%2F|title:Soufflets%20pour%20le%20ciel%20Wave-Sky\u00a0\u00bb][\/vc_column_inner][vc_column_inner width=\u00a0\u00bb1\/3&Prime;][vc_single_image image=\u00a0\u00bb35235&Prime; img_size=\u00a0\u00bb250&#215;250&Prime; alignment=\u00a0\u00bbcenter\u00a0\u00bb style=\u00a0\u00bbvc_box_outline_circle\u00a0\u00bb][vc_column_text animation_delay=\u00a0\u00bb0&Prime;] Wave Sky Light [\/vc_column_text][vc_btn title=\u00a0\u00bbEn savoir plus\u00a0\u00bb style=\u00a0\u00bbcustom\u00a0\u00bb custom_background=\u00a0\u00bb#e34529&Prime; custom_text=\u00a0\u00bb#ffffff\u00a0\u00bb shape=\u00a0\u00bbround\u00a0\u00bb size=\u00a0\u00bbsm\u00a0\u00bb link=\u00a0\u00bburl:https%3A%2F%2Fwww.pei.it%2Ffr%2Fproduits%2Fsoufflet-de-ciel-wave-sky-light%2F|title:Soufflet%20de%20ciel%20Wave-Sky%20LIGHT\u00a0\u00bb][\/vc_column_inner][vc_column_inner width=\u00a0\u00bb1\/3&Prime;][vc_single_image image=\u00a0\u00bb36207&Prime; img_size=\u00a0\u00bb250&#215;250&Prime; alignment=\u00a0\u00bbcenter\u00a0\u00bb style=\u00a0\u00bbvc_box_outline_circle\u00a0\u00bb][vc_column_text animation_delay=\u00a0\u00bb0&Prime;] Wave Sky Heavy [\/vc_column_text][vc_btn title=\u00a0\u00bbEn savoir [&hellip;]\" \/>\n<meta property=\"og:url\" content=\"https:\/\/www.pei.it\/fr\/soufflets-pour-ciel\/\" \/>\n<meta property=\"og:site_name\" content=\"PEI\" \/>\n<meta property=\"article:modified_time\" content=\"2026-01-23T15:59:32+00:00\" \/>\n<meta name=\"twitter:card\" content=\"summary_large_image\" \/>\n<meta name=\"twitter:label1\" content=\"Dur\u00e9e de lecture estim\u00e9e\" \/>\n\t<meta name=\"twitter:data1\" content=\"1 minute\" \/>\n<script type=\"application\/ld+json\" class=\"yoast-schema-graph\">{\"@context\":\"https:\/\/schema.org\",\"@graph\":[{\"@type\":\"WebPage\",\"@id\":\"https:\/\/www.pei.it\/fr\/soufflets-pour-ciel\/\",\"url\":\"https:\/\/www.pei.it\/fr\/soufflets-pour-ciel\/\",\"name\":\"Soufflets pour ciel - PEI\",\"isPartOf\":{\"@id\":\"https:\/\/www.pei.it\/fr\/#website\"},\"datePublished\":\"2022-02-07T11:38:27+00:00\",\"dateModified\":\"2026-01-23T15:59:32+00:00\",\"breadcrumb\":{\"@id\":\"https:\/\/www.pei.it\/fr\/soufflets-pour-ciel\/#breadcrumb\"},\"inLanguage\":\"fr-FR\",\"potentialAction\":[{\"@type\":\"ReadAction\",\"target\":[\"https:\/\/www.pei.it\/fr\/soufflets-pour-ciel\/\"]}]},{\"@type\":\"BreadcrumbList\",\"@id\":\"https:\/\/www.pei.it\/fr\/soufflets-pour-ciel\/#breadcrumb\",\"itemListElement\":[{\"@type\":\"ListItem\",\"position\":1,\"name\":\"Home\",\"item\":\"https:\/\/www.pei.it\/fr\/\"},{\"@type\":\"ListItem\",\"position\":2,\"name\":\"Soufflets pour ciel\"}]},{\"@type\":\"WebSite\",\"@id\":\"https:\/\/www.pei.it\/fr\/#website\",\"url\":\"https:\/\/www.pei.it\/fr\/\",\"name\":\"PEI\",\"description\":\"Protezioni per macchine utensili, avvolgibili, telescopiche\",\"potentialAction\":[{\"@type\":\"SearchAction\",\"target\":{\"@type\":\"EntryPoint\",\"urlTemplate\":\"https:\/\/www.pei.it\/fr\/?s={search_term_string}\"},\"query-input\":{\"@type\":\"PropertyValueSpecification\",\"valueRequired\":true,\"valueName\":\"search_term_string\"}}],\"inLanguage\":\"fr-FR\"}]}<\/script>\n<!-- \/ Yoast SEO plugin. -->","yoast_head_json":{"title":"Soufflets pour ciel - PEI","robots":{"index":"index","follow":"follow","max-snippet":"max-snippet:-1","max-image-preview":"max-image-preview:large","max-video-preview":"max-video-preview:-1"},"canonical":"https:\/\/www.pei.it\/fr\/soufflets-pour-ciel\/","og_locale":"fr_FR","og_type":"article","og_title":"Soufflets pour ciel - PEI","og_description":"[vc_row element_id=\u00a0\u00bb790331&Prime; el_class=\u00a0\u00bbproduct-cards\u00a0\u00bb el_id=\u00a0\u00bbsinergie-carousel\u00a0\u00bb][vc_column][vc_row_inner element_id=\u00a0\u00bb90508&Prime; el_class=\u00a0\u00bbriga_smistamento\u00a0\u00bb][vc_column_inner width=\u00a0\u00bb1\/3&Prime;][vc_single_image image=\u00a0\u00bb35243&Prime; img_size=\u00a0\u00bb250&#215;250&Prime; alignment=\u00a0\u00bbcenter\u00a0\u00bb style=\u00a0\u00bbvc_box_outline_circle\u00a0\u00bb][vc_column_text animation_delay=\u00a0\u00bb0&Prime;] Wave Sky [\/vc_column_text][vc_btn title=\u00a0\u00bbEn savoir plus\u00a0\u00bb style=\u00a0\u00bbcustom\u00a0\u00bb custom_background=\u00a0\u00bb#e34529&Prime; custom_text=\u00a0\u00bb#ffffff\u00a0\u00bb shape=\u00a0\u00bbround\u00a0\u00bb size=\u00a0\u00bbsm\u00a0\u00bb link=\u00a0\u00bburl:https%3A%2F%2Fwww.pei.it%2Ffr%2Fproduits%2Fsoufflets-pour-le-ciel-wave-sky%2F|title:Soufflets%20pour%20le%20ciel%20Wave-Sky\u00a0\u00bb][\/vc_column_inner][vc_column_inner width=\u00a0\u00bb1\/3&Prime;][vc_single_image image=\u00a0\u00bb35235&Prime; img_size=\u00a0\u00bb250&#215;250&Prime; alignment=\u00a0\u00bbcenter\u00a0\u00bb style=\u00a0\u00bbvc_box_outline_circle\u00a0\u00bb][vc_column_text animation_delay=\u00a0\u00bb0&Prime;] Wave Sky Light [\/vc_column_text][vc_btn title=\u00a0\u00bbEn savoir plus\u00a0\u00bb style=\u00a0\u00bbcustom\u00a0\u00bb custom_background=\u00a0\u00bb#e34529&Prime; custom_text=\u00a0\u00bb#ffffff\u00a0\u00bb shape=\u00a0\u00bbround\u00a0\u00bb size=\u00a0\u00bbsm\u00a0\u00bb link=\u00a0\u00bburl:https%3A%2F%2Fwww.pei.it%2Ffr%2Fproduits%2Fsoufflet-de-ciel-wave-sky-light%2F|title:Soufflet%20de%20ciel%20Wave-Sky%20LIGHT\u00a0\u00bb][\/vc_column_inner][vc_column_inner width=\u00a0\u00bb1\/3&Prime;][vc_single_image image=\u00a0\u00bb36207&Prime; img_size=\u00a0\u00bb250&#215;250&Prime; alignment=\u00a0\u00bbcenter\u00a0\u00bb style=\u00a0\u00bbvc_box_outline_circle\u00a0\u00bb][vc_column_text animation_delay=\u00a0\u00bb0&Prime;] Wave Sky Heavy [\/vc_column_text][vc_btn title=\u00a0\u00bbEn savoir [&hellip;]","og_url":"https:\/\/www.pei.it\/fr\/soufflets-pour-ciel\/","og_site_name":"PEI","article_modified_time":"2026-01-23T15:59:32+00:00","twitter_card":"summary_large_image","twitter_misc":{"Dur\u00e9e de lecture estim\u00e9e":"1 minute"},"schema":{"@context":"https:\/\/schema.org","@graph":[{"@type":"WebPage","@id":"https:\/\/www.pei.it\/fr\/soufflets-pour-ciel\/","url":"https:\/\/www.pei.it\/fr\/soufflets-pour-ciel\/","name":"Soufflets pour ciel - PEI","isPartOf":{"@id":"https:\/\/www.pei.it\/fr\/#website"},"datePublished":"2022-02-07T11:38:27+00:00","dateModified":"2026-01-23T15:59:32+00:00","breadcrumb":{"@id":"https:\/\/www.pei.it\/fr\/soufflets-pour-ciel\/#breadcrumb"},"inLanguage":"fr-FR","potentialAction":[{"@type":"ReadAction","target":["https:\/\/www.pei.it\/fr\/soufflets-pour-ciel\/"]}]},{"@type":"BreadcrumbList","@id":"https:\/\/www.pei.it\/fr\/soufflets-pour-ciel\/#breadcrumb","itemListElement":[{"@type":"ListItem","position":1,"name":"Home","item":"https:\/\/www.pei.it\/fr\/"},{"@type":"ListItem","position":2,"name":"Soufflets pour ciel"}]},{"@type":"WebSite","@id":"https:\/\/www.pei.it\/fr\/#website","url":"https:\/\/www.pei.it\/fr\/","name":"PEI","description":"Protezioni per macchine utensili, avvolgibili, telescopiche","potentialAction":[{"@type":"SearchAction","target":{"@type":"EntryPoint","urlTemplate":"https:\/\/www.pei.it\/fr\/?s={search_term_string}"},"query-input":{"@type":"PropertyValueSpecification","valueRequired":true,"valueName":"search_term_string"}}],"inLanguage":"fr-FR"}]}},"_links":{"self":[{"href":"https:\/\/www.pei.it\/fr\/wp-json\/wp\/v2\/pages\/42192","targetHints":{"allow":["GET"]}}],"collection":[{"href":"https:\/\/www.pei.it\/fr\/wp-json\/wp\/v2\/pages"}],"about":[{"href":"https:\/\/www.pei.it\/fr\/wp-json\/wp\/v2\/types\/page"}],"author":[{"embeddable":true,"href":"https:\/\/www.pei.it\/fr\/wp-json\/wp\/v2\/users\/1"}],"replies":[{"embeddable":true,"href":"https:\/\/www.pei.it\/fr\/wp-json\/wp\/v2\/comments?post=42192"}],"version-history":[{"count":3,"href":"https:\/\/www.pei.it\/fr\/wp-json\/wp\/v2\/pages\/42192\/revisions"}],"predecessor-version":[{"id":64093,"href":"https:\/\/www.pei.it\/fr\/wp-json\/wp\/v2\/pages\/42192\/revisions\/64093"}],"wp:attachment":[{"href":"https:\/\/www.pei.it\/fr\/wp-json\/wp\/v2\/media?parent=42192"}],"curies":[{"name":"wp","href":"https:\/\/api.w.org\/{rel}","templated":true}]}}