{"id":63934,"date":"2026-01-22T08:26:08","date_gmt":"2026-01-22T08:26:08","guid":{"rendered":"https:\/\/www.pei.it\/telecharger\/"},"modified":"2026-04-02T12:06:18","modified_gmt":"2026-04-02T12:06:18","slug":"telecharger","status":"publish","type":"page","link":"https:\/\/www.pei.it\/fr\/telecharger\/","title":{"rendered":"T\u00c9L\u00c9CHARGER"},"content":{"rendered":"<div class=\"wpb-content-wrapper\">[vc_row gap=\u00a0\u00bb48&Prime; element_id=\u00a0\u00bb851011&Prime;][vc_column animation_delay=\u00a0\u00bb0&Prime; element_id=\u00a0\u00bb784148&Prime; crp=\u00a0\u00bb480:i:i,480-768:i:i,768-1024:i:i,1024-1280:i:i,1280-1366:i:i,1366-1600:i:i,1600-1920:i:i\u00a0\u00bb]<h2 class=\"et-heading text-align-left tablet-text-align-inherit mobile-text-align-inherit animate-false no-animation-type\" id=\"et-heading-336169\" data-delay=\"0\" data-mobile-font=\"inherit\" data-mobile-line-height=\"inherit\" data-tablet-landscape-font=\"inherit\" data-tablet-portrait-font=\"inherit\" data-tablet-landscape-line-height=\"inherit\" data-tablet-portrait-line-height=\"inherit\" data-parallax=\"false\" data-move=\"false\" data-coordinatex=\"0\" data-coordinatey=\"0\" data-speed=\"10\"><span class=\"text-wrapper\"><span class=\"text\">DOCUMENTATION TECHNIQUE ET COMMERCIALE<\/span><\/span><\/h2>[vc_column_text animation_delay=\u00a0\u00bb0&Prime; css_animation=\u00a0\u00bbnone\u00a0\u00bb css=\u00a0\u00bb\u00a0\u00bb el_class=\u00a0\u00bbtext-2-columns\u00a0\u00bb]<img loading=\"lazy\" loading=\"lazy\" decoding=\"async\" class=\"size-full wp-image-5669 alignnone\" src=\"https:\/\/www.pei.it\/wp-content\/uploads\/2017\/08\/pdf_button.png\" alt=\"\" width=\"16\" height=\"16\" \/> <a href=\"https:\/\/www.pei.it\/wp-content\/uploads\/2021\/07\/Catalogo_PEI_FR_web.pdf\" target=\"_blank\" rel=\"noopener\">Catalogue G\u00e9n\u00e9ral<\/a><\/p>\n<p><img loading=\"lazy\" loading=\"lazy\" decoding=\"async\" class=\"size-full wp-image-5669 alignnone\" src=\"https:\/\/www.pei.it\/wp-content\/uploads\/2017\/08\/pdf_button.png\" alt=\"\" width=\"16\" height=\"16\" \/> <a href=\"\/wp-content\/uploads\/2021\/11\/Flyer-PEI-4-ante_GAMMA-it-en-A4-x-web.pdf\" target=\"_blank\" rel=\"noopener\">Product Range Flyer<\/a><\/p>\n<p><img loading=\"lazy\" loading=\"lazy\" decoding=\"async\" class=\"size-full wp-image-5669 alignnone\" src=\"https:\/\/www.pei.it\/wp-content\/uploads\/2017\/08\/pdf_button.png\" alt=\"\" width=\"16\" height=\"16\" \/> <a href=\"\/wp-content\/uploads\/2021\/07\/Flyer_Scudi_2025_ita-ing_web.pdf\" target=\"_blank\" rel=\"noopener\">X-Y Shields Flyer<\/a><\/p>\n<p><img loading=\"lazy\" loading=\"lazy\" decoding=\"async\" class=\"size-full wp-image-5669 alignnone\" src=\"https:\/\/www.pei.it\/wp-content\/uploads\/2017\/08\/pdf_button.png\" alt=\"\" width=\"16\" height=\"16\" \/> <a href=\"https:\/\/www.pei.it\/wp-content\/uploads\/2021\/11\/Flyer-Ricambi-Revisioni-it-en.pdf\" target=\"_blank\" rel=\"noopener\">Overhaul and Spare Parts Flyer<\/a><\/p>\n<p><img loading=\"lazy\" loading=\"lazy\" decoding=\"async\" class=\"size-full wp-image-5669 alignnone\" src=\"https:\/\/www.pei.it\/wp-content\/uploads\/2017\/08\/pdf_button.png\" alt=\"\" width=\"16\" height=\"16\" \/> <a href=\"\/wp-content\/uploads\/2021\/11\/flyer-WSC-it-en_WEB.pdf\" target=\"_blank\" rel=\"noopener\">Wave Sky Chemical<\/a><\/p>\n<p><img loading=\"lazy\" loading=\"lazy\" decoding=\"async\" class=\"size-full wp-image-5669 alignnone\" src=\"https:\/\/www.pei.it\/wp-content\/uploads\/2017\/08\/pdf_button.png\" alt=\"\" width=\"16\" height=\"16\" \/> <a href=\"\/wp-content\/uploads\/2021\/11\/Vol_istruz_Cop_telesco_FRA.pdf\" target=\"_blank\" rel=\"noopener\">Instructions pour la couverture t\u00e9lescopique<\/a><\/p>\n<p><img loading=\"lazy\" loading=\"lazy\" decoding=\"async\" class=\"size-full wp-image-5669 alignnone\" src=\"https:\/\/www.pei.it\/wp-content\/uploads\/2017\/08\/pdf_button.png\" alt=\"\" width=\"16\" height=\"16\" \/> <a href=\"\/wp-content\/uploads\/2021\/11\/Vol_istruz_SHEET-POCKET_EN.pdf\" target=\"_blank\" rel=\"noopener\">Instructions pour Sheet-Pocket<\/a>[\/vc_column_text]<span class=\"et-gap et-clearfix et-gap-438775\"><\/span>[vc_separator css=\u00a0\u00bb\u00a0\u00bb]<h2 class=\"et-heading text-align-left tablet-text-align-inherit mobile-text-align-inherit animate-false no-animation-type\" id=\"et-heading-336169\" data-delay=\"0\" data-mobile-font=\"inherit\" data-mobile-line-height=\"inherit\" data-tablet-landscape-font=\"inherit\" data-tablet-portrait-font=\"inherit\" data-tablet-landscape-line-height=\"inherit\" data-tablet-portrait-line-height=\"inherit\" data-parallax=\"false\" data-move=\"false\" data-coordinatex=\"0\" data-coordinatey=\"0\" data-speed=\"10\"><span class=\"text-wrapper\"><span class=\"text\">QUESTIONNAIRES PRODUITS<\/span><\/span><\/h2>[vc_column_text animation_delay=\u00a0\u00bb0&Prime; css_animation=\u00a0\u00bbnone\u00a0\u00bb css=\u00a0\u00bb\u00a0\u00bb el_class=\u00a0\u00bbtext-2-columns\u00a0\u00bb]<img loading=\"lazy\" loading=\"lazy\" decoding=\"async\" class=\"size-full wp-image-5669 alignnone\" src=\"https:\/\/www.pei.it\/wp-content\/uploads\/2017\/08\/pdf_button.png\" alt=\"\" width=\"16\" height=\"16\" \/>\u00a0<a href=\"\/wp-content\/uploads\/2021\/11\/quest_couv_tel_FRA_2025.pdf\" target=\"_blank\" rel=\"noopener\">Protecteurs T\u00e9lescopiques<\/a><\/p>\n<p><img loading=\"lazy\" loading=\"lazy\" decoding=\"async\" class=\"size-full wp-image-5669 alignnone\" src=\"\/wp-content\/uploads\/2021\/11\/link.png\" alt=\"\" width=\"16\" height=\"16\" \/>\u00a0<a href=\"https:\/\/questprotavv.pei.it\/fr\/\" target=\"_blank\" rel=\"noopener\">Enrouleurs<\/a><\/p>\n<p><img loading=\"lazy\" loading=\"lazy\" decoding=\"async\" class=\"size-full wp-image-5669 alignnone\" src=\"https:\/\/www.pei.it\/wp-content\/uploads\/2017\/08\/pdf_button.png\" alt=\"\" width=\"16\" height=\"16\" \/> <a href=\"\/wp-content\/uploads\/2021\/11\/quest_souff_circul_FRA_2025.pdf\" target=\"_blank\" rel=\"noopener\">Soufflets Circulaires<\/a><\/p>\n<p><img loading=\"lazy\" loading=\"lazy\" decoding=\"async\" class=\"size-full wp-image-5669 alignnone\" src=\"https:\/\/www.pei.it\/wp-content\/uploads\/2017\/08\/pdf_button.png\" alt=\"\" width=\"16\" height=\"16\" \/> <a href=\"\/wp-content\/uploads\/2021\/11\/quest_souff_table_elev_FRA_2025.pdf\" target=\"_blank\" rel=\"noopener\">Soufflets pour Tables Ele\u0301vatrices<\/a><\/p>\n<p><img loading=\"lazy\" loading=\"lazy\" decoding=\"async\" class=\"size-full wp-image-5669 alignnone\" src=\"https:\/\/www.pei.it\/wp-content\/uploads\/2017\/08\/pdf_button.png\" alt=\"\" width=\"16\" height=\"16\" \/>\u00a0<a href=\"\/wp-content\/uploads\/2021\/11\/quest_souff_plats_FRA_2025.pdf\" target=\"_blank\" rel=\"noopener\">Soufflets Thermo-Soud\u00e9s<\/a><\/p>\n<p><img loading=\"lazy\" loading=\"lazy\" decoding=\"async\" class=\"size-full wp-image-5669 alignnone\" src=\"https:\/\/www.pei.it\/wp-content\/uploads\/2017\/08\/pdf_button.png\" alt=\"\" width=\"16\" height=\"16\" \/>\u00a0<a href=\"\/wp-content\/uploads\/2021\/11\/quest_souff_plats_cousus_FRA_2025.pdf\" target=\"_blank\" rel=\"noopener\">Soufflets Plats Cousus<\/a><\/p>\n<p><img loading=\"lazy\" loading=\"lazy\" decoding=\"async\" class=\"size-full wp-image-5669 alignnone\" src=\"https:\/\/www.pei.it\/wp-content\/uploads\/2017\/08\/pdf_button.png\" alt=\"\" width=\"16\" height=\"16\" \/> <a href=\"\/wp-content\/uploads\/2021\/11\/quest_souff_guides_lin_FRA_2025.pdf\" target=\"_blank\" rel=\"noopener\">Soufflets Thermo-Soude\u0301s pour Guidages Line\u0301aires<\/a><\/p>\n<p><img loading=\"lazy\" loading=\"lazy\" decoding=\"async\" class=\"size-full wp-image-5669 alignnone\" src=\"https:\/\/www.pei.it\/wp-content\/uploads\/2017\/08\/pdf_button.png\" alt=\"\" width=\"16\" height=\"16\" \/> <a href=\"\/wp-content\/uploads\/2021\/11\/quest_ecrans_FRA_2025.pdf\" target=\"_blank\" rel=\"noopener\">Ecrans X-Y<\/a>[\/vc_column_text][vc_separator css=\u00a0\u00bb\u00a0\u00bb]<h2 class=\"et-heading text-align-left tablet-text-align-inherit mobile-text-align-inherit animate-false no-animation-type\" id=\"et-heading-336169\" data-delay=\"0\" data-mobile-font=\"inherit\" data-mobile-line-height=\"inherit\" data-tablet-landscape-font=\"inherit\" data-tablet-portrait-font=\"inherit\" data-tablet-landscape-line-height=\"inherit\" data-tablet-portrait-line-height=\"inherit\" data-parallax=\"false\" data-move=\"false\" data-coordinatex=\"0\" data-coordinatey=\"0\" data-speed=\"10\"><span class=\"text-wrapper\"><span class=\"text\">DOCUMENTATION G\u00c9N\u00c9RALE<\/span><\/span><\/h2>[vc_column_text animation_delay=\u00a0\u00bb0&Prime; css_animation=\u00a0\u00bbnone\u00a0\u00bb css=\u00a0\u00bb\u00a0\u00bb el_class=\u00a0\u00bbtext-2-columns\u00a0\u00bb]<img loading=\"lazy\" loading=\"lazy\" decoding=\"async\" class=\"size-full wp-image-5669 alignnone\" src=\"https:\/\/www.pei.it\/wp-content\/uploads\/2017\/08\/pdf_button.png\" alt=\"\" width=\"16\" height=\"16\" \/> <a href=\"\/wp-content\/uploads\/2021\/11\/Liste_materiaux_FRA_2023-1.pdf\" target=\"_blank\" rel=\"noopener\">Tableau des Mat\u00e9riaux<\/a><\/p>\n<p><img loading=\"lazy\" loading=\"lazy\" decoding=\"async\" class=\"size-full wp-image-5669 alignnone\" src=\"https:\/\/www.pei.it\/wp-content\/uploads\/2017\/08\/pdf_button.png\" alt=\"\" width=\"16\" height=\"16\" \/> <a href=\"\/wp-content\/uploads\/media\/sales-terms-en.pdf\" target=\"_blank\" rel=\"noopener\">Conditions G\u00e9n\u00e9rales de Vente<\/a>[\/vc_column_text][vc_separator css=\u00a0\u00bb\u00a0\u00bb]<span class=\"et-gap et-clearfix et-gap-438775\"><\/span>[\/vc_column][\/vc_row]\n<\/div>","protected":false},"excerpt":{"rendered":"<p>[vc_row gap=\u00a0\u00bb48&Prime; element_id=\u00a0\u00bb851011&Prime;][vc_column animation_delay=\u00a0\u00bb0&Prime; element_id=\u00a0\u00bb784148&Prime; crp=\u00a0\u00bb480:i:i,480-768:i:i,768-1024:i:i,1024-1280:i:i,1280-1366:i:i,1366-1600:i:i,1600-1920:i:i\u00a0\u00bb][vc_column_text animation_delay=\u00a0\u00bb0&Prime; css_animation=\u00a0\u00bbnone\u00a0\u00bb css=\u00a0\u00bb\u00a0\u00bb el_class=\u00a0\u00bbtext-2-columns\u00a0\u00bb] Catalogue G\u00e9n\u00e9ral Product Range Flyer X-Y Shields Flyer Overhaul and Spare Parts Flyer Wave Sky Chemical Instructions pour la couverture t\u00e9lescopique Instructions pour Sheet-Pocket[\/vc_column_text][vc_separator css=\u00a0\u00bb\u00a0\u00bb][vc_column_text animation_delay=\u00a0\u00bb0&Prime; css_animation=\u00a0\u00bbnone\u00a0\u00bb css=\u00a0\u00bb\u00a0\u00bb el_class=\u00a0\u00bbtext-2-columns\u00a0\u00bb]\u00a0Protecteurs T\u00e9lescopiques \u00a0Enrouleurs Soufflets Circulaires Soufflets pour Tables Ele\u0301vatrices \u00a0Soufflets Thermo-Soud\u00e9s \u00a0Soufflets Plats Cousus Soufflets Thermo-Soude\u0301s pour [&hellip;]<\/p>\n","protected":false},"author":1,"featured_media":0,"parent":0,"menu_order":0,"comment_status":"closed","ping_status":"closed","template":"page_download.php","meta":{"_acf_changed":false,"footnotes":""},"class_list":["post-63934","page","type-page","status-publish","hentry"],"acf":[],"yoast_head":"<!-- This site is optimized with the Yoast SEO plugin v26.9 - https:\/\/yoast.com\/product\/yoast-seo-wordpress\/ -->\n<title>T\u00c9L\u00c9CHARGER - PEI<\/title>\n<meta name=\"description\" content=\"Documentation technique des produits PEI, questionnaires de configuration des housses t\u00e9lescopiques, tous les documents PEI sont disponibles au format PDF.\" \/>\n<meta name=\"robots\" content=\"index, follow, max-snippet:-1, max-image-preview:large, max-video-preview:-1\" \/>\n<link rel=\"canonical\" href=\"https:\/\/www.pei.it\/fr\/telecharger\/\" \/>\n<meta property=\"og:locale\" content=\"fr_FR\" \/>\n<meta property=\"og:type\" content=\"article\" \/>\n<meta property=\"og:title\" content=\"T\u00c9L\u00c9CHARGER - PEI\" \/>\n<meta property=\"og:description\" content=\"Documentation technique des produits PEI, questionnaires de configuration des housses t\u00e9lescopiques, tous les documents PEI sont disponibles au format PDF.\" \/>\n<meta property=\"og:url\" content=\"https:\/\/www.pei.it\/fr\/telecharger\/\" \/>\n<meta property=\"og:site_name\" content=\"PEI\" \/>\n<meta property=\"article:modified_time\" content=\"2026-04-02T12:06:18+00:00\" \/>\n<meta property=\"og:image\" content=\"https:\/\/www.pei.it\/wp-content\/uploads\/2017\/08\/pdf_button.png\" \/>\n\t<meta property=\"og:image:width\" content=\"16\" \/>\n\t<meta property=\"og:image:height\" content=\"16\" \/>\n\t<meta property=\"og:image:type\" content=\"image\/png\" \/>\n<meta name=\"twitter:card\" content=\"summary_large_image\" \/>\n<meta name=\"twitter:label1\" content=\"Dur\u00e9e de lecture estim\u00e9e\" \/>\n\t<meta name=\"twitter:data1\" content=\"2 minutes\" \/>\n<script type=\"application\/ld+json\" class=\"yoast-schema-graph\">{\"@context\":\"https:\/\/schema.org\",\"@graph\":[{\"@type\":\"WebPage\",\"@id\":\"https:\/\/www.pei.it\/fr\/telecharger\/\",\"url\":\"https:\/\/www.pei.it\/fr\/telecharger\/\",\"name\":\"T\u00c9L\u00c9CHARGER - PEI\",\"isPartOf\":{\"@id\":\"https:\/\/www.pei.it\/fr\/#website\"},\"primaryImageOfPage\":{\"@id\":\"https:\/\/www.pei.it\/fr\/telecharger\/#primaryimage\"},\"image\":{\"@id\":\"https:\/\/www.pei.it\/fr\/telecharger\/#primaryimage\"},\"thumbnailUrl\":\"https:\/\/www.pei.it\/wp-content\/uploads\/2017\/08\/pdf_button.png\",\"datePublished\":\"2026-01-22T08:26:08+00:00\",\"dateModified\":\"2026-04-02T12:06:18+00:00\",\"description\":\"Documentation technique des produits PEI, questionnaires de configuration des housses t\u00e9lescopiques, tous les documents PEI sont disponibles au format PDF.\",\"breadcrumb\":{\"@id\":\"https:\/\/www.pei.it\/fr\/telecharger\/#breadcrumb\"},\"inLanguage\":\"fr-FR\",\"potentialAction\":[{\"@type\":\"ReadAction\",\"target\":[\"https:\/\/www.pei.it\/fr\/telecharger\/\"]}]},{\"@type\":\"ImageObject\",\"inLanguage\":\"fr-FR\",\"@id\":\"https:\/\/www.pei.it\/fr\/telecharger\/#primaryimage\",\"url\":\"https:\/\/www.pei.it\/wp-content\/uploads\/2017\/08\/pdf_button.png\",\"contentUrl\":\"https:\/\/www.pei.it\/wp-content\/uploads\/2017\/08\/pdf_button.png\"},{\"@type\":\"BreadcrumbList\",\"@id\":\"https:\/\/www.pei.it\/fr\/telecharger\/#breadcrumb\",\"itemListElement\":[{\"@type\":\"ListItem\",\"position\":1,\"name\":\"Home\",\"item\":\"https:\/\/www.pei.it\/fr\/\"},{\"@type\":\"ListItem\",\"position\":2,\"name\":\"T\u00c9L\u00c9CHARGER\"}]},{\"@type\":\"WebSite\",\"@id\":\"https:\/\/www.pei.it\/fr\/#website\",\"url\":\"https:\/\/www.pei.it\/fr\/\",\"name\":\"PEI\",\"description\":\"Protezioni per macchine utensili, avvolgibili, telescopiche\",\"potentialAction\":[{\"@type\":\"SearchAction\",\"target\":{\"@type\":\"EntryPoint\",\"urlTemplate\":\"https:\/\/www.pei.it\/fr\/?s={search_term_string}\"},\"query-input\":{\"@type\":\"PropertyValueSpecification\",\"valueRequired\":true,\"valueName\":\"search_term_string\"}}],\"inLanguage\":\"fr-FR\"}]}<\/script>\n<!-- \/ Yoast SEO plugin. -->","yoast_head_json":{"title":"T\u00c9L\u00c9CHARGER - PEI","description":"Documentation technique des produits PEI, questionnaires de configuration des housses t\u00e9lescopiques, tous les documents PEI sont disponibles au format PDF.","robots":{"index":"index","follow":"follow","max-snippet":"max-snippet:-1","max-image-preview":"max-image-preview:large","max-video-preview":"max-video-preview:-1"},"canonical":"https:\/\/www.pei.it\/fr\/telecharger\/","og_locale":"fr_FR","og_type":"article","og_title":"T\u00c9L\u00c9CHARGER - PEI","og_description":"Documentation technique des produits PEI, questionnaires de configuration des housses t\u00e9lescopiques, tous les documents PEI sont disponibles au format PDF.","og_url":"https:\/\/www.pei.it\/fr\/telecharger\/","og_site_name":"PEI","article_modified_time":"2026-04-02T12:06:18+00:00","og_image":[{"width":16,"height":16,"url":"https:\/\/www.pei.it\/wp-content\/uploads\/2017\/08\/pdf_button.png","type":"image\/png"}],"twitter_card":"summary_large_image","twitter_misc":{"Dur\u00e9e de lecture estim\u00e9e":"2 minutes"},"schema":{"@context":"https:\/\/schema.org","@graph":[{"@type":"WebPage","@id":"https:\/\/www.pei.it\/fr\/telecharger\/","url":"https:\/\/www.pei.it\/fr\/telecharger\/","name":"T\u00c9L\u00c9CHARGER - PEI","isPartOf":{"@id":"https:\/\/www.pei.it\/fr\/#website"},"primaryImageOfPage":{"@id":"https:\/\/www.pei.it\/fr\/telecharger\/#primaryimage"},"image":{"@id":"https:\/\/www.pei.it\/fr\/telecharger\/#primaryimage"},"thumbnailUrl":"https:\/\/www.pei.it\/wp-content\/uploads\/2017\/08\/pdf_button.png","datePublished":"2026-01-22T08:26:08+00:00","dateModified":"2026-04-02T12:06:18+00:00","description":"Documentation technique des produits PEI, questionnaires de configuration des housses t\u00e9lescopiques, tous les documents PEI sont disponibles au format PDF.","breadcrumb":{"@id":"https:\/\/www.pei.it\/fr\/telecharger\/#breadcrumb"},"inLanguage":"fr-FR","potentialAction":[{"@type":"ReadAction","target":["https:\/\/www.pei.it\/fr\/telecharger\/"]}]},{"@type":"ImageObject","inLanguage":"fr-FR","@id":"https:\/\/www.pei.it\/fr\/telecharger\/#primaryimage","url":"https:\/\/www.pei.it\/wp-content\/uploads\/2017\/08\/pdf_button.png","contentUrl":"https:\/\/www.pei.it\/wp-content\/uploads\/2017\/08\/pdf_button.png"},{"@type":"BreadcrumbList","@id":"https:\/\/www.pei.it\/fr\/telecharger\/#breadcrumb","itemListElement":[{"@type":"ListItem","position":1,"name":"Home","item":"https:\/\/www.pei.it\/fr\/"},{"@type":"ListItem","position":2,"name":"T\u00c9L\u00c9CHARGER"}]},{"@type":"WebSite","@id":"https:\/\/www.pei.it\/fr\/#website","url":"https:\/\/www.pei.it\/fr\/","name":"PEI","description":"Protezioni per macchine utensili, avvolgibili, telescopiche","potentialAction":[{"@type":"SearchAction","target":{"@type":"EntryPoint","urlTemplate":"https:\/\/www.pei.it\/fr\/?s={search_term_string}"},"query-input":{"@type":"PropertyValueSpecification","valueRequired":true,"valueName":"search_term_string"}}],"inLanguage":"fr-FR"}]}},"_links":{"self":[{"href":"https:\/\/www.pei.it\/fr\/wp-json\/wp\/v2\/pages\/63934","targetHints":{"allow":["GET"]}}],"collection":[{"href":"https:\/\/www.pei.it\/fr\/wp-json\/wp\/v2\/pages"}],"about":[{"href":"https:\/\/www.pei.it\/fr\/wp-json\/wp\/v2\/types\/page"}],"author":[{"embeddable":true,"href":"https:\/\/www.pei.it\/fr\/wp-json\/wp\/v2\/users\/1"}],"replies":[{"embeddable":true,"href":"https:\/\/www.pei.it\/fr\/wp-json\/wp\/v2\/comments?post=63934"}],"version-history":[{"count":10,"href":"https:\/\/www.pei.it\/fr\/wp-json\/wp\/v2\/pages\/63934\/revisions"}],"predecessor-version":[{"id":65025,"href":"https:\/\/www.pei.it\/fr\/wp-json\/wp\/v2\/pages\/63934\/revisions\/65025"}],"wp:attachment":[{"href":"https:\/\/www.pei.it\/fr\/wp-json\/wp\/v2\/media?parent=63934"}],"curies":[{"name":"wp","href":"https:\/\/api.w.org\/{rel}","templated":true}]}}