{"id":33058,"date":"2021-11-04T09:52:40","date_gmt":"2021-11-04T09:52:40","guid":{"rendered":"https:\/\/www.pei.it\/?page_id=33058"},"modified":"2026-03-26T09:01:39","modified_gmt":"2026-03-26T09:01:39","slug":"coperture-telescopiche","status":"publish","type":"page","link":"https:\/\/www.pei.it\/it\/coperture-telescopiche\/","title":{"rendered":"Coperture telescopiche"},"content":{"rendered":"<div class=\"wpb-content-wrapper\">[vc_row element_id=&#8221;790331&#8243; el_class=&#8221;product-cards&#8221; el_id=&#8221;sinergie-carousel&#8221;][vc_column]<h2 class=\"et-heading text-align-center tablet-text-align-inherit mobile-text-align-inherit animate-false no-animation-type\" id=\"et-heading-292022\" data-delay=\"0\" data-mobile-font=\"inherit\" data-mobile-line-height=\"inherit\" data-tablet-landscape-font=\"inherit\" data-tablet-portrait-font=\"inherit\" data-tablet-landscape-line-height=\"inherit\" data-tablet-portrait-line-height=\"inherit\" data-parallax=\"false\" data-move=\"false\" data-coordinatex=\"0\" data-coordinatey=\"0\" data-speed=\"10\"><span class=\"text-wrapper\"><span class=\"text\">I prodotti<\/span><\/span><\/h2>[vc_row_inner element_id=&#8221;179095&#8243; el_class=&#8221;riga_smistamento&#8221;][vc_column_inner width=&#8221;1\/3&#8243;][vc_single_image image=&#8221;64857&#8243; img_size=&#8221;250&#215;250&#8243; alignment=&#8221;center&#8221; style=&#8221;vc_box_outline_circle&#8221; css=&#8221;&#8221;][vc_column_text animation_delay=&#8221;0&#8243;]\n<h4 class=\"testo_smistamento\">Standard<\/h4>\n[\/vc_column_text][vc_btn title=&#8221;Scopri di pi\u00f9&#8221; style=&#8221;custom&#8221; custom_background=&#8221;#e34529&#8243; custom_text=&#8221;#ffffff&#8221; shape=&#8221;round&#8221; size=&#8221;sm&#8221; link=&#8221;url:%2Fit%2Fprodotti%2Fcoperture-telescopiche-standard%2F|title:Coperture%20Telescopiche%20Standard&#8221;][\/vc_column_inner][vc_column_inner width=&#8221;1\/3&#8243;][vc_single_image image=&#8221;35297&#8243; img_size=&#8221;250&#215;250&#8243; alignment=&#8221;center&#8221; style=&#8221;vc_box_outline_circle&#8221;][vc_column_text animation_delay=&#8221;0&#8243;]\n<h4 class=\"testo_smistamento\">Speciali<\/h4>\n[\/vc_column_text][vc_btn title=&#8221;Scopri di pi\u00f9&#8221; style=&#8221;custom&#8221; custom_background=&#8221;#e34529&#8243; custom_text=&#8221;#ffffff&#8221; shape=&#8221;round&#8221; size=&#8221;sm&#8221; link=&#8221;url:%2Fit%2Fprodotti%2Fcoperture-telescopiche-speciali-2%2F|title:Coperture%20Telescopiche%20Speciali&#8221;][\/vc_column_inner][vc_column_inner width=&#8221;1\/3&#8243;][vc_single_image image=&#8221;33213&#8243; img_size=&#8221;250&#215;250&#8243; alignment=&#8221;right&#8221; style=&#8221;vc_box_outline_circle&#8221;][vc_column_text animation_delay=&#8221;0&#8243;]\n<h4 class=\"testo_smistamento\">Leggere<\/h4>\n[\/vc_column_text][vc_btn title=&#8221;Scopri di pi\u00f9&#8221; style=&#8221;custom&#8221; custom_background=&#8221;#e34529&#8243; custom_text=&#8221;#ffffff&#8221; shape=&#8221;round&#8221; size=&#8221;sm&#8221; link=&#8221;url:%2Fit%2Fprodotti%2Fcoperture_telescopiche_leggere%2F|title:Coperture%20Telescopiche%20Leggere&#8221;][\/vc_column_inner][\/vc_row_inner][vc_row_inner element_id=&#8221;334810&#8243; el_class=&#8221;riga_smistamento&#8221;][vc_column_inner width=&#8221;1\/3&#8243;][vc_single_image image=&#8221;33252&#8243; img_size=&#8221;250&#215;250&#8243; alignment=&#8221;center&#8221; style=&#8221;vc_box_outline_circle&#8221;][vc_column_text animation_delay=&#8221;0&#8243;]\n<h4 class=\"testo_smistamento\">Compatte<\/h4>\n[\/vc_column_text][vc_btn title=&#8221;Scopri di pi\u00f9&#8221; style=&#8221;custom&#8221; custom_background=&#8221;#e34529&#8243; custom_text=&#8221;#ffffff&#8221; shape=&#8221;round&#8221; size=&#8221;sm&#8221; link=&#8221;url:%2Fit%2Fprodotti%2Fcoperture-telescopiche-compatte%2F|title:Coperture%20Telescopiche%20Compatte&#8221;][\/vc_column_inner][vc_column_inner width=&#8221;1\/3&#8243;][vc_single_image image=&#8221;33284&#8243; img_size=&#8221;250&#215;250&#8243; alignment=&#8221;center&#8221; style=&#8221;vc_box_outline_circle&#8221;][vc_column_text animation_delay=&#8221;0&#8243;]\n<h4 class=\"testo_smistamento\">Compatte doppie<\/h4>\n[\/vc_column_text][vc_btn title=&#8221;Scopri di pi\u00f9&#8221; style=&#8221;custom&#8221; custom_background=&#8221;#e34529&#8243; custom_text=&#8221;#ffffff&#8221; shape=&#8221;round&#8221; size=&#8221;sm&#8221; link=&#8221;url:%2Fit%2Fprodotti%2Fcoperture-telescopiche-compatte-doppie%2F|title:Coperture%20Telescopiche%20Compatte%20Doppie&#8221;][\/vc_column_inner][vc_column_inner width=&#8221;1\/3&#8243;][vc_single_image image=&#8221;64861&#8243; img_size=&#8221;250&#215;250&#8243; alignment=&#8221;center&#8221; style=&#8221;vc_box_outline_circle&#8221; css=&#8221;&#8221;][vc_column_text animation_delay=&#8221;0&#8243;]\n<h4 class=\"testo_smistamento\">Compatte quadrate<\/h4>\n[\/vc_column_text][vc_btn title=&#8221;Scopri di pi\u00f9&#8221; style=&#8221;custom&#8221; custom_background=&#8221;#e34529&#8243; custom_text=&#8221;#ffffff&#8221; shape=&#8221;round&#8221; size=&#8221;sm&#8221; link=&#8221;url:%2Fprodotti%2Fcoperture-telescopiche-compatte-quadrate%2F|title:Coperture%20Telescopiche%20Compatte%20Quadrate&#8221;][\/vc_column_inner][\/vc_row_inner][vc_row_inner element_id=&#8221;370954&#8243; el_class=&#8221;riga_smistamento&#8221;][vc_column_inner width=&#8221;1\/3&#8243;][vc_single_image image=&#8221;33304&#8243; img_size=&#8221;250&#215;250&#8243; alignment=&#8221;center&#8221; style=&#8221;vc_box_outline_circle&#8221;][vc_column_text animation_delay=&#8221;0&#8243;]\n<h4 class=\"testo_smistamento\">Compatte rotonde<\/h4>\n[\/vc_column_text][vc_btn title=&#8221;Scopri di pi\u00f9&#8221; style=&#8221;custom&#8221; custom_background=&#8221;#e34529&#8243; custom_text=&#8221;#ffffff&#8221; shape=&#8221;round&#8221; size=&#8221;sm&#8221; link=&#8221;url:%2Fprodotti%2Fcoperture-telescopiche-compatte-rotonde%2F|title:Coperture%20Telescopiche%20Compatte%20Rotonde&#8221;][\/vc_column_inner][vc_column_inner width=&#8221;1\/3&#8243;][vc_single_image image=&#8221;33320&#8243; img_size=&#8221;250&#215;250&#8243; alignment=&#8221;center&#8221; style=&#8221;vc_box_outline_circle&#8221;][vc_column_text animation_delay=&#8221;0&#8243;]\n<h4 class=\"testo_smistamento\">Compatte smontabili<\/h4>\n[\/vc_column_text][vc_btn title=&#8221;Scopri di pi\u00f9&#8221; style=&#8221;custom&#8221; custom_background=&#8221;#e34529&#8243; custom_text=&#8221;#ffffff&#8221; shape=&#8221;round&#8221; size=&#8221;sm&#8221; link=&#8221;url:%2Fit%2Fprodotti%2Fcoperture-telescopiche-compatte-smontabili%2F|title:Coperture%20Telescopiche%20Compatte%20Smontabili&#8221;][\/vc_column_inner][vc_column_inner width=&#8221;1\/3&#8243;][vc_single_image image=&#8221;33372&#8243; img_size=&#8221;250&#215;250&#8243; alignment=&#8221;center&#8221; style=&#8221;vc_box_outline_circle&#8221;][vc_column_text animation_delay=&#8221;0&#8243;]\n<h4 class=\"testo_smistamento\">Impermeabili<\/h4>\n[\/vc_column_text][vc_btn title=&#8221;Scopri di pi\u00f9&#8221; style=&#8221;custom&#8221; custom_background=&#8221;#e34529&#8243; custom_text=&#8221;#ffffff&#8221; shape=&#8221;round&#8221; size=&#8221;sm&#8221; link=&#8221;url:%2Fit%2Fprodotti%2Fcoperture-telescopiche-impermeabili%2F|title:Coperture%20Telescopiche%20Impermeabili&#8221;][\/vc_column_inner][\/vc_row_inner][vc_row_inner element_id=&#8221;730747&#8243; el_class=&#8221;riga_smistamento&#8221;][vc_column_inner width=&#8221;1\/3&#8243;][\/vc_column_inner][vc_column_inner width=&#8221;1\/3&#8243;][vc_single_image image=&#8221;51118&#8243; img_size=&#8221;250&#215;250&#8243; alignment=&#8221;center&#8221; style=&#8221;vc_box_outline_circle&#8221;][vc_column_text animation_delay=&#8221;0&#8243;]\n<h4 class=\"testo_smistamento\">Revisioni<\/h4>\n[\/vc_column_text][vc_btn title=&#8221;Scopri di pi\u00f9&#8221; style=&#8221;custom&#8221; custom_background=&#8221;#e34529&#8243; custom_text=&#8221;#ffffff&#8221; shape=&#8221;round&#8221; size=&#8221;sm&#8221; link=&#8221;url:%2Fit%2Fprodotti%2Fcoperture-telescopiche-revisioni%2F|title:Coperture%20Telescopiche%20Revisioni&#8221;][\/vc_column_inner][vc_column_inner width=&#8221;1\/3&#8243;][\/vc_column_inner][\/vc_row_inner][vc_column_text animation_delay=&#8221;0&#8243; el_class=&#8221;page_text&#8221;]L\u2019acciaio utilizzato nella costruzione delle coperture telescopiche PEI \u00e8 di altissima qualit\u00e0 per planarit\u00e0, resistenza alla corrosione e resistenza all\u2019usura. Gli spessori utilizzati variano da 1,5 a 3 mm.<br \/>\nLe Coperture Telescopiche sono disponibili anche in acciaio inox.[\/vc_column_text]<div class=\"et-separator et-clearfix animate-false solid center horizontal et-separator-875676\" data-delay=\"\"><div class=\"line\"><\/div><\/div>[vc_row_inner element_id=&#8221;527631&#8243; el_class=&#8221;Cop_Tel_Row&#8221;][vc_column_inner el_class=&#8221;Cop_Tel_First_Col&#8221;]<h2 class=\"et-heading text-align-center tablet-text-align-inherit mobile-text-align-inherit animate-false no-animation-type\" id=\"et-heading-431834\" data-delay=\"0\" data-mobile-font=\"inherit\" data-mobile-line-height=\"inherit\" data-tablet-landscape-font=\"inherit\" data-tablet-portrait-font=\"inherit\" data-tablet-landscape-line-height=\"inherit\" data-tablet-portrait-line-height=\"inherit\" data-parallax=\"false\" data-move=\"false\" data-coordinatex=\"0\" data-coordinatey=\"0\" data-speed=\"10\"><span class=\"text-wrapper\"><span class=\"text\">Scopri tutta la documentazione tecnica dei prodotti PEI.<\/span><\/span><\/h2>[vc_single_image image=&#8221;53675&#8243; img_size=&#8221;250&#215;250&#8243; alignment=&#8221;center&#8221; css=&#8221;.vc_custom_1769077239514{padding-bottom: 20px !important;}&#8221; el_class=&#8221;catalogo_smistamento&#8221;][vc_btn title=&#8221;Documentazione tecnica&#8221; style=&#8221;custom&#8221; custom_background=&#8221;#e34529&#8243; custom_text=&#8221;#ffffff&#8221; shape=&#8221;round&#8221; size=&#8221;sm&#8221; align=&#8221;center&#8221; css=&#8221;.vc_custom_1769181045811{padding-bottom: 10px !important;}&#8221; link=&#8221;url:https%3A%2F%2Fwww.pei.it%2Fit%2Fdownload%2F|title:DOWNLOAD|target:_blank&#8221;]<div class=\"et-separator et-clearfix animate-false solid center horizontal et-separator-875676\" data-delay=\"\"><div class=\"line\"><\/div><\/div>[\/vc_column_inner][\/vc_row_inner][\/vc_column][\/vc_row]\n<\/div>","protected":false},"excerpt":{"rendered":"<p>[vc_row element_id=&#8221;790331&#8243; el_class=&#8221;product-cards&#8221; el_id=&#8221;sinergie-carousel&#8221;][vc_column][vc_row_inner element_id=&#8221;179095&#8243; el_class=&#8221;riga_smistamento&#8221;][vc_column_inner width=&#8221;1\/3&#8243;][vc_single_image image=&#8221;64857&#8243; img_size=&#8221;250&#215;250&#8243; alignment=&#8221;center&#8221; style=&#8221;vc_box_outline_circle&#8221; css=&#8221;&#8221;][vc_column_text animation_delay=&#8221;0&#8243;] Standard [\/vc_column_text][vc_btn title=&#8221;Scopri di pi\u00f9&#8221; style=&#8221;custom&#8221; custom_background=&#8221;#e34529&#8243; custom_text=&#8221;#ffffff&#8221; shape=&#8221;round&#8221; size=&#8221;sm&#8221; link=&#8221;url:%2Fit%2Fprodotti%2Fcoperture-telescopiche-standard%2F|title:Coperture%20Telescopiche%20Standard&#8221;][\/vc_column_inner][vc_column_inner width=&#8221;1\/3&#8243;][vc_single_image image=&#8221;35297&#8243; img_size=&#8221;250&#215;250&#8243; alignment=&#8221;center&#8221; style=&#8221;vc_box_outline_circle&#8221;][vc_column_text animation_delay=&#8221;0&#8243;] Speciali [\/vc_column_text][vc_btn title=&#8221;Scopri di pi\u00f9&#8221; style=&#8221;custom&#8221; custom_background=&#8221;#e34529&#8243; custom_text=&#8221;#ffffff&#8221; shape=&#8221;round&#8221; size=&#8221;sm&#8221; link=&#8221;url:%2Fit%2Fprodotti%2Fcoperture-telescopiche-speciali-2%2F|title:Coperture%20Telescopiche%20Speciali&#8221;][\/vc_column_inner][vc_column_inner width=&#8221;1\/3&#8243;][vc_single_image image=&#8221;33213&#8243; img_size=&#8221;250&#215;250&#8243; alignment=&#8221;right&#8221; style=&#8221;vc_box_outline_circle&#8221;][vc_column_text animation_delay=&#8221;0&#8243;] Leggere [\/vc_column_text][vc_btn title=&#8221;Scopri di pi\u00f9&#8221; style=&#8221;custom&#8221; custom_background=&#8221;#e34529&#8243; custom_text=&#8221;#ffffff&#8221; [&hellip;]<\/p>\n","protected":false},"author":1,"featured_media":0,"parent":0,"menu_order":0,"comment_status":"closed","ping_status":"closed","template":"page_limpresa.php","meta":{"_acf_changed":false,"footnotes":""},"class_list":["post-33058","page","type-page","status-publish","hentry"],"acf":[],"yoast_head":"<!-- This site is optimized with the Yoast SEO plugin v26.9 - https:\/\/yoast.com\/product\/yoast-seo-wordpress\/ -->\n<title>Coperture telescopiche per Macchine utensili- PEI<\/title>\n<meta name=\"description\" content=\"Entra sul sito di PEI e scopri tutte le caratteristiche delle coperture telescopiche progettate per adattarsi a tutti i tipi di macchine utensili.\" \/>\n<meta name=\"robots\" content=\"index, follow, max-snippet:-1, max-image-preview:large, max-video-preview:-1\" \/>\n<link rel=\"canonical\" href=\"https:\/\/www.pei.it\/it\/coperture-telescopiche\/\" \/>\n<meta property=\"og:locale\" content=\"it_IT\" \/>\n<meta property=\"og:type\" content=\"article\" \/>\n<meta property=\"og:title\" content=\"Coperture telescopiche per Macchine utensili- PEI\" \/>\n<meta property=\"og:description\" content=\"Entra sul sito di PEI e scopri tutte le caratteristiche delle coperture telescopiche progettate per adattarsi a tutti i tipi di macchine utensili.\" \/>\n<meta property=\"og:url\" content=\"https:\/\/www.pei.it\/it\/coperture-telescopiche\/\" \/>\n<meta property=\"og:site_name\" content=\"PEI\" \/>\n<meta property=\"article:modified_time\" content=\"2026-03-26T09:01:39+00:00\" \/>\n<meta name=\"twitter:card\" content=\"summary_large_image\" \/>\n<meta name=\"twitter:label1\" content=\"Tempo di lettura stimato\" \/>\n\t<meta name=\"twitter:data1\" content=\"2 minuti\" \/>\n<script type=\"application\/ld+json\" class=\"yoast-schema-graph\">{\"@context\":\"https:\/\/schema.org\",\"@graph\":[{\"@type\":\"WebPage\",\"@id\":\"https:\/\/www.pei.it\/it\/coperture-telescopiche\/\",\"url\":\"https:\/\/www.pei.it\/it\/coperture-telescopiche\/\",\"name\":\"Coperture telescopiche per Macchine utensili- PEI\",\"isPartOf\":{\"@id\":\"https:\/\/www.pei.it\/it\/#website\"},\"datePublished\":\"2021-11-04T09:52:40+00:00\",\"dateModified\":\"2026-03-26T09:01:39+00:00\",\"description\":\"Entra sul sito di PEI e scopri tutte le caratteristiche delle coperture telescopiche progettate per adattarsi a tutti i tipi di macchine utensili.\",\"breadcrumb\":{\"@id\":\"https:\/\/www.pei.it\/it\/coperture-telescopiche\/#breadcrumb\"},\"inLanguage\":\"it-IT\",\"potentialAction\":[{\"@type\":\"ReadAction\",\"target\":[\"https:\/\/www.pei.it\/it\/coperture-telescopiche\/\"]}]},{\"@type\":\"BreadcrumbList\",\"@id\":\"https:\/\/www.pei.it\/it\/coperture-telescopiche\/#breadcrumb\",\"itemListElement\":[{\"@type\":\"ListItem\",\"position\":1,\"name\":\"Home\",\"item\":\"https:\/\/www.pei.it\/it\/\"},{\"@type\":\"ListItem\",\"position\":2,\"name\":\"Coperture telescopiche\"}]},{\"@type\":\"WebSite\",\"@id\":\"https:\/\/www.pei.it\/it\/#website\",\"url\":\"https:\/\/www.pei.it\/it\/\",\"name\":\"PEI\",\"description\":\"Protezioni per macchine utensili, avvolgibili, telescopiche\",\"potentialAction\":[{\"@type\":\"SearchAction\",\"target\":{\"@type\":\"EntryPoint\",\"urlTemplate\":\"https:\/\/www.pei.it\/it\/?s={search_term_string}\"},\"query-input\":{\"@type\":\"PropertyValueSpecification\",\"valueRequired\":true,\"valueName\":\"search_term_string\"}}],\"inLanguage\":\"it-IT\"}]}<\/script>\n<!-- \/ Yoast SEO plugin. -->","yoast_head_json":{"title":"Coperture telescopiche per Macchine utensili- PEI","description":"Entra sul sito di PEI e scopri tutte le caratteristiche delle coperture telescopiche progettate per adattarsi a tutti i tipi di macchine utensili.","robots":{"index":"index","follow":"follow","max-snippet":"max-snippet:-1","max-image-preview":"max-image-preview:large","max-video-preview":"max-video-preview:-1"},"canonical":"https:\/\/www.pei.it\/it\/coperture-telescopiche\/","og_locale":"it_IT","og_type":"article","og_title":"Coperture telescopiche per Macchine utensili- PEI","og_description":"Entra sul sito di PEI e scopri tutte le caratteristiche delle coperture telescopiche progettate per adattarsi a tutti i tipi di macchine utensili.","og_url":"https:\/\/www.pei.it\/it\/coperture-telescopiche\/","og_site_name":"PEI","article_modified_time":"2026-03-26T09:01:39+00:00","twitter_card":"summary_large_image","twitter_misc":{"Tempo di lettura stimato":"2 minuti"},"schema":{"@context":"https:\/\/schema.org","@graph":[{"@type":"WebPage","@id":"https:\/\/www.pei.it\/it\/coperture-telescopiche\/","url":"https:\/\/www.pei.it\/it\/coperture-telescopiche\/","name":"Coperture telescopiche per Macchine utensili- PEI","isPartOf":{"@id":"https:\/\/www.pei.it\/it\/#website"},"datePublished":"2021-11-04T09:52:40+00:00","dateModified":"2026-03-26T09:01:39+00:00","description":"Entra sul sito di PEI e scopri tutte le caratteristiche delle coperture telescopiche progettate per adattarsi a tutti i tipi di macchine utensili.","breadcrumb":{"@id":"https:\/\/www.pei.it\/it\/coperture-telescopiche\/#breadcrumb"},"inLanguage":"it-IT","potentialAction":[{"@type":"ReadAction","target":["https:\/\/www.pei.it\/it\/coperture-telescopiche\/"]}]},{"@type":"BreadcrumbList","@id":"https:\/\/www.pei.it\/it\/coperture-telescopiche\/#breadcrumb","itemListElement":[{"@type":"ListItem","position":1,"name":"Home","item":"https:\/\/www.pei.it\/it\/"},{"@type":"ListItem","position":2,"name":"Coperture telescopiche"}]},{"@type":"WebSite","@id":"https:\/\/www.pei.it\/it\/#website","url":"https:\/\/www.pei.it\/it\/","name":"PEI","description":"Protezioni per macchine utensili, avvolgibili, telescopiche","potentialAction":[{"@type":"SearchAction","target":{"@type":"EntryPoint","urlTemplate":"https:\/\/www.pei.it\/it\/?s={search_term_string}"},"query-input":{"@type":"PropertyValueSpecification","valueRequired":true,"valueName":"search_term_string"}}],"inLanguage":"it-IT"}]}},"_links":{"self":[{"href":"https:\/\/www.pei.it\/it\/wp-json\/wp\/v2\/pages\/33058","targetHints":{"allow":["GET"]}}],"collection":[{"href":"https:\/\/www.pei.it\/it\/wp-json\/wp\/v2\/pages"}],"about":[{"href":"https:\/\/www.pei.it\/it\/wp-json\/wp\/v2\/types\/page"}],"author":[{"embeddable":true,"href":"https:\/\/www.pei.it\/it\/wp-json\/wp\/v2\/users\/1"}],"replies":[{"embeddable":true,"href":"https:\/\/www.pei.it\/it\/wp-json\/wp\/v2\/comments?post=33058"}],"version-history":[{"count":20,"href":"https:\/\/www.pei.it\/it\/wp-json\/wp\/v2\/pages\/33058\/revisions"}],"predecessor-version":[{"id":64869,"href":"https:\/\/www.pei.it\/it\/wp-json\/wp\/v2\/pages\/33058\/revisions\/64869"}],"wp:attachment":[{"href":"https:\/\/www.pei.it\/it\/wp-json\/wp\/v2\/media?parent=33058"}],"curies":[{"name":"wp","href":"https:\/\/api.w.org\/{rel}","templated":true}]}}