{"id":21465,"date":"2021-06-21T10:04:09","date_gmt":"2021-06-21T10:04:09","guid":{"rendered":"\/home\/"},"modified":"2026-03-26T08:35:58","modified_gmt":"2026-03-26T08:35:58","slug":"home","status":"publish","type":"page","link":"https:\/\/www.pei.it\/tr\/","title":{"rendered":"Home"},"content":{"rendered":"<div class=\"wpb-content-wrapper\">[vc_row element_id=&#8221;660103&#8243; el_class=&#8221;blue-cards&#8221;][vc_column animation_delay=&#8221;0&#8243; width=&#8221;1\/3&#8243; element_id=&#8221;75557&#8243; css=&#8221;.vc_custom_1626277691837{background-color: #b8e1fe !important;}&#8221; crp=&#8221;480:i:i,480-768:i:i,768-1024:i:i,1024-1280:i:i,1280-1366:i:i,1366-1600:i:i,1600-1920:i:i&#8221;][vc_column_text animation_delay=&#8221;0&#8243; css=&#8221;&#8221;]\n<h3 style=\"text-align: center;\"><span style=\"color: #2990d8;\"> \u0130novasyon <\/span><\/h3>\n<p style=\"text-align: center;\"><span style=\"color: #2990d8;\">Ara\u015ft\u0131rma ve teknolojik inovasyon bizim temel ta\u015flar\u0131m\u0131zd\u0131r. PEI korumalar\u0131, m\u00fc\u015fterilerin her t\u00fcrl\u00fc ihtiyac\u0131n\u0131 \u00f6zel teknik \u00e7\u00f6z\u00fcmlerle kar\u015f\u0131lamak i\u00e7in geli\u015ftirilmi\u015ftir.<\/span><\/p>\n[\/vc_column_text][\/vc_column][vc_column animation_delay=&#8221;0&#8243; width=&#8221;1\/3&#8243; element_id=&#8221;608196&#8243; css=&#8221;.vc_custom_1626277436061{background-color: #2990d8 !important;}&#8221; crp=&#8221;480:i:i,480-768:i:i,768-1024:i:i,1024-1280:i:i,1280-1366:i:i,1366-1600:i:i,1600-1920:i:i&#8221;][vc_column_text animation_delay=&#8221;0&#8243; css=&#8221;&#8221;]\n<h3 style=\"text-align: center;\"><span style=\"color: #ffffff;\"> Kalite <\/span><\/h3>\n<p style=\"text-align: center;\"><span style=\"color: #ffffff;\">Piyasadaki en eksiksiz ve e\u015fsiz dinamik korumalar\u0131 yelpazesi: PEI, m\u00fc\u015fteri ile birlikte ger\u00e7ekle\u015ftirilen ve m\u00fc\u015fteriye makine i\u00e7in en iyi korumay\u0131 se\u00e7me \u00f6zg\u00fcrl\u00fc\u011f\u00fcn\u00fc garanti eden ortam tasar\u0131mdan itibaren t\u00fcm s\u00fcreci y\u00f6netmektedir.<\/span><\/p>\n[\/vc_column_text][\/vc_column][vc_column animation_delay=&#8221;0&#8243; width=&#8221;1\/3&#8243; element_id=&#8221;98034&#8243; css=&#8221;.vc_custom_1626277703991{background-color: #b8e1fe !important;}&#8221; crp=&#8221;480:i:i,480-768:i:i,768-1024:i:i,1024-1280:i:i,1280-1366:i:i,1366-1600:i:i,1600-1920:i:i&#8221;][vc_column_text animation_delay=&#8221;0&#8243; css=&#8221;&#8221;]\n<h3 style=\"text-align: center;\"><span style=\"color: #2990d8;\">Eksiksiz \u00dcr\u00fcn Yelpazesi<\/span><\/h3>\n<p style=\"text-align: center;\"><span style=\"color: #2990d8;\">PEI, eksiksiz bir koruma \u00fcr\u00fcn yelpazesi sunar: Her t\u00fcr tak\u0131m tezgah\u0131 i\u00e7in yedek par\u00e7a tasarlayabiliriz, \u00fcretebiliriz ve pazarlayabiliriz.<\/span><\/p>\n[\/vc_column_text][\/vc_column][\/vc_row][vc_row full_width=&#8221;stretch_row_content&#8221; element_id=&#8221;961815&#8243;][vc_column animation_delay=&#8221;0&#8243; element_id=&#8221;42626&#8243; crp=&#8221;480:i:i,480-768:i:i,768-1024:i:i,1024-1280:i:i,1280-1366:i:i,1366-1600:i:i,1600-1920:i:i&#8221;][vc_column_text animation_delay=&#8221;0&#8243; css=&#8221;.vc_custom_1631701708898{border-bottom-width: 50px !important;padding-bottom: 50px !important;}&#8221;]\n<h4 style=\"text-align: center;\"><span class=\"et-font-size\" data-fontsize=\"32px\" data-lineheight=\"10px\">PEI d\u00fcnyas\u0131na ho\u015f geldiniz:<\/span><\/h4>\n<p style=\"text-align: center;\"><span class=\"et-font-size\" data-fontsize=\"20px\" data-lineheight=\"10px\">Dinamik makine korumalar\u0131nda d\u00fcnya lideri.<\/span>\n[\/vc_column_text][\/vc_column][\/vc_row][vc_row full_width=&#8221;stretch_row_content&#8221; element_id=&#8221;671499&#8243; css=&#8221;.vc_custom_1626438755899{padding-top: 10px !important;}&#8221; el_class=&#8221;full-width product-cards&#8221;][vc_column animation_delay=&#8221;0&#8243; element_id=&#8221;736157&#8243; el_class=&#8221;prodotti&#8221; crp=&#8221;480:i:i,480-768:i:i,768-1024:i:i,1024-1280:i:i,1280-1366:i:i,1366-1600:i:i,1600-1920:i:i&#8221;]<div id=\"et-carousel-1\" class=\"et-carousel owl-carousel et-item-set effect-none navigation-only-dottes\" data-autoplay=\"false\" data-columns=\"3\" data-gap=\"24\"><div class=\"et-carousel-item et-item et-clearfix\">[vc_single_image image=&#8221;64843&#8243; img_size=&#8221;500&#215;500&#8243; alignment=&#8221;center&#8221; css=&#8221;&#8221;][vc_column_text animation_delay=&#8221;0&#8243;]\n<h4>Teleskopik \u00f6rt\u00fcler<\/h4>\n[\/vc_column_text][vc_btn title=&#8221;Daha fazlas\u0131n\u0131 ke\u015ffedin&#8221; style=&#8221;custom&#8221; custom_background=&#8221;#e34529&#8243; custom_text=&#8221;#ffffff&#8221; shape=&#8221;round&#8221; size=&#8221;sm&#8221; link=&#8221;url:https%3A%2F%2Fwww.pei.it%2Ftr%2Fteleskopik-ortuler%2F|title:TELESKOP%C4%B0K%20KAPAKLAR&#8221; el_class=&#8221;round_button&#8221;]<\/div><div class=\"et-carousel-item et-item et-clearfix\">[vc_single_image image=&#8221;24705&#8243; img_size=&#8221;500&#215;500&#8243;][vc_column_text animation_delay=&#8221;0&#8243;]\n<h4>Sar\u0131labilir siperler<\/h4>\n[\/vc_column_text][vc_btn title=&#8221;Daha fazlas\u0131n\u0131 ke\u015ffedin&#8221; style=&#8221;custom&#8221; custom_background=&#8221;#e34529&#8243; custom_text=&#8221;#ffffff&#8221; shape=&#8221;round&#8221; link=&#8221;url:https%3A%2F%2Fwww.pei.it%2Ftr%2Fsarilabilir-siperler%2F|title:Sar%C4%B1labilir%20siperler&#8221; el_class=&#8221;round_button&#8221;]<\/div><div class=\"et-carousel-item et-item et-clearfix\">[vc_single_image image=&#8221;24785&#8243; img_size=&#8221;500&#215;500&#8243;][vc_column_text animation_delay=&#8221;0&#8243;]\n<h4>Motorlu dikey kepenkler<\/h4>\n[\/vc_column_text][vc_btn title=&#8221;Daha fazlas\u0131n\u0131 ke\u015ffedin&#8221; style=&#8221;custom&#8221; custom_background=&#8221;#e34529&#8243; custom_text=&#8221;#ffffff&#8221; shape=&#8221;round&#8221; link=&#8221;url:https%3A%2F%2Fwww.pei.it%2Ftr%2Fueruenler%2Fmotorlu-dikey-kepenkler%2F|title:WALL%20ROLL-UP%20COVER&#8221; el_class=&#8221;round_button&#8221;]<\/div><div class=\"et-carousel-item et-item et-clearfix\">[vc_single_image image=&#8221;24745&#8243; img_size=&#8221;500&#215;500&#8243;][vc_column_text animation_delay=&#8221;0&#8243;]\n<h4>K\u00f6r\u00fckler<\/h4>\n[\/vc_column_text][vc_btn title=&#8221;Daha fazlas\u0131n\u0131 ke\u015ffedin&#8221; style=&#8221;custom&#8221; custom_background=&#8221;#e34529&#8243; custom_text=&#8221;#ffffff&#8221; shape=&#8221;round&#8221; link=&#8221;url:https%3A%2F%2Fwww.pei.it%2Ftr%2Fkorukler%2F|title:Is%C4%B1l%20Kaynakl%C4%B1%20K%C3%B6r%C3%BCkler&#8221; el_class=&#8221;round_button&#8221;]<\/div><div class=\"et-carousel-item et-item et-clearfix\">[vc_single_image image=&#8221;24729&#8243; img_size=&#8221;500&#215;500&#8243;][vc_column_text animation_delay=&#8221;0&#8243;]\n<h4>Dairesel k\u00f6r\u00fckler<\/h4>\n[\/vc_column_text][vc_btn title=&#8221;Daha fazlas\u0131n\u0131 ke\u015ffedin&#8221; style=&#8221;custom&#8221; custom_background=&#8221;#e34529&#8243; custom_text=&#8221;#ffffff&#8221; shape=&#8221;round&#8221; link=&#8221;url:https%3A%2F%2Fwww.pei.it%2Ftr%2Fueruenler%2Fisil-kaynakli-su-geirmez-dairesel-krkler%2F|title:Yuvarlak%20Diki%C5%9Fli%20K%C3%B6r%C3%BCkler&#8221; el_class=&#8221;round_button&#8221;]<\/div><div class=\"et-carousel-item et-item et-clearfix\">[vc_single_image image=&#8221;24721&#8243; img_size=&#8221;500&#215;500&#8243;][vc_column_text animation_delay=&#8221;0&#8243;]\n<h4>X-Y kalkanlar<\/h4>\n[\/vc_column_text][vc_btn title=&#8221;Daha fazlas\u0131n\u0131 ke\u015ffedin&#8221; style=&#8221;custom&#8221; custom_background=&#8221;#e34529&#8243; custom_text=&#8221;#ffffff&#8221; shape=&#8221;round&#8221; link=&#8221;url:https%3A%2F%2Fwww.pei.it%2Ftr%2Fx-y-moduler-kalkanlar%2F|title:KORUYUCU%20X-Y&#8221; el_class=&#8221;round_button&#8221;]<\/div><div class=\"et-carousel-item et-item et-clearfix\">[vc_single_image image=&#8221;24777&#8243; img_size=&#8221;500&#215;500&#8243;][vc_column_text animation_delay=&#8221;0&#8243;]\n<h4>\u00dcst k\u00f6r\u00fckler<\/h4>\n[\/vc_column_text][vc_btn title=&#8221;Daha fazlas\u0131n\u0131 ke\u015ffedin&#8221; style=&#8221;custom&#8221; custom_background=&#8221;#e34529&#8243; custom_text=&#8221;#ffffff&#8221; shape=&#8221;round&#8221; link=&#8221;url:https%3A%2F%2Fwww.pei.it%2Ftr%2Fust-korukler%2F|title:WAVE%20SKY&#8221; el_class=&#8221;round_button&#8221;]<\/div><div class=\"et-carousel-item et-item et-clearfix\">[vc_single_image image=&#8221;24713&#8243; img_size=&#8221;500&#215;500&#8243;][vc_column_text animation_delay=&#8221;0&#8243;]\n<h4>Ya\u011f s\u0131y\u0131r\u0131c\u0131lar\u0131 ve f\u0131r\u00e7alar<\/h4>\n[\/vc_column_text][vc_btn title=&#8221;Daha fazlas\u0131n\u0131 ke\u015ffedin&#8221; style=&#8221;custom&#8221; custom_background=&#8221;#e34529&#8243; custom_text=&#8221;#ffffff&#8221; shape=&#8221;round&#8221; link=&#8221;url:https%3A%2F%2Fwww.pei.it%2Ftr%2Fyag-siyiricilari-ve-fircalar%2F|title:K%C4%B1zaklar%20i%C3%A7in%20%C5%9Fekilli%20s%C4%B1y%C4%B1r%C4%B1c%C4%B1lar&#8221; el_class=&#8221;round_button&#8221;]<\/div><\/div>[\/vc_column][\/vc_row][vc_row full_width=&#8221;stretch_row_content&#8221; element_id=&#8221;548137&#8243;][vc_column animation_delay=&#8221;0&#8243; element_id=&#8221;42626&#8243; crp=&#8221;480:i:i,480-768:i:i,768-1024:i:i,1024-1280:i:i,1280-1366:i:i,1366-1600:i:i,1600-1920:i:i&#8221;][vc_separator css=&#8221;.vc_custom_1626445456959{padding-top: 25px !important;}&#8221;][vc_column_text animation_delay=&#8221;0&#8243; css=&#8221;.vc_custom_1626277964202{border-bottom-width: 50px !important;padding-bottom: 50px !important;}&#8221;]\n<h4>Highlight<\/h4>\n[\/vc_column_text][\/vc_column][\/vc_row][vc_row full_width=&#8221;stretch_row_content&#8221; content_placement=&#8221;middle&#8221; css_animation=&#8221;fadeInLeftBig&#8221; element_id=&#8221;826542&#8243; css=&#8221;.vc_custom_1633420555185{border-top-width: 50px !important;border-bottom-width: 50px !important;padding-top: 50px !important;padding-bottom: 50px !important;background-color: #ededed !important;}&#8221; el_class=&#8221;full-width video-row&#8221;][vc_column animation_delay=&#8221;0&#8243; width=&#8221;1\/2&#8243; element_id=&#8221;27004&#8243; crp=&#8221;480:i:i,480-768:i:i,768-1024:i:i,1024-1280:i:i,1280-1366:i:i,1366-1600:i:i,1600-1920:i:i&#8221;][vc_video link=&#8221;https:\/\/youtu.be\/C58i4FopjeU?rel=0&#8243;][\/vc_column][vc_column width=&#8221;1\/2&#8243;][vc_column_text animation_delay=&#8221;0&#8243; css=&#8221;&#8221;]\n<h2>UNIQUE STEEL COVER EVO<\/h2>\n<h3>Yeni s\u00fcper kompakt k\u00f6r\u00fckl\u00fc sistem<\/h3>\n[\/vc_column_text][vc_btn title=&#8221;Daha fazlas\u0131n\u0131 ke\u015ffedin&#8221; style=&#8221;custom&#8221; custom_background=&#8221;#e34529&#8243; custom_text=&#8221;#ffffff&#8221; shape=&#8221;round&#8221; css=&#8221;.vc_custom_1693927021054{padding-top: 25px !important;}&#8221; link=&#8221;url:%2Ftr%2Fueruenler%2Flevhali-x-y-unique%2F|title:Levhal%C4%B1%20X-Y&#8221; el_class=&#8221;round_button&#8221;][\/vc_column][\/vc_row][vc_row full_width=&#8221;stretch_row_content&#8221; element_id=&#8221;961815&#8243;][vc_column animation_delay=&#8221;0&#8243; element_id=&#8221;42626&#8243; crp=&#8221;480:i:i,480-768:i:i,768-1024:i:i,1024-1280:i:i,1280-1366:i:i,1366-1600:i:i,1600-1920:i:i&#8221;][vc_separator css=&#8221;.vc_custom_1623077758788{padding-top: 50px !important;}&#8221;][vc_column_text animation_delay=&#8221;0&#8243; css=&#8221;.vc_custom_1761832455447{border-bottom-width: 50px !important;padding-bottom: 50px !important;}&#8221;]\n<h4 style=\"text-align: center;\">Yakla\u015fan Etkinlikler ve Fuarlar<\/h4>\n<p style=\"text-align: center;\">PEI bir s\u00fcrekli evrim ger\u00e7e\u011fidir: dinamik korumalarda s\u00fcrekli inovasyon hakk\u0131ndaki <a href=\"https:\/\/www.pei.it\/tr\/category\/haberler\/basin\/bas-n-ac-klamalar\/\" target=\"_blank\" rel=\"noopener\">haberleri <\/a>okuyun.<\/p>\n[\/vc_column_text]<div class=\"fiere\"><a href=\"https:\/\/www.pei.it\/tr\/haberler\/sergiler\/intertool-2026\/\" class=\"card\"><img loading=\"lazy\" decoding=\"async\" src=\"https:\/\/www.pei.it\/wp-content\/uploads\/2026\/02\/fiera-Intertool-2026_home.png\"\/><div class=\"excerpt\"><p><bold>INTERTOOL 2026<\/bold><br>21 - 24 \/ 04 \/ 2026<br>Wels -  AUSTRIA<\/p><\/div><\/a><\/div>[\/vc_column][\/vc_row][vc_row][vc_column][vc_separator css=&#8221;.vc_custom_1623077758788{padding-top: 50px !important;}&#8221;][vc_column_text animation_delay=&#8221;0&#8243; css=&#8221;.vc_custom_1768466289564{border-bottom-width: 50px !important;padding-bottom: 50px !important;}&#8221;]\n<h2 style=\"text-align: center;\">Haber b\u00fcltenimize kaydolun<\/h2>\n<p style=\"text-align: center;\">ve PEI d\u00fcnyas\u0131ndan en son haberleri al\u0131n!<\/p>\n<p><iframe src=\"https:\/\/marketing.pei.it\/subscribe-frame\/compact?lang=tr\"><\/iframe>[\/vc_column_text][\/vc_column][\/vc_row]\n<\/div>","protected":false},"excerpt":{"rendered":"<p>[vc_row element_id=&#8221;660103&#8243; el_class=&#8221;blue-cards&#8221;][vc_column animation_delay=&#8221;0&#8243; width=&#8221;1\/3&#8243; element_id=&#8221;75557&#8243; css=&#8221;.vc_custom_1626277691837{background-color: #b8e1fe !important;}&#8221; crp=&#8221;480:i:i,480-768:i:i,768-1024:i:i,1024-1280:i:i,1280-1366:i:i,1366-1600:i:i,1600-1920:i:i&#8221;][vc_column_text animation_delay=&#8221;0&#8243; css=&#8221;&#8221;] \u0130novasyon Ara\u015ft\u0131rma ve teknolojik inovasyon bizim temel ta\u015flar\u0131m\u0131zd\u0131r. PEI korumalar\u0131, m\u00fc\u015fterilerin her t\u00fcrl\u00fc ihtiyac\u0131n\u0131 \u00f6zel teknik \u00e7\u00f6z\u00fcmlerle kar\u015f\u0131lamak i\u00e7in geli\u015ftirilmi\u015ftir. [\/vc_column_text][\/vc_column][vc_column animation_delay=&#8221;0&#8243; width=&#8221;1\/3&#8243; element_id=&#8221;608196&#8243; css=&#8221;.vc_custom_1626277436061{background-color: #2990d8 !important;}&#8221; crp=&#8221;480:i:i,480-768:i:i,768-1024:i:i,1024-1280:i:i,1280-1366:i:i,1366-1600:i:i,1600-1920:i:i&#8221;][vc_column_text animation_delay=&#8221;0&#8243; css=&#8221;&#8221;] Kalite Piyasadaki en eksiksiz ve e\u015fsiz dinamik korumalar\u0131 yelpazesi: PEI, m\u00fc\u015fteri ile birlikte [&hellip;]<\/p>\n","protected":false},"author":1,"featured_media":0,"parent":0,"menu_order":0,"comment_status":"closed","ping_status":"closed","template":"page_home.php","meta":{"_acf_changed":false,"footnotes":""},"class_list":["post-21465","page","type-page","status-publish","hentry"],"acf":[],"yoast_head":"<!-- This site is optimized with the Yoast SEO plugin v26.9 - https:\/\/yoast.com\/product\/yoast-seo-wordpress\/ -->\n<title>Teleskopik Kapaklar, \u00d6zel Teleskopik Kapkalar, Rulo Perde KapaklarHome - PEI<\/title>\n<meta name=\"description\" content=\"PEI \u2013 Teleskopik Kapaklar - \u00d6zel Teleskopik Kapkalar - Rulo Perde Kapaklar - Al\u00fcminyum perde kapak - Yuvarlak K\u00f6r\u00fckler\" \/>\n<meta name=\"robots\" content=\"index, follow, max-snippet:-1, max-image-preview:large, max-video-preview:-1\" \/>\n<link rel=\"canonical\" href=\"https:\/\/www.pei.it\/tr\/\" \/>\n<meta property=\"og:locale\" content=\"tr_TR\" \/>\n<meta property=\"og:type\" content=\"article\" \/>\n<meta property=\"og:title\" content=\"Teleskopik Kapaklar, \u00d6zel Teleskopik Kapkalar, Rulo Perde KapaklarHome - PEI\" \/>\n<meta property=\"og:description\" content=\"PEI \u2013 Teleskopik Kapaklar - \u00d6zel Teleskopik Kapkalar - Rulo Perde Kapaklar - Al\u00fcminyum perde kapak - Yuvarlak K\u00f6r\u00fckler\" \/>\n<meta property=\"og:url\" content=\"https:\/\/www.pei.it\/tr\/\" \/>\n<meta property=\"og:site_name\" content=\"PEI\" \/>\n<meta property=\"article:modified_time\" content=\"2026-03-26T08:35:58+00:00\" \/>\n<meta name=\"twitter:card\" content=\"summary_large_image\" \/>\n<meta name=\"twitter:label1\" content=\"Tahmini okuma s\u00fcresi\" \/>\n\t<meta name=\"twitter:data1\" content=\"3 dakika\" \/>\n<script type=\"application\/ld+json\" class=\"yoast-schema-graph\">{\"@context\":\"https:\/\/schema.org\",\"@graph\":[{\"@type\":\"WebPage\",\"@id\":\"https:\/\/www.pei.it\/tr\/\",\"url\":\"https:\/\/www.pei.it\/tr\/\",\"name\":\"Teleskopik Kapaklar, \u00d6zel Teleskopik Kapkalar, Rulo Perde KapaklarHome - PEI\",\"isPartOf\":{\"@id\":\"https:\/\/www.pei.it\/tr\/#website\"},\"datePublished\":\"2021-06-21T10:04:09+00:00\",\"dateModified\":\"2026-03-26T08:35:58+00:00\",\"description\":\"PEI \u2013 Teleskopik Kapaklar - \u00d6zel Teleskopik Kapkalar - Rulo Perde Kapaklar - Al\u00fcminyum perde kapak - Yuvarlak K\u00f6r\u00fckler\",\"breadcrumb\":{\"@id\":\"https:\/\/www.pei.it\/tr\/#breadcrumb\"},\"inLanguage\":\"tr\",\"potentialAction\":[{\"@type\":\"ReadAction\",\"target\":[\"https:\/\/www.pei.it\/tr\/\"]}]},{\"@type\":\"BreadcrumbList\",\"@id\":\"https:\/\/www.pei.it\/tr\/#breadcrumb\",\"itemListElement\":[{\"@type\":\"ListItem\",\"position\":1,\"name\":\"Home\",\"item\":\"https:\/\/www.pei.it\/tr\/\"},{\"@type\":\"ListItem\",\"position\":2,\"name\":\"Home\"}]},{\"@type\":\"WebSite\",\"@id\":\"https:\/\/www.pei.it\/tr\/#website\",\"url\":\"https:\/\/www.pei.it\/tr\/\",\"name\":\"PEI\",\"description\":\"Protezioni per macchine utensili, avvolgibili, telescopiche\",\"potentialAction\":[{\"@type\":\"SearchAction\",\"target\":{\"@type\":\"EntryPoint\",\"urlTemplate\":\"https:\/\/www.pei.it\/tr\/?s={search_term_string}\"},\"query-input\":{\"@type\":\"PropertyValueSpecification\",\"valueRequired\":true,\"valueName\":\"search_term_string\"}}],\"inLanguage\":\"tr\"}]}<\/script>\n<!-- \/ Yoast SEO plugin. -->","yoast_head_json":{"title":"Teleskopik Kapaklar, \u00d6zel Teleskopik Kapkalar, Rulo Perde KapaklarHome - PEI","description":"PEI \u2013 Teleskopik Kapaklar - \u00d6zel Teleskopik Kapkalar - Rulo Perde Kapaklar - Al\u00fcminyum perde kapak - Yuvarlak K\u00f6r\u00fckler","robots":{"index":"index","follow":"follow","max-snippet":"max-snippet:-1","max-image-preview":"max-image-preview:large","max-video-preview":"max-video-preview:-1"},"canonical":"https:\/\/www.pei.it\/tr\/","og_locale":"tr_TR","og_type":"article","og_title":"Teleskopik Kapaklar, \u00d6zel Teleskopik Kapkalar, Rulo Perde KapaklarHome - PEI","og_description":"PEI \u2013 Teleskopik Kapaklar - \u00d6zel Teleskopik Kapkalar - Rulo Perde Kapaklar - Al\u00fcminyum perde kapak - Yuvarlak K\u00f6r\u00fckler","og_url":"https:\/\/www.pei.it\/tr\/","og_site_name":"PEI","article_modified_time":"2026-03-26T08:35:58+00:00","twitter_card":"summary_large_image","twitter_misc":{"Tahmini okuma s\u00fcresi":"3 dakika"},"schema":{"@context":"https:\/\/schema.org","@graph":[{"@type":"WebPage","@id":"https:\/\/www.pei.it\/tr\/","url":"https:\/\/www.pei.it\/tr\/","name":"Teleskopik Kapaklar, \u00d6zel Teleskopik Kapkalar, Rulo Perde KapaklarHome - PEI","isPartOf":{"@id":"https:\/\/www.pei.it\/tr\/#website"},"datePublished":"2021-06-21T10:04:09+00:00","dateModified":"2026-03-26T08:35:58+00:00","description":"PEI \u2013 Teleskopik Kapaklar - \u00d6zel Teleskopik Kapkalar - Rulo Perde Kapaklar - Al\u00fcminyum perde kapak - Yuvarlak K\u00f6r\u00fckler","breadcrumb":{"@id":"https:\/\/www.pei.it\/tr\/#breadcrumb"},"inLanguage":"tr","potentialAction":[{"@type":"ReadAction","target":["https:\/\/www.pei.it\/tr\/"]}]},{"@type":"BreadcrumbList","@id":"https:\/\/www.pei.it\/tr\/#breadcrumb","itemListElement":[{"@type":"ListItem","position":1,"name":"Home","item":"https:\/\/www.pei.it\/tr\/"},{"@type":"ListItem","position":2,"name":"Home"}]},{"@type":"WebSite","@id":"https:\/\/www.pei.it\/tr\/#website","url":"https:\/\/www.pei.it\/tr\/","name":"PEI","description":"Protezioni per macchine utensili, avvolgibili, telescopiche","potentialAction":[{"@type":"SearchAction","target":{"@type":"EntryPoint","urlTemplate":"https:\/\/www.pei.it\/tr\/?s={search_term_string}"},"query-input":{"@type":"PropertyValueSpecification","valueRequired":true,"valueName":"search_term_string"}}],"inLanguage":"tr"}]}},"_links":{"self":[{"href":"https:\/\/www.pei.it\/tr\/wp-json\/wp\/v2\/pages\/21465","targetHints":{"allow":["GET"]}}],"collection":[{"href":"https:\/\/www.pei.it\/tr\/wp-json\/wp\/v2\/pages"}],"about":[{"href":"https:\/\/www.pei.it\/tr\/wp-json\/wp\/v2\/types\/page"}],"author":[{"embeddable":true,"href":"https:\/\/www.pei.it\/tr\/wp-json\/wp\/v2\/users\/1"}],"replies":[{"embeddable":true,"href":"https:\/\/www.pei.it\/tr\/wp-json\/wp\/v2\/comments?post=21465"}],"version-history":[{"count":1,"href":"https:\/\/www.pei.it\/tr\/wp-json\/wp\/v2\/pages\/21465\/revisions"}],"predecessor-version":[{"id":64851,"href":"https:\/\/www.pei.it\/tr\/wp-json\/wp\/v2\/pages\/21465\/revisions\/64851"}],"wp:attachment":[{"href":"https:\/\/www.pei.it\/tr\/wp-json\/wp\/v2\/media?parent=21465"}],"curies":[{"name":"wp","href":"https:\/\/api.w.org\/{rel}","templated":true}]}}