{"id":43777,"date":"2022-02-16T11:01:32","date_gmt":"2022-02-16T11:01:32","guid":{"rendered":"https:\/\/www.pei.it\/sarilabilir-siperler\/"},"modified":"2026-01-23T16:11:51","modified_gmt":"2026-01-23T16:11:51","slug":"sarilabilir-siperler","status":"publish","type":"page","link":"https:\/\/www.pei.it\/tr\/sarilabilir-siperler\/","title":{"rendered":"Sar\u0131labilir siperler"},"content":{"rendered":"<div class=\"wpb-content-wrapper\">[vc_row gap=&#8221;48&#8243; element_id=&#8221;634863&#8243; el_id=&#8221;sinergie-carousel&#8221; el_class=&#8221;product-cards&#8221;][vc_column]<h2 class=\"et-heading text-align-center tablet-text-align-inherit mobile-text-align-inherit animate-false no-animation-type\" id=\"et-heading-793219\" data-delay=\"0\" data-mobile-font=\"inherit\" data-mobile-line-height=\"inherit\" data-tablet-landscape-font=\"inherit\" data-tablet-portrait-font=\"inherit\" data-tablet-landscape-line-height=\"inherit\" data-tablet-portrait-line-height=\"inherit\" data-parallax=\"false\" data-move=\"false\" data-coordinatex=\"0\" data-coordinatey=\"0\" data-speed=\"10\"><span class=\"text-wrapper\"><span class=\"text\">Ueruenler<\/span><\/span><\/h2>[vc_row_inner element_id=&#8221;226650&#8243; el_class=&#8221;riga_smistamento&#8221;][vc_column_inner width=&#8221;1\/3&#8243;][vc_single_image image=&#8221;57872&#8243; img_size=&#8221;250&#215;250&#8243; alignment=&#8221;center&#8221; style=&#8221;vc_box_outline_circle&#8221;][vc_column_text animation_delay=&#8221;0&#8243;]\n<h4>Kutusuz<\/h4>\n[\/vc_column_text][vc_btn title=&#8221;Daha fazlas\u0131n\u0131 ke\u015ffedin&#8221; style=&#8221;custom&#8221; custom_background=&#8221;#e34529&#8243; custom_text=&#8221;#ffffff&#8221; shape=&#8221;round&#8221; size=&#8221;sm&#8221; link=&#8221;url:https%3A%2F%2Fwww.pei.it%2Ftr%2Fueruenler%2Fkutusuz-sarilabilir-siperler%2F|title:Kutusuz&#8221;][\/vc_column_inner][vc_column_inner width=&#8221;1\/3&#8243;][vc_single_image image=&#8221;57854&#8243; img_size=&#8221;250&#215;250&#8243; alignment=&#8221;center&#8221; style=&#8221;vc_box_outline_circle&#8221;][vc_column_text animation_delay=&#8221;0&#8243;]\n<h4>Kutulu<\/h4>\n[\/vc_column_text][vc_btn title=&#8221;Daha fazlas\u0131n\u0131 ke\u015ffedin&#8221; style=&#8221;custom&#8221; custom_background=&#8221;#e34529&#8243; custom_text=&#8221;#ffffff&#8221; shape=&#8221;round&#8221; size=&#8221;sm&#8221; link=&#8221;url:https%3A%2F%2Fwww.pei.it%2Ftr%2Fueruenler%2Fkutulu-sarilabilir-koruyucu-rulolar%2F|title:Kutulu&#8221;][\/vc_column_inner][vc_column_inner width=&#8221;1\/3&#8243;][vc_single_image image=&#8221;51183&#8243; img_size=&#8221;250&#215;250&#8243; alignment=&#8221;center&#8221; style=&#8221;vc_box_outline_circle&#8221;][vc_column_text animation_delay=&#8221;0&#8243;]\n<h4>G\u00f6zden ge\u00e7irmeler<\/h4>\n[\/vc_column_text][vc_btn title=&#8221;Daha fazlas\u0131n\u0131 ke\u015ffedin&#8221; style=&#8221;custom&#8221; custom_background=&#8221;#e34529&#8243; custom_text=&#8221;#ffffff&#8221; shape=&#8221;round&#8221; size=&#8221;sm&#8221; link=&#8221;url:https%3A%2F%2Fwww.pei.it%2Ftr%2Fueruenler%2Fsarilabilir-siperler-revizyonlar%2F|title:Sar%C4%B1labilir%20siperler%20revizyonu&#8221;][\/vc_column_inner][\/vc_row_inner][vc_row_inner element_id=&#8221;226650&#8243; el_class=&#8221;riga_smistamento&#8221;][vc_column_inner width=&#8221;1\/3&#8243;][vc_single_image image=&#8221;37913&#8243; img_size=&#8221;250&#215;250&#8243; alignment=&#8221;center&#8221; style=&#8221;vc_box_outline_circle&#8221;][vc_column_text animation_delay=&#8221;0&#8243;]\n<h4>Paralel tornalara<\/h4>\n[\/vc_column_text][vc_btn title=&#8221;Daha fazlas\u0131n\u0131 ke\u015ffedin&#8221; style=&#8221;custom&#8221; custom_background=&#8221;#e34529&#8243; custom_text=&#8221;#ffffff&#8221; shape=&#8221;round&#8221; size=&#8221;sm&#8221; link=&#8221;url:https%3A%2F%2Fwww.pei.it%2Ftr%2Fueruenler%2Fparalel-tornalara-ynelik-sarilabilir-siperler%2F|title:Paralel%20tornalara&#8221;][\/vc_column_inner][vc_column_inner width=&#8221;1\/3&#8243;][vc_single_image image=&#8221;34085&#8243; img_size=&#8221;250&#215;250&#8243; alignment=&#8221;center&#8221; style=&#8221;vc_box_outline_circle&#8221;][vc_column_text animation_delay=&#8221;0&#8243;]\n<h4>4R sar\u0131labilir kalkan<\/h4>\n[\/vc_column_text][vc_btn title=&#8221;Daha fazlas\u0131n\u0131 ke\u015ffedin&#8221; style=&#8221;custom&#8221; custom_background=&#8221;#e34529&#8243; custom_text=&#8221;#ffffff&#8221; shape=&#8221;round&#8221; size=&#8221;sm&#8221; link=&#8221;url:https%3A%2F%2Fwww.pei.it%2Ftr%2Fueruenler%2Fsarilabilir-siperler-4r-sarilabilir-kalkanlar%2F|title:4R%20sar%C4%B1labilir%20kalkan&#8221;][\/vc_column_inner][vc_column_inner width=&#8221;1\/3&#8243;][vc_single_image image=&#8221;35637&#8243; img_size=&#8221;250&#215;250&#8243; alignment=&#8221;center&#8221; style=&#8221;vc_box_outline_circle&#8221;][vc_column_text animation_delay=&#8221;0&#8243;]\n<h4>SP2R sar\u0131labilir kalkan<\/h4>\n[\/vc_column_text][vc_btn title=&#8221;Daha fazlas\u0131n\u0131 ke\u015ffedin&#8221; style=&#8221;custom&#8221; custom_background=&#8221;#e34529&#8243; custom_text=&#8221;#ffffff&#8221; shape=&#8221;round&#8221; size=&#8221;sm&#8221; link=&#8221;url:https%3A%2F%2Fwww.pei.it%2Ftr%2Fueruenler%2Fsarilabilir-siperler-4rst-sarilabilir-kalkanlar%2F|title:SP2R%20sar%C4%B1labilir%20kalkan&#8221;][\/vc_column_inner][\/vc_row_inner]<div class=\"et-separator et-clearfix animate-false solid center horizontal et-separator-875676\" data-delay=\"\"><div class=\"line\"><\/div><\/div><h2 class=\"et-heading text-align-center tablet-text-align-inherit mobile-text-align-inherit animate-false no-animation-type\" id=\"et-heading-417702\" data-delay=\"0\" data-mobile-font=\"inherit\" data-mobile-line-height=\"inherit\" data-tablet-landscape-font=\"inherit\" data-tablet-portrait-font=\"inherit\" data-tablet-landscape-line-height=\"inherit\" data-tablet-portrait-line-height=\"inherit\" data-parallax=\"false\" data-move=\"false\" data-coordinatex=\"0\" data-coordinatey=\"0\" data-speed=\"10\"><span class=\"text-wrapper\"><span class=\"text\">Kepenkler<\/span><\/span><\/h2>[vc_row_inner element_id=&#8221;226650&#8243; el_class=&#8221;riga_smistamento&#8221;][vc_column_inner width=&#8221;1\/3&#8243;][vc_single_image image=&#8221;57881&#8243; img_size=&#8221;250&#215;250&#8243; alignment=&#8221;center&#8221; style=&#8221;vc_box_outline_circle&#8221;][vc_column_text animation_delay=&#8221;0&#8243;]\n<h4>Dikey motorlu<\/h4>\n[\/vc_column_text][vc_btn title=&#8221;Daha fazlas\u0131n\u0131 ke\u015ffedin&#8221; style=&#8221;custom&#8221; custom_background=&#8221;#e34529&#8243; custom_text=&#8221;#ffffff&#8221; shape=&#8221;round&#8221; size=&#8221;sm&#8221; link=&#8221;url:https%3A%2F%2Fwww.pei.it%2Ftr%2Fueruenler%2Fmotorlu-dikey-kepenkler%2F|title:Dikey%20motorlu&#8221;][\/vc_column_inner][vc_column_inner width=&#8221;1\/3&#8243;][vc_single_image image=&#8221;33804&#8243; img_size=&#8221;250&#215;250&#8243; alignment=&#8221;center&#8221; style=&#8221;vc_box_outline_circle&#8221;][vc_column_text animation_delay=&#8221;0&#8243;]\n<h4>Yaya ge\u00e7itli<\/h4>\n[\/vc_column_text][vc_btn title=&#8221;Daha fazlas\u0131n\u0131 ke\u015ffedin&#8221; style=&#8221;custom&#8221; custom_background=&#8221;#e34529&#8243; custom_text=&#8221;#ffffff&#8221; shape=&#8221;round&#8221; size=&#8221;sm&#8221; link=&#8221;url:https%3A%2F%2Fwww.pei.it%2Ftr%2Fueruenler%2Fyaya-geisli-kepenkler%2F|title:Yaya%20ge%C3%A7itli&#8221;][\/vc_column_inner][vc_column_inner width=&#8221;1\/3&#8243;][vc_single_image image=&#8221;33846&#8243; img_size=&#8221;250&#215;250&#8243; alignment=&#8221;center&#8221; style=&#8221;vc_box_outline_circle&#8221;][vc_column_text animation_delay=&#8221;0&#8243;]\n<h4>B\u00fcy\u00fck deplasmanl\u0131 yaya ge\u00e7itli<\/h4>\n[\/vc_column_text][vc_btn title=&#8221;Daha fazlas\u0131n\u0131 ke\u015ffedin&#8221; style=&#8221;custom&#8221; custom_background=&#8221;#e34529&#8243; custom_text=&#8221;#ffffff&#8221; shape=&#8221;round&#8221; size=&#8221;sm&#8221; link=&#8221;url:https%3A%2F%2Fwww.pei.it%2Ftr%2Fueruenler%2Fuzun-deplasmanlar-iin-yaya-erisimli-sarilabilir-siperler%2F|title:B%C3%BCy%C3%BCk%20deplasmanl%C4%B1%20yaya%20ge%C3%A7itli&#8221;][\/vc_column_inner][\/vc_row_inner][vc_row_inner element_id=&#8221;226650&#8243; el_class=&#8221;riga_smistamento&#8221;][vc_column_inner width=&#8221;1\/3&#8243;][vc_single_image image=&#8221;33857&#8243; img_size=&#8221;250&#215;250&#8243; alignment=&#8221;center&#8221; style=&#8221;vc_box_outline_circle&#8221;][vc_column_text animation_delay=&#8221;0&#8243;]\n<h4>\u00d6n kepenkler<\/h4>\n[\/vc_column_text][vc_btn title=&#8221;Daha fazlas\u0131n\u0131 ke\u015ffedin&#8221; style=&#8221;custom&#8221; custom_background=&#8221;#e34529&#8243; custom_text=&#8221;#ffffff&#8221; shape=&#8221;round&#8221; size=&#8221;sm&#8221; link=&#8221;url:https%3A%2F%2Fwww.pei.it%2Ftr%2Fueruenler%2Fm-koruyucu-kepenkler%2F|title:%C3%96n%20kepenkler&#8221;][\/vc_column_inner][vc_column_inner width=&#8221;1\/3&#8243;][vc_single_image image=&#8221;33883&#8243; img_size=&#8221;250&#215;250&#8243; alignment=&#8221;center&#8221; style=&#8221;vc_box_outline_circle&#8221;][vc_column_text animation_delay=&#8221;0&#8243;]\n<h4>iki eksen i\u00e7in<\/h4>\n[\/vc_column_text][vc_btn title=&#8221;Daha fazlas\u0131n\u0131 ke\u015ffedin&#8221; style=&#8221;custom&#8221; custom_background=&#8221;#e34529&#8243; custom_text=&#8221;#ffffff&#8221; shape=&#8221;round&#8221; size=&#8221;sm&#8221; link=&#8221;url:https%3A%2F%2Fwww.pei.it%2Ftr%2Fueruenler%2Fdikey-yatay-koruma-kepenkleri-2-eksen%2F|title:iki%20eksen%20i%C3%A7in&#8221;][\/vc_column_inner][vc_column_inner width=&#8221;1\/3&#8243;][vc_single_image image=&#8221;33903&#8243; img_size=&#8221;250&#215;250&#8243; alignment=&#8221;center&#8221; style=&#8221;vc_box_outline_circle&#8221;][vc_column_text animation_delay=&#8221;0&#8243;]\n<h4>Lombozlu<\/h4>\n[\/vc_column_text][vc_btn title=&#8221;Daha fazlas\u0131n\u0131 ke\u015ffedin&#8221; style=&#8221;custom&#8221; custom_background=&#8221;#e34529&#8243; custom_text=&#8221;#ffffff&#8221; shape=&#8221;round&#8221; size=&#8221;sm&#8221; link=&#8221;url:https%3A%2F%2Fwww.pei.it%2Ftr%2Fueruenler%2Flombozlu-sarilabilir-koruyucu-kepenkler%2F|title:Lombozlu&#8221;][\/vc_column_inner][\/vc_row_inner][vc_row_inner element_id=&#8221;226650&#8243; el_class=&#8221;riga_smistamento&#8221;][vc_column_inner width=&#8221;1\/2&#8243;][vc_single_image image=&#8221;50189&#8243; img_size=&#8221;250&#215;250&#8243; alignment=&#8221;center&#8221; style=&#8221;vc_box_outline_circle&#8221;][vc_column_text animation_delay=&#8221;0&#8243;]\n<h4>Haddeli<\/h4>\n[\/vc_column_text][vc_btn title=&#8221;Daha fazlas\u0131n\u0131 ke\u015ffedin&#8221; style=&#8221;custom&#8221; custom_background=&#8221;#e34529&#8243; custom_text=&#8221;#ffffff&#8221; shape=&#8221;round&#8221; size=&#8221;sm&#8221; link=&#8221;url:https%3A%2F%2Fwww.pei.it%2Ftr%2Fueruenler%2Fdarikimli-ve-ivili-elemanli-kepenkler%2F|title:Haddeli&#8221;][\/vc_column_inner][vc_column_inner width=&#8221;1\/2&#8243;][vc_single_image image=&#8221;47417&#8243; img_size=&#8221;250&#215;250&#8243; alignment=&#8221;center&#8221; style=&#8221;vc_box_outline_circle&#8221;][vc_column_text animation_delay=&#8221;0&#8243;]\n<h4>Security roll-up partitions<\/h4>\n[\/vc_column_text][vc_btn title=&#8221;Daha fazlas\u0131n\u0131 ke\u015ffedin&#8221; style=&#8221;custom&#8221; custom_background=&#8221;#e34529&#8243; custom_text=&#8221;#ffffff&#8221; shape=&#8221;round&#8221; size=&#8221;sm&#8221; link=&#8221;url:%2Ftr%2Fueruenler%2Fdivisori-avvolgibili-di-sicurezza%2F|title:Divisori%20avvolgibili%20di%20sicurezza&#8221;][\/vc_column_inner][\/vc_row_inner][vc_column_text animation_delay=&#8221;0&#8243; el_class=&#8221;page_text&#8221;]Patentli PEI sar\u0131labilir siper sisteminin say\u0131s\u0131z avantaj\u0131 vard\u0131r:<br \/>\n1.000.000 hareket garantisi &#8211; G\u00fcvenilirlik &#8211; \u00c7ok y\u00fcksek ilerleme h\u0131z\u0131 &#8211; D\u00fc\u015f\u00fck ve y\u00fcksek s\u0131cakl\u0131klara dayan\u0131kl\u0131l\u0131k &#8211; \u00c7ok kompakt boyutlar &#8211; Montaj kolayl\u0131\u011f\u0131 &#8211; Sabit gerdirme.[\/vc_column_text]<div class=\"et-separator et-clearfix animate-false solid center horizontal et-separator-875676\" data-delay=\"\"><div class=\"line\"><\/div><\/div>[vc_row_inner element_id=&#8221;527631&#8243; el_class=&#8221;Cop_Tel_Row&#8221;][vc_column_inner el_class=&#8221;Cop_Tel_First_Col&#8221;]<h2 class=\"et-heading text-align-center tablet-text-align-inherit mobile-text-align-inherit animate-false no-animation-type\" id=\"et-heading-930957\" data-delay=\"0\" data-mobile-font=\"inherit\" data-mobile-line-height=\"inherit\" data-tablet-landscape-font=\"inherit\" data-tablet-portrait-font=\"inherit\" data-tablet-landscape-line-height=\"inherit\" data-tablet-portrait-line-height=\"inherit\" data-parallax=\"false\" data-move=\"false\" data-coordinatex=\"0\" data-coordinatey=\"0\" data-speed=\"10\"><span class=\"text-wrapper\"><span class=\"text\">PEI \u00fcr\u00fcnlerine ait t\u00fcm teknik dok\u00fcmanlar\u0131 ke\u015ffedin.<\/span><\/span><\/h2>[vc_single_image image=&#8221;53682&#8243; img_size=&#8221;250&#215;250&#8243; alignment=&#8221;center&#8221; css=&#8221;.vc_custom_1769077239514{padding-bottom: 20px !important;}&#8221; el_class=&#8221;catalogo_smistamento&#8221;][vc_btn title=&#8221;Teknik Dok\u00fcmantasyon&#8221; style=&#8221;custom&#8221; custom_background=&#8221;#e34529&#8243; custom_text=&#8221;#ffffff&#8221; shape=&#8221;round&#8221; size=&#8221;sm&#8221; align=&#8221;center&#8221; css=&#8221;.vc_custom_1769184607667{padding-bottom: 10px !important;}&#8221; link=&#8221;url:%2Ftr%2Findirme-alani%2F|title:Teknik%20Dok%C3%BCmantasyon|target:_blank&#8221;]<div class=\"et-separator et-clearfix animate-false solid center horizontal et-separator-875676\" data-delay=\"\"><div class=\"line\"><\/div><\/div>[\/vc_column_inner][\/vc_row_inner][\/vc_column][\/vc_row]\n<\/div>","protected":false},"excerpt":{"rendered":"<p>[vc_row gap=&#8221;48&#8243; element_id=&#8221;634863&#8243; el_id=&#8221;sinergie-carousel&#8221; el_class=&#8221;product-cards&#8221;][vc_column][vc_row_inner element_id=&#8221;226650&#8243; el_class=&#8221;riga_smistamento&#8221;][vc_column_inner width=&#8221;1\/3&#8243;][vc_single_image image=&#8221;57872&#8243; img_size=&#8221;250&#215;250&#8243; alignment=&#8221;center&#8221; style=&#8221;vc_box_outline_circle&#8221;][vc_column_text animation_delay=&#8221;0&#8243;] Kutusuz [\/vc_column_text][vc_btn title=&#8221;Daha fazlas\u0131n\u0131 ke\u015ffedin&#8221; style=&#8221;custom&#8221; custom_background=&#8221;#e34529&#8243; custom_text=&#8221;#ffffff&#8221; shape=&#8221;round&#8221; size=&#8221;sm&#8221; link=&#8221;url:https%3A%2F%2Fwww.pei.it%2Ftr%2Fueruenler%2Fkutusuz-sarilabilir-siperler%2F|title:Kutusuz&#8221;][\/vc_column_inner][vc_column_inner width=&#8221;1\/3&#8243;][vc_single_image image=&#8221;57854&#8243; img_size=&#8221;250&#215;250&#8243; alignment=&#8221;center&#8221; style=&#8221;vc_box_outline_circle&#8221;][vc_column_text animation_delay=&#8221;0&#8243;] Kutulu [\/vc_column_text][vc_btn title=&#8221;Daha fazlas\u0131n\u0131 ke\u015ffedin&#8221; style=&#8221;custom&#8221; custom_background=&#8221;#e34529&#8243; custom_text=&#8221;#ffffff&#8221; shape=&#8221;round&#8221; size=&#8221;sm&#8221; link=&#8221;url:https%3A%2F%2Fwww.pei.it%2Ftr%2Fueruenler%2Fkutulu-sarilabilir-koruyucu-rulolar%2F|title:Kutulu&#8221;][\/vc_column_inner][vc_column_inner width=&#8221;1\/3&#8243;][vc_single_image image=&#8221;51183&#8243; img_size=&#8221;250&#215;250&#8243; alignment=&#8221;center&#8221; style=&#8221;vc_box_outline_circle&#8221;][vc_column_text animation_delay=&#8221;0&#8243;] G\u00f6zden ge\u00e7irmeler [\/vc_column_text][vc_btn title=&#8221;Daha fazlas\u0131n\u0131 ke\u015ffedin&#8221; style=&#8221;custom&#8221; custom_background=&#8221;#e34529&#8243; [&hellip;]<\/p>\n","protected":false},"author":1,"featured_media":0,"parent":0,"menu_order":0,"comment_status":"closed","ping_status":"closed","template":"page_limpresa.php","meta":{"_acf_changed":false,"footnotes":""},"class_list":["post-43777","page","type-page","status-publish","hentry"],"acf":[],"yoast_head":"<!-- This site is optimized with the Yoast SEO plugin v26.9 - https:\/\/yoast.com\/product\/yoast-seo-wordpress\/ -->\n<title>Sar\u0131labilir siperler per Macchine Utensili - PEI<\/title>\n<meta name=\"description\" content=\"Protezioni per macchine utensili avvolgibili garantite, resistenti ed affidabili: la soluzione garantita da PEI semplice da montare e poco ingombrante.\" \/>\n<meta name=\"robots\" content=\"index, follow, max-snippet:-1, max-image-preview:large, max-video-preview:-1\" \/>\n<link rel=\"canonical\" href=\"https:\/\/www.pei.it\/tr\/sarilabilir-siperler\/\" \/>\n<meta property=\"og:locale\" content=\"tr_TR\" \/>\n<meta property=\"og:type\" content=\"article\" \/>\n<meta property=\"og:title\" content=\"Sar\u0131labilir siperler per Macchine Utensili - PEI\" \/>\n<meta property=\"og:description\" content=\"Protezioni per macchine utensili avvolgibili garantite, resistenti ed affidabili: la soluzione garantita da PEI semplice da montare e poco ingombrante.\" \/>\n<meta property=\"og:url\" content=\"https:\/\/www.pei.it\/tr\/sarilabilir-siperler\/\" \/>\n<meta property=\"og:site_name\" content=\"PEI\" \/>\n<meta property=\"article:modified_time\" content=\"2026-01-23T16:11:51+00:00\" \/>\n<meta name=\"twitter:card\" content=\"summary_large_image\" \/>\n<meta name=\"twitter:label1\" content=\"Tahmini okuma s\u00fcresi\" \/>\n\t<meta name=\"twitter:data1\" content=\"2 dakika\" \/>\n<script type=\"application\/ld+json\" class=\"yoast-schema-graph\">{\"@context\":\"https:\/\/schema.org\",\"@graph\":[{\"@type\":\"WebPage\",\"@id\":\"https:\/\/www.pei.it\/tr\/sarilabilir-siperler\/\",\"url\":\"https:\/\/www.pei.it\/tr\/sarilabilir-siperler\/\",\"name\":\"Sar\u0131labilir siperler per Macchine Utensili - PEI\",\"isPartOf\":{\"@id\":\"https:\/\/www.pei.it\/tr\/#website\"},\"datePublished\":\"2022-02-16T11:01:32+00:00\",\"dateModified\":\"2026-01-23T16:11:51+00:00\",\"description\":\"Protezioni per macchine utensili avvolgibili garantite, resistenti ed affidabili: la soluzione garantita da PEI semplice da montare e poco ingombrante.\",\"breadcrumb\":{\"@id\":\"https:\/\/www.pei.it\/tr\/sarilabilir-siperler\/#breadcrumb\"},\"inLanguage\":\"tr\",\"potentialAction\":[{\"@type\":\"ReadAction\",\"target\":[\"https:\/\/www.pei.it\/tr\/sarilabilir-siperler\/\"]}]},{\"@type\":\"BreadcrumbList\",\"@id\":\"https:\/\/www.pei.it\/tr\/sarilabilir-siperler\/#breadcrumb\",\"itemListElement\":[{\"@type\":\"ListItem\",\"position\":1,\"name\":\"Home\",\"item\":\"https:\/\/www.pei.it\/tr\/\"},{\"@type\":\"ListItem\",\"position\":2,\"name\":\"Sar\u0131labilir siperler\"}]},{\"@type\":\"WebSite\",\"@id\":\"https:\/\/www.pei.it\/tr\/#website\",\"url\":\"https:\/\/www.pei.it\/tr\/\",\"name\":\"PEI\",\"description\":\"Protezioni per macchine utensili, avvolgibili, telescopiche\",\"potentialAction\":[{\"@type\":\"SearchAction\",\"target\":{\"@type\":\"EntryPoint\",\"urlTemplate\":\"https:\/\/www.pei.it\/tr\/?s={search_term_string}\"},\"query-input\":{\"@type\":\"PropertyValueSpecification\",\"valueRequired\":true,\"valueName\":\"search_term_string\"}}],\"inLanguage\":\"tr\"}]}<\/script>\n<!-- \/ Yoast SEO plugin. -->","yoast_head_json":{"title":"Sar\u0131labilir siperler per Macchine Utensili - PEI","description":"Protezioni per macchine utensili avvolgibili garantite, resistenti ed affidabili: la soluzione garantita da PEI semplice da montare e poco ingombrante.","robots":{"index":"index","follow":"follow","max-snippet":"max-snippet:-1","max-image-preview":"max-image-preview:large","max-video-preview":"max-video-preview:-1"},"canonical":"https:\/\/www.pei.it\/tr\/sarilabilir-siperler\/","og_locale":"tr_TR","og_type":"article","og_title":"Sar\u0131labilir siperler per Macchine Utensili - PEI","og_description":"Protezioni per macchine utensili avvolgibili garantite, resistenti ed affidabili: la soluzione garantita da PEI semplice da montare e poco ingombrante.","og_url":"https:\/\/www.pei.it\/tr\/sarilabilir-siperler\/","og_site_name":"PEI","article_modified_time":"2026-01-23T16:11:51+00:00","twitter_card":"summary_large_image","twitter_misc":{"Tahmini okuma s\u00fcresi":"2 dakika"},"schema":{"@context":"https:\/\/schema.org","@graph":[{"@type":"WebPage","@id":"https:\/\/www.pei.it\/tr\/sarilabilir-siperler\/","url":"https:\/\/www.pei.it\/tr\/sarilabilir-siperler\/","name":"Sar\u0131labilir siperler per Macchine Utensili - PEI","isPartOf":{"@id":"https:\/\/www.pei.it\/tr\/#website"},"datePublished":"2022-02-16T11:01:32+00:00","dateModified":"2026-01-23T16:11:51+00:00","description":"Protezioni per macchine utensili avvolgibili garantite, resistenti ed affidabili: la soluzione garantita da PEI semplice da montare e poco ingombrante.","breadcrumb":{"@id":"https:\/\/www.pei.it\/tr\/sarilabilir-siperler\/#breadcrumb"},"inLanguage":"tr","potentialAction":[{"@type":"ReadAction","target":["https:\/\/www.pei.it\/tr\/sarilabilir-siperler\/"]}]},{"@type":"BreadcrumbList","@id":"https:\/\/www.pei.it\/tr\/sarilabilir-siperler\/#breadcrumb","itemListElement":[{"@type":"ListItem","position":1,"name":"Home","item":"https:\/\/www.pei.it\/tr\/"},{"@type":"ListItem","position":2,"name":"Sar\u0131labilir siperler"}]},{"@type":"WebSite","@id":"https:\/\/www.pei.it\/tr\/#website","url":"https:\/\/www.pei.it\/tr\/","name":"PEI","description":"Protezioni per macchine utensili, avvolgibili, telescopiche","potentialAction":[{"@type":"SearchAction","target":{"@type":"EntryPoint","urlTemplate":"https:\/\/www.pei.it\/tr\/?s={search_term_string}"},"query-input":{"@type":"PropertyValueSpecification","valueRequired":true,"valueName":"search_term_string"}}],"inLanguage":"tr"}]}},"_links":{"self":[{"href":"https:\/\/www.pei.it\/tr\/wp-json\/wp\/v2\/pages\/43777","targetHints":{"allow":["GET"]}}],"collection":[{"href":"https:\/\/www.pei.it\/tr\/wp-json\/wp\/v2\/pages"}],"about":[{"href":"https:\/\/www.pei.it\/tr\/wp-json\/wp\/v2\/types\/page"}],"author":[{"embeddable":true,"href":"https:\/\/www.pei.it\/tr\/wp-json\/wp\/v2\/users\/1"}],"replies":[{"embeddable":true,"href":"https:\/\/www.pei.it\/tr\/wp-json\/wp\/v2\/comments?post=43777"}],"version-history":[{"count":4,"href":"https:\/\/www.pei.it\/tr\/wp-json\/wp\/v2\/pages\/43777\/revisions"}],"predecessor-version":[{"id":64103,"href":"https:\/\/www.pei.it\/tr\/wp-json\/wp\/v2\/pages\/43777\/revisions\/64103"}],"wp:attachment":[{"href":"https:\/\/www.pei.it\/tr\/wp-json\/wp\/v2\/media?parent=43777"}],"curies":[{"name":"wp","href":"https:\/\/api.w.org\/{rel}","templated":true}]}}