{"id":43949,"date":"2022-02-16T17:45:18","date_gmt":"2022-02-16T17:45:18","guid":{"rendered":"https:\/\/www.pei.it\/korukler\/"},"modified":"2026-01-23T16:12:31","modified_gmt":"2026-01-23T16:12:31","slug":"korukler","status":"publish","type":"page","link":"https:\/\/www.pei.it\/tr\/korukler\/","title":{"rendered":"K\u00f6r\u00fckler"},"content":{"rendered":"<div class=\"wpb-content-wrapper\">[vc_row element_id=&#8221;790331&#8243; el_class=&#8221;product-cards&#8221; el_id=&#8221;sinergie-carousel&#8221;][vc_column]<h2 class=\"et-heading text-align-center tablet-text-align-inherit mobile-text-align-inherit animate-false no-animation-type\" id=\"et-heading-299873\" data-delay=\"0\" data-mobile-font=\"inherit\" data-mobile-line-height=\"inherit\" data-tablet-landscape-font=\"inherit\" data-tablet-portrait-font=\"inherit\" data-tablet-landscape-line-height=\"inherit\" data-tablet-portrait-line-height=\"inherit\" data-parallax=\"false\" data-move=\"false\" data-coordinatex=\"0\" data-coordinatey=\"0\" data-speed=\"10\"><span class=\"text-wrapper\"><span class=\"text\">Ueruenler<\/span><\/span><\/h2><div class=\"et-separator et-clearfix animate-false solid center horizontal et-separator-875676\" data-delay=\"\"><div class=\"line\"><\/div><\/div><h2 class=\"et-heading text-align-center tablet-text-align-inherit mobile-text-align-inherit animate-false no-animation-type\" id=\"et-heading-643628\" data-delay=\"0\" data-mobile-font=\"inherit\" data-mobile-line-height=\"inherit\" data-tablet-landscape-font=\"inherit\" data-tablet-portrait-font=\"inherit\" data-tablet-landscape-line-height=\"inherit\" data-tablet-portrait-line-height=\"inherit\" data-parallax=\"false\" data-move=\"false\" data-coordinatex=\"0\" data-coordinatey=\"0\" data-speed=\"10\"><span class=\"text-wrapper\"><span class=\"text\">D\u00fcz k\u00f6r\u00fckler<\/span><\/span><\/h2>[vc_row_inner element_id=&#8221;195690&#8243; el_class=&#8221;riga_smistamento&#8221;][vc_column_inner width=&#8221;1\/3&#8243;][vc_single_image image=&#8221;36360&#8243; img_size=&#8221;250&#215;250&#8243; alignment=&#8221;center&#8221; style=&#8221;vc_box_outline_circle&#8221; css_animation=&#8221;none&#8221;][vc_column_text animation_delay=&#8221;0&#8243;]\n<h4>Levhas\u0131z<\/h4>\n[\/vc_column_text][vc_btn title=&#8221;Daha fazlas\u0131n\u0131 ke\u015ffedin&#8221; style=&#8221;custom&#8221; custom_background=&#8221;#e34529&#8243; custom_text=&#8221;#ffffff&#8221; shape=&#8221;round&#8221; size=&#8221;sm&#8221; link=&#8221;url:https%3A%2F%2Fwww.pei.it%2Ftr%2Fueruenler%2Fstandart-dz-koruyucu-siperler%2F|title:Standart|&#8221;][\/vc_column_inner][vc_column_inner width=&#8221;1\/3&#8243;][vc_single_image image=&#8221;36328&#8243; img_size=&#8221;250&#215;250&#8243; alignment=&#8221;center&#8221; style=&#8221;vc_box_outline_circle&#8221; css_animation=&#8221;none&#8221;][vc_column_text animation_delay=&#8221;0&#8243;]\n<h4>Sabit sacl\u0131<\/h4>\n[\/vc_column_text][vc_btn title=&#8221;Daha fazlas\u0131n\u0131 ke\u015ffedin&#8221; style=&#8221;custom&#8221; custom_background=&#8221;#e34529&#8243; custom_text=&#8221;#ffffff&#8221; shape=&#8221;round&#8221; size=&#8221;sm&#8221; link=&#8221;url:https%3A%2F%2Fwww.pei.it%2Ftr%2Fueruenler%2Fsabit-levhali-dz-krkl-siperler%2F|title:Sabit%20sacl%C4%B1|&#8221;][\/vc_column_inner][vc_column_inner width=&#8221;1\/3&#8243;][vc_single_image image=&#8221;36344&#8243; img_size=&#8221;250&#215;250&#8243; alignment=&#8221;center&#8221; style=&#8221;vc_box_outline_circle&#8221; css_animation=&#8221;none&#8221;][vc_column_text animation_delay=&#8221;0&#8243;]\n<h4>Seyyar sacl\u0131<\/h4>\n[\/vc_column_text][vc_btn title=&#8221;Daha fazlas\u0131n\u0131 ke\u015ffedin&#8221; style=&#8221;custom&#8221; custom_background=&#8221;#e34529&#8243; custom_text=&#8221;#ffffff&#8221; shape=&#8221;round&#8221; size=&#8221;sm&#8221; link=&#8221;url:https%3A%2F%2Fwww.pei.it%2Ftr%2Fueruenler%2Fhareketli-levhali-dz-koruyucu-krkler%2F|title:Seyyar%20sacl%C4%B1|&#8221;][\/vc_column_inner][\/vc_row_inner][vc_row_inner element_id=&#8221;195690&#8243; el_class=&#8221;riga_smistamento&#8221;][vc_column_inner width=&#8221;1\/3&#8243;][vc_single_image image=&#8221;36312&#8243; img_size=&#8221;250&#215;250&#8243; alignment=&#8221;center&#8221; style=&#8221;vc_box_outline_circle&#8221; css_animation=&#8221;none&#8221;][vc_column_text animation_delay=&#8221;0&#8243;]\n<h4 style=\"text-align: center;\">Kald\u0131rma platformlar\u0131 i\u00e7in koruma k\u00f6r\u00fckleri<\/h4>\n[\/vc_column_text][vc_btn title=&#8221;Daha fazlas\u0131n\u0131 ke\u015ffedin&#8221; style=&#8221;custom&#8221; custom_background=&#8221;#e34529&#8243; custom_text=&#8221;#ffffff&#8221; shape=&#8221;round&#8221; size=&#8221;sm&#8221; link=&#8221;url:https%3A%2F%2Fwww.pei.it%2Ftr%2Fueruenler%2Fkaldirma-platformlari-iin-krkl-siperler%2F|title:Kald%C4%B1rma%20platformlar%C4%B1%20i%C3%A7in%20koruma%20k%C3%B6r%C3%BCkleri&#8221;][\/vc_column_inner][vc_column_inner width=&#8221;1\/3&#8243;][vc_single_image image=&#8221;36336&#8243; img_size=&#8221;250&#215;250&#8243; alignment=&#8221;center&#8221; style=&#8221;vc_box_outline_circle&#8221; css_animation=&#8221;none&#8221;][vc_column_text animation_delay=&#8221;0&#8243; css=&#8221;&#8221;]\n<h4 style=\"text-align: center;\">Lazer makineleri i\u00e7in k\u00f6r\u00fckl\u00fc<br \/>\nsiperler<\/h4>\n[\/vc_column_text][vc_btn title=&#8221;Daha fazlas\u0131n\u0131 ke\u015ffedin&#8221; style=&#8221;custom&#8221; custom_background=&#8221;#e34529&#8243; custom_text=&#8221;#ffffff&#8221; shape=&#8221;round&#8221; size=&#8221;sm&#8221; link=&#8221;url:https%3A%2F%2Fwww.pei.it%2Ftr%2Fueruenler%2Flazer-makineleri-iin-krkl-siperler%2F|title:Lazer%20makineleri%20i%C3%A7in%20k%C3%B6r%C3%BCkl%C3%BC%20siperler|&#8221;][\/vc_column_inner][vc_column_inner width=&#8221;1\/3&#8243;][vc_single_image image=&#8221;36320&#8243; img_size=&#8221;250&#215;250&#8243; alignment=&#8221;center&#8221; style=&#8221;vc_box_outline_circle&#8221; css_animation=&#8221;none&#8221;][vc_column_text animation_delay=&#8221;0&#8243;]\n<h4 style=\"text-align: center;\">Do\u011frusal k\u0131lavuzlar i\u00e7in \u0131s\u0131l kaynakl\u0131 k\u00f6r\u00fckler<\/h4>\n[\/vc_column_text][vc_btn title=&#8221;Daha fazlas\u0131n\u0131 ke\u015ffedin&#8221; style=&#8221;custom&#8221; custom_background=&#8221;#e34529&#8243; custom_text=&#8221;#ffffff&#8221; shape=&#8221;round&#8221; size=&#8221;sm&#8221; link=&#8221;url:https%3A%2F%2Fwww.pei.it%2Ftr%2Fueruenler%2Fdogrusal-kilavuzlar-iin-isil-kaynakli-krkler%2F|title:Do%C4%9Frusal%20k%C4%B1lavuzlar%20i%C3%A7in%20%C4%B1s%C4%B1l%20kaynakl%C4%B1%20k%C3%B6r%C3%BCkler&#8221;][\/vc_column_inner][\/vc_row_inner][vc_row_inner element_id=&#8221;195690&#8243; el_class=&#8221;riga_smistamento&#8221;][vc_column_inner width=&#8221;1\/2&#8243;][vc_single_image image=&#8221;36352&#8243; img_size=&#8221;250&#215;250&#8243; alignment=&#8221;center&#8221; style=&#8221;vc_box_outline_circle&#8221; css_animation=&#8221;none&#8221;][vc_column_text animation_delay=&#8221;0&#8243;]\n<h4>\u00d6zel<\/h4>\n[\/vc_column_text][vc_btn title=&#8221;Daha fazlas\u0131n\u0131 ke\u015ffedin&#8221; style=&#8221;custom&#8221; custom_background=&#8221;#e34529&#8243; custom_text=&#8221;#ffffff&#8221; shape=&#8221;round&#8221; size=&#8221;sm&#8221; link=&#8221;url:https%3A%2F%2Fwww.pei.it%2Ftr%2Fueruenler%2Fzel-dz-koruyucu-krkler%2F|title:%C3%96zel&#8221;][\/vc_column_inner][vc_column_inner width=&#8221;1\/2&#8243;][vc_single_image image=&#8221;36304&#8243; img_size=&#8221;250&#215;250&#8243; alignment=&#8221;center&#8221; style=&#8221;vc_box_outline_circle&#8221; css_animation=&#8221;none&#8221;][vc_column_text animation_delay=&#8221;0&#8243;]\n<h4>Diki\u015fli<\/h4>\n[\/vc_column_text][vc_btn title=&#8221;Daha fazlas\u0131n\u0131 ke\u015ffedin&#8221; style=&#8221;custom&#8221; custom_background=&#8221;#e34529&#8243; custom_text=&#8221;#ffffff&#8221; shape=&#8221;round&#8221; size=&#8221;sm&#8221; link=&#8221;url:https%3A%2F%2Fwww.pei.it%2Ftr%2Fueruenler%2Fdikisli-dz-koruyucu-krkler%2F|title:Diki%C5%9Fli&#8221;][\/vc_column_inner][\/vc_row_inner]<div class=\"et-separator et-clearfix animate-false solid center horizontal et-separator-875676\" data-delay=\"\"><div class=\"line\"><\/div><\/div><h2 class=\"et-heading text-align-center tablet-text-align-inherit mobile-text-align-inherit animate-false no-animation-type\" id=\"et-heading-257841\" data-delay=\"0\" data-mobile-font=\"inherit\" data-mobile-line-height=\"inherit\" data-tablet-landscape-font=\"inherit\" data-tablet-portrait-font=\"inherit\" data-tablet-landscape-line-height=\"inherit\" data-tablet-portrait-line-height=\"inherit\" data-parallax=\"false\" data-move=\"false\" data-coordinatex=\"0\" data-coordinatey=\"0\" data-speed=\"10\"><span class=\"text-wrapper\"><span class=\"text\">Dairesel k\u00f6r\u00fckler<\/span><\/span><\/h2>[vc_row_inner element_id=&#8221;195690&#8243; el_class=&#8221;riga_smistamento&#8221;][vc_column_inner width=&#8221;1\/3&#8243;][vc_single_image image=&#8221;36288&#8243; img_size=&#8221;250&#215;250&#8243; alignment=&#8221;center&#8221; style=&#8221;vc_box_outline_circle&#8221;][vc_column_text animation_delay=&#8221;0&#8243;]\n<h4>Diki\u015fli<\/h4>\n[\/vc_column_text][vc_btn title=&#8221;Daha fazlas\u0131n\u0131 ke\u015ffedin&#8221; style=&#8221;custom&#8221; custom_background=&#8221;#e34529&#8243; custom_text=&#8221;#ffffff&#8221; shape=&#8221;round&#8221; size=&#8221;sm&#8221; link=&#8221;url:https%3A%2F%2Fwww.pei.it%2Ftr%2Fueruenler%2Fdikisli-dairesel-krkl-siperler%2F|title:Diki%C5%9Fli|&#8221;][\/vc_column_inner][vc_column_inner width=&#8221;1\/3&#8243;][vc_single_image image=&#8221;36368&#8243; img_size=&#8221;250&#215;250&#8243; alignment=&#8221;center&#8221; style=&#8221;vc_box_outline_circle&#8221;][vc_column_text animation_delay=&#8221;0&#8243;]\n<h4>Is\u0131l kaynakl\u0131<\/h4>\n[\/vc_column_text][vc_btn title=&#8221;Daha fazlas\u0131n\u0131 ke\u015ffedin&#8221; style=&#8221;custom&#8221; custom_background=&#8221;#e34529&#8243; custom_text=&#8221;#ffffff&#8221; shape=&#8221;round&#8221; size=&#8221;sm&#8221; link=&#8221;url:https%3A%2F%2Fwww.pei.it%2Ftr%2Fueruenler%2Fisil-kaynakli-su-geirmez-dairesel-krkler%2F|title:Is%C4%B1l%20kaynakl%C4%B1|&#8221;][\/vc_column_inner][vc_column_inner width=&#8221;1\/3&#8243;][vc_single_image image=&#8221;56176&#8243; img_size=&#8221;250&#215;250&#8243; alignment=&#8221;center&#8221; style=&#8221;vc_box_outline_circle&#8221;][vc_column_text animation_delay=&#8221;0&#8243;]\n<h4>Deforme<\/h4>\n[\/vc_column_text][vc_btn title=&#8221;Daha fazlas\u0131n\u0131 ke\u015ffedin&#8221; style=&#8221;custom&#8221; custom_background=&#8221;#e34529&#8243; custom_text=&#8221;#ffffff&#8221; shape=&#8221;round&#8221; size=&#8221;sm&#8221; link=&#8221;url:https%3A%2F%2Fwww.pei.it%2Ftr%2Fueruenler%2Fdeforme-ve-ailabilir-dairesel-krkl-siperler%2F|title:Deforme&#8221;][\/vc_column_inner][\/vc_row_inner]<div class=\"et-separator et-clearfix animate-false solid center horizontal et-separator-875676\" data-delay=\"\"><div class=\"line\"><\/div><\/div>[vc_column_text animation_delay=&#8221;0&#8243; el_class=&#8221;page_text&#8221;]K\u00f6r\u00fckler, de\u011ferli makine par\u00e7alar\u0131n\u0131, k\u0131lavuzlar\u0131 ve vidalar\u0131 toz, ya\u011f, so\u011futucu s\u0131v\u0131 veya kaynak s\u0131\u00e7ramas\u0131 gibi kontaminasyonlardan korur.<br \/>\nK\u00f6r\u00fckler eksen ile birlikte hareket ederek kirlerin k\u0131lavuzlara ula\u015fmas\u0131n\u0131 engeller. \u00dcretimimiz \u00f6l\u00e7\u00fcye g\u00f6re yap\u0131lmaktad\u0131r.[\/vc_column_text]<div class=\"et-separator et-clearfix animate-false solid center horizontal et-separator-875676\" data-delay=\"\"><div class=\"line\"><\/div><\/div>[vc_row_inner element_id=&#8221;527631&#8243; el_class=&#8221;Cop_Tel_Row&#8221;][vc_column_inner el_class=&#8221;Cop_Tel_First_Col&#8221;]<h2 class=\"et-heading text-align-center tablet-text-align-inherit mobile-text-align-inherit animate-false no-animation-type\" id=\"et-heading-930957\" data-delay=\"0\" data-mobile-font=\"inherit\" data-mobile-line-height=\"inherit\" data-tablet-landscape-font=\"inherit\" data-tablet-portrait-font=\"inherit\" data-tablet-landscape-line-height=\"inherit\" data-tablet-portrait-line-height=\"inherit\" data-parallax=\"false\" data-move=\"false\" data-coordinatex=\"0\" data-coordinatey=\"0\" data-speed=\"10\"><span class=\"text-wrapper\"><span class=\"text\">PEI \u00fcr\u00fcnlerine ait t\u00fcm teknik dok\u00fcmanlar\u0131 ke\u015ffedin.<\/span><\/span><\/h2>[vc_single_image image=&#8221;53682&#8243; img_size=&#8221;250&#215;250&#8243; alignment=&#8221;center&#8221; css=&#8221;.vc_custom_1769077239514{padding-bottom: 20px !important;}&#8221; el_class=&#8221;catalogo_smistamento&#8221;][vc_btn title=&#8221;Teknik Dok\u00fcmantasyon&#8221; style=&#8221;custom&#8221; custom_background=&#8221;#e34529&#8243; custom_text=&#8221;#ffffff&#8221; shape=&#8221;round&#8221; size=&#8221;sm&#8221; align=&#8221;center&#8221; css=&#8221;.vc_custom_1769184607667{padding-bottom: 10px !important;}&#8221; link=&#8221;url:%2Ftr%2Findirme-alani%2F|title:Teknik%20Dok%C3%BCmantasyon|target:_blank&#8221;]<div class=\"et-separator et-clearfix animate-false solid center horizontal et-separator-875676\" data-delay=\"\"><div class=\"line\"><\/div><\/div>[\/vc_column_inner][\/vc_row_inner][\/vc_column][\/vc_row]\n<\/div>","protected":false},"excerpt":{"rendered":"<p>[vc_row element_id=&#8221;790331&#8243; el_class=&#8221;product-cards&#8221; el_id=&#8221;sinergie-carousel&#8221;][vc_column][vc_row_inner element_id=&#8221;195690&#8243; el_class=&#8221;riga_smistamento&#8221;][vc_column_inner width=&#8221;1\/3&#8243;][vc_single_image image=&#8221;36360&#8243; img_size=&#8221;250&#215;250&#8243; alignment=&#8221;center&#8221; style=&#8221;vc_box_outline_circle&#8221; css_animation=&#8221;none&#8221;][vc_column_text animation_delay=&#8221;0&#8243;] Levhas\u0131z [\/vc_column_text][vc_btn title=&#8221;Daha fazlas\u0131n\u0131 ke\u015ffedin&#8221; style=&#8221;custom&#8221; custom_background=&#8221;#e34529&#8243; custom_text=&#8221;#ffffff&#8221; shape=&#8221;round&#8221; size=&#8221;sm&#8221; link=&#8221;url:https%3A%2F%2Fwww.pei.it%2Ftr%2Fueruenler%2Fstandart-dz-koruyucu-siperler%2F|title:Standart|&#8221;][\/vc_column_inner][vc_column_inner width=&#8221;1\/3&#8243;][vc_single_image image=&#8221;36328&#8243; img_size=&#8221;250&#215;250&#8243; alignment=&#8221;center&#8221; style=&#8221;vc_box_outline_circle&#8221; css_animation=&#8221;none&#8221;][vc_column_text animation_delay=&#8221;0&#8243;] Sabit sacl\u0131 [\/vc_column_text][vc_btn title=&#8221;Daha fazlas\u0131n\u0131 ke\u015ffedin&#8221; style=&#8221;custom&#8221; custom_background=&#8221;#e34529&#8243; custom_text=&#8221;#ffffff&#8221; shape=&#8221;round&#8221; size=&#8221;sm&#8221; link=&#8221;url:https%3A%2F%2Fwww.pei.it%2Ftr%2Fueruenler%2Fsabit-levhali-dz-krkl-siperler%2F|title:Sabit%20sacl%C4%B1|&#8221;][\/vc_column_inner][vc_column_inner width=&#8221;1\/3&#8243;][vc_single_image image=&#8221;36344&#8243; img_size=&#8221;250&#215;250&#8243; alignment=&#8221;center&#8221; style=&#8221;vc_box_outline_circle&#8221; css_animation=&#8221;none&#8221;][vc_column_text animation_delay=&#8221;0&#8243;] Seyyar sacl\u0131 [\/vc_column_text][vc_btn title=&#8221;Daha fazlas\u0131n\u0131 [&hellip;]<\/p>\n","protected":false},"author":1,"featured_media":0,"parent":0,"menu_order":0,"comment_status":"closed","ping_status":"closed","template":"page_limpresa.php","meta":{"_acf_changed":false,"footnotes":""},"class_list":["post-43949","page","type-page","status-publish","hentry"],"acf":[],"yoast_head":"<!-- This site is optimized with the Yoast SEO plugin v26.9 - https:\/\/yoast.com\/product\/yoast-seo-wordpress\/ -->\n<title>Soffietti: Protezioni a Soffietto - PEI<\/title>\n<meta name=\"description\" content=\"Protezioni a soffietto per macchine utensili: protezioni utili a proteggere le parti in movimento e le guide delle macchine dallo sporco\" \/>\n<meta name=\"robots\" content=\"index, follow, max-snippet:-1, max-image-preview:large, max-video-preview:-1\" \/>\n<link rel=\"canonical\" href=\"https:\/\/www.pei.it\/tr\/korukler\/\" \/>\n<meta property=\"og:locale\" content=\"tr_TR\" \/>\n<meta property=\"og:type\" content=\"article\" \/>\n<meta property=\"og:title\" content=\"Soffietti: Protezioni a Soffietto - PEI\" \/>\n<meta property=\"og:description\" content=\"Protezioni a soffietto per macchine utensili: protezioni utili a proteggere le parti in movimento e le guide delle macchine dallo sporco\" \/>\n<meta property=\"og:url\" content=\"https:\/\/www.pei.it\/tr\/korukler\/\" \/>\n<meta property=\"og:site_name\" content=\"PEI\" \/>\n<meta property=\"article:modified_time\" content=\"2026-01-23T16:12:31+00:00\" \/>\n<meta name=\"twitter:card\" content=\"summary_large_image\" \/>\n<meta name=\"twitter:label1\" content=\"Tahmini okuma s\u00fcresi\" \/>\n\t<meta name=\"twitter:data1\" content=\"2 dakika\" \/>\n<script type=\"application\/ld+json\" class=\"yoast-schema-graph\">{\"@context\":\"https:\/\/schema.org\",\"@graph\":[{\"@type\":\"WebPage\",\"@id\":\"https:\/\/www.pei.it\/tr\/korukler\/\",\"url\":\"https:\/\/www.pei.it\/tr\/korukler\/\",\"name\":\"Soffietti: Protezioni a Soffietto - PEI\",\"isPartOf\":{\"@id\":\"https:\/\/www.pei.it\/tr\/#website\"},\"datePublished\":\"2022-02-16T17:45:18+00:00\",\"dateModified\":\"2026-01-23T16:12:31+00:00\",\"description\":\"Protezioni a soffietto per macchine utensili: protezioni utili a proteggere le parti in movimento e le guide delle macchine dallo sporco\",\"breadcrumb\":{\"@id\":\"https:\/\/www.pei.it\/tr\/korukler\/#breadcrumb\"},\"inLanguage\":\"tr\",\"potentialAction\":[{\"@type\":\"ReadAction\",\"target\":[\"https:\/\/www.pei.it\/tr\/korukler\/\"]}]},{\"@type\":\"BreadcrumbList\",\"@id\":\"https:\/\/www.pei.it\/tr\/korukler\/#breadcrumb\",\"itemListElement\":[{\"@type\":\"ListItem\",\"position\":1,\"name\":\"Home\",\"item\":\"https:\/\/www.pei.it\/tr\/\"},{\"@type\":\"ListItem\",\"position\":2,\"name\":\"K\u00f6r\u00fckler\"}]},{\"@type\":\"WebSite\",\"@id\":\"https:\/\/www.pei.it\/tr\/#website\",\"url\":\"https:\/\/www.pei.it\/tr\/\",\"name\":\"PEI\",\"description\":\"Protezioni per macchine utensili, avvolgibili, telescopiche\",\"potentialAction\":[{\"@type\":\"SearchAction\",\"target\":{\"@type\":\"EntryPoint\",\"urlTemplate\":\"https:\/\/www.pei.it\/tr\/?s={search_term_string}\"},\"query-input\":{\"@type\":\"PropertyValueSpecification\",\"valueRequired\":true,\"valueName\":\"search_term_string\"}}],\"inLanguage\":\"tr\"}]}<\/script>\n<!-- \/ Yoast SEO plugin. -->","yoast_head_json":{"title":"Soffietti: Protezioni a Soffietto - PEI","description":"Protezioni a soffietto per macchine utensili: protezioni utili a proteggere le parti in movimento e le guide delle macchine dallo sporco","robots":{"index":"index","follow":"follow","max-snippet":"max-snippet:-1","max-image-preview":"max-image-preview:large","max-video-preview":"max-video-preview:-1"},"canonical":"https:\/\/www.pei.it\/tr\/korukler\/","og_locale":"tr_TR","og_type":"article","og_title":"Soffietti: Protezioni a Soffietto - PEI","og_description":"Protezioni a soffietto per macchine utensili: protezioni utili a proteggere le parti in movimento e le guide delle macchine dallo sporco","og_url":"https:\/\/www.pei.it\/tr\/korukler\/","og_site_name":"PEI","article_modified_time":"2026-01-23T16:12:31+00:00","twitter_card":"summary_large_image","twitter_misc":{"Tahmini okuma s\u00fcresi":"2 dakika"},"schema":{"@context":"https:\/\/schema.org","@graph":[{"@type":"WebPage","@id":"https:\/\/www.pei.it\/tr\/korukler\/","url":"https:\/\/www.pei.it\/tr\/korukler\/","name":"Soffietti: Protezioni a Soffietto - PEI","isPartOf":{"@id":"https:\/\/www.pei.it\/tr\/#website"},"datePublished":"2022-02-16T17:45:18+00:00","dateModified":"2026-01-23T16:12:31+00:00","description":"Protezioni a soffietto per macchine utensili: protezioni utili a proteggere le parti in movimento e le guide delle macchine dallo sporco","breadcrumb":{"@id":"https:\/\/www.pei.it\/tr\/korukler\/#breadcrumb"},"inLanguage":"tr","potentialAction":[{"@type":"ReadAction","target":["https:\/\/www.pei.it\/tr\/korukler\/"]}]},{"@type":"BreadcrumbList","@id":"https:\/\/www.pei.it\/tr\/korukler\/#breadcrumb","itemListElement":[{"@type":"ListItem","position":1,"name":"Home","item":"https:\/\/www.pei.it\/tr\/"},{"@type":"ListItem","position":2,"name":"K\u00f6r\u00fckler"}]},{"@type":"WebSite","@id":"https:\/\/www.pei.it\/tr\/#website","url":"https:\/\/www.pei.it\/tr\/","name":"PEI","description":"Protezioni per macchine utensili, avvolgibili, telescopiche","potentialAction":[{"@type":"SearchAction","target":{"@type":"EntryPoint","urlTemplate":"https:\/\/www.pei.it\/tr\/?s={search_term_string}"},"query-input":{"@type":"PropertyValueSpecification","valueRequired":true,"valueName":"search_term_string"}}],"inLanguage":"tr"}]}},"_links":{"self":[{"href":"https:\/\/www.pei.it\/tr\/wp-json\/wp\/v2\/pages\/43949","targetHints":{"allow":["GET"]}}],"collection":[{"href":"https:\/\/www.pei.it\/tr\/wp-json\/wp\/v2\/pages"}],"about":[{"href":"https:\/\/www.pei.it\/tr\/wp-json\/wp\/v2\/types\/page"}],"author":[{"embeddable":true,"href":"https:\/\/www.pei.it\/tr\/wp-json\/wp\/v2\/users\/1"}],"replies":[{"embeddable":true,"href":"https:\/\/www.pei.it\/tr\/wp-json\/wp\/v2\/comments?post=43949"}],"version-history":[{"count":4,"href":"https:\/\/www.pei.it\/tr\/wp-json\/wp\/v2\/pages\/43949\/revisions"}],"predecessor-version":[{"id":64104,"href":"https:\/\/www.pei.it\/tr\/wp-json\/wp\/v2\/pages\/43949\/revisions\/64104"}],"wp:attachment":[{"href":"https:\/\/www.pei.it\/tr\/wp-json\/wp\/v2\/media?parent=43949"}],"curies":[{"name":"wp","href":"https:\/\/api.w.org\/{rel}","templated":true}]}}