{"id":43966,"date":"2022-02-17T08:02:57","date_gmt":"2022-02-17T08:02:57","guid":{"rendered":"https:\/\/www.pei.it\/x-y-moduler-kalkanlar\/"},"modified":"2026-01-23T16:13:04","modified_gmt":"2026-01-23T16:13:04","slug":"x-y-moduler-kalkanlar","status":"publish","type":"page","link":"https:\/\/www.pei.it\/tr\/x-y-moduler-kalkanlar\/","title":{"rendered":"X-Y kalkanlar"},"content":{"rendered":"<div class=\"wpb-content-wrapper\">[vc_row element_id=&#8221;790331&#8243; el_class=&#8221;product-cards&#8221; el_id=&#8221;sinergie-carousel&#8221;][vc_column]<h2 class=\"et-heading text-align-center tablet-text-align-inherit mobile-text-align-inherit animate-false no-animation-type\" id=\"et-heading-614533\" data-delay=\"0\" data-mobile-font=\"inherit\" data-mobile-line-height=\"inherit\" data-tablet-landscape-font=\"inherit\" data-tablet-portrait-font=\"inherit\" data-tablet-landscape-line-height=\"inherit\" data-tablet-portrait-line-height=\"inherit\" data-parallax=\"false\" data-move=\"false\" data-coordinatex=\"0\" data-coordinatey=\"0\" data-speed=\"10\"><span class=\"text-wrapper\"><span class=\"text\">Ueruenler<\/span><\/span><\/h2><div class=\"et-separator et-clearfix animate-false solid center horizontal et-separator-875676\" data-delay=\"\"><div class=\"line\"><\/div><\/div>[vc_row_inner element_id=&#8221;645291&#8243; el_class=&#8221;riga_smistamento&#8221;][vc_column_inner width=&#8221;1\/3&#8243;][vc_single_image image=&#8221;34677&#8243; img_size=&#8221;250&#215;250&#8243; alignment=&#8221;center&#8221; style=&#8221;vc_box_outline_circle&#8221;][vc_column_text animation_delay=&#8221;0&#8243;]\n<h4>Sacl\u0131 X-Y k\u00f6r\u00fckler<\/h4>\n[\/vc_column_text][vc_btn title=&#8221;Daha fazlas\u0131n\u0131 ke\u015ffedin&#8221; style=&#8221;custom&#8221; custom_background=&#8221;#e34529&#8243; custom_text=&#8221;#ffffff&#8221; shape=&#8221;round&#8221; size=&#8221;sm&#8221; link=&#8221;url:https%3A%2F%2Fwww.pei.it%2Ftr%2Fueruenler%2Fince-levhali-x-y-krkleri%2F|title:%C5%9Eekilli%20ya%C4%9F%20s%C4%B1y%C4%B1r%C4%B1c%C4%B1lar%C4%B1&#8243;][\/vc_column_inner][vc_column_inner width=&#8221;1\/3&#8243;][vc_single_image image=&#8221;59449&#8243; img_size=&#8221;250&#215;250&#8243; alignment=&#8221;center&#8221; style=&#8221;vc_box_outline_circle&#8221;][vc_column_text animation_delay=&#8221;0&#8243; css=&#8221;&#8221;]\n<h4>Mod\u00fcler x-y kalkanlari<\/h4>\n[\/vc_column_text][vc_btn title=&#8221;Daha fazlas\u0131n\u0131 ke\u015ffedin&#8221; style=&#8221;custom&#8221; custom_background=&#8221;#e34529&#8243; custom_text=&#8221;#ffffff&#8221; shape=&#8221;round&#8221; size=&#8221;sm&#8221; link=&#8221;url:%2Ftr%2Fueruenler%2Fmodular-x-y-shield%2F|title:Modular%20X-Y%20shield&#8221;][\/vc_column_inner][vc_column_inner width=&#8221;1\/3&#8243;][vc_single_image image=&#8221;34701&#8243; img_size=&#8221;250&#215;250&#8243; alignment=&#8221;center&#8221; style=&#8221;vc_box_outline_circle&#8221;][vc_column_text animation_delay=&#8221;0&#8243;]\n<h4>Sacs\u0131z X-Y k\u00f6r\u00fckler<\/h4>\n[\/vc_column_text][vc_btn title=&#8221;Daha fazlas\u0131n\u0131 ke\u015ffedin&#8221; style=&#8221;custom&#8221; custom_background=&#8221;#e34529&#8243; custom_text=&#8221;#ffffff&#8221; shape=&#8221;round&#8221; size=&#8221;sm&#8221; link=&#8221;url:https%3A%2F%2Fwww.pei.it%2Ftr%2Fueruenler%2Fince-levhasiz-x-y-krkleri%2F|title:%C5%9Eekilli%20ya%C4%9F%20s%C4%B1y%C4%B1r%C4%B1c%C4%B1lar%C4%B1&#8243;][\/vc_column_inner][\/vc_row_inner][vc_row_inner element_id=&#8221;645291&#8243; el_class=&#8221;riga_smistamento&#8221;][vc_column_inner width=&#8221;1\/2&#8243;][vc_single_image image=&#8221;54289&#8243; img_size=&#8221;250&#215;250&#8243; alignment=&#8221;center&#8221; style=&#8221;vc_box_outline_circle&#8221;][vc_column_text animation_delay=&#8221;0&#8243;]\n<h4>Unique Steel Cover EVO<\/h4>\n[\/vc_column_text][vc_btn title=&#8221;Daha fazlas\u0131n\u0131 ke\u015ffedin&#8221; style=&#8221;custom&#8221; custom_background=&#8221;#e34529&#8243; custom_text=&#8221;#ffffff&#8221; shape=&#8221;round&#8221; size=&#8221;sm&#8221; link=&#8221;url:https%3A%2F%2Fwww.pei.it%2Ftr%2Fueruenler%2Flevhali-x-y-unique%2F|title:%C5%9Eekilli%20ya%C4%9F%20s%C4%B1y%C4%B1r%C4%B1c%C4%B1lar%C4%B1&#8243;][\/vc_column_inner][vc_column_inner width=&#8221;1\/2&#8243;][vc_single_image image=&#8221;34685&#8243; img_size=&#8221;250&#215;250&#8243; alignment=&#8221;center&#8221; style=&#8221;vc_box_outline_circle&#8221;][vc_column_text animation_delay=&#8221;0&#8243;]\n<h4>B\u00fcy\u00fck ebatl\u0131-Giant Shield<\/h4>\n[\/vc_column_text][vc_btn title=&#8221;Daha fazlas\u0131n\u0131 ke\u015ffedin&#8221; style=&#8221;custom&#8221; custom_background=&#8221;#e34529&#8243; custom_text=&#8221;#ffffff&#8221; shape=&#8221;round&#8221; size=&#8221;sm&#8221; link=&#8221;url:https%3A%2F%2Fwww.pei.it%2Ftr%2Fueruenler%2Fbyk-ebatlar-giant-shield%2F|title:%C5%9Eekilli%20ya%C4%9F%20s%C4%B1y%C4%B1r%C4%B1c%C4%B1lar%C4%B1&#8243;][\/vc_column_inner][\/vc_row_inner]<div class=\"et-separator et-clearfix animate-false solid center horizontal et-separator-875676\" data-delay=\"\"><div class=\"line\"><\/div><\/div>[vc_column_text animation_delay=&#8221;0&#8243; css=&#8221;&#8221; el_class=&#8221;page_text&#8221;]X-Y kalkan\u0131, montaj ve bak\u0131m kolayl\u0131\u011f\u0131, ekonomi ve sa\u011flaml\u0131k bir aradad\u0131r.<br \/>\nX-Y kalkan\u0131, levhal\u0131 ve levhas\u0131z versiyonu mevcuttur.<br \/>\nX-Y kalkan\u0131, standart olmayan boyuttaki makineler i\u00e7in de kullan\u0131labilir.[\/vc_column_text]<div class=\"et-separator et-clearfix animate-false solid center horizontal et-separator-875676\" data-delay=\"\"><div class=\"line\"><\/div><\/div>[vc_row_inner element_id=&#8221;527631&#8243; el_class=&#8221;Cop_Tel_Row&#8221;][vc_column_inner el_class=&#8221;Cop_Tel_First_Col&#8221;]<h2 class=\"et-heading text-align-center tablet-text-align-inherit mobile-text-align-inherit animate-false no-animation-type\" id=\"et-heading-930957\" data-delay=\"0\" data-mobile-font=\"inherit\" data-mobile-line-height=\"inherit\" data-tablet-landscape-font=\"inherit\" data-tablet-portrait-font=\"inherit\" data-tablet-landscape-line-height=\"inherit\" data-tablet-portrait-line-height=\"inherit\" data-parallax=\"false\" data-move=\"false\" data-coordinatex=\"0\" data-coordinatey=\"0\" data-speed=\"10\"><span class=\"text-wrapper\"><span class=\"text\">PEI \u00fcr\u00fcnlerine ait t\u00fcm teknik dok\u00fcmanlar\u0131 ke\u015ffedin.<\/span><\/span><\/h2>[vc_single_image image=&#8221;53682&#8243; img_size=&#8221;250&#215;250&#8243; alignment=&#8221;center&#8221; css=&#8221;.vc_custom_1769077239514{padding-bottom: 20px !important;}&#8221; el_class=&#8221;catalogo_smistamento&#8221;][vc_btn title=&#8221;Teknik Dok\u00fcmantasyon&#8221; style=&#8221;custom&#8221; custom_background=&#8221;#e34529&#8243; custom_text=&#8221;#ffffff&#8221; shape=&#8221;round&#8221; size=&#8221;sm&#8221; align=&#8221;center&#8221; css=&#8221;.vc_custom_1769184607667{padding-bottom: 10px !important;}&#8221; link=&#8221;url:%2Ftr%2Findirme-alani%2F|title:Teknik%20Dok%C3%BCmantasyon|target:_blank&#8221;]<div class=\"et-separator et-clearfix animate-false solid center horizontal et-separator-875676\" data-delay=\"\"><div class=\"line\"><\/div><\/div>[\/vc_column_inner][\/vc_row_inner][\/vc_column][\/vc_row]\n<\/div>","protected":false},"excerpt":{"rendered":"<p>[vc_row element_id=&#8221;790331&#8243; el_class=&#8221;product-cards&#8221; el_id=&#8221;sinergie-carousel&#8221;][vc_column][vc_row_inner element_id=&#8221;645291&#8243; el_class=&#8221;riga_smistamento&#8221;][vc_column_inner width=&#8221;1\/3&#8243;][vc_single_image image=&#8221;34677&#8243; img_size=&#8221;250&#215;250&#8243; alignment=&#8221;center&#8221; style=&#8221;vc_box_outline_circle&#8221;][vc_column_text animation_delay=&#8221;0&#8243;] Sacl\u0131 X-Y k\u00f6r\u00fckler [\/vc_column_text][vc_btn title=&#8221;Daha fazlas\u0131n\u0131 ke\u015ffedin&#8221; style=&#8221;custom&#8221; custom_background=&#8221;#e34529&#8243; custom_text=&#8221;#ffffff&#8221; shape=&#8221;round&#8221; size=&#8221;sm&#8221; link=&#8221;url:https%3A%2F%2Fwww.pei.it%2Ftr%2Fueruenler%2Fince-levhali-x-y-krkleri%2F|title:%C5%9Eekilli%20ya%C4%9F%20s%C4%B1y%C4%B1r%C4%B1c%C4%B1lar%C4%B1&#8243;][\/vc_column_inner][vc_column_inner width=&#8221;1\/3&#8243;][vc_single_image image=&#8221;59449&#8243; img_size=&#8221;250&#215;250&#8243; alignment=&#8221;center&#8221; style=&#8221;vc_box_outline_circle&#8221;][vc_column_text animation_delay=&#8221;0&#8243; css=&#8221;&#8221;] Mod\u00fcler x-y kalkanlari [\/vc_column_text][vc_btn title=&#8221;Daha fazlas\u0131n\u0131 ke\u015ffedin&#8221; style=&#8221;custom&#8221; custom_background=&#8221;#e34529&#8243; custom_text=&#8221;#ffffff&#8221; shape=&#8221;round&#8221; size=&#8221;sm&#8221; link=&#8221;url:%2Ftr%2Fueruenler%2Fmodular-x-y-shield%2F|title:Modular%20X-Y%20shield&#8221;][\/vc_column_inner][vc_column_inner width=&#8221;1\/3&#8243;][vc_single_image image=&#8221;34701&#8243; img_size=&#8221;250&#215;250&#8243; alignment=&#8221;center&#8221; style=&#8221;vc_box_outline_circle&#8221;][vc_column_text animation_delay=&#8221;0&#8243;] Sacs\u0131z X-Y k\u00f6r\u00fckler [\/vc_column_text][vc_btn [&hellip;]<\/p>\n","protected":false},"author":1,"featured_media":0,"parent":0,"menu_order":0,"comment_status":"closed","ping_status":"closed","template":"page_limpresa.php","meta":{"_acf_changed":false,"footnotes":""},"class_list":["post-43966","page","type-page","status-publish","hentry"],"acf":[],"yoast_head":"<!-- This site is optimized with the Yoast SEO plugin v26.9 - https:\/\/yoast.com\/product\/yoast-seo-wordpress\/ -->\n<title>X-Y kalkanlar - PEI<\/title>\n<meta name=\"robots\" content=\"index, follow, max-snippet:-1, max-image-preview:large, max-video-preview:-1\" \/>\n<link rel=\"canonical\" href=\"https:\/\/www.pei.it\/tr\/x-y-moduler-kalkanlar\/\" \/>\n<meta property=\"og:locale\" content=\"tr_TR\" \/>\n<meta property=\"og:type\" content=\"article\" \/>\n<meta property=\"og:title\" content=\"X-Y kalkanlar - PEI\" \/>\n<meta property=\"og:description\" content=\"[vc_row element_id=&#8221;790331&#8243; el_class=&#8221;product-cards&#8221; el_id=&#8221;sinergie-carousel&#8221;][vc_column][vc_row_inner element_id=&#8221;645291&#8243; el_class=&#8221;riga_smistamento&#8221;][vc_column_inner width=&#8221;1\/3&#8243;][vc_single_image image=&#8221;34677&#8243; img_size=&#8221;250&#215;250&#8243; alignment=&#8221;center&#8221; style=&#8221;vc_box_outline_circle&#8221;][vc_column_text animation_delay=&#8221;0&#8243;] Sacl\u0131 X-Y k\u00f6r\u00fckler [\/vc_column_text][vc_btn title=&#8221;Daha fazlas\u0131n\u0131 ke\u015ffedin&#8221; style=&#8221;custom&#8221; custom_background=&#8221;#e34529&#8243; custom_text=&#8221;#ffffff&#8221; shape=&#8221;round&#8221; size=&#8221;sm&#8221; link=&#8221;url:https%3A%2F%2Fwww.pei.it%2Ftr%2Fueruenler%2Fince-levhali-x-y-krkleri%2F|title:%C5%9Eekilli%20ya%C4%9F%20s%C4%B1y%C4%B1r%C4%B1c%C4%B1lar%C4%B1&#8243;][\/vc_column_inner][vc_column_inner width=&#8221;1\/3&#8243;][vc_single_image image=&#8221;59449&#8243; img_size=&#8221;250&#215;250&#8243; alignment=&#8221;center&#8221; style=&#8221;vc_box_outline_circle&#8221;][vc_column_text animation_delay=&#8221;0&#8243; css=&#8221;&#8221;] Mod\u00fcler x-y kalkanlari [\/vc_column_text][vc_btn title=&#8221;Daha fazlas\u0131n\u0131 ke\u015ffedin&#8221; style=&#8221;custom&#8221; custom_background=&#8221;#e34529&#8243; custom_text=&#8221;#ffffff&#8221; shape=&#8221;round&#8221; size=&#8221;sm&#8221; link=&#8221;url:%2Ftr%2Fueruenler%2Fmodular-x-y-shield%2F|title:Modular%20X-Y%20shield&#8221;][\/vc_column_inner][vc_column_inner width=&#8221;1\/3&#8243;][vc_single_image image=&#8221;34701&#8243; img_size=&#8221;250&#215;250&#8243; alignment=&#8221;center&#8221; style=&#8221;vc_box_outline_circle&#8221;][vc_column_text animation_delay=&#8221;0&#8243;] Sacs\u0131z X-Y k\u00f6r\u00fckler [\/vc_column_text][vc_btn [&hellip;]\" \/>\n<meta property=\"og:url\" content=\"https:\/\/www.pei.it\/tr\/x-y-moduler-kalkanlar\/\" \/>\n<meta property=\"og:site_name\" content=\"PEI\" \/>\n<meta property=\"article:modified_time\" content=\"2026-01-23T16:13:04+00:00\" \/>\n<meta name=\"twitter:card\" content=\"summary_large_image\" \/>\n<meta name=\"twitter:label1\" content=\"Tahmini okuma s\u00fcresi\" \/>\n\t<meta name=\"twitter:data1\" content=\"1 dakika\" \/>\n<script type=\"application\/ld+json\" class=\"yoast-schema-graph\">{\"@context\":\"https:\/\/schema.org\",\"@graph\":[{\"@type\":\"WebPage\",\"@id\":\"https:\/\/www.pei.it\/tr\/x-y-moduler-kalkanlar\/\",\"url\":\"https:\/\/www.pei.it\/tr\/x-y-moduler-kalkanlar\/\",\"name\":\"X-Y kalkanlar - PEI\",\"isPartOf\":{\"@id\":\"https:\/\/www.pei.it\/tr\/#website\"},\"datePublished\":\"2022-02-17T08:02:57+00:00\",\"dateModified\":\"2026-01-23T16:13:04+00:00\",\"breadcrumb\":{\"@id\":\"https:\/\/www.pei.it\/tr\/x-y-moduler-kalkanlar\/#breadcrumb\"},\"inLanguage\":\"tr\",\"potentialAction\":[{\"@type\":\"ReadAction\",\"target\":[\"https:\/\/www.pei.it\/tr\/x-y-moduler-kalkanlar\/\"]}]},{\"@type\":\"BreadcrumbList\",\"@id\":\"https:\/\/www.pei.it\/tr\/x-y-moduler-kalkanlar\/#breadcrumb\",\"itemListElement\":[{\"@type\":\"ListItem\",\"position\":1,\"name\":\"Home\",\"item\":\"https:\/\/www.pei.it\/tr\/\"},{\"@type\":\"ListItem\",\"position\":2,\"name\":\"X-Y kalkanlar\"}]},{\"@type\":\"WebSite\",\"@id\":\"https:\/\/www.pei.it\/tr\/#website\",\"url\":\"https:\/\/www.pei.it\/tr\/\",\"name\":\"PEI\",\"description\":\"Protezioni per macchine utensili, avvolgibili, telescopiche\",\"potentialAction\":[{\"@type\":\"SearchAction\",\"target\":{\"@type\":\"EntryPoint\",\"urlTemplate\":\"https:\/\/www.pei.it\/tr\/?s={search_term_string}\"},\"query-input\":{\"@type\":\"PropertyValueSpecification\",\"valueRequired\":true,\"valueName\":\"search_term_string\"}}],\"inLanguage\":\"tr\"}]}<\/script>\n<!-- \/ Yoast SEO plugin. -->","yoast_head_json":{"title":"X-Y kalkanlar - PEI","robots":{"index":"index","follow":"follow","max-snippet":"max-snippet:-1","max-image-preview":"max-image-preview:large","max-video-preview":"max-video-preview:-1"},"canonical":"https:\/\/www.pei.it\/tr\/x-y-moduler-kalkanlar\/","og_locale":"tr_TR","og_type":"article","og_title":"X-Y kalkanlar - PEI","og_description":"[vc_row element_id=&#8221;790331&#8243; el_class=&#8221;product-cards&#8221; el_id=&#8221;sinergie-carousel&#8221;][vc_column][vc_row_inner element_id=&#8221;645291&#8243; el_class=&#8221;riga_smistamento&#8221;][vc_column_inner width=&#8221;1\/3&#8243;][vc_single_image image=&#8221;34677&#8243; img_size=&#8221;250&#215;250&#8243; alignment=&#8221;center&#8221; style=&#8221;vc_box_outline_circle&#8221;][vc_column_text animation_delay=&#8221;0&#8243;] Sacl\u0131 X-Y k\u00f6r\u00fckler [\/vc_column_text][vc_btn title=&#8221;Daha fazlas\u0131n\u0131 ke\u015ffedin&#8221; style=&#8221;custom&#8221; custom_background=&#8221;#e34529&#8243; custom_text=&#8221;#ffffff&#8221; shape=&#8221;round&#8221; size=&#8221;sm&#8221; link=&#8221;url:https%3A%2F%2Fwww.pei.it%2Ftr%2Fueruenler%2Fince-levhali-x-y-krkleri%2F|title:%C5%9Eekilli%20ya%C4%9F%20s%C4%B1y%C4%B1r%C4%B1c%C4%B1lar%C4%B1&#8243;][\/vc_column_inner][vc_column_inner width=&#8221;1\/3&#8243;][vc_single_image image=&#8221;59449&#8243; img_size=&#8221;250&#215;250&#8243; alignment=&#8221;center&#8221; style=&#8221;vc_box_outline_circle&#8221;][vc_column_text animation_delay=&#8221;0&#8243; css=&#8221;&#8221;] Mod\u00fcler x-y kalkanlari [\/vc_column_text][vc_btn title=&#8221;Daha fazlas\u0131n\u0131 ke\u015ffedin&#8221; style=&#8221;custom&#8221; custom_background=&#8221;#e34529&#8243; custom_text=&#8221;#ffffff&#8221; shape=&#8221;round&#8221; size=&#8221;sm&#8221; link=&#8221;url:%2Ftr%2Fueruenler%2Fmodular-x-y-shield%2F|title:Modular%20X-Y%20shield&#8221;][\/vc_column_inner][vc_column_inner width=&#8221;1\/3&#8243;][vc_single_image image=&#8221;34701&#8243; img_size=&#8221;250&#215;250&#8243; alignment=&#8221;center&#8221; style=&#8221;vc_box_outline_circle&#8221;][vc_column_text animation_delay=&#8221;0&#8243;] Sacs\u0131z X-Y k\u00f6r\u00fckler [\/vc_column_text][vc_btn [&hellip;]","og_url":"https:\/\/www.pei.it\/tr\/x-y-moduler-kalkanlar\/","og_site_name":"PEI","article_modified_time":"2026-01-23T16:13:04+00:00","twitter_card":"summary_large_image","twitter_misc":{"Tahmini okuma s\u00fcresi":"1 dakika"},"schema":{"@context":"https:\/\/schema.org","@graph":[{"@type":"WebPage","@id":"https:\/\/www.pei.it\/tr\/x-y-moduler-kalkanlar\/","url":"https:\/\/www.pei.it\/tr\/x-y-moduler-kalkanlar\/","name":"X-Y kalkanlar - PEI","isPartOf":{"@id":"https:\/\/www.pei.it\/tr\/#website"},"datePublished":"2022-02-17T08:02:57+00:00","dateModified":"2026-01-23T16:13:04+00:00","breadcrumb":{"@id":"https:\/\/www.pei.it\/tr\/x-y-moduler-kalkanlar\/#breadcrumb"},"inLanguage":"tr","potentialAction":[{"@type":"ReadAction","target":["https:\/\/www.pei.it\/tr\/x-y-moduler-kalkanlar\/"]}]},{"@type":"BreadcrumbList","@id":"https:\/\/www.pei.it\/tr\/x-y-moduler-kalkanlar\/#breadcrumb","itemListElement":[{"@type":"ListItem","position":1,"name":"Home","item":"https:\/\/www.pei.it\/tr\/"},{"@type":"ListItem","position":2,"name":"X-Y kalkanlar"}]},{"@type":"WebSite","@id":"https:\/\/www.pei.it\/tr\/#website","url":"https:\/\/www.pei.it\/tr\/","name":"PEI","description":"Protezioni per macchine utensili, avvolgibili, telescopiche","potentialAction":[{"@type":"SearchAction","target":{"@type":"EntryPoint","urlTemplate":"https:\/\/www.pei.it\/tr\/?s={search_term_string}"},"query-input":{"@type":"PropertyValueSpecification","valueRequired":true,"valueName":"search_term_string"}}],"inLanguage":"tr"}]}},"_links":{"self":[{"href":"https:\/\/www.pei.it\/tr\/wp-json\/wp\/v2\/pages\/43966","targetHints":{"allow":["GET"]}}],"collection":[{"href":"https:\/\/www.pei.it\/tr\/wp-json\/wp\/v2\/pages"}],"about":[{"href":"https:\/\/www.pei.it\/tr\/wp-json\/wp\/v2\/types\/page"}],"author":[{"embeddable":true,"href":"https:\/\/www.pei.it\/tr\/wp-json\/wp\/v2\/users\/1"}],"replies":[{"embeddable":true,"href":"https:\/\/www.pei.it\/tr\/wp-json\/wp\/v2\/comments?post=43966"}],"version-history":[{"count":4,"href":"https:\/\/www.pei.it\/tr\/wp-json\/wp\/v2\/pages\/43966\/revisions"}],"predecessor-version":[{"id":64105,"href":"https:\/\/www.pei.it\/tr\/wp-json\/wp\/v2\/pages\/43966\/revisions\/64105"}],"wp:attachment":[{"href":"https:\/\/www.pei.it\/tr\/wp-json\/wp\/v2\/media?parent=43966"}],"curies":[{"name":"wp","href":"https:\/\/api.w.org\/{rel}","templated":true}]}}