{"id":63842,"date":"2026-01-21T13:20:38","date_gmt":"2026-01-21T13:20:38","guid":{"rendered":"https:\/\/www.pei.it\/indirme-alani\/"},"modified":"2026-04-15T09:40:44","modified_gmt":"2026-04-15T09:40:44","slug":"indirme-alani","status":"publish","type":"page","link":"https:\/\/www.pei.it\/tr\/indirme-alani\/","title":{"rendered":"\u0130ND\u0130RME ALANI"},"content":{"rendered":"<div class=\"wpb-content-wrapper\">[vc_row gap=&#8221;48&#8243; element_id=&#8221;851011&#8243;][vc_column animation_delay=&#8221;0&#8243; element_id=&#8221;784148&#8243; crp=&#8221;480:i:i,480-768:i:i,768-1024:i:i,1024-1280:i:i,1280-1366:i:i,1366-1600:i:i,1600-1920:i:i&#8221;]<h2 class=\"et-heading text-align-left tablet-text-align-inherit mobile-text-align-inherit animate-false no-animation-type\" id=\"et-heading-336169\" data-delay=\"0\" data-mobile-font=\"inherit\" data-mobile-line-height=\"inherit\" data-tablet-landscape-font=\"inherit\" data-tablet-portrait-font=\"inherit\" data-tablet-landscape-line-height=\"inherit\" data-tablet-portrait-line-height=\"inherit\" data-parallax=\"false\" data-move=\"false\" data-coordinatex=\"0\" data-coordinatey=\"0\" data-speed=\"10\"><span class=\"text-wrapper\"><span class=\"text\">TEKN\u0130K VE T\u0130CAR\u0130 DOK\u00dcMANTASYON<\/span><\/span><\/h2>[vc_column_text animation_delay=&#8221;0&#8243; css_animation=&#8221;none&#8221; css=&#8221;&#8221; el_class=&#8221;text-2-columns&#8221;]<img loading=\"lazy\" loading=\"lazy\" decoding=\"async\" class=\"size-full wp-image-5669 alignnone\" src=\"https:\/\/www.pei.it\/wp-content\/uploads\/2017\/08\/pdf_button.png\" alt=\"\" width=\"16\" height=\"16\" \/> <a href=\"https:\/\/www.pei.it\/wp-content\/uploads\/2021\/07\/Catalogo-PEI_TR_web.pdf\" target=\"_blank\" rel=\"noopener\">Genel Katalog<\/a><\/p>\n<p><img loading=\"lazy\" loading=\"lazy\" decoding=\"async\" class=\"size-full wp-image-5669 alignnone\" src=\"https:\/\/www.pei.it\/wp-content\/uploads\/2017\/08\/pdf_button.png\" alt=\"\" width=\"16\" height=\"16\" \/> <a href=\"\/wp-content\/uploads\/2021\/11\/Flyer-PEI-4-ante_GAMMA-it-en-A4-x-web.pdf\" target=\"_blank\" rel=\"noopener\">Product Range Flyer<\/a><\/p>\n<p><img loading=\"lazy\" loading=\"lazy\" decoding=\"async\" class=\"size-full wp-image-5669 alignnone\" src=\"https:\/\/www.pei.it\/wp-content\/uploads\/2017\/08\/pdf_button.png\" alt=\"\" width=\"16\" height=\"16\" \/> <a href=\"\/wp-content\/uploads\/2021\/07\/Flyer_Scudi_2025_ita-ing_web.pdf\" target=\"_blank\" rel=\"noopener\">X-Y Shields<\/a><\/p>\n<p><img loading=\"lazy\" loading=\"lazy\" decoding=\"async\" class=\"size-full wp-image-5669 alignnone\" src=\"https:\/\/www.pei.it\/wp-content\/uploads\/2017\/08\/pdf_button.png\" alt=\"\" width=\"16\" height=\"16\" \/> <a href=\"https:\/\/www.pei.it\/wp-content\/uploads\/2021\/11\/Flyer-Ricambi-Revisioni-it-en.pdf\" target=\"_blank\" rel=\"noopener\">Overhaul and Spare Parts Flyer<\/a><\/p>\n<p><img loading=\"lazy\" loading=\"lazy\" decoding=\"async\" class=\"size-full wp-image-5669 alignnone\" src=\"https:\/\/www.pei.it\/wp-content\/uploads\/2017\/08\/pdf_button.png\" alt=\"\" width=\"16\" height=\"16\" \/> <a href=\"\/wp-content\/uploads\/2021\/11\/flyer-WSC-it-en_WEB.pdf\" target=\"_blank\" rel=\"noopener\">Wave Sky Chemical<\/a><\/p>\n<p><img loading=\"lazy\" loading=\"lazy\" decoding=\"async\" class=\"size-full wp-image-5669 alignnone\" src=\"https:\/\/www.pei.it\/wp-content\/uploads\/2017\/08\/pdf_button.png\" alt=\"\" width=\"16\" height=\"16\" \/> <a href=\"\/wp-content\/uploads\/2021\/11\/Vol_istruz_Cop_telesco_ING.pdf\" target=\"_blank\" rel=\"noopener\">Telescopic cover instructions<\/a><\/p>\n<p><img loading=\"lazy\" loading=\"lazy\" decoding=\"async\" class=\"size-full wp-image-5669 alignnone\" src=\"https:\/\/www.pei.it\/wp-content\/uploads\/2017\/08\/pdf_button.png\" alt=\"\" width=\"16\" height=\"16\" \/> <a href=\"\/wp-content\/uploads\/2021\/11\/Vol_istruz_SHEET-POCKET_EN.pdf\" target=\"_blank\" rel=\"noopener\">Sheet-Pocket instructions<\/a>[\/vc_column_text]<span class=\"et-gap et-clearfix et-gap-438775\"><\/span>[vc_separator css=&#8221;&#8221;]<h2 class=\"et-heading text-align-left tablet-text-align-inherit mobile-text-align-inherit animate-false no-animation-type\" id=\"et-heading-336169\" data-delay=\"0\" data-mobile-font=\"inherit\" data-mobile-line-height=\"inherit\" data-tablet-landscape-font=\"inherit\" data-tablet-portrait-font=\"inherit\" data-tablet-landscape-line-height=\"inherit\" data-tablet-portrait-line-height=\"inherit\" data-parallax=\"false\" data-move=\"false\" data-coordinatex=\"0\" data-coordinatey=\"0\" data-speed=\"10\"><span class=\"text-wrapper\"><span class=\"text\">\u00dcR\u00dcN ANKETLER\u0130<\/span><\/span><\/h2>[vc_column_text animation_delay=&#8221;0&#8243; css_animation=&#8221;none&#8221; css=&#8221;&#8221; el_class=&#8221;text-2-columns&#8221;]<img loading=\"lazy\" loading=\"lazy\" decoding=\"async\" class=\"size-full wp-image-5669 alignnone\" src=\"https:\/\/www.pei.it\/wp-content\/uploads\/2017\/08\/pdf_button.png\" alt=\"\" width=\"16\" height=\"16\" \/>\u00a0<a href=\"\/wp-content\/uploads\/2021\/11\/Quest_Soff_Termosaldati_TK_2025-2.pdf\" target=\"_blank\" rel=\"noopener\">Is\u0131l Kaynakl\u0131 Bez Ko\u0308ru\u0308kler<\/a><\/p>\n<p><img loading=\"lazy\" loading=\"lazy\" decoding=\"async\" class=\"size-full wp-image-5669 alignnone\" src=\"https:\/\/www.pei.it\/wp-content\/uploads\/2017\/08\/pdf_button.png\" alt=\"\" width=\"16\" height=\"16\" \/> <a href=\"\/wp-content\/uploads\/2021\/11\/Quest_Soff_Tavole_Elevatrici_TK_2025-2.pdf\" target=\"_blank\" rel=\"noopener\">Kald\u0131rma platformu k\u00f6r\u00fckleri i\u00e7in<\/a><\/p>\n<p><img loading=\"lazy\" loading=\"lazy\" decoding=\"async\" class=\"size-full wp-image-5669 alignnone\" src=\"https:\/\/www.pei.it\/wp-content\/uploads\/2017\/08\/pdf_button.png\" alt=\"\" width=\"16\" height=\"16\" \/> <a href=\"\/wp-content\/uploads\/2021\/11\/Quest_Soff_Termosaldati_Guide_Lineari_TK_2025-3.pdf\" target=\"_blank\" rel=\"noopener\">Lineer K\u0131zaklar i\u00e7in Is\u0131l Kaynakl\u0131 K\u00f6r\u00fckler<\/a><\/p>\n<p><img loading=\"lazy\" loading=\"lazy\" decoding=\"async\" class=\"size-full wp-image-5669 alignnone\" src=\"\/wp-content\/uploads\/2021\/11\/link.png\" alt=\"\" width=\"16\" height=\"16\" \/> <a href=\"https:\/\/questprotavv.pei.it\/en\/\" target=\"_blank\" rel=\"noopener\">Rulo perde kapaklar<\/a><\/p>\n<p><img loading=\"lazy\" loading=\"lazy\" decoding=\"async\" class=\"size-full wp-image-5669 alignnone\" src=\"https:\/\/www.pei.it\/wp-content\/uploads\/2017\/08\/pdf_button.png\" alt=\"\" width=\"16\" height=\"16\" \/>\u00a0<a href=\"\/wp-content\/uploads\/2021\/11\/Quest_Coperture_telescop_TK_2025-3.pdf\" target=\"_blank\" rel=\"noopener\">Teleskopik kapaklar<\/a><\/p>\n<p><img loading=\"lazy\" loading=\"lazy\" decoding=\"async\" class=\"size-full wp-image-5669 alignnone\" src=\"https:\/\/www.pei.it\/wp-content\/uploads\/2017\/08\/pdf_button.png\" alt=\"\" width=\"16\" height=\"16\" \/>\u00a0<a href=\"\/wp-content\/uploads\/2021\/11\/Quest_Soff_Piani_Cuciti_TK_2025-2.pdf\" target=\"_blank\" rel=\"noopener\">Diki\u015fli d\u00fcz k\u00f6r\u00fckler<\/a><\/p>\n<p><img loading=\"lazy\" loading=\"lazy\" decoding=\"async\" class=\"size-full wp-image-5669 alignnone\" src=\"https:\/\/www.pei.it\/wp-content\/uploads\/2017\/08\/pdf_button.png\" alt=\"\" width=\"16\" height=\"16\" \/> <a href=\"\/wp-content\/uploads\/2021\/11\/Quest_Soff_Circolari_TK_2025-2.pdf\" target=\"_blank\" rel=\"noopener\">Yuvarlak k\u00f6r\u00fckler<\/a><\/p>\n<p><img loading=\"lazy\" loading=\"lazy\" decoding=\"async\" class=\"size-full wp-image-5669 alignnone\" src=\"https:\/\/www.pei.it\/wp-content\/uploads\/2017\/08\/pdf_button.png\" alt=\"\" width=\"16\" height=\"16\" \/> <a href=\"\/wp-content\/uploads\/2021\/11\/Quest_Scudi_X-Y_TK_2025-2.pdf\" target=\"_blank\" rel=\"noopener\">Sacli bez korukler<\/a>[\/vc_column_text][vc_separator css=&#8221;&#8221;]<h2 class=\"et-heading text-align-left tablet-text-align-inherit mobile-text-align-inherit animate-false no-animation-type\" id=\"et-heading-336169\" data-delay=\"0\" data-mobile-font=\"inherit\" data-mobile-line-height=\"inherit\" data-tablet-landscape-font=\"inherit\" data-tablet-portrait-font=\"inherit\" data-tablet-landscape-line-height=\"inherit\" data-tablet-portrait-line-height=\"inherit\" data-parallax=\"false\" data-move=\"false\" data-coordinatex=\"0\" data-coordinatey=\"0\" data-speed=\"10\"><span class=\"text-wrapper\"><span class=\"text\">GENEL DOK\u00dcMANTASYON<\/span><\/span><\/h2>[vc_column_text animation_delay=&#8221;0&#8243; css_animation=&#8221;none&#8221; css=&#8221;&#8221; el_class=&#8221;text-2-columns&#8221;]<img loading=\"lazy\" loading=\"lazy\" decoding=\"async\" class=\"size-full wp-image-5669 alignnone\" src=\"https:\/\/www.pei.it\/wp-content\/uploads\/2017\/08\/pdf_button.png\" alt=\"\" width=\"16\" height=\"16\" \/> <a href=\"\/wp-content\/uploads\/2021\/11\/Lista_Materiali_TK_2025.pdf\" target=\"_blank\" rel=\"noopener\">Malzemeler<\/a><\/p>\n<p><img loading=\"lazy\" loading=\"lazy\" decoding=\"async\" class=\"size-full wp-image-5669 alignnone\" src=\"https:\/\/www.pei.it\/wp-content\/uploads\/2017\/08\/pdf_button.png\" alt=\"\" width=\"16\" height=\"16\" \/> <a href=\"\/wp-content\/uploads\/media\/sales-terms-en.pdf\" target=\"_blank\" rel=\"noopener\">Genel Satis Sartlari<\/a>[\/vc_column_text][vc_separator css=&#8221;&#8221;]<span class=\"et-gap et-clearfix et-gap-438775\"><\/span>[\/vc_column][\/vc_row]\n<\/div>","protected":false},"excerpt":{"rendered":"<p>[vc_row gap=&#8221;48&#8243; element_id=&#8221;851011&#8243;][vc_column animation_delay=&#8221;0&#8243; element_id=&#8221;784148&#8243; crp=&#8221;480:i:i,480-768:i:i,768-1024:i:i,1024-1280:i:i,1280-1366:i:i,1366-1600:i:i,1600-1920:i:i&#8221;][vc_column_text animation_delay=&#8221;0&#8243; css_animation=&#8221;none&#8221; css=&#8221;&#8221; el_class=&#8221;text-2-columns&#8221;] Genel Katalog Product Range Flyer X-Y Shields Overhaul and Spare Parts Flyer Wave Sky Chemical Telescopic cover instructions Sheet-Pocket instructions[\/vc_column_text][vc_separator css=&#8221;&#8221;][vc_column_text animation_delay=&#8221;0&#8243; css_animation=&#8221;none&#8221; css=&#8221;&#8221; el_class=&#8221;text-2-columns&#8221;]\u00a0Is\u0131l Kaynakl\u0131 Bez Ko\u0308ru\u0308kler Kald\u0131rma platformu k\u00f6r\u00fckleri i\u00e7in Lineer K\u0131zaklar i\u00e7in Is\u0131l Kaynakl\u0131 K\u00f6r\u00fckler Rulo perde kapaklar \u00a0Teleskopik kapaklar \u00a0Diki\u015fli d\u00fcz [&hellip;]<\/p>\n","protected":false},"author":1,"featured_media":0,"parent":0,"menu_order":0,"comment_status":"closed","ping_status":"closed","template":"page_download.php","meta":{"_acf_changed":false,"footnotes":""},"class_list":["post-63842","page","type-page","status-publish","hentry"],"acf":[],"yoast_head":"<!-- This site is optimized with the Yoast SEO plugin v26.9 - https:\/\/yoast.com\/product\/yoast-seo-wordpress\/ -->\n<title>\u0130ND\u0130RME ALANI - PEI<\/title>\n<meta name=\"description\" content=\"PEI \u00fcr\u00fcnlerine ait teknik dok\u00fcmanlar, teleskopik kapaklar\u0131n yap\u0131land\u0131r\u0131lmas\u0131na y\u00f6nelik anketler ve PDF format\u0131nda indirilebilen t\u00fcm PEI dok\u00fcmanlar\u0131\" \/>\n<meta name=\"robots\" content=\"index, follow, max-snippet:-1, max-image-preview:large, max-video-preview:-1\" \/>\n<link rel=\"canonical\" href=\"https:\/\/www.pei.it\/tr\/indirme-alani\/\" \/>\n<meta property=\"og:locale\" content=\"tr_TR\" \/>\n<meta property=\"og:type\" content=\"article\" \/>\n<meta property=\"og:title\" content=\"\u0130ND\u0130RME ALANI - PEI\" \/>\n<meta property=\"og:description\" content=\"PEI \u00fcr\u00fcnlerine ait teknik dok\u00fcmanlar, teleskopik kapaklar\u0131n yap\u0131land\u0131r\u0131lmas\u0131na y\u00f6nelik anketler ve PDF format\u0131nda indirilebilen t\u00fcm PEI dok\u00fcmanlar\u0131\" \/>\n<meta property=\"og:url\" content=\"https:\/\/www.pei.it\/tr\/indirme-alani\/\" \/>\n<meta property=\"og:site_name\" content=\"PEI\" \/>\n<meta property=\"article:modified_time\" content=\"2026-04-15T09:40:44+00:00\" \/>\n<meta property=\"og:image\" content=\"https:\/\/www.pei.it\/wp-content\/uploads\/2017\/08\/pdf_button.png\" \/>\n\t<meta property=\"og:image:width\" content=\"16\" \/>\n\t<meta property=\"og:image:height\" content=\"16\" \/>\n\t<meta property=\"og:image:type\" content=\"image\/png\" \/>\n<meta name=\"twitter:card\" content=\"summary_large_image\" \/>\n<meta name=\"twitter:label1\" content=\"Tahmini okuma s\u00fcresi\" \/>\n\t<meta name=\"twitter:data1\" content=\"2 dakika\" \/>\n<script type=\"application\/ld+json\" class=\"yoast-schema-graph\">{\"@context\":\"https:\/\/schema.org\",\"@graph\":[{\"@type\":\"WebPage\",\"@id\":\"https:\/\/www.pei.it\/tr\/indirme-alani\/\",\"url\":\"https:\/\/www.pei.it\/tr\/indirme-alani\/\",\"name\":\"\u0130ND\u0130RME ALANI - PEI\",\"isPartOf\":{\"@id\":\"https:\/\/www.pei.it\/tr\/#website\"},\"primaryImageOfPage\":{\"@id\":\"https:\/\/www.pei.it\/tr\/indirme-alani\/#primaryimage\"},\"image\":{\"@id\":\"https:\/\/www.pei.it\/tr\/indirme-alani\/#primaryimage\"},\"thumbnailUrl\":\"https:\/\/www.pei.it\/wp-content\/uploads\/2017\/08\/pdf_button.png\",\"datePublished\":\"2026-01-21T13:20:38+00:00\",\"dateModified\":\"2026-04-15T09:40:44+00:00\",\"description\":\"PEI \u00fcr\u00fcnlerine ait teknik dok\u00fcmanlar, teleskopik kapaklar\u0131n yap\u0131land\u0131r\u0131lmas\u0131na y\u00f6nelik anketler ve PDF format\u0131nda indirilebilen t\u00fcm PEI dok\u00fcmanlar\u0131\",\"breadcrumb\":{\"@id\":\"https:\/\/www.pei.it\/tr\/indirme-alani\/#breadcrumb\"},\"inLanguage\":\"tr\",\"potentialAction\":[{\"@type\":\"ReadAction\",\"target\":[\"https:\/\/www.pei.it\/tr\/indirme-alani\/\"]}]},{\"@type\":\"ImageObject\",\"inLanguage\":\"tr\",\"@id\":\"https:\/\/www.pei.it\/tr\/indirme-alani\/#primaryimage\",\"url\":\"https:\/\/www.pei.it\/wp-content\/uploads\/2017\/08\/pdf_button.png\",\"contentUrl\":\"https:\/\/www.pei.it\/wp-content\/uploads\/2017\/08\/pdf_button.png\"},{\"@type\":\"BreadcrumbList\",\"@id\":\"https:\/\/www.pei.it\/tr\/indirme-alani\/#breadcrumb\",\"itemListElement\":[{\"@type\":\"ListItem\",\"position\":1,\"name\":\"Home\",\"item\":\"https:\/\/www.pei.it\/tr\/\"},{\"@type\":\"ListItem\",\"position\":2,\"name\":\"\u0130ND\u0130RME ALANI\"}]},{\"@type\":\"WebSite\",\"@id\":\"https:\/\/www.pei.it\/tr\/#website\",\"url\":\"https:\/\/www.pei.it\/tr\/\",\"name\":\"PEI\",\"description\":\"Protezioni per macchine utensili, avvolgibili, telescopiche\",\"potentialAction\":[{\"@type\":\"SearchAction\",\"target\":{\"@type\":\"EntryPoint\",\"urlTemplate\":\"https:\/\/www.pei.it\/tr\/?s={search_term_string}\"},\"query-input\":{\"@type\":\"PropertyValueSpecification\",\"valueRequired\":true,\"valueName\":\"search_term_string\"}}],\"inLanguage\":\"tr\"}]}<\/script>\n<!-- \/ Yoast SEO plugin. -->","yoast_head_json":{"title":"\u0130ND\u0130RME ALANI - PEI","description":"PEI \u00fcr\u00fcnlerine ait teknik dok\u00fcmanlar, teleskopik kapaklar\u0131n yap\u0131land\u0131r\u0131lmas\u0131na y\u00f6nelik anketler ve PDF format\u0131nda indirilebilen t\u00fcm PEI dok\u00fcmanlar\u0131","robots":{"index":"index","follow":"follow","max-snippet":"max-snippet:-1","max-image-preview":"max-image-preview:large","max-video-preview":"max-video-preview:-1"},"canonical":"https:\/\/www.pei.it\/tr\/indirme-alani\/","og_locale":"tr_TR","og_type":"article","og_title":"\u0130ND\u0130RME ALANI - PEI","og_description":"PEI \u00fcr\u00fcnlerine ait teknik dok\u00fcmanlar, teleskopik kapaklar\u0131n yap\u0131land\u0131r\u0131lmas\u0131na y\u00f6nelik anketler ve PDF format\u0131nda indirilebilen t\u00fcm PEI dok\u00fcmanlar\u0131","og_url":"https:\/\/www.pei.it\/tr\/indirme-alani\/","og_site_name":"PEI","article_modified_time":"2026-04-15T09:40:44+00:00","og_image":[{"width":16,"height":16,"url":"https:\/\/www.pei.it\/wp-content\/uploads\/2017\/08\/pdf_button.png","type":"image\/png"}],"twitter_card":"summary_large_image","twitter_misc":{"Tahmini okuma s\u00fcresi":"2 dakika"},"schema":{"@context":"https:\/\/schema.org","@graph":[{"@type":"WebPage","@id":"https:\/\/www.pei.it\/tr\/indirme-alani\/","url":"https:\/\/www.pei.it\/tr\/indirme-alani\/","name":"\u0130ND\u0130RME ALANI - PEI","isPartOf":{"@id":"https:\/\/www.pei.it\/tr\/#website"},"primaryImageOfPage":{"@id":"https:\/\/www.pei.it\/tr\/indirme-alani\/#primaryimage"},"image":{"@id":"https:\/\/www.pei.it\/tr\/indirme-alani\/#primaryimage"},"thumbnailUrl":"https:\/\/www.pei.it\/wp-content\/uploads\/2017\/08\/pdf_button.png","datePublished":"2026-01-21T13:20:38+00:00","dateModified":"2026-04-15T09:40:44+00:00","description":"PEI \u00fcr\u00fcnlerine ait teknik dok\u00fcmanlar, teleskopik kapaklar\u0131n yap\u0131land\u0131r\u0131lmas\u0131na y\u00f6nelik anketler ve PDF format\u0131nda indirilebilen t\u00fcm PEI dok\u00fcmanlar\u0131","breadcrumb":{"@id":"https:\/\/www.pei.it\/tr\/indirme-alani\/#breadcrumb"},"inLanguage":"tr","potentialAction":[{"@type":"ReadAction","target":["https:\/\/www.pei.it\/tr\/indirme-alani\/"]}]},{"@type":"ImageObject","inLanguage":"tr","@id":"https:\/\/www.pei.it\/tr\/indirme-alani\/#primaryimage","url":"https:\/\/www.pei.it\/wp-content\/uploads\/2017\/08\/pdf_button.png","contentUrl":"https:\/\/www.pei.it\/wp-content\/uploads\/2017\/08\/pdf_button.png"},{"@type":"BreadcrumbList","@id":"https:\/\/www.pei.it\/tr\/indirme-alani\/#breadcrumb","itemListElement":[{"@type":"ListItem","position":1,"name":"Home","item":"https:\/\/www.pei.it\/tr\/"},{"@type":"ListItem","position":2,"name":"\u0130ND\u0130RME ALANI"}]},{"@type":"WebSite","@id":"https:\/\/www.pei.it\/tr\/#website","url":"https:\/\/www.pei.it\/tr\/","name":"PEI","description":"Protezioni per macchine utensili, avvolgibili, telescopiche","potentialAction":[{"@type":"SearchAction","target":{"@type":"EntryPoint","urlTemplate":"https:\/\/www.pei.it\/tr\/?s={search_term_string}"},"query-input":{"@type":"PropertyValueSpecification","valueRequired":true,"valueName":"search_term_string"}}],"inLanguage":"tr"}]}},"_links":{"self":[{"href":"https:\/\/www.pei.it\/tr\/wp-json\/wp\/v2\/pages\/63842","targetHints":{"allow":["GET"]}}],"collection":[{"href":"https:\/\/www.pei.it\/tr\/wp-json\/wp\/v2\/pages"}],"about":[{"href":"https:\/\/www.pei.it\/tr\/wp-json\/wp\/v2\/types\/page"}],"author":[{"embeddable":true,"href":"https:\/\/www.pei.it\/tr\/wp-json\/wp\/v2\/users\/1"}],"replies":[{"embeddable":true,"href":"https:\/\/www.pei.it\/tr\/wp-json\/wp\/v2\/comments?post=63842"}],"version-history":[{"count":18,"href":"https:\/\/www.pei.it\/tr\/wp-json\/wp\/v2\/pages\/63842\/revisions"}],"predecessor-version":[{"id":65026,"href":"https:\/\/www.pei.it\/tr\/wp-json\/wp\/v2\/pages\/63842\/revisions\/65026"}],"wp:attachment":[{"href":"https:\/\/www.pei.it\/tr\/wp-json\/wp\/v2\/media?parent=63842"}],"curies":[{"name":"wp","href":"https:\/\/api.w.org\/{rel}","templated":true}]}}